{"id":6036,"date":"2018-02-24T05:02:57","date_gmt":"2018-02-24T05:02:57","guid":{"rendered":"https:\/\/toprisesafety.com\/product\/popular-ce-en166-safety-goggles\/"},"modified":"2025-03-17T04:12:17","modified_gmt":"2025-03-17T04:12:17","slug":"popular-ce-en166-safety-goggles","status":"publish","type":"product","link":"https:\/\/toprisesafety.com\/fr\/produit\/popular-ce-en166-safety-goggles\/","title":{"rendered":"Lunettes de protection CE EN166 populaires"},"content":{"rendered":"<p><strong><span style=\"font-size: 130%;\">Lunettes de protection CE EN166 populaires <\/span><\/strong><\/p>\n<ul>\n<li style=\"list-style-type: none;\">\n<ul>\n<li data-spm-anchor-id=\"a2700.details.pronpeci14.i1.c44c4e73UcTKsG\"><span style=\"font-size: medium;\">les conceptions enveloppantes offrent une protection sup\u00e9rieure<\/span><\/li>\n<\/ul>\n<\/li>\n<\/ul>\n<ul>\n<li style=\"list-style-type: none;\">\n<ul>\n<li><span style=\"font-size: medium;\">Lentille anti-rayures \u00e0 haute r\u00e9sistance aux chocs.\u00a0<\/span><\/li>\n<\/ul>\n<\/li>\n<\/ul>\n<ul>\n<li style=\"list-style-type: none;\">\n<ul>\n<li><span style=\"font-size: medium;\">Les bandeaux en nylon ajustables et confortables s'ajustent facilement pour une tenue confortable.<\/span><\/li>\n<\/ul>\n<\/li>\n<\/ul>\n<ul>\n<li style=\"list-style-type: none;\">\n<ul>\n<li><span style=\"font-size: medium;\">Rev\u00eatements antibrouillard haute performance disponibles au choix\u00a0<\/span><\/li>\n<\/ul>\n<\/li>\n<\/ul>\n<ul>\n<li style=\"list-style-type: none;\">\n<ul>\n<li><span style=\"font-size: medium;\">Conforme \u00e0 la norme de qualit\u00e9 CE EN166<\/span><\/li>\n<\/ul>\n<\/li>\n<\/ul>\n<h2><strong>Caract\u00e9ristiques des lunettes de protection CE EN166 populaires :<\/strong><\/h2>\n<table>\n<tbody>\n<tr>\n<td width=\"284\">Art No.<\/td>\n<td width=\"284\">SG08<\/td>\n<\/tr>\n<tr>\n<td width=\"284\">Mat\u00e9riau<\/td>\n<td width=\"284\">Monture en PVC Lentille en PC<\/td>\n<\/tr>\n<tr>\n<td width=\"284\">Normes de qualit\u00e9<\/td>\n<td width=\"284\">CE EN166<\/td>\n<\/tr>\n<tr>\n<td width=\"284\">Fonction<\/td>\n<td width=\"284\">Anti-UV, anti-rayures, anti-bu\u00e9e au choix<\/td>\n<\/tr>\n<tr>\n<td width=\"284\">Taille<\/td>\n<td width=\"284\">Taille adulte standard<\/td>\n<\/tr>\n<tr>\n<td width=\"284\">Couleur<\/td>\n<td width=\"284\">Couleur claire, caf\u00e9, etc. au choix<\/td>\n<\/tr>\n<tr>\n<td width=\"284\">Emballage<\/td>\n<td width=\"284\">Sac en poly\u00e9thyl\u00e8ne, carte de t\u00eate, bo\u00eete blister, bo\u00eete de couleur, etc.<\/td>\n<\/tr>\n<tr>\n<td width=\"284\">Application<\/td>\n<td width=\"284\">Construction, industrie, exploitation mini\u00e8re, agriculture, \u00e9quitation, laboratoire, arm\u00e9e, p\u00e9trole, etc.<\/td>\n<\/tr>\n<\/tbody>\n<\/table>\n<p>TOPRISE prend en charge diff\u00e9rents styles de personnalisation des lunettes de protection. <a href=\"https:\/\/toprisesafety.com\/fr\/categorie-produit\/personal-protective-equipment\/eye-protection\/safety-goggles\/\">voir d'autres mod\u00e8les de lunettes de protection<\/a>.<\/p>\n<p>Si vous ne trouvez pas les lunettes de s\u00e9curit\u00e9 n\u00e9cessaires, vous pouvez les utiliser, <a href=\"https:\/\/toprisesafety.com\/fr\/contact-us\/\">nous contacter<\/a>; nous prenons en charge la personnalisation sp\u00e9ciale.<\/p>\n<p><strong><span style=\"font-size: 200%;\">Plus de mod\u00e8les de lunettes de protection au choix :<\/span><\/strong><\/p>\n<figure id=\"attachment_774\" class=\"wp-caption alignnone\" style=\"width: 720px;\" aria-describedby=\"caption-attachment-774\"><a href=\"https:\/\/toprisesafety.com\/fr\/produit\/cheap-safety-goggles\/\"><img fetchpriority=\"high\" decoding=\"async\" class=\"size-full wp-image-774\" src=\"https:\/\/toprisesafety.com\/wp-content\/uploads\/2024\/08\/SG09.jpg\" alt=\"Cheap safety goggles\" width=\"720\" height=\"720\" \/><\/a><figcaption id=\"caption-attachment-774\" class=\"wp-caption-text\">Lunettes de protection bon march\u00e9<\/figcaption><\/figure>","protected":false},"excerpt":{"rendered":"<p>N\u00b0 d'art : SG08<\/p>\n<p>Mat\u00e9riau : Monture en PVC, lentille en PC<\/p>\n<p>Caract\u00e9ristiques : Anti-UV, anti-rayures, anti-bu\u00e9e au choix<\/p>\n<p>Norme de qualit\u00e9 : CE EN166<\/p>\n<p>MOQ : 1000PCS<\/p>","protected":false},"featured_media":6035,"template":"","meta":{"_acf_changed":false},"product_brand":[],"product_cat":[357,358],"product_tag":[269],"class_list":{"0":"post-6036","1":"product","2":"type-product","3":"status-publish","4":"has-post-thumbnail","6":"product_cat-eye-protection","7":"product_cat-safety-goggles","8":"product_tag-ce-en166-safety-goggles","10":"first","11":"instock","12":"product-type-simple"},"acf":[],"_links":{"self":[{"href":"https:\/\/toprisesafety.com\/fr\/wp-json\/wp\/v2\/product\/6036"}],"collection":[{"href":"https:\/\/toprisesafety.com\/fr\/wp-json\/wp\/v2\/product"}],"about":[{"href":"https:\/\/toprisesafety.com\/fr\/wp-json\/wp\/v2\/types\/product"}],"wp:featuredmedia":[{"embeddable":true,"href":"https:\/\/toprisesafety.com\/fr\/wp-json\/wp\/v2\/media\/6035"}],"wp:attachment":[{"href":"https:\/\/toprisesafety.com\/fr\/wp-json\/wp\/v2\/media?parent=6036"}],"wp:term":[{"taxonomy":"product_brand","embeddable":true,"href":"https:\/\/toprisesafety.com\/fr\/wp-json\/wp\/v2\/product_brand?post=6036"},{"taxonomy":"product_cat","embeddable":true,"href":"https:\/\/toprisesafety.com\/fr\/wp-json\/wp\/v2\/product_cat?post=6036"},{"taxonomy":"product_tag","embeddable":true,"href":"https:\/\/toprisesafety.com\/fr\/wp-json\/wp\/v2\/product_tag?post=6036"}],"curies":[{"name":"wp","href":"https:\/\/api.w.org\/{rel}","templated":true}]}}