{"id":6034,"date":"2018-02-24T05:54:50","date_gmt":"2018-02-24T05:54:50","guid":{"rendered":"https:\/\/toprisesafety.com\/product\/cheap-safety-goggles\/"},"modified":"2025-03-17T04:11:37","modified_gmt":"2025-03-17T04:11:37","slug":"cheap-safety-goggles","status":"publish","type":"product","link":"https:\/\/toprisesafety.com\/fr\/produit\/cheap-safety-goggles\/","title":{"rendered":"Lunettes de protection bon march\u00e9"},"content":{"rendered":"<p><strong><span style=\"font-size: 130%;\">Lunettes de protection bon march\u00e9 <\/span><\/strong><\/p>\n<ul>\n<li style=\"list-style-type: none;\">\n<ul>\n<li data-spm-anchor-id=\"a2700.details.pronpeci14.i1.c44c4e73UcTKsG\">les conceptions enveloppantes offrent une protection sup\u00e9rieure<\/li>\n<\/ul>\n<\/li>\n<\/ul>\n<ul>\n<li style=\"list-style-type: none;\">\n<ul>\n<li>R\u00e9pond \u00e0 un impact \u00e9lev\u00e9, prix bon march\u00e9, mod\u00e8le \u00e9conomique<\/li>\n<\/ul>\n<\/li>\n<\/ul>\n<ul>\n<li style=\"list-style-type: none;\">\n<ul>\n<li>Les bandeaux en nylon ajustables et confortables s'ajustent facilement pour une tenue confortable.<\/li>\n<\/ul>\n<\/li>\n<\/ul>\n<ul>\n<li style=\"list-style-type: none;\">\n<ul>\n<li>Trous d'a\u00e9ration sur les deux c\u00f4t\u00e9s et sur le dessus<\/li>\n<\/ul>\n<\/li>\n<\/ul>\n<ul>\n<li style=\"list-style-type: none;\">\n<ul>\n<li>Mod\u00e8le bon march\u00e9, poids sup\u00e9rieur \u00e0 30 g\/pi\u00e8ce. Le mod\u00e8le le plus \u00e9conomique convient \u00e0 la construction, \u00e0 l'agriculture, au jardinage, \u00e0 l'exploitation mini\u00e8re, etc.<\/li>\n<\/ul>\n<\/li>\n<\/ul>\n<h2><strong>Sp\u00e9cifications des lunettes de protection bon march\u00e9 :<\/strong><\/h2>\n<table>\n<tbody>\n<tr>\n<td width=\"284\">Art No.<\/td>\n<td width=\"284\">SG09<\/td>\n<\/tr>\n<tr>\n<td width=\"284\">Mat\u00e9riau<\/td>\n<td width=\"284\">Monture et lentille en PVC<\/td>\n<\/tr>\n<tr>\n<td width=\"284\">Fonction<\/td>\n<td width=\"284\">Anti-UV, anti-rayures, anti-bu\u00e9e au choix<\/td>\n<\/tr>\n<tr>\n<td width=\"284\">Taille<\/td>\n<td width=\"284\">Taille adulte standard<\/td>\n<\/tr>\n<tr>\n<td width=\"284\">Couleur<\/td>\n<td width=\"284\">Clair<\/td>\n<\/tr>\n<tr>\n<td width=\"284\">Emballage<\/td>\n<td width=\"284\">Sac en poly\u00e9thyl\u00e8ne, carte de t\u00eate, bo\u00eete blister, bo\u00eete de couleur, etc.<\/td>\n<\/tr>\n<tr>\n<td width=\"284\">Application<\/td>\n<td width=\"284\">Construction, industrie, exploitation mini\u00e8re, agriculture, \u00e9quitation, laboratoire, arm\u00e9e, p\u00e9trole, etc.<\/td>\n<\/tr>\n<\/tbody>\n<\/table>\n<p>TOPRISE prend en charge diff\u00e9rents styles de personnalisation des lunettes de protection. <a href=\"https:\/\/toprisesafety.com\/fr\/categorie-produit\/personal-protective-equipment\/eye-protection\/safety-goggles\/\">voir d'autres mod\u00e8les de lunettes de protection<\/a>.<\/p>\n<p>Si vous ne trouvez pas les lunettes de s\u00e9curit\u00e9 n\u00e9cessaires, vous pouvez les utiliser, <a href=\"https:\/\/toprisesafety.com\/fr\/contact-us\/\">nous contacter<\/a>; nous prenons en charge la personnalisation sp\u00e9ciale.<\/p>\n<p><strong><span style=\"font-size: 200%;\">Plus de lunettes de s\u00e9curit\u00e9 au choix :<\/span><\/strong><\/p>\n<figure id=\"attachment_765\" class=\"wp-caption alignnone\" style=\"width: 720px;\" aria-describedby=\"caption-attachment-765\"><a href=\"https:\/\/toprisesafety.com\/fr\/produit\/popular-ce-en166-safety-goggles\/\"><img fetchpriority=\"high\" decoding=\"async\" class=\"size-full wp-image-765\" src=\"https:\/\/toprisesafety.com\/wp-content\/uploads\/2024\/08\/SG08-1.jpg\" alt=\"Popular CE EN166 safety goggles\" width=\"720\" height=\"720\" \/><\/a><figcaption id=\"caption-attachment-765\" class=\"wp-caption-text\">Lunettes de protection CE EN166 populaires<\/figcaption><\/figure>","protected":false},"excerpt":{"rendered":"<p>No. d'art : SG09<\/p>\n<p>Mati\u00e8re : Monture en PVC, lentille en PVC<\/p>\n<p>Couleur : transparent<\/p>\n<p>MOQ : 1000PCS<\/p>","protected":false},"featured_media":6032,"template":"","meta":{"_acf_changed":false},"product_brand":[],"product_cat":[357,358],"product_tag":[268],"class_list":{"0":"post-6034","1":"product","2":"type-product","3":"status-publish","4":"has-post-thumbnail","6":"product_cat-eye-protection","7":"product_cat-safety-goggles","8":"product_tag-cheap-safety-goggles","10":"first","11":"instock","12":"product-type-simple"},"acf":[],"_links":{"self":[{"href":"https:\/\/toprisesafety.com\/fr\/wp-json\/wp\/v2\/product\/6034"}],"collection":[{"href":"https:\/\/toprisesafety.com\/fr\/wp-json\/wp\/v2\/product"}],"about":[{"href":"https:\/\/toprisesafety.com\/fr\/wp-json\/wp\/v2\/types\/product"}],"wp:featuredmedia":[{"embeddable":true,"href":"https:\/\/toprisesafety.com\/fr\/wp-json\/wp\/v2\/media\/6032"}],"wp:attachment":[{"href":"https:\/\/toprisesafety.com\/fr\/wp-json\/wp\/v2\/media?parent=6034"}],"wp:term":[{"taxonomy":"product_brand","embeddable":true,"href":"https:\/\/toprisesafety.com\/fr\/wp-json\/wp\/v2\/product_brand?post=6034"},{"taxonomy":"product_cat","embeddable":true,"href":"https:\/\/toprisesafety.com\/fr\/wp-json\/wp\/v2\/product_cat?post=6034"},{"taxonomy":"product_tag","embeddable":true,"href":"https:\/\/toprisesafety.com\/fr\/wp-json\/wp\/v2\/product_tag?post=6034"}],"curies":[{"name":"wp","href":"https:\/\/api.w.org\/{rel}","templated":true}]}}