{"id":6031,"date":"2018-02-24T06:08:23","date_gmt":"2018-02-24T06:08:23","guid":{"rendered":"https:\/\/toprisesafety.com\/product\/ce-en166-ansi-z87-1-eye-protection-safety-goggles\/"},"modified":"2025-03-17T04:10:36","modified_gmt":"2025-03-17T04:10:36","slug":"ce-en166-ansi-z87-1-eye-protection-safety-goggles","status":"publish","type":"product","link":"https:\/\/toprisesafety.com\/fr\/produit\/ce-en166-ansi-z87-1-eye-protection-safety-goggles\/","title":{"rendered":"CE EN166 ANSI Z87.1 Lunettes de protection pour les yeux"},"content":{"rendered":"<p><strong><span style=\"font-size: 130%;\"> CE EN166 ANSI Z87.1 Lunettes de protection pour les yeux <\/span><\/strong><\/p>\n<ul>\n<li style=\"list-style-type: none;\">\n<ul>\n<li data-spm-anchor-id=\"a2700.details.pronpeci14.i1.c44c4e73UcTKsG\">les conceptions enveloppantes offrent une protection sup\u00e9rieure<\/li>\n<\/ul>\n<\/li>\n<\/ul>\n<ul>\n<li style=\"list-style-type: none;\">\n<ul>\n<li>R\u00e9pond \u00e0 un impact \u00e9lev\u00e9, prix bon march\u00e9, mod\u00e8le \u00e9conomique<\/li>\n<\/ul>\n<\/li>\n<\/ul>\n<ul>\n<li style=\"list-style-type: none;\">\n<ul>\n<li>Les bandeaux en nylon ajustables et confortables s'ajustent facilement pour une tenue confortable.<\/li>\n<\/ul>\n<\/li>\n<\/ul>\n<ul>\n<li style=\"list-style-type: none;\">\n<ul>\n<li>Trous d'a\u00e9ration sur les deux c\u00f4t\u00e9s et sur le dessus<\/li>\n<\/ul>\n<\/li>\n<\/ul>\n<ul>\n<li style=\"list-style-type: none;\">\n<ul>\n<li>Mod\u00e8le de mode, \u00e9conomique, poids sup\u00e9rieur \u00e0 63g\/pc<\/li>\n<\/ul>\n<\/li>\n<\/ul>\n<ul>\n<li style=\"list-style-type: none;\">\n<ul>\n<li>Norme de qualit\u00e9 CE EN166 ANSI Z87.1<\/li>\n<\/ul>\n<\/li>\n<\/ul>\n<h2><strong>CE EN166 ANSI Z87.1 Lunettes de protection pour les yeux<\/strong><\/h2>\n<table>\n<tbody>\n<tr>\n<td width=\"284\">Art No.<\/td>\n<td width=\"284\">SG10<\/td>\n<\/tr>\n<tr>\n<td width=\"284\">Mat\u00e9riau<\/td>\n<td width=\"284\">Cadre en PVC, lentille en PVC ou lentille en PC au choix<\/td>\n<\/tr>\n<tr>\n<td width=\"284\">Normes de qualit\u00e9<\/td>\n<td width=\"284\">CE EN166 &amp; ANSI Z87.1<\/td>\n<\/tr>\n<tr>\n<td width=\"284\">Fonction<\/td>\n<td width=\"284\">Anti-UV, anti-rayures, anti-bu\u00e9e au choix<\/td>\n<\/tr>\n<tr>\n<td width=\"284\">Taille<\/td>\n<td width=\"284\">Taille adulte standard<\/td>\n<\/tr>\n<tr>\n<td width=\"284\">Couleur<\/td>\n<td width=\"284\">Clair<\/td>\n<\/tr>\n<tr>\n<td width=\"284\">Emballage<\/td>\n<td width=\"284\">Sac en poly\u00e9thyl\u00e8ne, carte de t\u00eate, bo\u00eete blister, bo\u00eete de couleur, etc.<\/td>\n<\/tr>\n<tr>\n<td width=\"284\">Application<\/td>\n<td width=\"284\">Construction, industrie, exploitation mini\u00e8re, agriculture, \u00e9quitation, laboratoire, arm\u00e9e, p\u00e9trole, etc.<\/td>\n<\/tr>\n<\/tbody>\n<\/table>\n<p>TOPRISE prend en charge diff\u00e9rents styles de personnalisation des lunettes de protection. <a href=\"https:\/\/toprisesafety.com\/fr\/categorie-produit\/personal-protective-equipment\/eye-protection\/safety-goggles\/\">voir d'autres mod\u00e8les de lunettes de protection<\/a>.<\/p>\n<p>Si vous ne trouvez pas les lunettes de s\u00e9curit\u00e9 n\u00e9cessaires, vous pouvez les utiliser, <a href=\"https:\/\/toprisesafety.com\/fr\/contact-us\/\">nous contacter<\/a>; nous prenons en charge la personnalisation sp\u00e9ciale.<\/p>\n<p><strong><span style=\"font-size: 200%;\">Mod\u00e8le similaire bon march\u00e9 \u00e0 choisir :\u00a0<\/span><\/strong><\/p>\n<figure id=\"attachment_774\" class=\"wp-caption alignnone\" style=\"width: 720px;\" aria-describedby=\"caption-attachment-774\"><a href=\"https:\/\/toprisesafety.com\/fr\/produit\/cheap-safety-goggles\/\"><img fetchpriority=\"high\" decoding=\"async\" class=\"size-full wp-image-774\" src=\"https:\/\/toprisesafety.com\/wp-content\/uploads\/2024\/08\/SG09.jpg\" alt=\"Cheap safety goggles\" width=\"720\" height=\"720\" \/><\/a><figcaption id=\"caption-attachment-774\" class=\"wp-caption-text\">Lunettes de protection bon march\u00e9<\/figcaption><\/figure>","protected":false},"excerpt":{"rendered":"<p>No. d'art : SG10<\/p>\n<p>Mat\u00e9riau : Monture en PVC, lentille en PVC ou lentille en PC au choix<\/p>\n<p>Couleur : transparent<\/p>\n<p>Norme de qualit\u00e9 : CE EN166, ANSI Z87.1<\/p>\n<p>MOQ : 1000PCS<\/p>","protected":false},"featured_media":6033,"template":"","meta":{"_acf_changed":false},"product_brand":[],"product_cat":[357,358],"product_tag":[267],"class_list":{"0":"post-6031","1":"product","2":"type-product","3":"status-publish","4":"has-post-thumbnail","6":"product_cat-eye-protection","7":"product_cat-safety-goggles","8":"product_tag-ce-en166-ansi-z87-1-eye-protection-safety-goggles","10":"first","11":"instock","12":"product-type-simple"},"acf":[],"_links":{"self":[{"href":"https:\/\/toprisesafety.com\/fr\/wp-json\/wp\/v2\/product\/6031"}],"collection":[{"href":"https:\/\/toprisesafety.com\/fr\/wp-json\/wp\/v2\/product"}],"about":[{"href":"https:\/\/toprisesafety.com\/fr\/wp-json\/wp\/v2\/types\/product"}],"wp:featuredmedia":[{"embeddable":true,"href":"https:\/\/toprisesafety.com\/fr\/wp-json\/wp\/v2\/media\/6033"}],"wp:attachment":[{"href":"https:\/\/toprisesafety.com\/fr\/wp-json\/wp\/v2\/media?parent=6031"}],"wp:term":[{"taxonomy":"product_brand","embeddable":true,"href":"https:\/\/toprisesafety.com\/fr\/wp-json\/wp\/v2\/product_brand?post=6031"},{"taxonomy":"product_cat","embeddable":true,"href":"https:\/\/toprisesafety.com\/fr\/wp-json\/wp\/v2\/product_cat?post=6031"},{"taxonomy":"product_tag","embeddable":true,"href":"https:\/\/toprisesafety.com\/fr\/wp-json\/wp\/v2\/product_tag?post=6031"}],"curies":[{"name":"wp","href":"https:\/\/api.w.org\/{rel}","templated":true}]}}