{"id":6030,"date":"2018-02-24T07:24:05","date_gmt":"2018-02-24T07:24:05","guid":{"rendered":"https:\/\/toprisesafety.com\/product\/ce-en352-standard-pu-earplug\/"},"modified":"2025-03-24T07:28:33","modified_gmt":"2025-03-24T07:28:33","slug":"ce-en352-standard-pu-earplug","status":"publish","type":"product","link":"https:\/\/toprisesafety.com\/fr\/produit\/ce-en352-standard-pu-earplug\/","title":{"rendered":"Bouchon d'oreille en PU conforme \u00e0 la norme CE EN352"},"content":{"rendered":"<p><strong><span style=\"font-size: 140%;\">Bouchon d'oreille en PU conforme \u00e0 la norme CE EN352 <\/span><\/strong><\/p>\n<ul>\n<li style=\"list-style-type: none;\">\n<ul>\n<li><span data-spm-anchor-id=\"a2700.details.pronpeci14.i3.14c64f29Dud9E2\">EN352-1 : 2003 CE SNR 33dB Bouchons d'oreille en mousse PU\u00a0<\/span><\/li>\n<\/ul>\n<\/li>\n<\/ul>\n<ul>\n<li style=\"list-style-type: none;\">\n<ul>\n<li>S\u00fbr et confortable \u00e0 porter.<\/li>\n<\/ul>\n<\/li>\n<\/ul>\n<ul>\n<li style=\"list-style-type: none;\">\n<ul>\n<li><span data-spm-anchor-id=\"a2700.details.pronpeci14.i0.14c64f29Dud9E2\"><span data-spm-anchor-id=\"a2700.details.pronpeci14.i0.14c64f29Dud9E2\"><span data-spm-anchor-id=\"a2700.details.pronpeci14.i0.14c64f29Dud9E2\">Chaque paire est emball\u00e9e s\u00e9par\u00e9ment dans un sac en poly\u00e9thyl\u00e8ne pour des raisons d'hygi\u00e8ne.<\/span><\/span><\/span><\/li>\n<\/ul>\n<\/li>\n<\/ul>\n<ul>\n<li style=\"list-style-type: none;\">\n<ul>\n<li>La forme conique s'adapte confortablement au conduit auditif pour r\u00e9duire le bruit.<\/li>\n<\/ul>\n<\/li>\n<\/ul>\n<ul>\n<li style=\"list-style-type: none;\">\n<ul>\n<li>Surface lisse et r\u00e9sistante \u00e0 la salet\u00e9<\/li>\n<\/ul>\n<\/li>\n<\/ul>\n<ul>\n<li style=\"list-style-type: none;\">\n<ul>\n<li>Application : lieu de nez, pendant les concerts, construction, tournage ou sommeil<\/li>\n<\/ul>\n<\/li>\n<\/ul>\n<ul>\n<li style=\"list-style-type: none;\">\n<ul>\n<li>Emballage : sac habituel, possibilit\u00e9 d'emballage sp\u00e9cial tel que bo\u00eete blister, carte de t\u00eate, bo\u00eete de couleur, etc.<\/li>\n<\/ul>\n<\/li>\n<\/ul>\n<ul>\n<li style=\"list-style-type: none;\">\n<ul>\n<li>Logo : le logo du client peut \u00eatre imprim\u00e9, utilis\u00e9 comme autocollant ou con\u00e7u pour un emballage sp\u00e9cial, etc.<\/li>\n<\/ul>\n<\/li>\n<\/ul>\n<h2><strong>Norme CE EN352 Sp\u00e9cification des bouchons d'oreille en PU :\u00a0<\/strong><\/h2>\n<table>\n<tbody>\n<tr>\n<td width=\"284\">Art No.<\/td>\n<td width=\"284\">EP01<\/td>\n<\/tr>\n<tr>\n<td width=\"284\">Mat\u00e9riau<\/td>\n<td width=\"284\">PU<\/td>\n<\/tr>\n<tr>\n<td width=\"284\">Couleur<\/td>\n<td width=\"284\">Orange, vert, rouge, bleu, rose, etc.<\/td>\n<\/tr>\n<tr>\n<td width=\"284\">SNR<\/td>\n<td width=\"284\">33dB<\/td>\n<\/tr>\n<tr>\n<td width=\"284\">Normes de qualit\u00e9<\/td>\n<td width=\"284\">CE EN352 -2 (2003)<\/td>\n<\/tr>\n<tr>\n<td width=\"284\">Emballage<\/td>\n<td width=\"284\">1PC\/sachet, 200PCS\/bo\u00eete, 4000PCS \/ctn<\/td>\n<\/tr>\n<tr>\n<td width=\"284\">Taille du carton<\/td>\n<td width=\"284\">52*42*40.5CM<\/td>\n<\/tr>\n<tr>\n<td width=\"284\">N\/G.W<\/td>\n<td width=\"284\">6,5\/8KGS<\/td>\n<\/tr>\n<tr>\n<td width=\"284\">MOQ<\/td>\n<td width=\"284\">10000PAIRS<\/td>\n<\/tr>\n<\/tbody>\n<\/table>\n<p>TOPRISE permet de personnaliser diff\u00e9rents styles de casques antibruit et de bouchons d'oreille. <a href=\"https:\/\/toprisesafety.com\/fr\/categorie-produit\/personal-protective-equipment\/ear-protection\/earmuff-earplug\/\">voir d'autres mod\u00e8les de cache-oreilles et de bouchons d'oreille.<\/a><\/p>\n<p>Si vous ne trouvez pas les casques antibruit et les bouchons d'oreille n\u00e9cessaires,<a href=\"https:\/\/toprisesafety.com\/fr\/contact-us\/\"> nous contacter<\/a>; nous prenons en charge la personnalisation sp\u00e9ciale.<\/p>","protected":false},"excerpt":{"rendered":"<p>No. d'art : EP01<\/p>\n<p>Mat\u00e9riau : PU<\/p>\n<p>Taille : 14*24MM<\/p>\n<p>Couleur : orange, rouge, jaune, rose, etc.<\/p>\n<p>MOQ : 10000 paires pour l'orange habituel. Couleur sp\u00e9ciale 100000paires<\/p>","protected":false},"featured_media":6028,"template":"","meta":{"_acf_changed":false},"product_brand":[],"product_cat":[354,355],"product_tag":[263],"class_list":{"0":"post-6030","1":"product","2":"type-product","3":"status-publish","4":"has-post-thumbnail","6":"product_cat-ear-protection","7":"product_cat-earmuff-earplug","8":"product_tag-ce-pu-earplug","10":"first","11":"instock","12":"product-type-simple"},"acf":[],"_links":{"self":[{"href":"https:\/\/toprisesafety.com\/fr\/wp-json\/wp\/v2\/product\/6030"}],"collection":[{"href":"https:\/\/toprisesafety.com\/fr\/wp-json\/wp\/v2\/product"}],"about":[{"href":"https:\/\/toprisesafety.com\/fr\/wp-json\/wp\/v2\/types\/product"}],"wp:featuredmedia":[{"embeddable":true,"href":"https:\/\/toprisesafety.com\/fr\/wp-json\/wp\/v2\/media\/6028"}],"wp:attachment":[{"href":"https:\/\/toprisesafety.com\/fr\/wp-json\/wp\/v2\/media?parent=6030"}],"wp:term":[{"taxonomy":"product_brand","embeddable":true,"href":"https:\/\/toprisesafety.com\/fr\/wp-json\/wp\/v2\/product_brand?post=6030"},{"taxonomy":"product_cat","embeddable":true,"href":"https:\/\/toprisesafety.com\/fr\/wp-json\/wp\/v2\/product_cat?post=6030"},{"taxonomy":"product_tag","embeddable":true,"href":"https:\/\/toprisesafety.com\/fr\/wp-json\/wp\/v2\/product_tag?post=6030"}],"curies":[{"name":"wp","href":"https:\/\/api.w.org\/{rel}","templated":true}]}}