{"id":6027,"date":"2018-02-24T07:32:11","date_gmt":"2018-02-24T07:32:11","guid":{"rendered":"https:\/\/toprisesafety.com\/product\/pu-foam-earplug-cord\/"},"modified":"2025-03-24T07:27:20","modified_gmt":"2025-03-24T07:27:20","slug":"pu-foam-earplug-cord","status":"publish","type":"product","link":"https:\/\/toprisesafety.com\/fr\/produit\/pu-foam-earplug-cord\/","title":{"rendered":"Bouchon d'oreille en mousse PU avec cordon"},"content":{"rendered":"<p><strong><span style=\"font-size: 140%;\">Bouchon d'oreille en mousse PU avec cordon<\/span><\/strong><\/p>\n<ul>\n<li style=\"list-style-type: none;\">\n<ul>\n<li><span data-spm-anchor-id=\"a2700.details.pronpeci14.i3.14c64f29Dud9E2\">EN352-1 : 2003 CE SNR 33dB Bouchons d'oreille en mousse PU\u00a0<\/span><\/li>\n<\/ul>\n<\/li>\n<\/ul>\n<ul>\n<li style=\"list-style-type: none;\">\n<ul>\n<li>S\u00fbr et confortable \u00e0 porter.<\/li>\n<\/ul>\n<\/li>\n<\/ul>\n<ul>\n<li style=\"list-style-type: none;\">\n<ul>\n<li><span data-spm-anchor-id=\"a2700.details.pronpeci14.i0.14c64f29Dud9E2\">Chaque paire est emball\u00e9e s\u00e9par\u00e9ment dans un sac en poly\u00e9thyl\u00e8ne pour des raisons d'hygi\u00e8ne.<\/span><\/li>\n<\/ul>\n<\/li>\n<\/ul>\n<ul>\n<li style=\"list-style-type: none;\">\n<ul>\n<li>La forme conique s'adapte confortablement au conduit auditif pour r\u00e9duire le bruit.<\/li>\n<\/ul>\n<\/li>\n<\/ul>\n<ul>\n<li style=\"list-style-type: none;\">\n<ul>\n<li>Surface lisse et r\u00e9sistante \u00e0 la salet\u00e9<\/li>\n<\/ul>\n<\/li>\n<\/ul>\n<ul>\n<li style=\"list-style-type: none;\">\n<ul>\n<li>Application : lieu de nez, pendant les concerts, construction, tournage ou sommeil<\/li>\n<\/ul>\n<\/li>\n<\/ul>\n<ul>\n<li style=\"list-style-type: none;\">\n<ul>\n<li>Emballage : sac habituel, possibilit\u00e9 d'emballage sp\u00e9cial tel que bo\u00eete blister, carte de t\u00eate, bo\u00eete de couleur, etc.<\/li>\n<\/ul>\n<\/li>\n<\/ul>\n<h2><strong>Bouchon d'oreille en mousse PU avec cordon<\/strong><\/h2>\n<table>\n<tbody>\n<tr>\n<td width=\"284\">Art No.<\/td>\n<td width=\"284\">EP01-P<\/td>\n<\/tr>\n<tr>\n<td width=\"284\">Mat\u00e9riau<\/td>\n<td width=\"284\">PU<\/td>\n<\/tr>\n<tr>\n<td width=\"284\">Couleur<\/td>\n<td width=\"284\">Orange, vert, rouge, bleu, rose, etc.<\/td>\n<\/tr>\n<tr>\n<td width=\"284\">SNR<\/td>\n<td width=\"284\">33dB<\/td>\n<\/tr>\n<tr>\n<td width=\"284\">Normes de qualit\u00e9<\/td>\n<td width=\"284\">CE EN352 -2 (2003)<\/td>\n<\/tr>\n<tr>\n<td width=\"284\">Emballage<\/td>\n<td width=\"284\">1PC\/sachet, 200PCS\/bo\u00eete, 4000PCS \/ctn<\/td>\n<\/tr>\n<tr>\n<td width=\"284\">Taille du carton<\/td>\n<td width=\"284\">52*42*40.5CM<\/td>\n<\/tr>\n<tr>\n<td width=\"284\">N\/G.W<\/td>\n<td width=\"284\">6,5\/8KGS<\/td>\n<\/tr>\n<tr>\n<td width=\"284\">MOQ<\/td>\n<td width=\"284\">10000PAIRS<\/td>\n<\/tr>\n<\/tbody>\n<\/table>\n<p>TOPRISE permet de personnaliser diff\u00e9rents styles de casques antibruit et de bouchons d'oreille. <a href=\"https:\/\/toprisesafety.com\/fr\/categorie-produit\/personal-protective-equipment\/ear-protection\/earmuff-earplug\/\">voir d'autres mod\u00e8les de cache-oreilles et de bouchons d'oreille.<\/a><\/p>\n<p>Si vous ne trouvez pas les casques antibruit et les bouchons d'oreille n\u00e9cessaires,<a href=\"https:\/\/toprisesafety.com\/fr\/contact-us\/\"> nous contacter<\/a>; nous prenons en charge la personnalisation sp\u00e9ciale.<\/p>\n<p><strong><span style=\"font-size: 200%;\">More models earplugs for choice:<\/span><\/strong><\/p>\n<figure id=\"attachment_783\" class=\"wp-caption alignnone\" style=\"width: 750px;\" aria-describedby=\"caption-attachment-783\"><a href=\"https:\/\/toprisesafety.com\/fr\/produit\/ce-en352-standard-pu-earplug\/\"><img fetchpriority=\"high\" decoding=\"async\" class=\"size-full wp-image-783\" src=\"https:\/\/toprisesafety.com\/wp-content\/uploads\/2024\/08\/EP01-Earplug.jpg\" alt=\"CE EN352 standard PU earplug\" width=\"750\" height=\"750\" \/><\/a><figcaption id=\"caption-attachment-783\" class=\"wp-caption-text\">Bouchon d'oreille en PU conforme \u00e0 la norme CE EN352<\/figcaption><\/figure>","protected":false},"excerpt":{"rendered":"<p>Art No.: EP01-P<\/p>\n<p>Material: PU + plastic line<\/p>\n<p>SNR: 33dB<\/p>\n<p>Quality standard: CE EN352-2 (2003)<\/p>\n<p>Color: Orange, yellow, blue, pink etc.<\/p>\n<p>Taille : 14*24MM<\/p>\n<p>MOQ: 10000 Pairs orange color, special color MOQ 100000 pairs<\/p>","protected":false},"featured_media":6029,"template":"","meta":{"_acf_changed":false},"product_brand":[],"product_cat":[354,355],"product_tag":[262],"class_list":{"0":"post-6027","1":"product","2":"type-product","3":"status-publish","4":"has-post-thumbnail","6":"product_cat-ear-protection","7":"product_cat-earmuff-earplug","8":"product_tag-ce-en352-pu-earplug","10":"first","11":"instock","12":"product-type-simple"},"acf":[],"_links":{"self":[{"href":"https:\/\/toprisesafety.com\/fr\/wp-json\/wp\/v2\/product\/6027"}],"collection":[{"href":"https:\/\/toprisesafety.com\/fr\/wp-json\/wp\/v2\/product"}],"about":[{"href":"https:\/\/toprisesafety.com\/fr\/wp-json\/wp\/v2\/types\/product"}],"wp:featuredmedia":[{"embeddable":true,"href":"https:\/\/toprisesafety.com\/fr\/wp-json\/wp\/v2\/media\/6029"}],"wp:attachment":[{"href":"https:\/\/toprisesafety.com\/fr\/wp-json\/wp\/v2\/media?parent=6027"}],"wp:term":[{"taxonomy":"product_brand","embeddable":true,"href":"https:\/\/toprisesafety.com\/fr\/wp-json\/wp\/v2\/product_brand?post=6027"},{"taxonomy":"product_cat","embeddable":true,"href":"https:\/\/toprisesafety.com\/fr\/wp-json\/wp\/v2\/product_cat?post=6027"},{"taxonomy":"product_tag","embeddable":true,"href":"https:\/\/toprisesafety.com\/fr\/wp-json\/wp\/v2\/product_tag?post=6027"}],"curies":[{"name":"wp","href":"https:\/\/api.w.org\/{rel}","templated":true}]}}