{"id":6022,"date":"2018-02-24T07:44:59","date_gmt":"2018-02-24T07:44:59","guid":{"rendered":"https:\/\/toprisesafety.com\/product\/silicone-earplug\/"},"modified":"2025-03-24T07:22:22","modified_gmt":"2025-03-24T07:22:22","slug":"silicone-earplug","status":"publish","type":"product","link":"https:\/\/toprisesafety.com\/fr\/produit\/silicone-earplug\/","title":{"rendered":"Bouchon d'oreille en silicone"},"content":{"rendered":"<p><strong><span style=\"font-size: 140%;\">Bouchon d'oreille en silicone <\/span><\/strong><\/p>\n<ul>\n<li style=\"list-style-type: none;\">\n<ul>\n<li><span data-spm-anchor-id=\"a2700.details.pronpeci14.i3.14c64f29Dud9E2\">Bouchons d'oreille en silicone, durables et \u00e9tanches\u00a0<\/span><\/li>\n<\/ul>\n<\/li>\n<\/ul>\n<ul>\n<li style=\"list-style-type: none;\">\n<ul>\n<li>S\u00fbr et confortable \u00e0 porter.<\/li>\n<\/ul>\n<\/li>\n<\/ul>\n<ul>\n<li style=\"list-style-type: none;\">\n<ul>\n<li><span data-spm-anchor-id=\"a2700.details.pronpeci14.i0.14c64f29Dud9E2\">Chaque paire est emball\u00e9e s\u00e9par\u00e9ment dans un sac en poly\u00e9thyl\u00e8ne pour des raisons d'hygi\u00e8ne.<\/span><\/li>\n<\/ul>\n<\/li>\n<\/ul>\n<ul>\n<li style=\"list-style-type: none;\">\n<ul>\n<li>La forme en champignon s'adapte confortablement au conduit auditif pour r\u00e9duire le bruit.<\/li>\n<\/ul>\n<\/li>\n<\/ul>\n<ul>\n<li style=\"list-style-type: none;\">\n<ul>\n<li>Surface lisse et r\u00e9sistante \u00e0 la salet\u00e9<\/li>\n<\/ul>\n<\/li>\n<\/ul>\n<ul>\n<li style=\"list-style-type: none;\">\n<ul>\n<li>Application : lieu de nez, pendant les concerts, construction, tournage ou sommeil<\/li>\n<\/ul>\n<\/li>\n<\/ul>\n<ul>\n<li style=\"list-style-type: none;\">\n<ul>\n<li>Emballage : sac habituel, possibilit\u00e9 d'emballage sp\u00e9cial tel que bo\u00eete blister, carte de t\u00eate, bo\u00eete de couleur, etc.<\/li>\n<\/ul>\n<\/li>\n<\/ul>\n<h2><strong>Sp\u00e9cifications des bouchons d'oreille en silicone :\u00a0<\/strong><\/h2>\n<table>\n<tbody>\n<tr>\n<td width=\"284\">Art No.<\/td>\n<td width=\"284\">EP02( Sans ligne) ; EP02-P (avec ligne en plastique) ; EP02-K (avec ligne en tricot ficelle)<\/td>\n<\/tr>\n<tr>\n<td width=\"284\">Mat\u00e9riau<\/td>\n<td width=\"284\">Silicone<\/td>\n<\/tr>\n<tr>\n<td width=\"284\">Couleur<\/td>\n<td width=\"284\">Orange, vert, rouge, bleu, etc.<\/td>\n<\/tr>\n<tr>\n<td width=\"284\">SNR<\/td>\n<td width=\"284\">29dB<\/td>\n<\/tr>\n<tr>\n<td width=\"284\">Normes de qualit\u00e9<\/td>\n<td width=\"284\">CE EN352 -2 (2003)<\/td>\n<\/tr>\n<tr>\n<td width=\"284\">Emballage<\/td>\n<td width=\"284\">1PR\/sachet, 100PRS\/bo\u00eete, 2000PRS \/CTN<\/td>\n<\/tr>\n<tr>\n<td width=\"284\">Taille du carton<\/td>\n<td width=\"284\">52*42*40.5CM<\/td>\n<\/tr>\n<tr>\n<td width=\"284\">N\/G.W<\/td>\n<td width=\"284\">8,5\/10 KGS<\/td>\n<\/tr>\n<tr>\n<td width=\"284\">MOQ<\/td>\n<td width=\"284\">10000PAIRS<\/td>\n<\/tr>\n<\/tbody>\n<\/table>\n<p>TOPRISE permet de personnaliser diff\u00e9rents styles de casques antibruit et de bouchons d'oreille. <a href=\"https:\/\/toprisesafety.com\/fr\/categorie-produit\/personal-protective-equipment\/ear-protection\/earmuff-earplug\/\">voir d'autres mod\u00e8les de cache-oreilles et de bouchons d'oreille.<\/a><\/p>\n<p>Si vous ne trouvez pas les casques antibruit et les bouchons d'oreille n\u00e9cessaires,<a href=\"https:\/\/toprisesafety.com\/fr\/contact-us\/\"> nous contacter<\/a>; nous prenons en charge la personnalisation sp\u00e9ciale.<\/p>","protected":false},"excerpt":{"rendered":"<p>Art No. : EP02( Sans ligne) ; EP02-P (avec ligne en plastique) ; EP02-K (avec ligne en tricot ficelle)<\/p>\n<p>Couleur : Orange<\/p>\n<p>Style : sans cordon ; avec cordon en maille ; avec cordon en plastique au choix<\/p>\n<p>MOQ : 10000 paires<\/p>","protected":false},"featured_media":6023,"template":"","meta":{"_acf_changed":false},"product_brand":[],"product_cat":[354,355],"product_tag":[261],"class_list":{"0":"post-6022","1":"product","2":"type-product","3":"status-publish","4":"has-post-thumbnail","6":"product_cat-ear-protection","7":"product_cat-earmuff-earplug","8":"product_tag-ce-en352-silicone-eaplug","10":"first","11":"instock","12":"product-type-simple"},"acf":[],"_links":{"self":[{"href":"https:\/\/toprisesafety.com\/fr\/wp-json\/wp\/v2\/product\/6022"}],"collection":[{"href":"https:\/\/toprisesafety.com\/fr\/wp-json\/wp\/v2\/product"}],"about":[{"href":"https:\/\/toprisesafety.com\/fr\/wp-json\/wp\/v2\/types\/product"}],"wp:featuredmedia":[{"embeddable":true,"href":"https:\/\/toprisesafety.com\/fr\/wp-json\/wp\/v2\/media\/6023"}],"wp:attachment":[{"href":"https:\/\/toprisesafety.com\/fr\/wp-json\/wp\/v2\/media?parent=6022"}],"wp:term":[{"taxonomy":"product_brand","embeddable":true,"href":"https:\/\/toprisesafety.com\/fr\/wp-json\/wp\/v2\/product_brand?post=6022"},{"taxonomy":"product_cat","embeddable":true,"href":"https:\/\/toprisesafety.com\/fr\/wp-json\/wp\/v2\/product_cat?post=6022"},{"taxonomy":"product_tag","embeddable":true,"href":"https:\/\/toprisesafety.com\/fr\/wp-json\/wp\/v2\/product_tag?post=6022"}],"curies":[{"name":"wp","href":"https:\/\/api.w.org\/{rel}","templated":true}]}}