{"id":6020,"date":"2018-02-24T07:57:52","date_gmt":"2018-02-24T07:57:52","guid":{"rendered":"https:\/\/toprisesafety.com\/product\/hot-sale-cheap-earmuff\/"},"modified":"2025-03-24T07:21:56","modified_gmt":"2025-03-24T07:21:56","slug":"hot-sale-cheap-earmuff","status":"publish","type":"product","link":"https:\/\/toprisesafety.com\/fr\/produit\/hot-sale-cheap-earmuff\/","title":{"rendered":"Vente \u00e0 chaud de casques antibruit bon march\u00e9"},"content":{"rendered":"<p><strong><span style=\"font-size: 140%;\">Vente \u00e0 chaud de casques antibruit bon march\u00e9 <\/span><\/strong><\/p>\n<ul>\n<li style=\"list-style-type: none;\">\n<ul>\n<li>Bandeau facile \u00e0 r\u00e9gler sur les c\u00f4t\u00e9s pour s'adapter \u00e0 toutes les tailles.<\/li>\n<\/ul>\n<\/li>\n<\/ul>\n<ul>\n<li style=\"list-style-type: none;\">\n<ul>\n<li>Coussins en PVC souple pour le confort lors d'une utilisation prolong\u00e9e.<\/li>\n<\/ul>\n<\/li>\n<\/ul>\n<ul>\n<li style=\"list-style-type: none;\">\n<ul>\n<li>\u00a0L\u00e9ger et di\u00e9lectrique.<\/li>\n<\/ul>\n<\/li>\n<\/ul>\n<ul>\n<li style=\"list-style-type: none;\">\n<ul>\n<li>\u00a0Bandeau r\u00e9glable<\/li>\n<\/ul>\n<\/li>\n<\/ul>\n<ul>\n<li style=\"list-style-type: none;\">\n<ul>\n<li><span data-spm-anchor-id=\"a2700.details.pronpeci14.i1.638d3091mMhoEU\">Taux de r\u00e9duction du bruit de 27 dB<\/span><\/li>\n<\/ul>\n<\/li>\n<\/ul>\n<ul>\n<li style=\"list-style-type: none;\">\n<ul>\n<li>Les coussins en mousse large assurent une faible pression de surface<\/li>\n<\/ul>\n<\/li>\n<\/ul>\n<ul>\n<li style=\"list-style-type: none;\">\n<ul>\n<li>Oreillette confortable pour une utilisation tout au long de la journ\u00e9e<\/li>\n<\/ul>\n<\/li>\n<\/ul>\n<ul>\n<li style=\"list-style-type: none;\">\n<ul>\n<li>Application : Construction, industrie, exploitation mini\u00e8re, agriculture, jardinage, etc.<\/li>\n<\/ul>\n<\/li>\n<\/ul>\n<ul>\n<li style=\"list-style-type: none;\">\n<ul>\n<li>Emballage : sac en poly\u00e9thyl\u00e8ne habituel, emballage sp\u00e9cial comme la carte de t\u00eate, la bo\u00eete blister, etc.<\/li>\n<\/ul>\n<\/li>\n<\/ul>\n<h2><strong>Vente \u00e0 chaud de casques antibruit bon march\u00e9\u00a0<\/strong><\/h2>\n<table>\n<tbody>\n<tr>\n<td width=\"284\">Art No.<\/td>\n<td width=\"284\">EM01<\/td>\n<\/tr>\n<tr>\n<td width=\"284\">Mat\u00e9riau<\/td>\n<td width=\"284\">Bonnet et bandeau en PP, cuir PVC noir avec filtre en mousse haute densit\u00e9<\/td>\n<\/tr>\n<tr>\n<td width=\"284\">Couleur<\/td>\n<td width=\"284\">Rouge\/Noir<\/td>\n<\/tr>\n<tr>\n<td width=\"284\">SNR<\/td>\n<td width=\"284\">27 dB<\/td>\n<\/tr>\n<tr>\n<td width=\"284\">Zone utilis\u00e9e<\/td>\n<td width=\"284\">Construction, industrie, exploitation mini\u00e8re, etc.<\/td>\n<\/tr>\n<tr>\n<td width=\"284\">Emballage<\/td>\n<td width=\"284\">1PC\/sac \u00e0 dos, 50PCS\/CTN<\/td>\n<\/tr>\n<tr>\n<td width=\"284\">Taille du carton<\/td>\n<td width=\"284\">59*40*39CM<\/td>\n<\/tr>\n<tr>\n<td width=\"284\">N\/G.W<\/td>\n<td width=\"284\">6\/7,5 KGS<\/td>\n<\/tr>\n<tr>\n<td width=\"284\">MOQ<\/td>\n<td width=\"284\">1000PCS<\/td>\n<\/tr>\n<\/tbody>\n<\/table>\n<p>TOPRISE permet de personnaliser diff\u00e9rents styles de casques antibruit et de bouchons d'oreille. <a href=\"https:\/\/toprisesafety.com\/fr\/categorie-produit\/personal-protective-equipment\/ear-protection\/earmuff-earplug\/\">voir d'autres mod\u00e8les de cache-oreilles et de bouchons d'oreille.<\/a><\/p>\n<p>Si vous ne trouvez pas les casques antibruit et les bouchons d'oreille n\u00e9cessaires,<a href=\"https:\/\/toprisesafety.com\/fr\/contact-us\/\"> nous contacter<\/a>; nous prenons en charge la personnalisation sp\u00e9ciale.<\/p>","protected":false},"excerpt":{"rendered":"<p>N\u00b0 d'art : EM01<\/p>\n<p>Couleur : Rouge\/Noir<\/p>\n<p>SNR : 27dB<\/p>\n<p>Mat\u00e9riau : Bonnet et bandeau en PP, cuir PVC noir avec filtre en mousse haute densit\u00e9<\/p>\n<p>MOQ : 1000 PCS<\/p>","protected":false},"featured_media":6021,"template":"","meta":{"_acf_changed":false},"product_brand":[],"product_cat":[354,355],"product_tag":[259],"class_list":{"0":"post-6020","1":"product","2":"type-product","3":"status-publish","4":"has-post-thumbnail","6":"product_cat-ear-protection","7":"product_cat-earmuff-earplug","8":"product_tag-hot-sale-cheap-earmuff","10":"first","11":"instock","12":"product-type-simple"},"acf":[],"_links":{"self":[{"href":"https:\/\/toprisesafety.com\/fr\/wp-json\/wp\/v2\/product\/6020","targetHints":{"allow":["GET"]}}],"collection":[{"href":"https:\/\/toprisesafety.com\/fr\/wp-json\/wp\/v2\/product"}],"about":[{"href":"https:\/\/toprisesafety.com\/fr\/wp-json\/wp\/v2\/types\/product"}],"wp:featuredmedia":[{"embeddable":true,"href":"https:\/\/toprisesafety.com\/fr\/wp-json\/wp\/v2\/media\/6021"}],"wp:attachment":[{"href":"https:\/\/toprisesafety.com\/fr\/wp-json\/wp\/v2\/media?parent=6020"}],"wp:term":[{"taxonomy":"product_brand","embeddable":true,"href":"https:\/\/toprisesafety.com\/fr\/wp-json\/wp\/v2\/product_brand?post=6020"},{"taxonomy":"product_cat","embeddable":true,"href":"https:\/\/toprisesafety.com\/fr\/wp-json\/wp\/v2\/product_cat?post=6020"},{"taxonomy":"product_tag","embeddable":true,"href":"https:\/\/toprisesafety.com\/fr\/wp-json\/wp\/v2\/product_tag?post=6020"}],"curies":[{"name":"wp","href":"https:\/\/api.w.org\/{rel}","templated":true}]}}