{"id":6014,"date":"2018-02-24T08:28:08","date_gmt":"2018-02-24T08:28:08","guid":{"rendered":"https:\/\/toprisesafety.com\/product\/hot-sale-ce-standard-safety-earmuff\/"},"modified":"2025-03-24T07:20:47","modified_gmt":"2025-03-24T07:20:47","slug":"hot-sale-ce-standard-safety-earmuff","status":"publish","type":"product","link":"https:\/\/toprisesafety.com\/fr\/produit\/hot-sale-ce-standard-safety-earmuff\/","title":{"rendered":"Nouvelle vente \u00e0 chaud Casque antibruit de s\u00e9curit\u00e9 conforme \u00e0 la norme CE"},"content":{"rendered":"<p><strong><span style=\"font-size: 140%;\">Nouvelle vente \u00e0 chaud Casque antibruit de s\u00e9curit\u00e9 conforme \u00e0 la norme CE<\/span><\/strong><\/p>\n<ul>\n<li style=\"list-style-type: none;\">\n<ul>\n<li>ABS cup and headband, high density sponge inside, artificial leather .<\/li>\n<\/ul>\n<\/li>\n<\/ul>\n<ul>\n<li style=\"list-style-type: none;\">\n<ul>\n<li>Double layer design, increased noise protection .<\/li>\n<\/ul>\n<\/li>\n<\/ul>\n<ul>\n<li style=\"list-style-type: none;\">\n<ul>\n<li>Bandeau facile \u00e0 r\u00e9gler sur les c\u00f4t\u00e9s pour s'adapter \u00e0 toutes les tailles.<\/li>\n<\/ul>\n<\/li>\n<\/ul>\n<ul>\n<li style=\"list-style-type: none;\">\n<ul>\n<li>\u00a0L\u00e9ger et di\u00e9lectrique.<\/li>\n<\/ul>\n<\/li>\n<\/ul>\n<ul>\n<li style=\"list-style-type: none;\">\n<ul>\n<li>\u00a0Bandeau r\u00e9glable<\/li>\n<\/ul>\n<\/li>\n<\/ul>\n<ul>\n<li style=\"list-style-type: none;\">\n<ul>\n<li><span data-spm-anchor-id=\"a2700.details.pronpeci14.i1.638d3091mMhoEU\">Noise\u00a0Reduction\u00a0Rating\u00a0of 31 dB (SNR)<\/span><\/li>\n<\/ul>\n<\/li>\n<\/ul>\n<ul>\n<li style=\"list-style-type: none;\">\n<ul>\n<li>Les coussins en mousse large assurent une faible pression de surface<\/li>\n<\/ul>\n<\/li>\n<\/ul>\n<ul>\n<li style=\"list-style-type: none;\">\n<ul>\n<li>Oreillette confortable pour une utilisation tout au long de la journ\u00e9e<\/li>\n<\/ul>\n<\/li>\n<\/ul>\n<ul>\n<li style=\"list-style-type: none;\">\n<ul>\n<li>Application : Construction, industrie, exploitation mini\u00e8re, agriculture, jardinage, etc.<\/li>\n<\/ul>\n<\/li>\n<\/ul>\n<ul>\n<li style=\"list-style-type: none;\">\n<ul>\n<li>Emballage : sac en poly\u00e9thyl\u00e8ne habituel, emballage sp\u00e9cial comme la carte de t\u00eate, la bo\u00eete blister, etc.<\/li>\n<\/ul>\n<\/li>\n<\/ul>\n<ul>\n<li style=\"list-style-type: none;\">\n<ul>\n<li>Le logo du client est disponible<\/li>\n<\/ul>\n<\/li>\n<\/ul>\n<h2><strong>Nouvelle vente \u00e0 chaud Casque antibruit de s\u00e9curit\u00e9 conforme \u00e0 la norme CE\u00a0<\/strong><\/h2>\n<table>\n<tbody>\n<tr>\n<td width=\"284\">Art No.<\/td>\n<td width=\"284\">EM03<\/td>\n<\/tr>\n<tr>\n<td width=\"284\">Mat\u00e9riau<\/td>\n<td width=\"284\">Coque et bandeau en ABS, int\u00e9rieur en \u00e9ponge haute densit\u00e9, cuir artificiel<\/td>\n<\/tr>\n<tr>\n<td width=\"284\">Couleur<\/td>\n<td width=\"284\">Red, fluorescent green, yellow etc.<\/td>\n<\/tr>\n<tr>\n<td width=\"284\">SNR<\/td>\n<td width=\"284\">31dB<\/td>\n<\/tr>\n<tr>\n<td width=\"284\">Normes de qualit\u00e9<\/td>\n<td width=\"284\">CE EN352-1 (31dB) , ANSI S3.19 (27dB) ,\u00a0 AS\/NZS class5 32.2dB<\/td>\n<\/tr>\n<tr>\n<td width=\"284\">Emballage<\/td>\n<td width=\"284\">1PC\/opp bag, 20PCS\/CTN<\/td>\n<\/tr>\n<tr>\n<td width=\"284\">Taille du carton<\/td>\n<td width=\"284\">50.5*30*40.5CM<\/td>\n<\/tr>\n<tr>\n<td width=\"284\">N\/G.W<\/td>\n<td width=\"284\">10\/11 KGS<\/td>\n<\/tr>\n<tr>\n<td width=\"284\">MOQ<\/td>\n<td width=\"284\">1000PCS<\/td>\n<\/tr>\n<\/tbody>\n<\/table>\n<p>TOPRISE permet de personnaliser diff\u00e9rents styles de casques antibruit et de bouchons d'oreille. <a href=\"https:\/\/toprisesafety.com\/fr\/categorie-produit\/personal-protective-equipment\/ear-protection\/earmuff-earplug\/\">voir d'autres mod\u00e8les de cache-oreilles et de bouchons d'oreille.<\/a><\/p>\n<p>Si vous ne trouvez pas les casques antibruit et les bouchons d'oreille n\u00e9cessaires,<a href=\"https:\/\/toprisesafety.com\/fr\/contact-us\/\"> nous contacter<\/a>; nous prenons en charge la personnalisation sp\u00e9ciale.<\/p>","protected":false},"excerpt":{"rendered":"<p>Art No.: EM03<\/p>\n<p>Mati\u00e8re : Coque et bandeau en ABS, int\u00e9rieur en \u00e9ponge haute densit\u00e9, cuir artificiel<\/p>\n<p>Couleur : rouge, vert fluorescent, jaune, etc.<\/p>\n<p>SNR: 31dB<\/p>\n<p>Quality standard:\u00a0CE EN352-1 (28dB) , ANSI S3.19 (23dB) ,\u00a0 AS\/NZS class5 29.5dB<\/p>\n<p>MOQ : 1000PCS<\/p>","protected":false},"featured_media":6015,"template":"","meta":{"_acf_changed":false},"product_brand":[],"product_cat":[354,355],"product_tag":[257],"class_list":{"0":"post-6014","1":"product","2":"type-product","3":"status-publish","4":"has-post-thumbnail","6":"product_cat-ear-protection","7":"product_cat-earmuff-earplug","8":"product_tag-hot-sale-ce-standard-earmuff-ansi-as-nzs","10":"first","11":"instock","12":"product-type-simple"},"acf":[],"_links":{"self":[{"href":"https:\/\/toprisesafety.com\/fr\/wp-json\/wp\/v2\/product\/6014","targetHints":{"allow":["GET"]}}],"collection":[{"href":"https:\/\/toprisesafety.com\/fr\/wp-json\/wp\/v2\/product"}],"about":[{"href":"https:\/\/toprisesafety.com\/fr\/wp-json\/wp\/v2\/types\/product"}],"wp:featuredmedia":[{"embeddable":true,"href":"https:\/\/toprisesafety.com\/fr\/wp-json\/wp\/v2\/media\/6015"}],"wp:attachment":[{"href":"https:\/\/toprisesafety.com\/fr\/wp-json\/wp\/v2\/media?parent=6014"}],"wp:term":[{"taxonomy":"product_brand","embeddable":true,"href":"https:\/\/toprisesafety.com\/fr\/wp-json\/wp\/v2\/product_brand?post=6014"},{"taxonomy":"product_cat","embeddable":true,"href":"https:\/\/toprisesafety.com\/fr\/wp-json\/wp\/v2\/product_cat?post=6014"},{"taxonomy":"product_tag","embeddable":true,"href":"https:\/\/toprisesafety.com\/fr\/wp-json\/wp\/v2\/product_tag?post=6014"}],"curies":[{"name":"wp","href":"https:\/\/api.w.org\/{rel}","templated":true}]}}