{"id":6013,"date":"2018-02-25T03:41:28","date_gmt":"2018-02-25T03:41:28","guid":{"rendered":"https:\/\/toprisesafety.com\/product\/disposable-respirator-single-layer-respirator-dust-mask\/"},"modified":"2025-04-17T07:46:07","modified_gmt":"2025-04-17T07:46:07","slug":"disposable-respirator-single-layer-respirator-dust-mask","status":"publish","type":"product","link":"https:\/\/toprisesafety.com\/fr\/produit\/disposable-respirator-single-layer-respirator-dust-mask\/","title":{"rendered":"Respirateur jetable"},"content":{"rendered":"<p><strong><span style=\"font-size: 140%;\">Respirateur jetable\u00a0<\/span><\/strong><\/p>\n<ul>\n<li style=\"list-style-type: none;\">\n<ul>\n<li>Fabriqu\u00e9 en polypropyl\u00e8ne souffl\u00e9 par fusion, simple pli.<\/li>\n<\/ul>\n<\/li>\n<\/ul>\n<ul>\n<li style=\"list-style-type: none;\">\n<ul>\n<li>Les masques de protection respiratoire sont port\u00e9s pendant le mois et le bruit pour prot\u00e9ger contre la poussi\u00e8re. Ils sont utilis\u00e9s dans les secteurs de la construction, du nettoyage, de la fabrication d'aliments et de boissons, de la production et de la fabrication de m\u00e9taux, de la maintenance, de la r\u00e9paration et des op\u00e9rations militaires, de l'exploitation mini\u00e8re, du p\u00e9trole et du gaz, de l'industrie pharmaceutique, des transports, du jardinage, etc.  Le masque anti-poussi\u00e8re peut \u00e9galement prot\u00e9ger contre les allerg\u00e8nes.<\/li>\n<\/ul>\n<\/li>\n<\/ul>\n<ul>\n<li style=\"list-style-type: none;\">\n<ul>\n<li>Ce respirateur comporte deux sangles derri\u00e8re la t\u00eate (une sup\u00e9rieure et une inf\u00e9rieure) et une bande d'aluminium \u00e0 l'ext\u00e9rieur, sur l'ar\u00eate du nez, qui peut \u00eatre utilis\u00e9e pour s'adapter \u00e0 l'utilisateur.<\/li>\n<\/ul>\n<\/li>\n<\/ul>\n<h2><strong>Sp\u00e9cifications des respirateurs jetables :\u00a0<\/strong><\/h2>\n<table>\n<tbody>\n<tr>\n<td width=\"284\">Art No.<\/td>\n<td width=\"284\">DM01<\/td>\n<\/tr>\n<tr>\n<td width=\"284\">Mat\u00e9riau<\/td>\n<td width=\"284\">Polypropyl\u00e8ne souffl\u00e9 par fusion<\/td>\n<\/tr>\n<tr>\n<td width=\"284\">Couche<\/td>\n<td width=\"284\">Simple<\/td>\n<\/tr>\n<tr>\n<td width=\"284\">Poids<\/td>\n<td width=\"284\">200G\/SQM<\/td>\n<\/tr>\n<tr>\n<td width=\"284\">Emballage<\/td>\n<td width=\"284\">50PCS\/BO\u00ceTE, 1000PCS\/CTN<\/td>\n<\/tr>\n<tr>\n<td width=\"284\">Taille du carton<\/td>\n<td width=\"284\">58.5*24*28CM<\/td>\n<\/tr>\n<tr>\n<td width=\"284\">N\/G.W<\/td>\n<td width=\"284\">4\/5KGS<\/td>\n<\/tr>\n<\/tbody>\n<\/table>","protected":false},"excerpt":{"rendered":"<p>No. d'art :DM01<\/p>\n<p>Mat\u00e9riau : Polypropyl\u00e8ne souffl\u00e9 par fusion<\/p>\n<p>Qt\u00e9 : 50PCS\/BOX<\/p>\n<p>Poids : 200G\/SQM<\/p>\n<p>MOQ : 1000BOX<\/p>","protected":false},"featured_media":5997,"template":"","meta":{"_acf_changed":false},"product_brand":[],"product_cat":[352,351],"product_tag":[253],"class_list":{"0":"post-6013","1":"product","2":"type-product","3":"status-publish","4":"has-post-thumbnail","6":"product_cat-dust-mask-chemical-mask","7":"product_cat-respiratory-protection","8":"product_tag-disposable-respirator-single-layer-respirator","10":"first","11":"instock","12":"product-type-simple"},"acf":[],"_links":{"self":[{"href":"https:\/\/toprisesafety.com\/fr\/wp-json\/wp\/v2\/product\/6013"}],"collection":[{"href":"https:\/\/toprisesafety.com\/fr\/wp-json\/wp\/v2\/product"}],"about":[{"href":"https:\/\/toprisesafety.com\/fr\/wp-json\/wp\/v2\/types\/product"}],"wp:featuredmedia":[{"embeddable":true,"href":"https:\/\/toprisesafety.com\/fr\/wp-json\/wp\/v2\/media\/5997"}],"wp:attachment":[{"href":"https:\/\/toprisesafety.com\/fr\/wp-json\/wp\/v2\/media?parent=6013"}],"wp:term":[{"taxonomy":"product_brand","embeddable":true,"href":"https:\/\/toprisesafety.com\/fr\/wp-json\/wp\/v2\/product_brand?post=6013"},{"taxonomy":"product_cat","embeddable":true,"href":"https:\/\/toprisesafety.com\/fr\/wp-json\/wp\/v2\/product_cat?post=6013"},{"taxonomy":"product_tag","embeddable":true,"href":"https:\/\/toprisesafety.com\/fr\/wp-json\/wp\/v2\/product_tag?post=6013"}],"curies":[{"name":"wp","href":"https:\/\/api.w.org\/{rel}","templated":true}]}}