{"id":5999,"date":"2018-02-25T04:36:38","date_gmt":"2018-02-25T04:36:38","guid":{"rendered":"https:\/\/toprisesafety.com\/product\/ffp3-dust-mask\/"},"modified":"2025-04-17T07:45:07","modified_gmt":"2025-04-17T07:45:07","slug":"ffp3-dust-mask","status":"publish","type":"product","link":"https:\/\/toprisesafety.com\/fr\/produit\/ffp3-dust-mask\/","title":{"rendered":"Masque \u00e0 poussi\u00e8re FFP3"},"content":{"rendered":"<p><strong><span style=\"font-size: 140%;\">Masque \u00e0 poussi\u00e8re FFP3<\/span><\/strong><\/p>\n<ul>\n<li style=\"list-style-type: none;\">\n<ul>\n<li>Le masque anti-poussi\u00e8re est port\u00e9 pendant le mois et le bruit pour prot\u00e9ger contre la poussi\u00e8re. Il est utilis\u00e9 dans les secteurs de la construction, du nettoyage, de la fabrication d'aliments et de boissons, de la production et de la fabrication de m\u00e9taux, de la maintenance militaire, de la r\u00e9paration et des op\u00e9rations, de l'exploitation mini\u00e8re, du p\u00e9trole et du gaz, de l'industrie pharmaceutique, du transport, du jardinage, etc.<\/li>\n<\/ul>\n<\/li>\n<\/ul>\n<ul>\n<li style=\"list-style-type: none;\">\n<ul>\n<li>Bonne protection contre les allerg\u00e8nes.<\/li>\n<\/ul>\n<\/li>\n<\/ul>\n<ul>\n<li style=\"list-style-type: none;\">\n<ul>\n<li>Deux sangles derri\u00e8re la t\u00eate (une sup\u00e9rieure et une inf\u00e9rieure)<\/li>\n<\/ul>\n<\/li>\n<\/ul>\n<ul>\n<li style=\"list-style-type: none;\">\n<ul>\n<li>Une bande d'aluminium sur l'ext\u00e9rieur de l'ar\u00eate du nez qui peut \u00eatre aid\u00e9e pour l'ajustement de l'utilisateur.<\/li>\n<\/ul>\n<\/li>\n<\/ul>\n<ul>\n<li style=\"list-style-type: none;\">\n<ul>\n<li>Une bande de mousse \u00e0 l'int\u00e9rieur, sur l'ar\u00eate du nez, pour assurer une bonne \u00e9tanch\u00e9it\u00e9 m\u00eame si l'aluminium \u00e0 l'ext\u00e9rieur ne convient pas.<\/li>\n<\/ul>\n<\/li>\n<\/ul>\n<ul>\n<li style=\"list-style-type: none;\">\n<ul>\n<li>Les masques \u00e0 poussi\u00e8re r\u00e9pondent \u00e0 deux normes de qualit\u00e9 principales : Europe CE et Am\u00e9rique N95\/N99\/N100.<\/li>\n<\/ul>\n<\/li>\n<\/ul>\n<ul>\n<li style=\"list-style-type: none;\">\n<ul>\n<li>La norme europ\u00e9enne CE s'applique \u00e9galement aux mod\u00e8les FFP1, FFP2 et FFP3.<\/li>\n<\/ul>\n<\/li>\n<\/ul>\n<ul>\n<li style=\"list-style-type: none;\">\n<ul>\n<li>Diff\u00e9rents mod\u00e8les avec ou sans carbone, avec ou sans valve.  Le masque anti-poussi\u00e8re en carbone actif prot\u00e8ge efficacement contre les mauvaises odeurs pendant les travaux de peinture.<\/li>\n<\/ul>\n<\/li>\n<\/ul>\n<table>\n<tbody>\n<tr>\n<td width=\"118\"><strong><b>Standard<\/b><\/strong><\/td>\n<td width=\"126\"><strong><b>P\u00e9n\u00e9tration<\/b><\/strong><\/td>\n<td width=\"153\"><strong><b>Taux de pi\u00e9geage<\/b><\/strong><\/td>\n<td width=\"128\"><strong><b>R\u00e9sistant<\/b><\/strong><\/td>\n<\/tr>\n<tr>\n<td width=\"118\">FFP1<\/td>\n<td width=\"126\">20%<\/td>\n<td width=\"153\">\u226580%<\/td>\n<td width=\"128\">21mm H2O<\/td>\n<\/tr>\n<tr>\n<td width=\"118\">FFP2<\/td>\n<td width=\"126\">6%<\/td>\n<td width=\"153\">\u226594%<\/td>\n<td width=\"128\">24mm H2O<\/td>\n<\/tr>\n<tr>\n<td width=\"118\">FFP3<\/td>\n<td width=\"126\">1%<\/td>\n<td width=\"153\">\u226599%<\/td>\n<td width=\"128\">30mm H2O<\/td>\n<\/tr>\n<tr>\n<td width=\"118\">N95<\/td>\n<td width=\"126\">5%<\/td>\n<td width=\"153\">\u226595%<\/td>\n<td width=\"128\">35mm H2O<\/td>\n<\/tr>\n<tr>\n<td width=\"118\">N99<\/td>\n<td width=\"126\">1%<\/td>\n<td width=\"153\">\u226599%<\/td>\n<td width=\"128\">35mm H2O<\/td>\n<\/tr>\n<tr>\n<td width=\"118\">N100<\/td>\n<td width=\"126\">0.03%<\/td>\n<td width=\"153\">\u226599.7%<\/td>\n<td width=\"128\">53mm H2O<\/td>\n<\/tr>\n<\/tbody>\n<\/table>\n<p>&nbsp;<\/p>\n<h2><strong>Caract\u00e9ristiques du masque anti-poussi\u00e8re FFP3 :\u00a0<\/strong><\/h2>\n<table>\n<tbody>\n<tr>\n<td width=\"113\">Art No.<\/td>\n<td width=\"113\">DM04<\/td>\n<td width=\"113\">DM04V<\/td>\n<td width=\"113\">DM04-C<\/td>\n<td width=\"113\">DM04V-C<\/td>\n<\/tr>\n<tr>\n<td width=\"113\">Style<\/td>\n<td width=\"113\">Masque anti-poussi\u00e8re<\/td>\n<td width=\"113\">Masque anti-poussi\u00e8re avec valve<\/td>\n<td width=\"113\">Masque \u00e0 poussi\u00e8re de carbone actif<\/td>\n<td width=\"113\">Masque anti-poussi\u00e8re \u00e0 valve en carbone actif<\/td>\n<\/tr>\n<tr>\n<td width=\"113\">Mat\u00e9riau<\/td>\n<td colspan=\"5\" width=\"454\">Tissu non tiss\u00e9 en PP<\/td>\n<\/tr>\n<tr>\n<td width=\"113\">Standard<\/td>\n<td colspan=\"5\" width=\"454\">FFP1, FFP2, FFP3 au choix<\/td>\n<\/tr>\n<tr>\n<td width=\"113\">Emballage<\/td>\n<td width=\"113\">20PCS\/BOX<\/td>\n<td width=\"113\">15PCS\/BOX<\/td>\n<td width=\"113\">20PCS\/BOX<\/td>\n<td width=\"113\">15PCS\/BOX<\/td>\n<\/tr>\n<tr>\n<td width=\"113\">Logo<\/td>\n<td colspan=\"5\" width=\"454\">Possibilit\u00e9 d'imprimer le logo du client en une couleur sur le masque<\/td>\n<\/tr>\n<tr>\n<td width=\"113\">MOQ<\/td>\n<td width=\"113\">6000PCS<\/td>\n<td width=\"113\">6000PCS<\/td>\n<td width=\"113\">6000PCS<\/td>\n<td width=\"113\">6000PCS<\/td>\n<\/tr>\n<\/tbody>\n<\/table>","protected":false},"excerpt":{"rendered":"<p>Art No. : DM04\/DM04V\/DM04-C\/DM04V-C<\/p>\n<p>Mat\u00e9riau : Tissu non tiss\u00e9 en polypropyl\u00e8ne<\/p>\n<p>Norme de qualit\u00e9 : FFP1\/ FFP2\/FFP3 ou N95 au choix<\/p>\n<p>MOQ : 6000PCS<\/p>","protected":false},"featured_media":6000,"template":"","meta":{"_acf_changed":false},"product_brand":[],"product_cat":[352,351],"product_tag":[251],"class_list":{"0":"post-5999","1":"product","2":"type-product","3":"status-publish","4":"has-post-thumbnail","6":"product_cat-dust-mask-chemical-mask","7":"product_cat-respiratory-protection","8":"product_tag-ffp3-dust-mask","10":"first","11":"instock","12":"product-type-simple"},"acf":[],"_links":{"self":[{"href":"https:\/\/toprisesafety.com\/fr\/wp-json\/wp\/v2\/product\/5999"}],"collection":[{"href":"https:\/\/toprisesafety.com\/fr\/wp-json\/wp\/v2\/product"}],"about":[{"href":"https:\/\/toprisesafety.com\/fr\/wp-json\/wp\/v2\/types\/product"}],"wp:featuredmedia":[{"embeddable":true,"href":"https:\/\/toprisesafety.com\/fr\/wp-json\/wp\/v2\/media\/6000"}],"wp:attachment":[{"href":"https:\/\/toprisesafety.com\/fr\/wp-json\/wp\/v2\/media?parent=5999"}],"wp:term":[{"taxonomy":"product_brand","embeddable":true,"href":"https:\/\/toprisesafety.com\/fr\/wp-json\/wp\/v2\/product_brand?post=5999"},{"taxonomy":"product_cat","embeddable":true,"href":"https:\/\/toprisesafety.com\/fr\/wp-json\/wp\/v2\/product_cat?post=5999"},{"taxonomy":"product_tag","embeddable":true,"href":"https:\/\/toprisesafety.com\/fr\/wp-json\/wp\/v2\/product_tag?post=5999"}],"curies":[{"name":"wp","href":"https:\/\/api.w.org\/{rel}","templated":true}]}}