{"id":5996,"date":"2018-02-25T04:50:58","date_gmt":"2018-02-25T04:50:58","guid":{"rendered":"https:\/\/toprisesafety.com\/product\/plastic-dust-mask\/"},"modified":"2025-04-17T07:44:20","modified_gmt":"2025-04-17T07:44:20","slug":"plastic-dust-mask","status":"publish","type":"product","link":"https:\/\/toprisesafety.com\/fr\/produit\/plastic-dust-mask\/","title":{"rendered":"Masque anti-poussi\u00e8re en plastique"},"content":{"rendered":"<p><strong><span style=\"font-size: 140%;\">Masque anti-poussi\u00e8re en plastique<\/span><\/strong><\/p>\n<p>Le masque anti-poussi\u00e8re est port\u00e9 pendant le mois et le bruit pour prot\u00e9ger contre la poussi\u00e8re. Il est utilis\u00e9 dans les secteurs de la construction, du nettoyage, de la fabrication d'aliments et de boissons, de la production et de la fabrication de m\u00e9taux, de la maintenance militaire, de la r\u00e9paration et des op\u00e9rations, de l'exploitation mini\u00e8re, du p\u00e9trole et du gaz, de l'industrie pharmaceutique, du transport, du jardinage, etc.<\/p>\n<ul>\n<li style=\"list-style-type: none;\">\n<ul>\n<li data-spm-anchor-id=\"a2700.details.pronpeci14.i1.55812793mDQ3y1\"><span data-spm-anchor-id=\"a2700.details.pronpeci14.i3.55812793mDQ3y1\">Mat\u00e9riau de la coque : plastique<\/span><\/li>\n<\/ul>\n<\/li>\n<\/ul>\n<ul>\n<li style=\"list-style-type: none;\">\n<ul>\n<li data-spm-anchor-id=\"a2700.details.pronpeci14.i1.55812793mDQ3y1\"><span data-spm-anchor-id=\"a2700.details.pronpeci14.i3.55812793mDQ3y1\">Couleur de la carapace : bleu, jaune, etc.\u00a0<\/span><\/li>\n<\/ul>\n<\/li>\n<\/ul>\n<ul>\n<li style=\"list-style-type: none;\">\n<ul>\n<li data-spm-anchor-id=\"a2700.details.pronpeci14.i1.55812793mDQ3y1\"><span data-spm-anchor-id=\"a2700.details.pronpeci14.i3.55812793mDQ3y1\">Filtre : non-tiss\u00e9, peut \u00eatre r\u00e9utilis\u00e9 en changeant le filtre.\u00a0<\/span><\/li>\n<\/ul>\n<\/li>\n<\/ul>\n<ul>\n<li style=\"list-style-type: none;\">\n<ul>\n<li data-spm-anchor-id=\"a2700.details.pronpeci14.i1.55812793mDQ3y1\"><span data-spm-anchor-id=\"a2700.details.pronpeci14.i3.55812793mDQ3y1\">Bracelet \u00e9lastiqu\u00e9, taille unique\u00a0<\/span><\/li>\n<\/ul>\n<\/li>\n<\/ul>\n<ul>\n<li style=\"list-style-type: none;\">\n<ul>\n<li data-spm-anchor-id=\"a2700.details.pronpeci14.i1.55812793mDQ3y1\"><span data-spm-anchor-id=\"a2700.details.pronpeci14.i3.55812793mDQ3y1\">Emballage : sac en poly\u00e9thyl\u00e8ne, carte de t\u00eate, carte blister, etc. <\/span><\/li>\n<\/ul>\n<\/li>\n<\/ul>\n<ul>\n<li style=\"list-style-type: none;\">\n<ul>\n<li data-spm-anchor-id=\"a2700.details.pronpeci14.i1.55812793mDQ3y1\"><span data-spm-anchor-id=\"a2700.details.pronpeci14.i3.55812793mDQ3y1\">Mod\u00e8le bon march\u00e9\u00a0<\/span><\/li>\n<\/ul>\n<\/li>\n<\/ul>\n<ul>\n<li style=\"list-style-type: none;\">\n<ul>\n<li data-spm-anchor-id=\"a2700.details.pronpeci14.i1.55812793mDQ3y1\">Zone d'utilisation pour la construction, la production de m\u00e9tal, la fabrication, la r\u00e9paration et l'exploitation, le jardinage, le transport, etc.<\/li>\n<\/ul>\n<\/li>\n<\/ul>\n<ul>\n<li style=\"list-style-type: none;\">\n<ul>\n<li data-spm-anchor-id=\"a2700.details.pronpeci14.i1.55812793mDQ3y1\">Fonction : anti-poussi\u00e8re<\/li>\n<\/ul>\n<\/li>\n<\/ul>\n<h2><strong>Masque anti-poussi\u00e8re en plastique\u00a0<\/strong><\/h2>\n<table>\n<tbody>\n<tr>\n<td width=\"284\">Art No.<\/td>\n<td width=\"284\">DM05<\/td>\n<\/tr>\n<tr>\n<td width=\"284\">Mat\u00e9riau<\/td>\n<td width=\"284\">Plastique<\/td>\n<\/tr>\n<tr>\n<td width=\"284\">Couleur<\/td>\n<td width=\"284\">Bleu, jaune, etc.<\/td>\n<\/tr>\n<tr>\n<td width=\"284\">Fonction<\/td>\n<td width=\"284\">Anti-poussi\u00e8re<\/td>\n<\/tr>\n<tr>\n<td width=\"284\">Emballage<\/td>\n<td width=\"284\">Sac en poly\u00e9thyl\u00e8ne, carte de t\u00eate, blister, etc.<\/td>\n<\/tr>\n<tr>\n<td width=\"284\">MOQ<\/td>\n<td width=\"284\">2000PCS<\/td>\n<\/tr>\n<tr>\n<td width=\"284\">Application<\/td>\n<td width=\"284\">Construction, production et fabrication de m\u00e9taux, r\u00e9paration et exploitation, jardinage, etc.<\/td>\n<\/tr>\n<\/tbody>\n<\/table>\n<p><strong><span style=\"font-size: 200%;\">Autres masques bon march\u00e9 au choix :<\/span><\/strong><\/p>\n<p><a href=\"https:\/\/toprisesafety.com\/fr\/produit\/disposable-respirator-single-layer-respirator-dust-mask\/\"><img fetchpriority=\"high\" decoding=\"async\" class=\"size-full wp-image-804\" src=\"https:\/\/toprisesafety.com\/wp-content\/uploads\/2024\/08\/DM01.jpg\" alt=\"Disposable respirator\" width=\"500\" height=\"500\" \/><\/a><\/p>","protected":false},"excerpt":{"rendered":"<p>Art No. DM05<\/p>\n<p>Mat\u00e9riau : Plastique<\/p>\n<p>Couleur : bleu, jaune, etc.<\/p>\n<p>MOQ : 2000PCS<\/p>","protected":false},"featured_media":5998,"template":"","meta":{"_acf_changed":false},"product_brand":[],"product_cat":[352,351],"product_tag":[250],"class_list":{"0":"post-5996","1":"product","2":"type-product","3":"status-publish","4":"has-post-thumbnail","6":"product_cat-dust-mask-chemical-mask","7":"product_cat-respiratory-protection","8":"product_tag-plastic-dust-mask","10":"first","11":"instock","12":"product-type-simple"},"acf":[],"_links":{"self":[{"href":"https:\/\/toprisesafety.com\/fr\/wp-json\/wp\/v2\/product\/5996"}],"collection":[{"href":"https:\/\/toprisesafety.com\/fr\/wp-json\/wp\/v2\/product"}],"about":[{"href":"https:\/\/toprisesafety.com\/fr\/wp-json\/wp\/v2\/types\/product"}],"wp:featuredmedia":[{"embeddable":true,"href":"https:\/\/toprisesafety.com\/fr\/wp-json\/wp\/v2\/media\/5998"}],"wp:attachment":[{"href":"https:\/\/toprisesafety.com\/fr\/wp-json\/wp\/v2\/media?parent=5996"}],"wp:term":[{"taxonomy":"product_brand","embeddable":true,"href":"https:\/\/toprisesafety.com\/fr\/wp-json\/wp\/v2\/product_brand?post=5996"},{"taxonomy":"product_cat","embeddable":true,"href":"https:\/\/toprisesafety.com\/fr\/wp-json\/wp\/v2\/product_cat?post=5996"},{"taxonomy":"product_tag","embeddable":true,"href":"https:\/\/toprisesafety.com\/fr\/wp-json\/wp\/v2\/product_tag?post=5996"}],"curies":[{"name":"wp","href":"https:\/\/api.w.org\/{rel}","templated":true}]}}