{"id":5992,"date":"2018-02-25T05:23:07","date_gmt":"2018-02-25T05:23:07","guid":{"rendered":"https:\/\/toprisesafety.com\/product\/half-face-dust-mask-replaceable-cartridge\/"},"modified":"2025-04-17T07:41:45","modified_gmt":"2025-04-17T07:41:45","slug":"half-face-dust-mask-replaceable-cartridge","status":"publish","type":"product","link":"https:\/\/toprisesafety.com\/fr\/produit\/half-face-dust-mask-replaceable-cartridge\/","title":{"rendered":"Demi-masque anti-poussi\u00e8re avec cartouche rempla\u00e7able"},"content":{"rendered":"<p><strong><span style=\"font-size: 140%;\">Demi-masque anti-poussi\u00e8re avec cartouche rempla\u00e7able <\/span><\/strong><\/p>\n<ul>\n<li style=\"list-style-type: none;\">\n<ul>\n<li data-spm-anchor-id=\"a2700.details.pronpeci14.i1.4a013f8bCLAWS0\">Prot\u00e9ger contre la poussi\u00e8re<\/li>\n<\/ul>\n<\/li>\n<\/ul>\n<ul>\n<li style=\"list-style-type: none;\">\n<ul>\n<li data-spm-anchor-id=\"a2700.details.pronpeci14.i1.4a013f8bCLAWS0\">Deux styles au choix : cartouche simple et cartouche double<\/li>\n<\/ul>\n<\/li>\n<\/ul>\n<ul>\n<li style=\"list-style-type: none;\">\n<ul>\n<li data-spm-anchor-id=\"a2700.details.pronpeci14.i1.4a013f8bCLAWS0\">Cartouche rempla\u00e7able pour une utilisation r\u00e9p\u00e9t\u00e9e<\/li>\n<\/ul>\n<\/li>\n<\/ul>\n<ul>\n<li style=\"list-style-type: none;\">\n<ul>\n<li data-spm-anchor-id=\"a2700.details.pronpeci14.i1.4a013f8bCLAWS0\">Mod\u00e8le le plus \u00e9conomique, prix bas<\/li>\n<\/ul>\n<\/li>\n<\/ul>\n<ul>\n<li style=\"list-style-type: none;\">\n<ul>\n<li data-spm-anchor-id=\"a2700.details.pronpeci14.i1.4a013f8bCLAWS0\">Application : Jardinage, construction, industrie, exploitation mini\u00e8re, etc.<\/li>\n<\/ul>\n<\/li>\n<\/ul>\n<h2><strong>\u00a0Demi-masque anti-poussi\u00e8re avec cartouche rempla\u00e7able :\u00a0<\/strong><\/h2>\n<table>\n<tbody>\n<tr>\n<td width=\"189\">Art No.<\/td>\n<td width=\"189\">DM06<\/td>\n<td width=\"189\">DM06-2<\/td>\n<\/tr>\n<tr>\n<td width=\"189\">Style<\/td>\n<td width=\"189\">Cartouche unique<\/td>\n<td width=\"189\">Double cartouche<\/td>\n<\/tr>\n<tr>\n<td width=\"189\">Fonction<\/td>\n<td width=\"189\">\u00c9tanch\u00e9it\u00e9 \u00e0 la poussi\u00e8re<\/td>\n<td width=\"189\">\u00c9tanch\u00e9it\u00e9 \u00e0 la poussi\u00e8re<\/td>\n<\/tr>\n<tr>\n<td width=\"189\">Mat\u00e9riau<\/td>\n<td width=\"189\">Corps en PVC<\/td>\n<td width=\"189\">Corps en PVC<\/td>\n<\/tr>\n<tr>\n<td width=\"189\">Cartouche rempla\u00e7able<\/td>\n<td width=\"189\">Oui<\/td>\n<td width=\"189\">Oui<\/td>\n<\/tr>\n<tr>\n<td width=\"189\">Emballage<\/td>\n<td width=\"189\">Bo\u00eete de couleur<\/td>\n<td width=\"189\">Bo\u00eete de couleur<\/td>\n<\/tr>\n<tr>\n<td width=\"189\">Logo<\/td>\n<td colspan=\"2\" width=\"378\">Le logo du client peut \u00eatre appos\u00e9 au moyen d'un autocollant ou d'une bo\u00eete de couleur sp\u00e9cialement con\u00e7ue \u00e0 cet effet.<\/td>\n<\/tr>\n<tr>\n<td width=\"189\">MOQ<\/td>\n<td width=\"189\">1000PCS<\/td>\n<td width=\"189\">1000PCS<\/td>\n<\/tr>\n<\/tbody>\n<\/table>\n<p>&nbsp;<\/p>\n<figure id=\"attachment_828\" class=\"wp-caption alignnone\" style=\"width: 201px;\" aria-describedby=\"caption-attachment-828\"><img decoding=\"async\" class=\"wp-image-828\" src=\"https:\/\/toprisesafety.com\/wp-content\/uploads\/2024\/08\/DM06-2-DUST-MASK.jpg\" alt=\"Double cartridge dust mask\" width=\"201\" height=\"201\" \/><figcaption id=\"caption-attachment-828\" class=\"wp-caption-text\">Masque \u00e0 poussi\u00e8re \u00e0 double cartouche<\/figcaption><\/figure>\n<p><img decoding=\"async\" class=\"wp-image-826\" src=\"https:\/\/toprisesafety.com\/wp-content\/uploads\/2024\/08\/dm06-dust-mask.jpg\" alt=\"half face dust mask\" width=\"201\" height=\"201\" \/><\/p>\n<p>Masque \u00e0 poussi\u00e8re \u00e0 cartouche unique<\/p>\n<figure id=\"attachment_827\" class=\"wp-caption alignnone\" style=\"width: 170px;\" aria-describedby=\"caption-attachment-827\"><img decoding=\"async\" class=\"wp-image-827\" src=\"https:\/\/toprisesafety.com\/wp-content\/uploads\/2024\/08\/dm06-dust-mask-cartridge.jpg\" alt=\"dust mask cartridge\" width=\"170\" height=\"170\" \/><figcaption id=\"caption-attachment-827\" class=\"wp-caption-text\">cartouche de masque anti-poussi\u00e8re<\/figcaption><\/figure>","protected":false},"excerpt":{"rendered":"<p>Art No. : DM6\/DM06-2<\/p>\n<p>Mat\u00e9riau : cadre en PVC souple<\/p>\n<p>Cartouche : Cartouche de poussi\u00e8re comprenant<\/p>\n<p>MOQ : 1000PCS<\/p>","protected":false},"featured_media":5994,"template":"","meta":{"_acf_changed":false},"product_brand":[],"product_cat":[352,351],"product_tag":[249],"class_list":{"0":"post-5992","1":"product","2":"type-product","3":"status-publish","4":"has-post-thumbnail","6":"product_cat-dust-mask-chemical-mask","7":"product_cat-respiratory-protection","8":"product_tag-half-face-gas-mask-dust-mask","10":"first","11":"instock","12":"product-type-simple"},"acf":[],"_links":{"self":[{"href":"https:\/\/toprisesafety.com\/fr\/wp-json\/wp\/v2\/product\/5992"}],"collection":[{"href":"https:\/\/toprisesafety.com\/fr\/wp-json\/wp\/v2\/product"}],"about":[{"href":"https:\/\/toprisesafety.com\/fr\/wp-json\/wp\/v2\/types\/product"}],"wp:featuredmedia":[{"embeddable":true,"href":"https:\/\/toprisesafety.com\/fr\/wp-json\/wp\/v2\/media\/5994"}],"wp:attachment":[{"href":"https:\/\/toprisesafety.com\/fr\/wp-json\/wp\/v2\/media?parent=5992"}],"wp:term":[{"taxonomy":"product_brand","embeddable":true,"href":"https:\/\/toprisesafety.com\/fr\/wp-json\/wp\/v2\/product_brand?post=5992"},{"taxonomy":"product_cat","embeddable":true,"href":"https:\/\/toprisesafety.com\/fr\/wp-json\/wp\/v2\/product_cat?post=5992"},{"taxonomy":"product_tag","embeddable":true,"href":"https:\/\/toprisesafety.com\/fr\/wp-json\/wp\/v2\/product_tag?post=5992"}],"curies":[{"name":"wp","href":"https:\/\/api.w.org\/{rel}","templated":true}]}}