{"id":5988,"date":"2018-02-25T05:35:38","date_gmt":"2018-02-25T05:35:38","guid":{"rendered":"https:\/\/toprisesafety.com\/product\/half-face-chemical-mask\/"},"modified":"2024-11-11T08:03:37","modified_gmt":"2024-11-11T08:03:37","slug":"half-face-chemical-mask","status":"publish","type":"product","link":"https:\/\/toprisesafety.com\/fr\/produit\/half-face-chemical-mask\/","title":{"rendered":"Demi-masque chimique avec cartouche rempla\u00e7able"},"content":{"rendered":"<p><strong><span style=\"font-size: 140%;\">Demi-masque chimique avec cartouche rempla\u00e7able<\/span><\/strong><\/p>\n<ul>\n<li style=\"list-style-type: none;\">\n<ul>\n<li data-spm-anchor-id=\"a2700.details.pronpeci14.i1.4a013f8bCLAWS0\">Sp\u00e9cial pour l'ergonomie, l'innocuit\u00e9, l'a\u00e9ration et la flexibilit\u00e9<\/li>\n<\/ul>\n<\/li>\n<\/ul>\n<ul>\n<li style=\"list-style-type: none;\">\n<ul>\n<li data-spm-anchor-id=\"a2700.details.pronpeci14.i1.4a013f8bCLAWS0\">\u00a0Peut prot\u00e9ger efficacement les personnes contre les effets nocifs des m\u00e9taux non ferreux, des m\u00e9taux lourds et de l'amiante lors de la pulv\u00e9risation de fum\u00e9es, de la peinture, du d\u00e9poussi\u00e9rage, de l'exploitation mini\u00e8re et d'autres excavations souterraines dans l'industrie du b\u00e2timent, l'industrie de la fonderie, la production de cultures de plein champ, les cimenteries, etc.<\/li>\n<\/ul>\n<\/li>\n<\/ul>\n<ul>\n<li style=\"list-style-type: none;\">\n<ul>\n<li data-spm-anchor-id=\"a2700.details.pronpeci14.i1.4a013f8bCLAWS0\">Protection simple et l\u00e9g\u00e8re du nez, des sinus et des poumons.<\/li>\n<\/ul>\n<\/li>\n<\/ul>\n<ul>\n<li style=\"list-style-type: none;\">\n<ul>\n<li data-spm-anchor-id=\"a2700.details.pronpeci14.i1.4a013f8bCLAWS0\">Fabriqu\u00e9 en PVC de niveau m\u00e9dical, il s'adapte \u00e0 la l\u00e9g\u00e8ret\u00e9 et au confort d'utilisation.<\/li>\n<\/ul>\n<\/li>\n<\/ul>\n<ul>\n<li style=\"list-style-type: none;\">\n<ul>\n<li data-spm-anchor-id=\"a2700.details.pronpeci14.i1.4a013f8bCLAWS0\">\u00a0Efficacit\u00e9 de filtration \u00e9lev\u00e9e et r\u00e9sistance respiratoire r\u00e9duite<\/li>\n<\/ul>\n<\/li>\n<\/ul>\n<ul>\n<li style=\"list-style-type: none;\">\n<ul>\n<li data-spm-anchor-id=\"a2700.details.pronpeci14.i1.4a013f8bCLAWS0\">Fixation en spirale pour un retrait facile du filtre usag\u00e9. Filtres \u00e0 cartouche rempla\u00e7ables, sangles r\u00e9glables pour un ajustement confortable.<\/li>\n<\/ul>\n<\/li>\n<\/ul>\n<ul>\n<li style=\"list-style-type: none;\">\n<ul>\n<li data-spm-anchor-id=\"a2700.details.pronpeci14.i1.4a013f8bCLAWS0\">Deux styles au choix : cartouche simple ou cartouche double.<\/li>\n<\/ul>\n<\/li>\n<\/ul>\n<ul>\n<li style=\"list-style-type: none;\">\n<ul>\n<li data-spm-anchor-id=\"a2700.details.pronpeci14.i1.4a013f8bCLAWS0\">La cartouche chimique est rempla\u00e7able<\/li>\n<\/ul>\n<\/li>\n<\/ul>\n<h2><strong>Demi-masque chimique avec cartouche rempla\u00e7able :<\/strong><\/h2>\n<table>\n<tbody>\n<tr>\n<td width=\"189\">Art No.<\/td>\n<td width=\"189\">DM07<\/td>\n<td width=\"189\">DM07-2<\/td>\n<\/tr>\n<tr>\n<td width=\"189\">Style<\/td>\n<td width=\"189\">Cartouche unique<\/td>\n<td width=\"189\">Double cartouche<\/td>\n<\/tr>\n<tr>\n<td width=\"189\">Fonction<\/td>\n<td width=\"189\">R\u00e9sistance aux gaz chimiques<\/td>\n<td width=\"189\">R\u00e9sistance aux gaz chimiques<\/td>\n<\/tr>\n<tr>\n<td width=\"189\">Mat\u00e9riau<\/td>\n<td width=\"189\">Corps en PVC<\/td>\n<td width=\"189\">Corps en PVC<\/td>\n<\/tr>\n<tr>\n<td width=\"189\">Cartouche rempla\u00e7able<\/td>\n<td width=\"189\">Oui<\/td>\n<td width=\"189\">Oui<\/td>\n<\/tr>\n<tr>\n<td width=\"189\">Emballage<\/td>\n<td width=\"189\">Bo\u00eete de couleur<\/td>\n<td width=\"189\">Bo\u00eete de couleur<\/td>\n<\/tr>\n<tr>\n<td width=\"189\">Logo<\/td>\n<td colspan=\"2\" width=\"378\">Le logo du client peut \u00eatre appos\u00e9 au moyen d'un autocollant ou d'une bo\u00eete de couleur sp\u00e9cialement con\u00e7ue \u00e0 cet effet.<\/td>\n<\/tr>\n<tr>\n<td width=\"189\">MOQ<\/td>\n<td width=\"189\">1000PCS<\/td>\n<td width=\"189\">1000PCS<\/td>\n<\/tr>\n<\/tbody>\n<\/table>\n<p>&nbsp;<\/p>","protected":false},"excerpt":{"rendered":"<p>N\u00b0 de r\u00e9f. : DM07\/DM07-2<\/p>\n<p>Mat\u00e9riau : cadre en PVC souple<\/p>\n<p>Cartouche : Cartouche chimique comprenant<\/p>\n<p>MOQ : 1000PCS<\/p>","protected":false},"featured_media":5989,"template":"","meta":{"_acf_changed":false},"product_brand":[],"product_cat":[352,351],"product_tag":[247],"class_list":{"0":"post-5988","1":"product","2":"type-product","3":"status-publish","4":"has-post-thumbnail","6":"product_cat-dust-mask-chemical-mask","7":"product_cat-respiratory-protection","8":"product_tag-half-face-chemical-mask","10":"first","11":"instock","12":"product-type-simple"},"acf":[],"_links":{"self":[{"href":"https:\/\/toprisesafety.com\/fr\/wp-json\/wp\/v2\/product\/5988","targetHints":{"allow":["GET"]}}],"collection":[{"href":"https:\/\/toprisesafety.com\/fr\/wp-json\/wp\/v2\/product"}],"about":[{"href":"https:\/\/toprisesafety.com\/fr\/wp-json\/wp\/v2\/types\/product"}],"wp:featuredmedia":[{"embeddable":true,"href":"https:\/\/toprisesafety.com\/fr\/wp-json\/wp\/v2\/media\/5989"}],"wp:attachment":[{"href":"https:\/\/toprisesafety.com\/fr\/wp-json\/wp\/v2\/media?parent=5988"}],"wp:term":[{"taxonomy":"product_brand","embeddable":true,"href":"https:\/\/toprisesafety.com\/fr\/wp-json\/wp\/v2\/product_brand?post=5988"},{"taxonomy":"product_cat","embeddable":true,"href":"https:\/\/toprisesafety.com\/fr\/wp-json\/wp\/v2\/product_cat?post=5988"},{"taxonomy":"product_tag","embeddable":true,"href":"https:\/\/toprisesafety.com\/fr\/wp-json\/wp\/v2\/product_tag?post=5988"}],"curies":[{"name":"wp","href":"https:\/\/api.w.org\/{rel}","templated":true}]}}