{"id":5985,"date":"2018-02-25T06:08:15","date_gmt":"2018-02-25T06:08:15","guid":{"rendered":"https:\/\/toprisesafety.com\/product\/26cm-red-pvc-gloves\/"},"modified":"2025-04-14T05:15:42","modified_gmt":"2025-04-14T05:15:42","slug":"26cm-red-pvc-gloves","status":"publish","type":"product","link":"https:\/\/toprisesafety.com\/fr\/produit\/26cm-red-pvc-gloves\/","title":{"rendered":"26CM Gants PVC rouge CE EN388"},"content":{"rendered":"<p><strong><span style=\"font-size: 140%;\">26CM Gants PVC rouge CE EN388<\/span><\/strong><\/p>\n<ul>\n<li style=\"list-style-type: none;\">\n<ul>\n<li><span data-spm-anchor-id=\"a2700.details.pronpeci14.i1.4d2174ae8bKvIr\">Caract\u00e9ristiques : forte r\u00e9sistance \u00e0 l'huile, \u00e0 l'acide, \u00e0 l'alcali, \u00e0 l'usure, \u00e0 l'antisepsie et \u00e0 la d\u00e9sodorisation.<\/span><\/li>\n<\/ul>\n<\/li>\n<\/ul>\n<ul>\n<li style=\"list-style-type: none;\">\n<ul>\n<li>\u00a0Utilisations : champs p\u00e9troliers, p\u00eache, industrie mini\u00e8re et fabrication de machines.<\/li>\n<\/ul>\n<\/li>\n<\/ul>\n<ul>\n<li style=\"list-style-type: none;\">\n<ul>\n<li>La marque peut \u00eatre imprim\u00e9e selon la demande du client.<\/li>\n<\/ul>\n<\/li>\n<\/ul>\n<ul>\n<li style=\"list-style-type: none;\">\n<ul>\n<li>Norme de qualit\u00e9 : CE EN388<\/li>\n<\/ul>\n<\/li>\n<\/ul>\n<ul>\n<li style=\"list-style-type: none;\">\n<ul>\n<li>Deux doublures int\u00e9rieures diff\u00e9rentes : doublure interlock ou doublure jersey au choix. La doublure en jersey est utilis\u00e9e pour garder la chaleur<\/li>\n<\/ul>\n<\/li>\n<\/ul>\n<ul>\n<li style=\"list-style-type: none;\">\n<ul>\n<li>Poignet en tricot<\/li>\n<\/ul>\n<\/li>\n<\/ul>\n<ul>\n<li style=\"list-style-type: none;\">\n<ul>\n<li>Logo : possibilit\u00e9 d'imprimer le logo du client sur le dos des gants.<\/li>\n<\/ul>\n<\/li>\n<\/ul>\n<h2><strong>26CM Gants PVC rouge CE EN388 sp\u00e9cifications<\/strong>:<\/h2>\n<table>\n<tbody>\n<tr>\n<td width=\"189\">Art No.<\/td>\n<td width=\"341\">PVC02-I (doublure Interlock) \/ PVC02-J (doublure Jersey)<\/td>\n<\/tr>\n<tr>\n<td width=\"189\">Mat\u00e9riau<\/td>\n<td width=\"341\">PVC rouge<\/td>\n<\/tr>\n<tr>\n<td width=\"189\">Finition<\/td>\n<td width=\"341\">Surface lisse<\/td>\n<\/tr>\n<tr>\n<td width=\"189\">Doublure<\/td>\n<td width=\"341\">Interlock ou jersey au choix<\/td>\n<\/tr>\n<tr>\n<td width=\"189\">Longueur<\/td>\n<td width=\"341\">26CM<\/td>\n<\/tr>\n<tr>\n<td width=\"189\">Style<\/td>\n<td width=\"341\">Poignet en tricot<\/td>\n<\/tr>\n<tr>\n<td width=\"189\">Normes de qualit\u00e9<\/td>\n<td width=\"341\">CE EN388<\/td>\n<\/tr>\n<tr>\n<td width=\"189\">Emballage<\/td>\n<td width=\"341\">12PR\/DOZ, 10DOZ\/CTN<\/td>\n<\/tr>\n<\/tbody>\n<\/table>\n<p><img fetchpriority=\"high\" decoding=\"async\" class=\"size-full wp-image-835\" src=\"https:\/\/toprisesafety.com\/wp-content\/uploads\/2024\/08\/PVC02-2.jpg\" alt=\"26cm red pvc gloves \" width=\"500\" height=\"500\" \/><\/p>\n<p>TOPRISE prend en charge diff\u00e9rents styles de personnalisation des gants enduits de PVC ; cliquez pour <a href=\"https:\/\/toprisesafety.com\/fr\/categorie-produit\/personal-protective-equipment\/hand-protection\/pvc-gloves\/\">voir d'autres mod\u00e8les de gants enduits de PVC.<\/a><\/p>\n<p>Si vous ne trouvez pas les gants enduits de PVC dont vous avez besoin, <a href=\"https:\/\/toprisesafety.com\/fr\/contact-us\/\">nous contacter<\/a>; nous prenons en charge la personnalisation sp\u00e9ciale.<\/p>","protected":false},"excerpt":{"rendered":"<p>Art No. : PVC02-I(Interlock lining) \/ PVC02-J ( Jersey lining)<\/p>\n<p>Mat\u00e9riau : PVC rouge<\/p>\n<p>Taille : 26CM<\/p>\n<p>Norme de qualit\u00e9 : CE EN388<\/p>","protected":false},"featured_media":5987,"template":"","meta":{"_acf_changed":false},"product_brand":[],"product_cat":[345,350],"product_tag":[243],"class_list":{"0":"post-5985","1":"product","2":"type-product","3":"status-publish","4":"has-post-thumbnail","6":"product_cat-hand-protection","7":"product_cat-pvc-gloves","8":"product_tag-26cm-red-pvc-gloves","10":"first","11":"instock","12":"product-type-simple"},"acf":[],"_links":{"self":[{"href":"https:\/\/toprisesafety.com\/fr\/wp-json\/wp\/v2\/product\/5985"}],"collection":[{"href":"https:\/\/toprisesafety.com\/fr\/wp-json\/wp\/v2\/product"}],"about":[{"href":"https:\/\/toprisesafety.com\/fr\/wp-json\/wp\/v2\/types\/product"}],"wp:featuredmedia":[{"embeddable":true,"href":"https:\/\/toprisesafety.com\/fr\/wp-json\/wp\/v2\/media\/5987"}],"wp:attachment":[{"href":"https:\/\/toprisesafety.com\/fr\/wp-json\/wp\/v2\/media?parent=5985"}],"wp:term":[{"taxonomy":"product_brand","embeddable":true,"href":"https:\/\/toprisesafety.com\/fr\/wp-json\/wp\/v2\/product_brand?post=5985"},{"taxonomy":"product_cat","embeddable":true,"href":"https:\/\/toprisesafety.com\/fr\/wp-json\/wp\/v2\/product_cat?post=5985"},{"taxonomy":"product_tag","embeddable":true,"href":"https:\/\/toprisesafety.com\/fr\/wp-json\/wp\/v2\/product_tag?post=5985"}],"curies":[{"name":"wp","href":"https:\/\/api.w.org\/{rel}","templated":true}]}}