{"id":5975,"date":"2018-02-25T07:19:06","date_gmt":"2018-02-25T07:19:06","guid":{"rendered":"https:\/\/toprisesafety.com\/product\/canvas-cuff-nitrile-gloves\/"},"modified":"2025-03-27T06:59:52","modified_gmt":"2025-03-27T06:59:52","slug":"canvas-cuff-nitrile-gloves","status":"publish","type":"product","link":"https:\/\/toprisesafety.com\/fr\/produit\/canvas-cuff-nitrile-gloves\/","title":{"rendered":"Gants \u00e0 manchettes de s\u00e9curit\u00e9 en nitrile enti\u00e8rement enduits"},"content":{"rendered":"<p><strong><span style=\"font-size: 140%;\">Gants \u00e0 manchettes de s\u00e9curit\u00e9 en nitrile enti\u00e8rement enduits<\/span><\/strong><\/p>\n<ul>\n<li style=\"list-style-type: none;\">\n<ul>\n<li>Fully coated safety canvas cuff<\/li>\n<\/ul>\n<\/li>\n<\/ul>\n<ul>\n<li style=\"list-style-type: none;\">\n<ul>\n<li>Finition lisse et brillante<\/li>\n<\/ul>\n<\/li>\n<\/ul>\n<ul>\n<li style=\"list-style-type: none;\">\n<ul>\n<li data-spm-anchor-id=\"a2700.details.pronpeci14.i1.7a083ce0wE9Ypl\">Traitement antibact\u00e9rien et anti-odeur<\/li>\n<\/ul>\n<\/li>\n<\/ul>\n<ul>\n<li style=\"list-style-type: none;\">\n<ul>\n<li>100% Acrylonitrile Butadi\u00e8ne Styr\u00e8ne Caoutchouc (Nitrile) 100%<\/li>\n<\/ul>\n<\/li>\n<\/ul>\n<ul>\n<li style=\"list-style-type: none;\">\n<ul>\n<li>Doublure en interlock ou en jersey<\/li>\n<\/ul>\n<\/li>\n<\/ul>\n<ul>\n<li style=\"list-style-type: none;\">\n<ul>\n<li>Doublure en jersey doux de coton \u00e9liminant les coutures des zones de travail, absorbant la transpiration, ultra confortable, \u00e0 port prolong\u00e9 et avec une bonne r\u00e9sistance m\u00e9canique.<\/li>\n<\/ul>\n<\/li>\n<\/ul>\n<ul>\n<li style=\"list-style-type: none;\">\n<ul>\n<li>L'enduit nitrile ultra-r\u00e9sistant offre une excellente adh\u00e9rence \u00e0 sec ainsi que des performances sup\u00e9rieures lors de la manipulation de mat\u00e9riaux rugueux et abrasifs.<\/li>\n<\/ul>\n<\/li>\n<\/ul>\n<ul>\n<li style=\"list-style-type: none;\">\n<ul>\n<li>Prot\u00e8ge la main de l'huile tout en conservant un bon toucher<\/li>\n<\/ul>\n<\/li>\n<\/ul>\n<ul>\n<li style=\"list-style-type: none;\">\n<ul>\n<li>Poignet bien prot\u00e9g\u00e9<\/li>\n<\/ul>\n<\/li>\n<\/ul>\n<ul>\n<li style=\"list-style-type: none;\">\n<ul>\n<li data-spm-anchor-id=\"a2700.details.pronpeci14.i0.7a083ce0wE9Ypl\">Applications : Construction, travaux d'entretien, m\u00e9tallurgie et fabrication, industrie, montage et d\u00e9montage, exploitation mini\u00e8re, etc.<\/li>\n<\/ul>\n<\/li>\n<\/ul>\n<h2><strong>Nitrile safety cuff gloves fully coated specification:\u00a0<\/strong><\/h2>\n<table>\n<tbody>\n<tr>\n<td width=\"189\">Art No.<\/td>\n<td width=\"341\">NG04-I(Interlock lining) \/ NG04-J ( Jersey lining)<\/td>\n<\/tr>\n<tr>\n<td width=\"189\">Mat\u00e9riau<\/td>\n<td width=\"341\">Nitrile<\/td>\n<\/tr>\n<tr>\n<td width=\"189\">Finition<\/td>\n<td width=\"341\">Surface lisse<\/td>\n<\/tr>\n<tr>\n<td width=\"189\">Doublure<\/td>\n<td width=\"341\">Interlock ou jersey au choix<\/td>\n<\/tr>\n<tr>\n<td width=\"189\">Longueur<\/td>\n<td width=\"341\">10&#8243;\/10.5&#8243;\/11&#8243;<\/td>\n<\/tr>\n<tr>\n<td width=\"189\">Style<\/td>\n<td width=\"341\">Poignet en tricot<\/td>\n<\/tr>\n<tr>\n<td width=\"189\">Normes de qualit\u00e9<\/td>\n<td width=\"341\">CE EN388<\/td>\n<\/tr>\n<tr>\n<td width=\"189\">Emballage<\/td>\n<td width=\"341\">12PR\/DOZ, 10DOZ\/CTN<\/td>\n<\/tr>\n<\/tbody>\n<\/table>\n<p><img fetchpriority=\"high\" decoding=\"async\" class=\"size-full wp-image-848\" src=\"https:\/\/toprisesafety.com\/wp-content\/uploads\/2024\/08\/N04-nitrile-gloves.jpg\" alt=\" nitrile gloves\" width=\"500\" height=\"500\" \/><\/p>\n<p>TOPRISE prend en charge diff\u00e9rents styles de personnalisation des gants enduits de nitrile ; cliquez pour <a href=\"https:\/\/toprisesafety.com\/fr\/categorie-produit\/personal-protective-equipment\/hand-protection\/nitrile-gloves\/\">voir d'autres mod\u00e8les de gants enduits de nitrile.<\/a><br \/>\nSi vous ne trouvez pas les gants en nitrile dont vous avez besoin,<a href=\"https:\/\/toprisesafety.com\/fr\/contact-us\/\"> nous contacter ;<\/a> nous offrons la possibilit\u00e9 d'une personnalisation sp\u00e9ciale.<\/p>","protected":false},"excerpt":{"rendered":"<p>Art No.: NG04-I(Interlock lining) \/ NG04-J ( Jersey lining)<\/p>\n<p>Mat\u00e9riau : Nitrite<\/p>\n<p>Size: 10\u2033\/10.5\u2033\/11\u2033<\/p>\n<p>Norme de qualit\u00e9 : CE EN388<\/p>","protected":false},"featured_media":5977,"template":"","meta":{"_acf_changed":false},"product_brand":[],"product_cat":[345,349],"product_tag":[239],"class_list":{"0":"post-5975","1":"product","2":"type-product","3":"status-publish","4":"has-post-thumbnail","6":"product_cat-hand-protection","7":"product_cat-nitrile-gloves","8":"product_tag-nitrile-safety-cuff-gloves-fully-coated","10":"first","11":"instock","12":"product-type-simple"},"acf":[],"_links":{"self":[{"href":"https:\/\/toprisesafety.com\/fr\/wp-json\/wp\/v2\/product\/5975"}],"collection":[{"href":"https:\/\/toprisesafety.com\/fr\/wp-json\/wp\/v2\/product"}],"about":[{"href":"https:\/\/toprisesafety.com\/fr\/wp-json\/wp\/v2\/types\/product"}],"wp:featuredmedia":[{"embeddable":true,"href":"https:\/\/toprisesafety.com\/fr\/wp-json\/wp\/v2\/media\/5977"}],"wp:attachment":[{"href":"https:\/\/toprisesafety.com\/fr\/wp-json\/wp\/v2\/media?parent=5975"}],"wp:term":[{"taxonomy":"product_brand","embeddable":true,"href":"https:\/\/toprisesafety.com\/fr\/wp-json\/wp\/v2\/product_brand?post=5975"},{"taxonomy":"product_cat","embeddable":true,"href":"https:\/\/toprisesafety.com\/fr\/wp-json\/wp\/v2\/product_cat?post=5975"},{"taxonomy":"product_tag","embeddable":true,"href":"https:\/\/toprisesafety.com\/fr\/wp-json\/wp\/v2\/product_tag?post=5975"}],"curies":[{"name":"wp","href":"https:\/\/api.w.org\/{rel}","templated":true}]}}