{"id":5973,"date":"2018-02-25T07:34:47","date_gmt":"2018-02-25T07:34:47","guid":{"rendered":"https:\/\/toprisesafety.com\/product\/green-nitrile-gloves\/"},"modified":"2025-03-27T06:59:10","modified_gmt":"2025-03-27T06:59:10","slug":"green-nitrile-gloves","status":"publish","type":"product","link":"https:\/\/toprisesafety.com\/fr\/produit\/green-nitrile-gloves\/","title":{"rendered":"Gants en nitrile vert"},"content":{"rendered":"<p><strong><span style=\"font-size: 140%;\">Gants en nitrile vert<\/span><\/strong><\/p>\n<ul>\n<li style=\"list-style-type: none;\">\n<ul>\n<li>Fabriqu\u00e9 \u00e0 partir d'un compos\u00e9 nitrile sp\u00e9cialement formul\u00e9, qui offre une protection exceptionnelle contre une large gamme de produits chimiques.<\/li>\n<\/ul>\n<\/li>\n<\/ul>\n<ul>\n<li style=\"list-style-type: none;\">\n<ul>\n<li>Le compos\u00e9 nitrile est plus r\u00e9sistant \u00e0 l'abrasion et permet une usure plus longue que les gants en caoutchouc naturel.<\/li>\n<\/ul>\n<\/li>\n<\/ul>\n<ul>\n<li style=\"list-style-type: none;\">\n<ul>\n<li>La doublure en flocon offre un excellent confort pour de longues p\u00e9riodes d'utilisation.<\/li>\n<\/ul>\n<\/li>\n<\/ul>\n<ul>\n<li style=\"list-style-type: none;\">\n<ul>\n<li>Application : Assemblage automobile, pulv\u00e9risation de peinture, assemblage d'\u00e9quipements lourds, manipulation de produits chimiques, traitement des d\u00e9chets.<\/li>\n<\/ul>\n<\/li>\n<\/ul>\n<ul>\n<li style=\"list-style-type: none;\">\n<ul>\n<li>Grande durabilit\u00e9 et usure plus longue que les gants en caoutchouc naturel<\/li>\n<\/ul>\n<\/li>\n<\/ul>\n<ul>\n<li style=\"list-style-type: none;\">\n<ul>\n<li>La paume et les doigts \u00e0 motifs offrent une excellente adh\u00e9rence sur le sec comme sur le mouill\u00e9.<\/li>\n<\/ul>\n<\/li>\n<\/ul>\n<ul>\n<li style=\"list-style-type: none;\">\n<ul>\n<li>Possibilit\u00e9 d'imprimer le logo du client en une couleur sur le brassard.<\/li>\n<\/ul>\n<\/li>\n<\/ul>\n<h2><strong>Sp\u00e9cification des gants en nitrile vert<\/strong><\/h2>\n<table>\n<tbody>\n<tr>\n<td width=\"189\">Art No.<\/td>\n<td width=\"341\">NG01<\/td>\n<\/tr>\n<tr>\n<td width=\"189\">Mat\u00e9riau<\/td>\n<td width=\"341\">Nitrile vert<\/td>\n<\/tr>\n<tr>\n<td width=\"189\">Doublure<\/td>\n<td width=\"341\">Doublure floqu\u00e9e<\/td>\n<\/tr>\n<tr>\n<td width=\"189\">Longueur<\/td>\n<td width=\"341\">33CM<\/td>\n<\/tr>\n<tr>\n<td width=\"189\">\u00c9paisseur<\/td>\n<td width=\"341\">13Mil, 15Mil, etc.<\/td>\n<\/tr>\n<tr>\n<td width=\"189\">Taille( largeur de la paume)<\/td>\n<td width=\"341\">#7(S),#8(M),#9(L),#10(XL),#11(XXL)<\/td>\n<\/tr>\n<tr>\n<td width=\"189\">Style<\/td>\n<td width=\"341\">Manchette ouverte<\/td>\n<\/tr>\n<tr>\n<td width=\"189\">Normes de qualit\u00e9<\/td>\n<td width=\"341\">CE EN388<\/td>\n<\/tr>\n<tr>\n<td width=\"189\">Emballage<\/td>\n<td width=\"341\">12PR\/DOZ, 10DOZ\/CTN<\/td>\n<\/tr>\n<\/tbody>\n<\/table>\n<p>TOPRISE prend en charge diff\u00e9rents styles de personnalisation des gants enduits de nitrile ; cliquez pour <a href=\"https:\/\/toprisesafety.com\/fr\/categorie-produit\/personal-protective-equipment\/hand-protection\/nitrile-gloves\/\">voir d'autres mod\u00e8les de gants enduits de nitrile.<\/a><br \/>\nSi vous ne trouvez pas les gants en nitrile dont vous avez besoin,<a href=\"https:\/\/toprisesafety.com\/fr\/contact-us\/\"> nous contacter ;<\/a> nous offrons la possibilit\u00e9 d'une personnalisation sp\u00e9ciale.<\/p>","protected":false},"excerpt":{"rendered":"<p>N\u00b0 d'art : NG01<\/p>\n<p>Mat\u00e9riau : Nitrite<\/p>\n<p>Taille : S-XXL (#7-#11), 33CM<\/p>\n<p>\u00c9paisseur : 13MIL\/15MIL etc.<\/p>\n<p>Norme de qualit\u00e9 : CE EN388<\/p>","protected":false},"featured_media":5974,"template":"","meta":{"_acf_changed":false},"product_brand":[],"product_cat":[345,349],"product_tag":[238],"class_list":{"0":"post-5973","1":"product","2":"type-product","3":"status-publish","4":"has-post-thumbnail","6":"product_cat-hand-protection","7":"product_cat-nitrile-gloves","8":"product_tag-green-nitrile-gloves","10":"first","11":"instock","12":"product-type-simple"},"acf":[],"_links":{"self":[{"href":"https:\/\/toprisesafety.com\/fr\/wp-json\/wp\/v2\/product\/5973"}],"collection":[{"href":"https:\/\/toprisesafety.com\/fr\/wp-json\/wp\/v2\/product"}],"about":[{"href":"https:\/\/toprisesafety.com\/fr\/wp-json\/wp\/v2\/types\/product"}],"wp:featuredmedia":[{"embeddable":true,"href":"https:\/\/toprisesafety.com\/fr\/wp-json\/wp\/v2\/media\/5974"}],"wp:attachment":[{"href":"https:\/\/toprisesafety.com\/fr\/wp-json\/wp\/v2\/media?parent=5973"}],"wp:term":[{"taxonomy":"product_brand","embeddable":true,"href":"https:\/\/toprisesafety.com\/fr\/wp-json\/wp\/v2\/product_brand?post=5973"},{"taxonomy":"product_cat","embeddable":true,"href":"https:\/\/toprisesafety.com\/fr\/wp-json\/wp\/v2\/product_cat?post=5973"},{"taxonomy":"product_tag","embeddable":true,"href":"https:\/\/toprisesafety.com\/fr\/wp-json\/wp\/v2\/product_tag?post=5973"}],"curies":[{"name":"wp","href":"https:\/\/api.w.org\/{rel}","templated":true}]}}