{"id":5967,"date":"2018-02-25T08:22:04","date_gmt":"2018-02-25T08:22:04","guid":{"rendered":"https:\/\/toprisesafety.com\/product\/polyester-latex-coated-working-gloves\/"},"modified":"2025-03-27T02:52:00","modified_gmt":"2025-03-27T02:52:00","slug":"polyester-latex-coated-working-gloves","status":"publish","type":"product","link":"https:\/\/toprisesafety.com\/fr\/produit\/polyester-latex-coated-working-gloves\/","title":{"rendered":"Gants de travail en polyester de calibre 13 enduits de latex"},"content":{"rendered":"<p><strong><span style=\"font-size: 140%;\">Gants de travail en polyester de calibre 13 enduits de latex<\/span><\/strong><\/p>\n<ol>\n<li style=\"list-style-type: none;\">\n<ol>\n<li>Mat\u00e9riau : Gants en polyester tricot\u00e9 de calibre 13 avec rev\u00eatement en latex<\/li>\n<\/ol>\n<\/li>\n<\/ol>\n<ol>\n<li style=\"list-style-type: none;\">\n<ol>\n<li>Paume rid\u00e9e pour une excellente prise antid\u00e9rapante, excellente prise antid\u00e9rapante, anti-abrasion<\/li>\n<\/ol>\n<\/li>\n<\/ol>\n<ol>\n<li style=\"list-style-type: none;\">\n<ol>\n<li>Norme de qualit\u00e9 : CE EN388<\/li>\n<\/ol>\n<\/li>\n<\/ol>\n<ol>\n<li style=\"list-style-type: none;\">\n<ol>\n<li><span data-spm-anchor-id=\"a2700.details.pronpeci14.i0.24985d63f50jeK\">Application : construction, maintenance, op\u00e9rations g\u00e9n\u00e9rales, exploitation mini\u00e8re, p\u00e9trole et gaz, et autres domaines tels que verrerie, chantier de construction, agriculture, etc.<\/span><\/li>\n<\/ol>\n<\/li>\n<\/ol>\n<ol>\n<li style=\"list-style-type: none;\">\n<ol>\n<li>Caract\u00e9ristique :<\/li>\n<\/ol>\n<\/li>\n<\/ol>\n<ul>\n<li style=\"list-style-type: none;\">\n<ul>\n<li><span data-spm-anchor-id=\"a2700.details.pronpeci14.i1.3766434fyZBMko\">Une bonne \u00e9lasticit\u00e9 procure une sensation de confort.<\/span><\/li>\n<\/ul>\n<\/li>\n<\/ul>\n<ul>\n<li style=\"list-style-type: none;\">\n<ul>\n<li>Il peut \u00eatre d\u00e9grad\u00e9<\/li>\n<\/ul>\n<\/li>\n<\/ul>\n<ul>\n<li style=\"list-style-type: none;\">\n<ul>\n<li>R\u00e9sistance aux huiles l\u00e9g\u00e8res, aux acides et aux alcalis<\/li>\n<\/ul>\n<\/li>\n<\/ul>\n<ul>\n<li style=\"list-style-type: none;\">\n<ul>\n<li>Paume rid\u00e9e pour une excellente adh\u00e9rence antid\u00e9rapante, excellente r\u00e9sistance au glissement, \u00e0 l'abrasion et \u00e0 la perforation.<\/li>\n<\/ul>\n<\/li>\n<\/ul>\n<ul>\n<li style=\"list-style-type: none;\">\n<ul>\n<li data-spm-anchor-id=\"a2700.details.pronpeci14.i0.3766434fyZBMko\">Taille ; 9\u2033,9.5\u2033,10\u2033,10.5\u2033,11\u2033<\/li>\n<\/ul>\n<\/li>\n<\/ul>\n<h2><strong>Gants de travail en polyester de calibre 13 enduits de latex<\/strong><\/h2>\n<table>\n<tbody>\n<tr>\n<td width=\"189\">Art No.<\/td>\n<td width=\"341\">LXG06<\/td>\n<\/tr>\n<tr>\n<td width=\"189\">Mat\u00e9riau<\/td>\n<td width=\"341\">Fil de polyester tricot\u00e9 avec rev\u00eatement en latex<\/td>\n<\/tr>\n<tr>\n<td width=\"189\">Finition<\/td>\n<td width=\"341\">Rides de la paume et des doigts<\/td>\n<\/tr>\n<tr>\n<td width=\"189\">Taille<\/td>\n<td width=\"341\">9&#8243;,9.5&#8243;,10&#8243;,10.5&#8243;,11&#8243;<\/td>\n<\/tr>\n<tr>\n<td width=\"189\">Style<\/td>\n<td width=\"341\">Poignet tricot\u00e9 \u00e9lastique pour un port confortable<\/td>\n<\/tr>\n<tr>\n<td width=\"189\">Normes de qualit\u00e9<\/td>\n<td width=\"341\">CE EN388<\/td>\n<\/tr>\n<tr>\n<td width=\"189\">Emballage<\/td>\n<td width=\"341\">12PR\/DOZ, 10DOZ\/CTN<\/td>\n<\/tr>\n<\/tbody>\n<\/table>\n<p>TOPRISE prend en charge diff\u00e9rents styles de personnalisation des gants en latex ; cliquez pour <a href=\"https:\/\/toprisesafety.com\/fr\/categorie-produit\/personal-protective-equipment\/hand-protection\/latex-gloves\/\">voir d'autres mod\u00e8les de gants en latex.<\/a><\/p>\n<p>Si vous ne trouvez pas les gants en latex n\u00e9cessaires, <a href=\"https:\/\/toprisesafety.com\/fr\/contact-us\/\">nous contacter ;<\/a> nous offrons la possibilit\u00e9 d'une personnalisation sp\u00e9ciale.<\/p>","protected":false},"excerpt":{"rendered":"<p>N\u00b0 d'art : LXG06<\/p>\n<p>Mat\u00e9riau : Doublure tricot\u00e9e en polyester de jauge 13 avec rev\u00eatement en latex.<\/p>\n<p>Finition : Paume et doigts rid\u00e9s<\/p>\n<p>Taille : 9\u2033,9.5\u2033,10\u2033,10.5\u2033,11\u2033<\/p>\n<p>Norme de qualit\u00e9 : CE EN388<\/p>\n<p>MOQ : 500 DOZ<\/p>","protected":false},"featured_media":5968,"template":"","meta":{"_acf_changed":false},"product_brand":[],"product_cat":[345,348],"product_tag":[235],"class_list":{"0":"post-5967","1":"product","2":"type-product","3":"status-publish","4":"has-post-thumbnail","6":"product_cat-hand-protection","7":"product_cat-latex-gloves","8":"product_tag-latex-coated-working-gloves","10":"first","11":"instock","12":"product-type-simple"},"acf":[],"_links":{"self":[{"href":"https:\/\/toprisesafety.com\/fr\/wp-json\/wp\/v2\/product\/5967"}],"collection":[{"href":"https:\/\/toprisesafety.com\/fr\/wp-json\/wp\/v2\/product"}],"about":[{"href":"https:\/\/toprisesafety.com\/fr\/wp-json\/wp\/v2\/types\/product"}],"wp:featuredmedia":[{"embeddable":true,"href":"https:\/\/toprisesafety.com\/fr\/wp-json\/wp\/v2\/media\/5968"}],"wp:attachment":[{"href":"https:\/\/toprisesafety.com\/fr\/wp-json\/wp\/v2\/media?parent=5967"}],"wp:term":[{"taxonomy":"product_brand","embeddable":true,"href":"https:\/\/toprisesafety.com\/fr\/wp-json\/wp\/v2\/product_brand?post=5967"},{"taxonomy":"product_cat","embeddable":true,"href":"https:\/\/toprisesafety.com\/fr\/wp-json\/wp\/v2\/product_cat?post=5967"},{"taxonomy":"product_tag","embeddable":true,"href":"https:\/\/toprisesafety.com\/fr\/wp-json\/wp\/v2\/product_tag?post=5967"}],"curies":[{"name":"wp","href":"https:\/\/api.w.org\/{rel}","templated":true}]}}