{"id":5965,"date":"2018-02-25T08:35:41","date_gmt":"2018-02-25T08:35:41","guid":{"rendered":"https:\/\/toprisesafety.com\/product\/nitrile-coated-sandy-gloves-13-gauge-polyester-knitting-nitrile-coated-gloves\/"},"modified":"2025-03-27T06:58:24","modified_gmt":"2025-03-27T06:58:24","slug":"nitrile-coated-sandy-gloves-13-gauge-polyester-knitting-nitrile-coated-gloves","status":"publish","type":"product","link":"https:\/\/toprisesafety.com\/fr\/produit\/nitrile-coated-sandy-gloves-13-gauge-polyester-knitting-nitrile-coated-gloves\/","title":{"rendered":"Gants enduits de nitrile sableux Gants enduits de nitrile tricot\u00e9s en polyester de jauge 13"},"content":{"rendered":"<p><strong><span style=\"font-size: 140%;\">Gants enduits de nitrile sableux Gants enduits de nitrile tricot\u00e9s en polyester de jauge 13 <\/span><\/strong><\/p>\n<ul>\n<li style=\"list-style-type: none;\">\n<ul>\n<li>Doublure en polyester\/nylon<\/li>\n<\/ul>\n<\/li>\n<\/ul>\n<ul>\n<li style=\"list-style-type: none;\">\n<ul>\n<li><span data-spm-anchor-id=\"a2700.details.pronpeci14.i1.2e2f22529OhWCG\">Poignet \u00e9lastiqu\u00e9<\/span><\/li>\n<\/ul>\n<\/li>\n<\/ul>\n<ul>\n<li style=\"list-style-type: none;\">\n<ul>\n<li>Sandy finish over entire surface<\/li>\n<\/ul>\n<\/li>\n<\/ul>\n<ul>\n<li style=\"list-style-type: none;\">\n<ul>\n<li data-spm-anchor-id=\"a2700.details.pronpeci14.i0.27c264f0udDAtV\"><span data-spm-anchor-id=\"a2700.details.pronpeci14.i1.27c264f0udDAtV\">Open back allow hands to breath<\/span><\/li>\n<\/ul>\n<\/li>\n<\/ul>\n<ul>\n<li style=\"list-style-type: none;\">\n<ul>\n<li>Good grip in wet environment<\/li>\n<\/ul>\n<\/li>\n<\/ul>\n<ul>\n<li style=\"list-style-type: none;\">\n<ul>\n<li>Forte r\u00e9sistance \u00e0 l'abrasion<\/li>\n<\/ul>\n<\/li>\n<\/ul>\n<ul>\n<li style=\"list-style-type: none;\">\n<ul>\n<li>Tricot sans couture<\/li>\n<\/ul>\n<\/li>\n<\/ul>\n<ul>\n<li style=\"list-style-type: none;\">\n<ul>\n<li data-spm-anchor-id=\"a2700.details.pronpeci14.i0.2e2f22529OhWCG\">Respirant au dos<\/li>\n<\/ul>\n<\/li>\n<\/ul>\n<ul>\n<li style=\"list-style-type: none;\">\n<ul>\n<li data-spm-anchor-id=\"a2700.details.pronpeci14.i0.2e2f22529OhWCG\">Application : travail de s\u00e9curit\u00e9, travail industriel, travail de construction, bricolage, jardinage, collecte des d\u00e9chets, travail du verre, travail du bois, fabrication l\u00e9g\u00e8re \u00e0 moyenne, manipulation de pi\u00e8ces, entreposage g\u00e9n\u00e9ral, maintenance, fracturation ondul\u00e9e, etc.<\/li>\n<\/ul>\n<\/li>\n<\/ul>\n<ul>\n<li style=\"list-style-type: none;\">\n<ul>\n<li data-spm-anchor-id=\"a2700.details.pronpeci14.i0.2e2f22529OhWCG\">Norme de qualit\u00e9 CE EN388<\/li>\n<\/ul>\n<\/li>\n<\/ul>\n<ul>\n<li style=\"list-style-type: none;\">\n<ul>\n<li data-spm-anchor-id=\"a2700.details.pronpeci14.i0.2e2f22529OhWCG\">Logo du client imprim\u00e9 en une couleur sur la paume<\/li>\n<\/ul>\n<\/li>\n<\/ul>\n<ul>\n<li style=\"list-style-type: none;\">\n<ul>\n<li data-spm-anchor-id=\"a2700.details.pronpeci14.i0.2e2f22529OhWCG\">Emballage : polybag, carte de t\u00eate, etc. Des emballages sp\u00e9ciaux sont disponibles.<\/li>\n<\/ul>\n<\/li>\n<\/ul>\n<ul>\n<li style=\"list-style-type: none;\">\n<ul>\n<li data-spm-anchor-id=\"a2700.details.pronpeci14.i0.2e2f22529OhWCG\">Each gloves label is available according customer\u2019s requirement<\/li>\n<\/ul>\n<\/li>\n<\/ul>\n<h2><strong>Nitrile sandy coated gloves 13 gauge polyester knitting nitrile coated gloves specifications:<\/strong><\/h2>\n<table>\n<tbody>\n<tr>\n<td width=\"189\">Art No.<\/td>\n<td width=\"341\">NG06<\/td>\n<\/tr>\n<tr>\n<td width=\"189\">Mat\u00e9riau<\/td>\n<td width=\"341\">Polyester\/nylon yarn knitted with nitrile sady coated<\/td>\n<\/tr>\n<tr>\n<td width=\"189\">Finition<\/td>\n<td width=\"341\">Rides de la paume et des doigts<\/td>\n<\/tr>\n<tr>\n<td width=\"189\">Taille<\/td>\n<td width=\"341\">9&#8243;,9.5&#8243;,10&#8243;,10.5&#8243;,11&#8243;<\/td>\n<\/tr>\n<tr>\n<td width=\"189\">Style<\/td>\n<td width=\"341\">Poignet tricot\u00e9 \u00e9lastique pour un port confortable<\/td>\n<\/tr>\n<tr>\n<td width=\"189\">Normes de qualit\u00e9<\/td>\n<td width=\"341\">CE EN388<\/td>\n<\/tr>\n<tr>\n<td width=\"189\">Emballage<\/td>\n<td width=\"341\">12PR\/DOZ, 10DOZ\/CTN<\/td>\n<\/tr>\n<\/tbody>\n<\/table>\n<p>TOPRISE prend en charge diff\u00e9rents styles de personnalisation des gants enduits de nitrile ; cliquez pour <a href=\"https:\/\/toprisesafety.com\/fr\/categorie-produit\/personal-protective-equipment\/hand-protection\/nitrile-gloves\/\">voir d'autres mod\u00e8les de gants enduits de nitrile.<\/a><br \/>\nSi vous ne trouvez pas les gants en nitrile dont vous avez besoin,<a href=\"https:\/\/toprisesafety.com\/fr\/contact-us\/\"> nous contacter ;<\/a> nous offrons la possibilit\u00e9 d'une personnalisation sp\u00e9ciale.<\/p>","protected":false},"excerpt":{"rendered":"<p>Art No.: NG06<\/p>\n<p>Material: Polyester\/nylon knitted with nitrile sandy coated<\/p>\n<p>Taille : S-XXL<\/p>\n<p>Norme de qualit\u00e9 : CE EN388<\/p>\n<p>MOQ: 1000DOZ<\/p>","protected":false},"featured_media":5966,"template":"","meta":{"_acf_changed":false},"product_brand":[],"product_cat":[345,349],"product_tag":[234],"class_list":{"0":"post-5965","1":"product","2":"type-product","3":"status-publish","4":"has-post-thumbnail","6":"product_cat-hand-protection","7":"product_cat-nitrile-gloves","8":"product_tag-nitrile-sandy-coated-gloves","10":"first","11":"instock","12":"product-type-simple"},"acf":[],"_links":{"self":[{"href":"https:\/\/toprisesafety.com\/fr\/wp-json\/wp\/v2\/product\/5965"}],"collection":[{"href":"https:\/\/toprisesafety.com\/fr\/wp-json\/wp\/v2\/product"}],"about":[{"href":"https:\/\/toprisesafety.com\/fr\/wp-json\/wp\/v2\/types\/product"}],"wp:featuredmedia":[{"embeddable":true,"href":"https:\/\/toprisesafety.com\/fr\/wp-json\/wp\/v2\/media\/5966"}],"wp:attachment":[{"href":"https:\/\/toprisesafety.com\/fr\/wp-json\/wp\/v2\/media?parent=5965"}],"wp:term":[{"taxonomy":"product_brand","embeddable":true,"href":"https:\/\/toprisesafety.com\/fr\/wp-json\/wp\/v2\/product_brand?post=5965"},{"taxonomy":"product_cat","embeddable":true,"href":"https:\/\/toprisesafety.com\/fr\/wp-json\/wp\/v2\/product_cat?post=5965"},{"taxonomy":"product_tag","embeddable":true,"href":"https:\/\/toprisesafety.com\/fr\/wp-json\/wp\/v2\/product_tag?post=5965"}],"curies":[{"name":"wp","href":"https:\/\/api.w.org\/{rel}","templated":true}]}}