{"id":5963,"date":"2018-02-25T08:53:46","date_gmt":"2018-02-25T08:53:46","guid":{"rendered":"https:\/\/toprisesafety.com\/product\/crayfish-hand-gloves-latex-pasted-gloves\/"},"modified":"2025-03-27T02:51:36","modified_gmt":"2025-03-27T02:51:36","slug":"crayfish-hand-gloves-latex-pasted-gloves","status":"publish","type":"product","link":"https:\/\/toprisesafety.com\/fr\/produit\/crayfish-hand-gloves-latex-pasted-gloves\/","title":{"rendered":"Gants de main pour \u00e9crevisses gants en latex coll\u00e9s"},"content":{"rendered":"<p><strong><span style=\"font-size: 140%;\">Gants de main pour \u00e9crevisses gants en latex coll\u00e9s <\/span><\/strong><\/p>\n<ul>\n<li style=\"list-style-type: none;\">\n<ul>\n<li>Gants enduits de latex<\/li>\n<\/ul>\n<\/li>\n<\/ul>\n<ul>\n<li style=\"list-style-type: none;\">\n<ul>\n<li>Elastique et confortable<\/li>\n<\/ul>\n<\/li>\n<\/ul>\n<ul>\n<li style=\"list-style-type: none;\">\n<ul>\n<li>Bonne adh\u00e9rence, anti-abrasion, anti-fonctionnement<\/li>\n<\/ul>\n<\/li>\n<\/ul>\n<ul>\n<li style=\"list-style-type: none;\">\n<ul>\n<li>Excellente capacit\u00e9 respiratoire<\/li>\n<\/ul>\n<\/li>\n<\/ul>\n<ul>\n<li style=\"list-style-type: none;\">\n<ul>\n<li><span data-spm-anchor-id=\"a2700.details.pronpeci14.i1.7c693ad3fdGaiX\">Vingt-six fois plus r\u00e9sistants \u00e0 l'usure que les gants en latex naturel ordinaires. Dix-huit fois plus r\u00e9sistants \u00e0 l'usure que les gants en PVC ordinaires. Dur\u00e9e de vie de 188 jours. R\u00e9sistant aux coupures. R\u00e9duit consid\u00e9rablement le co\u00fbt de remplacement des gants.<\/span><\/li>\n<\/ul>\n<\/li>\n<\/ul>\n<ul>\n<li style=\"list-style-type: none;\">\n<ul>\n<li>R\u00e9sistant \u00e0 l'huile et \u00e0 la p\u00e9n\u00e9tration<\/li>\n<\/ul>\n<\/li>\n<\/ul>\n<ul>\n<li style=\"list-style-type: none;\">\n<ul>\n<li>Six fois plus r\u00e9sistant \u00e0 l'huile que les gants en nitrile ordinaires. Emp\u00eache la p\u00e9n\u00e9tration de l'huile. Convient aux travaux de m\u00e9tallurgie et de ma\u00e7onnerie.<\/li>\n<\/ul>\n<\/li>\n<\/ul>\n<ul>\n<li style=\"list-style-type: none;\">\n<ul>\n<li>R\u00e9sistant aux produits chimiques et \u00e0 la corrosion<\/li>\n<\/ul>\n<\/li>\n<\/ul>\n<ul>\n<li style=\"list-style-type: none;\">\n<ul>\n<li>R\u00e9sistant \u00e0 l'acide, \u00e0 l'alcali et \u00e0 d'autres produits chimiques corrosifs. Meilleure r\u00e9sistance aux produits chimiques que les gants en nitrile ordinaires. Convient \u00e0 la manipulation de produits chimiques.<\/li>\n<\/ul>\n<\/li>\n<\/ul>\n<ul>\n<li style=\"list-style-type: none;\">\n<ul>\n<li>\u00a0R\u00e9sistant \u00e0 la chaleur et au froid<\/li>\n<\/ul>\n<\/li>\n<\/ul>\n<ul>\n<li style=\"list-style-type: none;\">\n<ul>\n<li>R\u00e9sistant aux hautes et basses temp\u00e9ratures (-38 degr\u00e9s C \u00e0 138 degr\u00e9s C). Convient aux travaux effectu\u00e9s sous des temp\u00e9ratures extr\u00eames.<\/li>\n<\/ul>\n<\/li>\n<\/ul>\n<ul>\n<li style=\"list-style-type: none;\">\n<ul>\n<li>Doublure tricot\u00e9e en fil de 7 ou 10 jauges, coll\u00e9e au latex<\/li>\n<\/ul>\n<\/li>\n<\/ul>\n<h2><strong>Gants de main pour \u00e9crevisses gants en latex gants enduits sp\u00e9cification :<\/strong><\/h2>\n<table>\n<tbody>\n<tr>\n<td width=\"189\">Art No.<\/td>\n<td width=\"341\">LXG08<\/td>\n<\/tr>\n<tr>\n<td width=\"189\">Mat\u00e9riau<\/td>\n<td width=\"341\">Fil de polyester tricot\u00e9 avec un b\u00e2ton de latex<\/td>\n<\/tr>\n<tr>\n<td width=\"189\">Finition<\/td>\n<td width=\"341\">Paume et doigts antid\u00e9rapants en latex<\/td>\n<\/tr>\n<tr>\n<td width=\"189\">Taille<\/td>\n<td width=\"341\">10&#8243;, 10.5&#8243;,11&#8243;<\/td>\n<\/tr>\n<tr>\n<td width=\"189\">Style<\/td>\n<td width=\"341\">Poignet tricot\u00e9 \u00e9lastique pour un port confortable<\/td>\n<\/tr>\n<tr>\n<td width=\"189\">Normes de qualit\u00e9<\/td>\n<td width=\"341\">CE EN388<\/td>\n<\/tr>\n<tr>\n<td width=\"189\">Emballage<\/td>\n<td width=\"341\">12PR\/DOZ, 10DOZ\/CTN<\/td>\n<\/tr>\n<\/tbody>\n<\/table>\n<p>TOPRISE prend en charge diff\u00e9rents styles de personnalisation des gants en latex ; cliquez pour <a href=\"https:\/\/toprisesafety.com\/fr\/categorie-produit\/personal-protective-equipment\/hand-protection\/latex-gloves\/\">voir d'autres mod\u00e8les de gants en latex.<\/a><\/p>\n<p>Si vous ne trouvez pas les gants en latex n\u00e9cessaires, <a href=\"https:\/\/toprisesafety.com\/fr\/contact-us\/\">nous contacter ;<\/a> nous offrons la possibilit\u00e9 d'une personnalisation sp\u00e9ciale.<\/p>","protected":false},"excerpt":{"rendered":"<p>N\u00b0 d'art : LXG08<\/p>\n<p>Mati\u00e8re : Polyester tricot\u00e9 avec un b\u00e2ton de latex<\/p>\n<p>Taille : 10\u2033, 10.5\u2033, 11\u2033<\/p>\n<p>Norme de qualit\u00e9 : CE EN388<\/p>\n<p>MOQ : 500DOZ<\/p>","protected":false},"featured_media":5964,"template":"","meta":{"_acf_changed":false},"product_brand":[],"product_cat":[345,348],"product_tag":[232],"class_list":{"0":"post-5963","1":"product","2":"type-product","3":"status-publish","4":"has-post-thumbnail","6":"product_cat-hand-protection","7":"product_cat-latex-gloves","8":"product_tag-crayfish-hand-gloves-latex-pasted-gloves","10":"first","11":"instock","12":"product-type-simple"},"acf":[],"_links":{"self":[{"href":"https:\/\/toprisesafety.com\/fr\/wp-json\/wp\/v2\/product\/5963"}],"collection":[{"href":"https:\/\/toprisesafety.com\/fr\/wp-json\/wp\/v2\/product"}],"about":[{"href":"https:\/\/toprisesafety.com\/fr\/wp-json\/wp\/v2\/types\/product"}],"wp:featuredmedia":[{"embeddable":true,"href":"https:\/\/toprisesafety.com\/fr\/wp-json\/wp\/v2\/media\/5964"}],"wp:attachment":[{"href":"https:\/\/toprisesafety.com\/fr\/wp-json\/wp\/v2\/media?parent=5963"}],"wp:term":[{"taxonomy":"product_brand","embeddable":true,"href":"https:\/\/toprisesafety.com\/fr\/wp-json\/wp\/v2\/product_brand?post=5963"},{"taxonomy":"product_cat","embeddable":true,"href":"https:\/\/toprisesafety.com\/fr\/wp-json\/wp\/v2\/product_cat?post=5963"},{"taxonomy":"product_tag","embeddable":true,"href":"https:\/\/toprisesafety.com\/fr\/wp-json\/wp\/v2\/product_tag?post=5963"}],"curies":[{"name":"wp","href":"https:\/\/api.w.org\/{rel}","templated":true}]}}