{"id":5959,"date":"2018-02-25T09:21:26","date_gmt":"2018-02-25T09:21:26","guid":{"rendered":"https:\/\/toprisesafety.com\/product\/heavy-duty-black-industrial-latex-gloves\/"},"modified":"2025-03-27T02:50:45","modified_gmt":"2025-03-27T02:50:45","slug":"heavy-duty-black-industrial-latex-gloves","status":"publish","type":"product","link":"https:\/\/toprisesafety.com\/fr\/produit\/heavy-duty-black-industrial-latex-gloves\/","title":{"rendered":"Gants en latex industriels noirs tr\u00e8s r\u00e9sistants gants en caoutchouc"},"content":{"rendered":"<p><strong><span style=\"font-size: 140%;\">Gants en latex industriels noirs tr\u00e8s r\u00e9sistants gants en caoutchouc <\/span><\/strong><\/p>\n<ul>\n<li style=\"list-style-type: none;\">\n<ul>\n<li><span data-spm-anchor-id=\"a2700.details.pronpeci14.i1.507821c5yik1pK\">Fabriqu\u00e9 en latex naturel.<\/span><\/li>\n<\/ul>\n<\/li>\n<\/ul>\n<ul>\n<li style=\"list-style-type: none;\">\n<ul>\n<li>Available weight 180\/200\/320G\/PR<\/li>\n<\/ul>\n<\/li>\n<\/ul>\n<ul>\n<li style=\"list-style-type: none;\">\n<ul>\n<li>Size:35\/45CMlength. S, M, L, XL<\/li>\n<\/ul>\n<\/li>\n<\/ul>\n<ul>\n<li style=\"list-style-type: none;\">\n<ul>\n<li>Largement utilis\u00e9 dans les secteurs de la chimie, de la p\u00eache et de la marine comme protection.<\/li>\n<\/ul>\n<\/li>\n<\/ul>\n<ul>\n<li style=\"list-style-type: none;\">\n<ul>\n<li data-spm-anchor-id=\"a2700.details.pronpeci14.i0.507821c5yik1pK\">Apr\u00e8s utilisation, mettez-le dans un endroit bien ventil\u00e9 et faites-le s\u00e9cher pour le pr\u00e9parer \u00e0 l'utilisation suivante.<\/li>\n<\/ul>\n<\/li>\n<\/ul>\n<ul>\n<li style=\"list-style-type: none;\">\n<ul>\n<li data-spm-anchor-id=\"a2700.details.pronpeci14.i0.507821c5yik1pK\">Application : Construction, exploitation mini\u00e8re, agriculture, entretien des jardins, manutention industrielle g\u00e9n\u00e9rale, etc. \u00a0\u00a0<strong>\u00a0<\/strong><\/li>\n<\/ul>\n<\/li>\n<\/ul>\n<ul>\n<li style=\"list-style-type: none;\">\n<ul>\n<li>Faible teneur en prot\u00e9ines solubles dans l'eau, pas de r\u00e9sidus chimiques, inoffensif pour le corps humain ;<\/li>\n<\/ul>\n<\/li>\n<\/ul>\n<ul>\n<li style=\"list-style-type: none;\">\n<ul>\n<li>R\u00e9sistant \u00e0 la perforation, \u00e0 la d\u00e9chirure, \u00e0 la coupure par lame et \u00e0 l'abrasion ;<\/li>\n<\/ul>\n<\/li>\n<\/ul>\n<ul>\n<li style=\"list-style-type: none;\">\n<ul>\n<li data-spm-anchor-id=\"a2700.details.pronpeci14.i0.57007751p3FPsq\">As a reusable product, just rinse in clean water after each use and air or tumble dry<\/li>\n<\/ul>\n<\/li>\n<\/ul>\n<h2><strong>Heavy duty black industrial latex gloves rubber gloves specification:<\/strong><\/h2>\n<table>\n<tbody>\n<tr>\n<td width=\"189\">Art No.<\/td>\n<td width=\"341\">LXG03<\/td>\n<\/tr>\n<tr>\n<td width=\"189\">Mat\u00e9riau<\/td>\n<td width=\"341\">Latex<\/td>\n<\/tr>\n<tr>\n<td width=\"189\">Finition<\/td>\n<td width=\"341\">Lisse<\/td>\n<\/tr>\n<tr>\n<td width=\"189\">Taille<\/td>\n<td width=\"341\">S-XL (35CM\/57CM length)<\/td>\n<\/tr>\n<tr>\n<td width=\"189\">Logo<\/td>\n<td width=\"341\">Possibilit\u00e9 d'apposer le logo du client sur l'emballage<\/td>\n<\/tr>\n<tr>\n<td width=\"189\">Normes de qualit\u00e9<\/td>\n<td width=\"341\">CE EN388<\/td>\n<\/tr>\n<tr>\n<td width=\"189\">Emballage<\/td>\n<td width=\"341\">12PR\/DOZ, 10DOZ\/CTN<\/td>\n<\/tr>\n<\/tbody>\n<\/table>\n<p>TOPRISE prend en charge diff\u00e9rents styles de personnalisation des gants en latex ; cliquez pour <a href=\"https:\/\/toprisesafety.com\/fr\/categorie-produit\/personal-protective-equipment\/hand-protection\/latex-gloves\/\">voir d'autres mod\u00e8les de gants en latex.<\/a><\/p>\n<p>Si vous ne trouvez pas les gants en latex n\u00e9cessaires, <a href=\"https:\/\/toprisesafety.com\/fr\/contact-us\/\">nous contacter ;<\/a> nous offrons la possibilit\u00e9 d'une personnalisation sp\u00e9ciale.<\/p>","protected":false},"excerpt":{"rendered":"<p>Art No.: LXG03<\/p>\n<p>Mat\u00e9riau : Latex<\/p>\n<p>Size: S-XL (35\/57CM)<\/p>\n<p>Norme de qualit\u00e9 : CE EN388<\/p>\n<p>MOQ : 500DOZ<\/p>","protected":false},"featured_media":5960,"template":"","meta":{"_acf_changed":false},"product_brand":[],"product_cat":[345,348],"product_tag":[228,229],"class_list":{"0":"post-5959","1":"product","2":"type-product","3":"status-publish","4":"has-post-thumbnail","6":"product_cat-hand-protection","7":"product_cat-latex-gloves","8":"product_tag-black-rubber-gloves","9":"product_tag-heavy-duty-black-industrial-latex-gloves","11":"first","12":"instock","13":"product-type-simple"},"acf":[],"_links":{"self":[{"href":"https:\/\/toprisesafety.com\/fr\/wp-json\/wp\/v2\/product\/5959"}],"collection":[{"href":"https:\/\/toprisesafety.com\/fr\/wp-json\/wp\/v2\/product"}],"about":[{"href":"https:\/\/toprisesafety.com\/fr\/wp-json\/wp\/v2\/types\/product"}],"wp:featuredmedia":[{"embeddable":true,"href":"https:\/\/toprisesafety.com\/fr\/wp-json\/wp\/v2\/media\/5960"}],"wp:attachment":[{"href":"https:\/\/toprisesafety.com\/fr\/wp-json\/wp\/v2\/media?parent=5959"}],"wp:term":[{"taxonomy":"product_brand","embeddable":true,"href":"https:\/\/toprisesafety.com\/fr\/wp-json\/wp\/v2\/product_brand?post=5959"},{"taxonomy":"product_cat","embeddable":true,"href":"https:\/\/toprisesafety.com\/fr\/wp-json\/wp\/v2\/product_cat?post=5959"},{"taxonomy":"product_tag","embeddable":true,"href":"https:\/\/toprisesafety.com\/fr\/wp-json\/wp\/v2\/product_tag?post=5959"}],"curies":[{"name":"wp","href":"https:\/\/api.w.org\/{rel}","templated":true}]}}