{"id":5957,"date":"2018-02-25T09:47:16","date_gmt":"2018-02-25T09:47:16","guid":{"rendered":"https:\/\/toprisesafety.com\/product\/latex-household-gloves\/"},"modified":"2025-03-27T02:50:15","modified_gmt":"2025-03-27T02:50:15","slug":"latex-household-gloves","status":"publish","type":"product","link":"https:\/\/toprisesafety.com\/fr\/produit\/latex-household-gloves\/","title":{"rendered":"Gants de m\u00e9nage en latex"},"content":{"rendered":"<p><span style=\"font-size: 130%;\"><strong>Gants de m\u00e9nage en latex<\/strong><\/span><\/p>\n<ul>\n<li style=\"list-style-type: none;\">\n<ul>\n<li data-spm-anchor-id=\"a2700.details.pronpeci14.i1.6f1578a9KkSJan\">Doublure tremp\u00e9e ou doublure floqu\u00e9e au choix<\/li>\n<\/ul>\n<\/li>\n<\/ul>\n<ul>\n<li style=\"list-style-type: none;\">\n<ul>\n<li data-spm-anchor-id=\"a2700.details.pronpeci14.i1.6f1578a9KkSJan\">Poids disponible : 30-70G\/PR<\/li>\n<\/ul>\n<\/li>\n<\/ul>\n<ul>\n<li style=\"list-style-type: none;\">\n<ul>\n<li data-spm-anchor-id=\"a2700.details.pronpeci14.i1.6f1578a9KkSJan\">Taille : S, M, L, XL<\/li>\n<\/ul>\n<\/li>\n<\/ul>\n<ul>\n<li style=\"list-style-type: none;\">\n<ul>\n<li data-spm-anchor-id=\"a2700.details.pronpeci14.i1.6f1578a9KkSJan\">Couleur : jaune, orange, rose, vert, violet, etc.<\/li>\n<\/ul>\n<\/li>\n<\/ul>\n<ul>\n<li style=\"list-style-type: none;\">\n<ul>\n<li data-spm-anchor-id=\"a2700.details.pronpeci14.i0.24824c8eEPUFzN\">R\u00e9sistance aux acides, aux alcalis, \u00e0 l'huile et \u00e0 la salet\u00e9.<\/li>\n<\/ul>\n<\/li>\n<\/ul>\n<ul>\n<li style=\"list-style-type: none;\">\n<ul>\n<li data-spm-anchor-id=\"a2700.details.pronpeci14.i1.24824c8eEPUFzN\">Non toxique, inoffensif et inodore.<\/li>\n<\/ul>\n<\/li>\n<\/ul>\n<ul>\n<li style=\"list-style-type: none;\">\n<ul>\n<li>Le grain antid\u00e9rapant permet de maintenir l'objet fermement.<\/li>\n<\/ul>\n<\/li>\n<\/ul>\n<ul>\n<li style=\"list-style-type: none;\">\n<ul>\n<li>Excellente conception, confortable et adapt\u00e9e<\/li>\n<\/ul>\n<\/li>\n<\/ul>\n<ul>\n<li style=\"list-style-type: none;\">\n<ul>\n<li data-spm-anchor-id=\"a2700.details.pronpeci14.i1.6f1578a9KkSJan\">Excellente adh\u00e9rence en milieu humide<\/li>\n<\/ul>\n<\/li>\n<\/ul>\n<ul>\n<li style=\"list-style-type: none;\">\n<ul>\n<li data-spm-anchor-id=\"a2700.details.pronpeci14.i1.6f1578a9KkSJan\">R\u00e9utilisable, il suffit de le rincer \u00e0 l'eau claire apr\u00e8s chaque utilisation et de le s\u00e9cher \u00e0 l'air libre ou au s\u00e8che-linge.<\/li>\n<\/ul>\n<\/li>\n<\/ul>\n<ul>\n<li style=\"list-style-type: none;\">\n<ul>\n<li data-spm-anchor-id=\"a2700.details.pronpeci14.i1.6f1578a9KkSJan\">Les gants de m\u00e9nage en latex sont con\u00e7us de mani\u00e8re ergonomique pour s'adapter automatiquement aux mains.<\/li>\n<\/ul>\n<\/li>\n<\/ul>\n<ul>\n<li style=\"list-style-type: none;\">\n<ul>\n<li data-spm-anchor-id=\"a2700.details.pronpeci14.i1.6f1578a9KkSJan\">Excellente flexibilit\u00e9 et r\u00e9sistance<\/li>\n<\/ul>\n<\/li>\n<\/ul>\n<ul>\n<li style=\"list-style-type: none;\">\n<ul>\n<li data-spm-anchor-id=\"a2700.details.pronpeci14.i1.6f1578a9KkSJan\">Domaine d'utilisation : lavage de la maison, secteur alimentaire, etc.<\/li>\n<\/ul>\n<\/li>\n<\/ul>\n<ul>\n<li style=\"list-style-type: none;\">\n<ul>\n<li data-spm-anchor-id=\"a2700.details.pronpeci14.i1.6f1578a9KkSJan\">Emballage : 1 paire par sachet de couleur, 12 paires par douzaine, 144 paires par carton<\/li>\n<\/ul>\n<\/li>\n<\/ul>\n<h2><strong>Sp\u00e9cification des gants de m\u00e9nage en latex :<\/strong><\/h2>\n<table>\n<tbody>\n<tr>\n<td width=\"189\">Art No.<\/td>\n<td width=\"341\">LX01-H<\/td>\n<\/tr>\n<tr>\n<td width=\"189\">Mat\u00e9riau<\/td>\n<td width=\"341\">100% latex naturel<\/td>\n<\/tr>\n<tr>\n<td width=\"189\">Poids<\/td>\n<td width=\"341\">30-70G\/PR<\/td>\n<\/tr>\n<tr>\n<td width=\"189\">Taille<\/td>\n<td width=\"341\">S,M,L,XL ,XXL<\/td>\n<\/tr>\n<tr>\n<td width=\"189\">Couleur<\/td>\n<td width=\"341\">Jaune, orange, rose, violet, vert, etc.<\/td>\n<\/tr>\n<tr>\n<td width=\"189\">Style<\/td>\n<td width=\"341\">Doublure floqu\u00e9e ou doublure tremp\u00e9e au choix<\/td>\n<\/tr>\n<\/tbody>\n<\/table>\n<p>TOPRISE prend en charge diff\u00e9rents styles de personnalisation des gants en latex ; cliquez pour <a href=\"https:\/\/toprisesafety.com\/fr\/categorie-produit\/personal-protective-equipment\/hand-protection\/latex-gloves\/\">voir d'autres mod\u00e8les de gants en latex.<\/a><\/p>\n<p>Si vous ne trouvez pas les gants en latex n\u00e9cessaires, <a href=\"https:\/\/toprisesafety.com\/fr\/contact-us\/\">nous contacter ;<\/a> nous offrons la possibilit\u00e9 d'une personnalisation sp\u00e9ciale.<\/p>\n<p data-spm-anchor-id=\"a2700.details.pronpeci14.i0.6f1578a9KkSJan\">","protected":false},"excerpt":{"rendered":"<p>Art No. : LX01-H<\/p>\n<p>Mat\u00e9riau :  100%nature latex<\/p>\n<p>Style : Doublure floqu\u00e9e ou tremp\u00e9e<\/p>\n<p>Taille : S, M, L, XL, XXL<\/p>\n<p>Norme de qualit\u00e9 : CE EN388<\/p>","protected":false},"featured_media":5958,"template":"","meta":{"_acf_changed":false},"product_brand":[],"product_cat":[345,348],"product_tag":[227],"class_list":{"0":"post-5957","1":"product","2":"type-product","3":"status-publish","4":"has-post-thumbnail","6":"product_cat-hand-protection","7":"product_cat-latex-gloves","8":"product_tag-latex-household-gloves","10":"first","11":"instock","12":"product-type-simple"},"acf":[],"_links":{"self":[{"href":"https:\/\/toprisesafety.com\/fr\/wp-json\/wp\/v2\/product\/5957"}],"collection":[{"href":"https:\/\/toprisesafety.com\/fr\/wp-json\/wp\/v2\/product"}],"about":[{"href":"https:\/\/toprisesafety.com\/fr\/wp-json\/wp\/v2\/types\/product"}],"wp:featuredmedia":[{"embeddable":true,"href":"https:\/\/toprisesafety.com\/fr\/wp-json\/wp\/v2\/media\/5958"}],"wp:attachment":[{"href":"https:\/\/toprisesafety.com\/fr\/wp-json\/wp\/v2\/media?parent=5957"}],"wp:term":[{"taxonomy":"product_brand","embeddable":true,"href":"https:\/\/toprisesafety.com\/fr\/wp-json\/wp\/v2\/product_brand?post=5957"},{"taxonomy":"product_cat","embeddable":true,"href":"https:\/\/toprisesafety.com\/fr\/wp-json\/wp\/v2\/product_cat?post=5957"},{"taxonomy":"product_tag","embeddable":true,"href":"https:\/\/toprisesafety.com\/fr\/wp-json\/wp\/v2\/product_tag?post=5957"}],"curies":[{"name":"wp","href":"https:\/\/api.w.org\/{rel}","templated":true}]}}