{"id":5955,"date":"2018-02-25T10:05:50","date_gmt":"2018-02-25T10:05:50","guid":{"rendered":"https:\/\/toprisesafety.com\/product\/pu-gloves\/"},"modified":"2025-04-14T05:09:25","modified_gmt":"2025-04-14T05:09:25","slug":"pu-gloves","status":"publish","type":"product","link":"https:\/\/toprisesafety.com\/fr\/produit\/pu-gloves\/","title":{"rendered":"Gants en PU CE EN388"},"content":{"rendered":"<p><strong><span style=\"font-size: 140%;\">Gants en PU CE EN388 <\/span><\/strong><\/p>\n<ul>\n<li style=\"list-style-type: none;\">\n<ul>\n<li>Les gants en nylon tricot\u00e9 de calibre 13 sont fabriqu\u00e9s en 100%Pourcentage de nylon ou de polyester.<\/li>\n<\/ul>\n<\/li>\n<\/ul>\n<ul>\n<li style=\"list-style-type: none;\">\n<ul>\n<li>\u00a0Le gant enduit d'une paume en PU est id\u00e9al pour les travaux l\u00e9gers.<\/li>\n<\/ul>\n<\/li>\n<\/ul>\n<ul>\n<li style=\"list-style-type: none;\">\n<ul>\n<li>Ces gants sont excellents en termes de sensibilit\u00e9 tactile, de confort et de maintien, de pr\u00e9hension, de dext\u00e9rit\u00e9, de r\u00e9sistance aux coupures et \u00e0 l'abrasion.<\/li>\n<\/ul>\n<\/li>\n<\/ul>\n<ul>\n<li style=\"list-style-type: none;\">\n<ul>\n<li>Doublure en nylon de calibre 13 avec diff\u00e9rents motifs, comme la couleur noire, la couleur blanche ou l'impression de fleurs.<\/li>\n<\/ul>\n<\/li>\n<\/ul>\n<ul>\n<li style=\"list-style-type: none;\">\n<ul>\n<li><span data-spm-anchor-id=\"a2700.details.pronpeci14.i1.49f413d8H5LsLh\">Lavable \u00e0 l'eau et r\u00e9utilisable, il est agr\u00e9able \u00e0 porter.<\/span><\/li>\n<\/ul>\n<\/li>\n<\/ul>\n<ul>\n<li style=\"list-style-type: none;\">\n<ul>\n<li>D'une dur\u00e9e de vie moyenne, il pr\u00e9sente une bonne r\u00e9sistance \u00e0 la perforation et \u00e0 l'abrasion.<\/li>\n<\/ul>\n<\/li>\n<\/ul>\n<ul>\n<li style=\"list-style-type: none;\">\n<ul>\n<li data-spm-anchor-id=\"a2700.details.pronpeci14.i0.49f413d8H5LsLh\">Caract\u00e9ristiques : protection contre les huiles chimiques.<\/li>\n<\/ul>\n<\/li>\n<\/ul>\n<ul>\n<li style=\"list-style-type: none;\">\n<ul>\n<li data-spm-anchor-id=\"a2700.details.pronpeci14.i0.49f413d8H5LsLh\">Application : maintenance, construction, ing\u00e9nierie, plomberie, industrie d'assemblage, fabrication automobile, emballage, \u00e9lectronique, industrie du verre, industrie chimique, p\u00eache.<\/li>\n<\/ul>\n<\/li>\n<\/ul>\n<h2><strong>Gants en PU Sp\u00e9cification CE EN388 :\u00a0<\/strong><\/h2>\n<table>\n<tbody>\n<tr>\n<td width=\"189\">Art No.<\/td>\n<td width=\"341\">PUG01<\/td>\n<\/tr>\n<tr>\n<td width=\"189\">Mat\u00e9riau<\/td>\n<td width=\"341\">Polyester\/nylon tricot\u00e9 avec un rev\u00eatement en PU<\/td>\n<\/tr>\n<tr>\n<td width=\"189\">Style<\/td>\n<td width=\"341\">Blanc, noir, gris, etc. couleur ou imprim\u00e9 floral<\/td>\n<\/tr>\n<tr>\n<td width=\"189\">Taille<\/td>\n<td width=\"341\">\u00a0S,M,L,XL,2XL<\/td>\n<\/tr>\n<tr>\n<td width=\"189\">Style<\/td>\n<td width=\"341\">Poignet tricot\u00e9 \u00e9lastique pour un port confortable<\/td>\n<\/tr>\n<tr>\n<td width=\"189\">Normes de qualit\u00e9<\/td>\n<td width=\"341\">CE EN388<\/td>\n<\/tr>\n<tr>\n<td width=\"189\">Emballage<\/td>\n<td width=\"341\">12PR\/DOZ, 10DOZ\/CTN<\/td>\n<\/tr>\n<\/tbody>\n<\/table>\n<p>TOPRISE prend en charge diff\u00e9rents styles de personnalisation des gants enduits de PU ; cliquez pour <a href=\"https:\/\/toprisesafety.com\/fr\/categorie-produit\/personal-protective-equipment\/hand-protection\/pu-gloves\/\">voir d'autres mod\u00e8les de gants enduits de PU.<\/a><\/p>\n<p>Si vous ne trouvez pas les gants enduits de PU dont vous avez besoin, <a href=\"https:\/\/toprisesafety.com\/fr\/contact-us\/\">nous contacter<\/a>; nous prenons en charge la personnalisation sp\u00e9ciale.<\/p>","protected":false},"excerpt":{"rendered":"<p>No. d'art : PUG-01<\/p>\n<p>Mati\u00e8re : polyester\/nylon tricot\u00e9 avec rev\u00eatement PU<\/p>\n<p>Taille : S, M, L, XL, XXL<\/p>\n<p>Norme de qualit\u00e9 : CE EN388<\/p>\n<p>MOQ : 500DOZ<\/p>","protected":false},"featured_media":5956,"template":"","meta":{"_acf_changed":false},"product_brand":[],"product_cat":[345,347],"product_tag":[225],"class_list":{"0":"post-5955","1":"product","2":"type-product","3":"status-publish","4":"has-post-thumbnail","6":"product_cat-hand-protection","7":"product_cat-pu-gloves","8":"product_tag-pu-gloves","10":"first","11":"instock","12":"product-type-simple"},"acf":[],"_links":{"self":[{"href":"https:\/\/toprisesafety.com\/fr\/wp-json\/wp\/v2\/product\/5955"}],"collection":[{"href":"https:\/\/toprisesafety.com\/fr\/wp-json\/wp\/v2\/product"}],"about":[{"href":"https:\/\/toprisesafety.com\/fr\/wp-json\/wp\/v2\/types\/product"}],"wp:featuredmedia":[{"embeddable":true,"href":"https:\/\/toprisesafety.com\/fr\/wp-json\/wp\/v2\/media\/5956"}],"wp:attachment":[{"href":"https:\/\/toprisesafety.com\/fr\/wp-json\/wp\/v2\/media?parent=5955"}],"wp:term":[{"taxonomy":"product_brand","embeddable":true,"href":"https:\/\/toprisesafety.com\/fr\/wp-json\/wp\/v2\/product_brand?post=5955"},{"taxonomy":"product_cat","embeddable":true,"href":"https:\/\/toprisesafety.com\/fr\/wp-json\/wp\/v2\/product_cat?post=5955"},{"taxonomy":"product_tag","embeddable":true,"href":"https:\/\/toprisesafety.com\/fr\/wp-json\/wp\/v2\/product_tag?post=5955"}],"curies":[{"name":"wp","href":"https:\/\/api.w.org\/{rel}","templated":true}]}}