{"id":5953,"date":"2018-02-25T10:24:57","date_gmt":"2018-02-25T10:24:57","guid":{"rendered":"https:\/\/toprisesafety.com\/product\/pu-coated-anti-cutting-safety-gloves\/"},"modified":"2025-04-14T05:09:00","modified_gmt":"2025-04-14T05:09:00","slug":"pu-coated-anti-cutting-safety-gloves","status":"publish","type":"product","link":"https:\/\/toprisesafety.com\/fr\/produit\/pu-coated-anti-cutting-safety-gloves\/","title":{"rendered":"Gants de s\u00e9curit\u00e9 anti-coupure en PU"},"content":{"rendered":"<p><strong><span style=\"font-size: 140%;\">Gants de s\u00e9curit\u00e9 anti-coupure en PU<\/span><\/strong><\/p>\n<p>Les gants anti-coupures sont con\u00e7us pour prot\u00e9ger les mains de l'utilisateur contre les coupures lorsqu'il travaille avec des outils tranchants. Ils peuvent \u00eatre divis\u00e9s en gants \u00e0 mailles m\u00e9talliques, gants coup\u00e9s-cousus et gants tricot\u00e9s sans couture.<span style=\"color: #555555; font-size: 14.4px;\">La protection contre les coupures est assur\u00e9e par des mat\u00e9riaux de haute performance tels que\u00a0<\/span><a style=\"color: #555555; font-size: 14.4px;\" title=\"Para aramide\">Para aramide<\/a><span style=\"color: #555555; font-size: 14.4px;\">\u00a0(<\/span><a style=\"color: #555555; font-size: 14.4px;\" title=\"Twaron\">Twaron<\/a><span style=\"color: #555555; font-size: 14.4px;\">,\u00a0<\/span><a style=\"color: #555555; font-size: 14.4px;\" title=\"Kevlar\">Kelvar<\/a><span style=\"color: #555555; font-size: 14.4px;\">), HPPE ou fibre d'acier et\u00a0<\/span><a style=\"color: #555555; font-size: 14.4px;\" title=\"Fibre de verre\">fibre de verre<\/a><span style=\"color: #555555; font-size: 14.4px;\">\u00a0fils. Les gants sont g\u00e9n\u00e9ralement enduits d'un rev\u00eatement solide ou en mousse.\u00a0<\/span><a style=\"color: #555555; font-size: 14.4px;\" title=\"Latex\">Latex<\/a><span style=\"color: #555555; font-size: 14.4px;\">,\u00a0<\/span><a style=\"color: #555555; font-size: 14.4px;\" title=\"Nitrile\">Nitrile<\/a><span style=\"color: #555555; font-size: 14.4px;\">\u00a0ou\u00a0<\/span><a style=\"color: #555555; font-size: 14.4px;\" title=\"Polyur\u00e9thane\">Polyur\u00e9thane<\/a><span style=\"color: #555555; font-size: 14.4px;\">.<\/span><span style=\"color: #555555; font-size: 14.4px;\">Fabriqu\u00e9 dans un mat\u00e9riau de premi\u00e8re qualit\u00e9 r\u00e9sistant aux coupures. Gris chin\u00e9 HPPE Mat\u00e9riau polyur\u00e9thane respectueux de l'environnement, haute performance du poly\u00e9thyl\u00e8ne, ce qui le rend respirant, tr\u00e8s \u00e9lastique, l\u00e9ger et confortable.<\/span><\/p>\n<h2><strong>Sp\u00e9cification des gants de s\u00e9curit\u00e9 anti-coupure en PU\u00a0<\/strong><\/h2>\n<ul>\n<li style=\"list-style-type: none;\">\n<ul>\n<li>13Gauge HPPE avec rev\u00eatement PU<\/li>\n<\/ul>\n<\/li>\n<\/ul>\n<ul>\n<li style=\"list-style-type: none;\">\n<ul>\n<li>Anti-coupure grade 3 ou 5 \u00e8me<\/li>\n<\/ul>\n<\/li>\n<\/ul>\n<ul>\n<li style=\"list-style-type: none;\">\n<ul>\n<li>Norme de qualit\u00e9 : CE EN388 (5e cat\u00e9gorie)<\/li>\n<\/ul>\n<\/li>\n<\/ul>\n<ul>\n<li style=\"list-style-type: none;\">\n<ul>\n<li>Gant souple et l\u00e9ger offrant une protection efficace contre les coupures et tr\u00e8s r\u00e9sistant \u00e0 l'abrasion.<\/li>\n<\/ul>\n<\/li>\n<\/ul>\n<ul>\n<li style=\"list-style-type: none;\">\n<ul>\n<li data-spm-anchor-id=\"a2700.details.pronpeci14.i1.7aba2adfJgcbBm\">Prot\u00e8ge la main des huiles et de l'abrasion, tout en restant \u00e9lastique et respirant.<\/li>\n<\/ul>\n<\/li>\n<\/ul>\n<ul>\n<li style=\"list-style-type: none;\">\n<ul>\n<li>Dos de la main respirant pour r\u00e9duire la transpiration<\/li>\n<\/ul>\n<\/li>\n<\/ul>\n<table>\n<tbody>\n<tr>\n<td width=\"189\">Art No.<\/td>\n<td width=\"341\">PUA-02<\/td>\n<\/tr>\n<tr>\n<td width=\"189\">Mat\u00e9riau<\/td>\n<td width=\"341\">Rev\u00eatement HPPE+ PU<\/td>\n<\/tr>\n<tr>\n<td width=\"189\">Grade anti-coupure<\/td>\n<td width=\"341\">\u00a03\u00e8me ou 5\u00e8me ann\u00e9e<\/td>\n<\/tr>\n<tr>\n<td width=\"189\">Taille<\/td>\n<td width=\"341\">9&#8243;,9.5&#8243;,10&#8243;,10.5&#8243;,11&#8243;<\/td>\n<\/tr>\n<tr>\n<td width=\"189\">Style<\/td>\n<td width=\"341\">Poignet tricot\u00e9 \u00e9lastique pour un port confortable<\/td>\n<\/tr>\n<tr>\n<td width=\"189\">Normes de qualit\u00e9<\/td>\n<td width=\"341\">CE EN388<\/td>\n<\/tr>\n<tr>\n<td width=\"189\">Emballage<\/td>\n<td width=\"341\">12PR\/DOZ, 10DOZ\/CTN<\/td>\n<\/tr>\n<\/tbody>\n<\/table>\n<p>TOPRISE prend en charge diff\u00e9rents styles de personnalisation des gants enduits de PU ; cliquez pour <a href=\"https:\/\/toprisesafety.com\/fr\/categorie-produit\/personal-protective-equipment\/hand-protection\/pu-gloves\/\">voir d'autres mod\u00e8les de gants enduits de PU.<\/a><\/p>\n<p>Si vous ne trouvez pas les gants enduits de PU dont vous avez besoin, <a href=\"https:\/\/toprisesafety.com\/fr\/contact-us\/\">nous contacter<\/a>; nous prenons en charge la personnalisation sp\u00e9ciale.<\/p>","protected":false},"excerpt":{"rendered":"<p>No. d'art : PUA-02<\/p>\n<p>Mat\u00e9riau : HPPE + rev\u00eatement PU<\/p>\n<p>Niveau : 3\/5\u00e8me ann\u00e9e anti-coupe<\/p>\n<p>Taille : 9\u2033,9.5\u2033 10\u2033, 10.5\u2033,11\u2033<\/p>\n<p>Norme de qualit\u00e9 : CE EN388<\/p>\n<p>MOQ : 500DOZ<\/p>","protected":false},"featured_media":5954,"template":"","meta":{"_acf_changed":false},"product_brand":[],"product_cat":[345,347],"product_tag":[224],"class_list":{"0":"post-5953","1":"product","2":"type-product","3":"status-publish","4":"has-post-thumbnail","6":"product_cat-hand-protection","7":"product_cat-pu-gloves","8":"product_tag-anti-cut-pu-safety-gloves","10":"first","11":"instock","12":"product-type-simple"},"acf":[],"_links":{"self":[{"href":"https:\/\/toprisesafety.com\/fr\/wp-json\/wp\/v2\/product\/5953"}],"collection":[{"href":"https:\/\/toprisesafety.com\/fr\/wp-json\/wp\/v2\/product"}],"about":[{"href":"https:\/\/toprisesafety.com\/fr\/wp-json\/wp\/v2\/types\/product"}],"wp:featuredmedia":[{"embeddable":true,"href":"https:\/\/toprisesafety.com\/fr\/wp-json\/wp\/v2\/media\/5954"}],"wp:attachment":[{"href":"https:\/\/toprisesafety.com\/fr\/wp-json\/wp\/v2\/media?parent=5953"}],"wp:term":[{"taxonomy":"product_brand","embeddable":true,"href":"https:\/\/toprisesafety.com\/fr\/wp-json\/wp\/v2\/product_brand?post=5953"},{"taxonomy":"product_cat","embeddable":true,"href":"https:\/\/toprisesafety.com\/fr\/wp-json\/wp\/v2\/product_cat?post=5953"},{"taxonomy":"product_tag","embeddable":true,"href":"https:\/\/toprisesafety.com\/fr\/wp-json\/wp\/v2\/product_tag?post=5953"}],"curies":[{"name":"wp","href":"https:\/\/api.w.org\/{rel}","templated":true}]}}