{"id":5948,"date":"2018-02-25T11:13:03","date_gmt":"2018-02-25T11:13:03","guid":{"rendered":"https:\/\/toprisesafety.com\/product\/garden-drill-cotton-gloves-pvc-dots\/"},"modified":"2025-04-14T04:11:48","modified_gmt":"2025-04-14T04:11:48","slug":"garden-drill-cotton-gloves-pvc-dots","status":"publish","type":"product","link":"https:\/\/toprisesafety.com\/fr\/produit\/garden-drill-cotton-gloves-pvc-dots\/","title":{"rendered":"Gants de jardinage en coton avec points en PVC"},"content":{"rendered":"<p><strong><span style=\"font-size: 140%;\">Gants de jardinage en coton avec points en PVC <\/span><\/strong><\/p>\n<ul>\n<li style=\"list-style-type: none;\">\n<ul>\n<li><span data-spm-anchor-id=\"a2700.details.pronpeci14.i1.177c609d5bK7bu\">100% Gants en coton tricot\u00e9 \u00e0 points de forage PVD.<\/span><\/li>\n<\/ul>\n<\/li>\n<\/ul>\n<ul>\n<li style=\"list-style-type: none;\">\n<ul>\n<li>Mat\u00e9riau : 6OZ\/8OZ\/10OZ\/12OZ<\/li>\n<\/ul>\n<\/li>\n<\/ul>\n<ul>\n<li style=\"list-style-type: none;\">\n<ul>\n<li>Poids : 50-90G\/PR<\/li>\n<\/ul>\n<\/li>\n<\/ul>\n<ul>\n<li style=\"list-style-type: none;\">\n<ul>\n<li>Disponible avec un \u00e9tiquetage et une impression personnalis\u00e9s.<\/li>\n<\/ul>\n<\/li>\n<\/ul>\n<ul>\n<li style=\"list-style-type: none;\">\n<ul>\n<li>Application : construction, jardinage, transport, maintenance, travail industriel, travail domestique, travail agricole, etc.<\/li>\n<\/ul>\n<\/li>\n<\/ul>\n<ul>\n<li style=\"list-style-type: none;\">\n<ul>\n<li>Emballage : sac en poly\u00e9thyl\u00e8ne, carte \u00e0 en-t\u00eate, etc. selon les besoins du client.<\/li>\n<\/ul>\n<\/li>\n<\/ul>\n<ul>\n<li style=\"list-style-type: none;\">\n<ul>\n<li>Logo : \u00e9tiquette avec logo du client disponible<\/li>\n<\/ul>\n<\/li>\n<\/ul>\n<ul>\n<li style=\"list-style-type: none;\">\n<ul>\n<li>Points en PVC pour l'antid\u00e9rapance et l'anti-abrasion<\/li>\n<\/ul>\n<\/li>\n<\/ul>\n<ul>\n<li style=\"list-style-type: none;\">\n<ul>\n<li>Pouce en forme d'aile, pouce droit au choix<\/li>\n<\/ul>\n<\/li>\n<\/ul>\n<ul>\n<li style=\"list-style-type: none;\">\n<ul>\n<li>Tricot blanc ou rouge au choix<\/li>\n<\/ul>\n<\/li>\n<\/ul>\n<ul>\n<li style=\"list-style-type: none;\">\n<ul>\n<li>Tricotage respirant sans couture, excellente adh\u00e9rence dans les environnements l\u00e9g\u00e8rement humides<\/li>\n<\/ul>\n<\/li>\n<\/ul>\n<h2><strong>Gants de jardinage en coton avec points en PVC<\/strong><\/h2>\n<table>\n<tbody>\n<tr>\n<td width=\"189\">Art No.<\/td>\n<td width=\"341\">CG02<\/td>\n<\/tr>\n<tr>\n<td width=\"189\">Mat\u00e9riau<\/td>\n<td width=\"341\">Poly\/coton, coton ,5OZ-12OZ<\/td>\n<\/tr>\n<tr>\n<td width=\"189\">Poids<\/td>\n<td width=\"341\">40-90G\/PR<\/td>\n<\/tr>\n<tr>\n<td width=\"189\">Taille<\/td>\n<td width=\"341\">10\",10.5\",11\"<\/td>\n<\/tr>\n<tr>\n<td width=\"189\">Couleur<\/td>\n<td width=\"341\">Vert<\/td>\n<\/tr>\n<tr>\n<td width=\"189\">Logo<\/td>\n<td width=\"341\">Couture d'\u00e9tiquettes<\/td>\n<\/tr>\n<tr>\n<td width=\"189\">Emballage<\/td>\n<td width=\"341\">Sac en poly\u00e9thyl\u00e8ne, carte \u00e0 en-t\u00eate, etc. 12PR\/DOZ, 25DOZ\/CTN<\/td>\n<\/tr>\n<\/tbody>\n<\/table>\n<p><strong><span style=\"font-size: 200%;\">Autres styles de gants en coton au choix :<\/span><\/strong><\/p>\n<p><a href=\"https:\/\/toprisesafety.com\/fr\/produit\/drill-cotton-gloves-pvc-dotted-cotton-gloves\/\"><img fetchpriority=\"high\" decoding=\"async\" class=\"wp-image-877\" src=\"https:\/\/toprisesafety.com\/wp-content\/uploads\/2024\/08\/C01-cotton-gloves-2.jpg\" alt=\"drill cotton gloves PVC dotted cotton gloves\" width=\"636\" height=\"636\" \/><\/a><\/p>\n<p>TOPRISE prend en charge diff\u00e9rents styles de personnalisation des gants en fil de coton. <a href=\"https:\/\/toprisesafety.com\/fr\/categorie-produit\/personal-protective-equipment\/hand-protection\/cotton-gloves\/\">voir d'autres mod\u00e8les de gants en fil de coton.<\/a><\/p>\n<p>Si vous ne trouvez pas les gants en fil de coton dont vous avez besoin, <a href=\"https:\/\/toprisesafety.com\/fr\/contact-us\/\">nous contacter<\/a>; nous prenons en charge la personnalisation sp\u00e9ciale.<\/p>","protected":false},"excerpt":{"rendered":"<p>No. d'art : CG02<\/p>\n<p>Mati\u00e8re : Polyester\/coton, coton<\/p>\n<p>Poids : 40 -90g\/PR<\/p>\n<p>MOQ : 500DOZ 6000PAIRES<\/p>","protected":false},"featured_media":5950,"template":"","meta":{"_acf_changed":false},"product_brand":[],"product_cat":[346,345],"product_tag":[221],"class_list":{"0":"post-5948","1":"product","2":"type-product","3":"status-publish","4":"has-post-thumbnail","6":"product_cat-cotton-gloves","7":"product_cat-hand-protection","8":"product_tag-garden-cotton-gloves","10":"first","11":"instock","12":"product-type-simple"},"acf":[],"_links":{"self":[{"href":"https:\/\/toprisesafety.com\/fr\/wp-json\/wp\/v2\/product\/5948"}],"collection":[{"href":"https:\/\/toprisesafety.com\/fr\/wp-json\/wp\/v2\/product"}],"about":[{"href":"https:\/\/toprisesafety.com\/fr\/wp-json\/wp\/v2\/types\/product"}],"wp:featuredmedia":[{"embeddable":true,"href":"https:\/\/toprisesafety.com\/fr\/wp-json\/wp\/v2\/media\/5950"}],"wp:attachment":[{"href":"https:\/\/toprisesafety.com\/fr\/wp-json\/wp\/v2\/media?parent=5948"}],"wp:term":[{"taxonomy":"product_brand","embeddable":true,"href":"https:\/\/toprisesafety.com\/fr\/wp-json\/wp\/v2\/product_brand?post=5948"},{"taxonomy":"product_cat","embeddable":true,"href":"https:\/\/toprisesafety.com\/fr\/wp-json\/wp\/v2\/product_cat?post=5948"},{"taxonomy":"product_tag","embeddable":true,"href":"https:\/\/toprisesafety.com\/fr\/wp-json\/wp\/v2\/product_tag?post=5948"}],"curies":[{"name":"wp","href":"https:\/\/api.w.org\/{rel}","templated":true}]}}