{"id":5935,"date":"2018-02-26T01:41:02","date_gmt":"2018-02-26T01:41:02","guid":{"rendered":"https:\/\/toprisesafety.com\/product\/rubber-boots-wellington-boots-pvc-boots-ce-en347\/"},"modified":"2025-03-17T04:42:06","modified_gmt":"2025-03-17T04:42:06","slug":"rubber-boots-wellington-boots-pvc-boots-ce-en347","status":"publish","type":"product","link":"https:\/\/toprisesafety.com\/fr\/produit\/rubber-boots-wellington-boots-pvc-boots-ce-en347\/","title":{"rendered":"Bottes en caoutchouc bottes Wellington bottes en PVC CE EN347"},"content":{"rendered":"<p><strong><span style=\"font-size: 140%;\">Bottes en caoutchouc bottes Wellington bottes en PVC CE EN347<\/span><\/strong><\/p>\n<ul>\n<li style=\"list-style-type: none;\">\n<ul>\n<li>Il existe deux types principaux de bottes Wellington : Portable et lourde (avec embout en acier seulement ou avec embout en acier et semelle interm\u00e9diaire en acier).<\/li>\n<\/ul>\n<\/li>\n<\/ul>\n<ul>\n<li style=\"list-style-type: none;\">\n<ul>\n<li>R\u00e9sistant aux graisses et huiles animales, aux acides et aux alcalis, antistatique, imperm\u00e9able, antid\u00e9rapant ;<\/li>\n<\/ul>\n<\/li>\n<\/ul>\n<ul>\n<li style=\"list-style-type: none;\">\n<ul>\n<li><span data-spm-anchor-id=\"a2700.details.pronpeci14.i2.36104feedpxvle\">Haute r\u00e9sistance aux changements brusques de temp\u00e9rature de l'environnement avec une plage de fonctionnement de -20<\/span>\u2103~50\u2103.<\/li>\n<\/ul>\n<\/li>\n<\/ul>\n<ul>\n<li style=\"list-style-type: none;\">\n<ul>\n<li>Applications : industrie, exploitation mini\u00e8re, construction, champs p\u00e9trolif\u00e8res, agriculture, exploitation agricole, usine chimique, usure habituelle contre l'eau pendant les jours de pluie, etc.<\/li>\n<\/ul>\n<\/li>\n<\/ul>\n<h2><strong>Bottes en caoutchouc bottes Wellington bottes en PVC sp\u00e9cification CE EN347 :<\/strong><\/h2>\n<table>\n<tbody>\n<tr>\n<td width=\"284\">Art No.<\/td>\n<td width=\"284\">RB02<\/td>\n<\/tr>\n<tr>\n<td width=\"284\">Style<\/td>\n<td width=\"284\">Bottes portables<\/td>\n<\/tr>\n<tr>\n<td width=\"284\">Mat\u00e9riau<\/td>\n<td width=\"284\">PVC + doublure en tissu \u00e0 s\u00e9chage facile<\/td>\n<\/tr>\n<tr>\n<td width=\"284\">Taille<\/td>\n<td width=\"284\">EUR : 40-46 (US\/UK : 7-12)<\/td>\n<\/tr>\n<tr>\n<td width=\"284\">Couleur<\/td>\n<td width=\"284\">Noir, vert, jaune, blanc, etc.<\/td>\n<\/tr>\n<tr>\n<td width=\"284\">Normes de qualit\u00e9<\/td>\n<td width=\"284\">CE EN 20347<\/td>\n<\/tr>\n<tr>\n<td width=\"284\">Emballage<\/td>\n<td width=\"284\">1PR\/sac en poly\u00e9thyl\u00e8ne, 10PRS\/CTN<\/td>\n<\/tr>\n<tr>\n<td width=\"284\">Taille du carton<\/td>\n<td width=\"284\">50*30*44CM<\/td>\n<\/tr>\n<tr>\n<td width=\"284\">N\/G.W<\/td>\n<td width=\"284\">16\/17KGS<\/td>\n<\/tr>\n<\/tbody>\n<\/table>\n<p>TOPRISE prend en charge diff\u00e9rents styles de bottes en pvc et de bottes en caoutchouc personnalis\u00e9es ; cliquez pour <a href=\"https:\/\/toprisesafety.com\/fr\/categorie-produit\/personal-protective-equipment\/foot-protection\/pvc-boots\/\">voir d'autres mod\u00e8les de bottes en pvc et de bottes en caoutchouc.<\/a><\/p>\n<p>Si vous ne trouvez pas les bottes en pvc et les bottes en caoutchouc dont vous avez besoin <a href=\"https:\/\/toprisesafety.com\/fr\/contact-us\/\">nous contacter<\/a>; nous prenons en charge la personnalisation sp\u00e9ciale.<\/p>\n<p>&nbsp;<\/p>\n<table>\n<tbody>\n<tr>\n<td colspan=\"8\" width=\"568\">&nbsp;<\/p>\n<p style=\"text-align: center;\"><strong>Tableau des tailles de bottes en caoutchouc portables<\/strong><\/p>\n<p>&nbsp;<\/td>\n<\/tr>\n<tr>\n<td width=\"101\">Taille<\/td>\n<td width=\"51\">40(6)<\/td>\n<td width=\"60\">41(7)<\/td>\n<td width=\"71\">42(8)<\/td>\n<td width=\"71\">43(9)<\/td>\n<td width=\"71\">44(10)<\/td>\n<td width=\"71\">45(11)<\/td>\n<td width=\"71\">46(12)<\/td>\n<\/tr>\n<tr>\n<td width=\"101\">Poids\/ kg<\/td>\n<td width=\"51\">1.38<\/td>\n<td width=\"60\">1.41<\/td>\n<td width=\"71\">1.44<\/td>\n<td width=\"71\">1.5<\/td>\n<td width=\"71\">1.53<\/td>\n<td width=\"71\">1.6<\/td>\n<td width=\"71\">1.65<\/td>\n<\/tr>\n<tr>\n<td width=\"101\">Longueur du patin\/mm<\/td>\n<td width=\"51\">265<\/td>\n<td width=\"60\">274<\/td>\n<td width=\"71\">277<\/td>\n<td width=\"71\">283<\/td>\n<td width=\"71\">289<\/td>\n<td width=\"71\">296<\/td>\n<td width=\"71\">302<\/td>\n<\/tr>\n<tr>\n<td width=\"101\">Hauteur des bottes\/mm<\/td>\n<td width=\"51\">375<\/td>\n<td width=\"60\">380<\/td>\n<td width=\"71\">382<\/td>\n<td width=\"71\">385<\/td>\n<td width=\"71\">388<\/td>\n<td width=\"71\">390<\/td>\n<td width=\"71\">393<\/td>\n<\/tr>\n<tr>\n<td width=\"101\">Circonf\u00e9rence du tambour de la botte<\/td>\n<td width=\"51\">216<\/td>\n<td width=\"60\">219<\/td>\n<td width=\"71\">222<\/td>\n<td width=\"71\">225<\/td>\n<td width=\"71\">228<\/td>\n<td width=\"71\">232<\/td>\n<td width=\"71\">235<\/td>\n<\/tr>\n<\/tbody>\n<\/table>","protected":false},"excerpt":{"rendered":"<p>N\u00b0 d'art : RB02<\/p>\n<p>Taille : EUR : 40-46 (US\/UK : 6-12)<\/p>\n<p>Mati\u00e8re : PVC + doublure en tissu facile \u00e0 s\u00e9cher<\/p>\n<p>Couleur : noir, vert, jaune, blanc, etc.<\/p>\n<p>MOQ : 500PRS ; Couleur sp\u00e9ciale :2000PAIRS<\/p>","protected":false},"featured_media":5936,"template":"","meta":{"_acf_changed":false},"product_brand":[],"product_cat":[342,344],"product_tag":[215],"class_list":{"0":"post-5935","1":"product","2":"type-product","3":"status-publish","4":"has-post-thumbnail","6":"product_cat-foot-protection","7":"product_cat-pvc-boots","8":"product_tag-rubber-boots-portable-pvc-boots-wellington-boots","10":"first","11":"instock","12":"product-type-simple"},"acf":[],"_links":{"self":[{"href":"https:\/\/toprisesafety.com\/fr\/wp-json\/wp\/v2\/product\/5935"}],"collection":[{"href":"https:\/\/toprisesafety.com\/fr\/wp-json\/wp\/v2\/product"}],"about":[{"href":"https:\/\/toprisesafety.com\/fr\/wp-json\/wp\/v2\/types\/product"}],"wp:featuredmedia":[{"embeddable":true,"href":"https:\/\/toprisesafety.com\/fr\/wp-json\/wp\/v2\/media\/5936"}],"wp:attachment":[{"href":"https:\/\/toprisesafety.com\/fr\/wp-json\/wp\/v2\/media?parent=5935"}],"wp:term":[{"taxonomy":"product_brand","embeddable":true,"href":"https:\/\/toprisesafety.com\/fr\/wp-json\/wp\/v2\/product_brand?post=5935"},{"taxonomy":"product_cat","embeddable":true,"href":"https:\/\/toprisesafety.com\/fr\/wp-json\/wp\/v2\/product_cat?post=5935"},{"taxonomy":"product_tag","embeddable":true,"href":"https:\/\/toprisesafety.com\/fr\/wp-json\/wp\/v2\/product_tag?post=5935"}],"curies":[{"name":"wp","href":"https:\/\/api.w.org\/{rel}","templated":true}]}}