{"id":5926,"date":"2018-02-26T02:30:50","date_gmt":"2018-02-26T02:30:50","guid":{"rendered":"https:\/\/toprisesafety.com\/product\/rubber-boots-heavy-duty-gum-boots-pvc-boots-ce-en-20345\/"},"modified":"2025-03-17T04:40:53","modified_gmt":"2025-03-17T04:40:53","slug":"rubber-boots-heavy-duty-gum-boots-pvc-boots-ce-en-20345","status":"publish","type":"product","link":"https:\/\/toprisesafety.com\/fr\/produit\/rubber-boots-heavy-duty-gum-boots-pvc-boots-ce-en-20345\/","title":{"rendered":"Bottes en caoutchouc bottes en gomme pour travaux lourds bottes en PVC CE EN 20345"},"content":{"rendered":"<p><strong><span style=\"font-size: 140%;\">Bottes en caoutchouc bottes en gomme pour travaux lourds bottes en PVC CE EN 20345<\/span><\/strong><\/p>\n<ul>\n<li style=\"list-style-type: none;\">\n<ul>\n<li>Il existe deux types principaux de bottes en caoutchouc : Portable et lourde (avec embout en acier seulement ou avec embout en acier et semelle interm\u00e9diaire en acier).<\/li>\n<\/ul>\n<\/li>\n<\/ul>\n<ul>\n<li style=\"list-style-type: none;\">\n<ul>\n<li>R\u00e9sistant aux graisses et huiles animales, aux acides et aux alcalis, antistatique, imperm\u00e9able, antid\u00e9rapant ;<\/li>\n<\/ul>\n<\/li>\n<\/ul>\n<ul>\n<li style=\"list-style-type: none;\">\n<ul>\n<li><span data-spm-anchor-id=\"a2700.details.pronpeci14.i2.36104feedpxvle\">Haute r\u00e9sistance aux changements brusques de temp\u00e9rature de l'environnement avec une plage de fonctionnement de -20<\/span>\u2103~50\u2103.<\/li>\n<\/ul>\n<\/li>\n<\/ul>\n<ul>\n<li style=\"list-style-type: none;\">\n<ul>\n<li>Applications : industrie, exploitation mini\u00e8re, construction, champs p\u00e9trolif\u00e8res, agriculture, exploitation agricole, usine chimique, usure habituelle contre l'eau pendant les jours de pluie, etc.<\/li>\n<\/ul>\n<\/li>\n<\/ul>\n<h2>Bottes en caoutchouc bottes en gomme pour travaux lourds bottes en PVC CE EN 20345<\/h2>\n<table>\n<tbody>\n<tr>\n<td width=\"284\">Art No.<\/td>\n<td width=\"284\">RB04<\/td>\n<\/tr>\n<tr>\n<td width=\"284\">Style<\/td>\n<td width=\"284\">Bottes en caoutchouc r\u00e9sistantes<\/td>\n<\/tr>\n<tr>\n<td width=\"284\">Mat\u00e9riau<\/td>\n<td width=\"284\">PVC + doublure en tissu \u00e0 s\u00e9chage facile<\/td>\n<\/tr>\n<tr>\n<td width=\"284\">Fonctionnalit\u00e9<\/td>\n<td width=\"284\">Embout en acier 200J, semelle interm\u00e9diaire en acier pour le choix<\/td>\n<\/tr>\n<tr>\n<td width=\"284\">Taille<\/td>\n<td width=\"284\">EUR : 37-47<\/td>\n<\/tr>\n<tr>\n<td width=\"284\">Couleur<\/td>\n<td width=\"284\">Noir, vert, jaune, blanc, etc.<\/td>\n<\/tr>\n<tr>\n<td width=\"284\">Normes de qualit\u00e9<\/td>\n<td width=\"284\">CE EN 20345<\/td>\n<\/tr>\n<tr>\n<td width=\"284\">Emballage<\/td>\n<td width=\"284\">1PR\/sac en poly\u00e9thyl\u00e8ne, 10PRS\/CTN<\/td>\n<\/tr>\n<tr>\n<td width=\"284\">Taille du carton<\/td>\n<td width=\"284\">41*42*51CM<\/td>\n<\/tr>\n<tr>\n<td width=\"284\">N\/G.W<\/td>\n<td width=\"284\">20\/21KGS<\/td>\n<\/tr>\n<\/tbody>\n<\/table>\n<p>TOPRISE prend en charge diff\u00e9rents styles de bottes en pvc et de bottes en caoutchouc personnalis\u00e9es ; cliquez pour <a href=\"https:\/\/toprisesafety.com\/fr\/categorie-produit\/personal-protective-equipment\/foot-protection\/pvc-boots\/\">voir d'autres mod\u00e8les de bottes en pvc et de bottes en caoutchouc.<\/a><\/p>\n<p>Si vous ne trouvez pas les bottes en pvc et les bottes en caoutchouc dont vous avez besoin <a href=\"https:\/\/toprisesafety.com\/fr\/contact-us\/\">nous contacter<\/a>; nous prenons en charge la personnalisation sp\u00e9ciale.<\/p>\n<p>&nbsp;<\/p>\n<table width=\"889\">\n<tbody>\n<tr>\n<td style=\"font-weight: 400; text-align: center;\" colspan=\"6\" width=\"806\"><strong>Tableau des tailles de bottes en caoutchouc pour travaux lourds\u00a0<\/strong><\/td>\n<\/tr>\n<tr>\n<td style=\"font-weight: 400;\" width=\"115\">Taille<\/td>\n<td style=\"font-weight: 400;\" width=\"151\">Hauteur (cm)<\/td>\n<td style=\"font-weight: 400;\" width=\"138\">Epaisseurs sup\u00e9rieures (mm)<\/td>\n<td style=\"font-weight: 400;\" width=\"115\">Poids (g)<\/td>\n<td style=\"font-weight: 400;\" width=\"172\">Longueur de la semelle \uff08cm\uff09<\/td>\n<td style=\"font-weight: 400;\" width=\"198\">Largeur de la semelle (cm)<\/td>\n<\/tr>\n<tr>\n<td style=\"font-weight: 400;\" width=\"115\">4(37)<\/td>\n<td style=\"font-weight: 400;\" width=\"151\">38.4<\/td>\n<td style=\"font-weight: 400;\" width=\"138\">4-2.5<\/td>\n<td style=\"font-weight: 400;\" width=\"115\">1836<\/td>\n<td style=\"font-weight: 400;\" width=\"172\">24.8<\/td>\n<td style=\"font-weight: 400;\" width=\"198\">9<\/td>\n<\/tr>\n<tr>\n<td style=\"font-weight: 400;\" width=\"115\">5(38)<\/td>\n<td style=\"font-weight: 400;\" width=\"151\">38.6<\/td>\n<td style=\"font-weight: 400;\" width=\"138\">4-2.5<\/td>\n<td style=\"font-weight: 400;\" width=\"115\">1860<\/td>\n<td style=\"font-weight: 400;\" width=\"172\">25.4<\/td>\n<td style=\"font-weight: 400;\" width=\"198\">9.2<\/td>\n<\/tr>\n<tr>\n<td style=\"font-weight: 400;\" width=\"115\">6(39)<\/td>\n<td style=\"font-weight: 400;\" width=\"151\">38.7<\/td>\n<td style=\"font-weight: 400;\" width=\"138\">4-2.5<\/td>\n<td style=\"font-weight: 400;\" width=\"115\">1878<\/td>\n<td style=\"font-weight: 400;\" width=\"172\">26.6<\/td>\n<td style=\"font-weight: 400;\" width=\"198\">9.4<\/td>\n<\/tr>\n<tr>\n<td style=\"font-weight: 400;\" width=\"115\">7(40)<\/td>\n<td style=\"font-weight: 400;\" width=\"151\">39.1<\/td>\n<td style=\"font-weight: 400;\" width=\"138\">4-2.5<\/td>\n<td style=\"font-weight: 400;\" width=\"115\">1908<\/td>\n<td style=\"font-weight: 400;\" width=\"172\">27.2<\/td>\n<td style=\"font-weight: 400;\" width=\"198\">9.5<\/td>\n<\/tr>\n<tr>\n<td style=\"font-weight: 400;\" width=\"115\">8(41)<\/td>\n<td style=\"font-weight: 400;\" width=\"151\">39.4<\/td>\n<td style=\"font-weight: 400;\" width=\"138\">4-2.5<\/td>\n<td style=\"font-weight: 400;\" width=\"115\">2000<\/td>\n<td style=\"font-weight: 400;\" width=\"172\">28.2<\/td>\n<td style=\"font-weight: 400;\" width=\"198\">9.6<\/td>\n<\/tr>\n<tr>\n<td style=\"font-weight: 400;\" width=\"115\">9(42)<\/td>\n<td style=\"font-weight: 400;\" width=\"151\">39.7<\/td>\n<td style=\"font-weight: 400;\" width=\"138\">4-2.5<\/td>\n<td style=\"font-weight: 400;\" width=\"115\">2115<\/td>\n<td style=\"font-weight: 400;\" width=\"172\">28.6<\/td>\n<td style=\"font-weight: 400;\" width=\"198\">9.8<\/td>\n<\/tr>\n<tr>\n<td style=\"font-weight: 400;\" width=\"115\">10(43)<\/td>\n<td style=\"font-weight: 400;\" width=\"151\">40<\/td>\n<td style=\"font-weight: 400;\" width=\"138\">4-2.5<\/td>\n<td style=\"font-weight: 400;\" width=\"115\">2235<\/td>\n<td style=\"font-weight: 400;\" width=\"172\">29.6<\/td>\n<td style=\"font-weight: 400;\" width=\"198\">10.1<\/td>\n<\/tr>\n<tr>\n<td style=\"font-weight: 400;\" width=\"115\">11(44)<\/td>\n<td style=\"font-weight: 400;\" width=\"151\">40.2<\/td>\n<td style=\"font-weight: 400;\" width=\"138\">4-2.5<\/td>\n<td style=\"font-weight: 400;\" width=\"115\">2386<\/td>\n<td style=\"font-weight: 400;\" width=\"172\">30.2<\/td>\n<td style=\"font-weight: 400;\" width=\"198\">10.2<\/td>\n<\/tr>\n<tr>\n<td style=\"font-weight: 400;\" width=\"115\">12(45)<\/td>\n<td style=\"font-weight: 400;\" width=\"151\">40.5<\/td>\n<td style=\"font-weight: 400;\" width=\"138\">4-2.5<\/td>\n<td style=\"font-weight: 400;\" width=\"115\">2439<\/td>\n<td style=\"font-weight: 400;\" width=\"172\">31<\/td>\n<td style=\"font-weight: 400;\" width=\"198\">10.4<\/td>\n<\/tr>\n<tr>\n<td style=\"font-weight: 400;\" width=\"115\">13(46)<\/td>\n<td style=\"font-weight: 400;\" width=\"151\">40.8<\/td>\n<td style=\"font-weight: 400;\" width=\"138\">4-2.5<\/td>\n<td style=\"font-weight: 400;\" width=\"115\">2493<\/td>\n<td style=\"font-weight: 400;\" width=\"172\">31.8<\/td>\n<td style=\"font-weight: 400;\" width=\"198\">10.6<\/td>\n<\/tr>\n<tr>\n<td style=\"font-weight: 400;\" width=\"115\">13(47)<\/td>\n<td style=\"font-weight: 400;\" width=\"151\">41.2<\/td>\n<td style=\"font-weight: 400;\" width=\"138\">4-2.5<\/td>\n<td style=\"font-weight: 400;\" width=\"115\">2554<\/td>\n<td style=\"font-weight: 400;\" width=\"172\">32.3<\/td>\n<td style=\"font-weight: 400;\" width=\"198\">10.8<\/td>\n<\/tr>\n<\/tbody>\n<\/table>","protected":false},"excerpt":{"rendered":"<p>N\u00b0 d'art : RB04<\/p>\n<p>Taille : EUR : 37-47<\/p>\n<p>Mati\u00e8re : PVC + doublure en tissu facile \u00e0 s\u00e9cher<\/p>\n<p>Couleur : noir, vert, jaune, blanc, etc.<\/p>\n<p>MOQ : 500PRS ; Couleur sp\u00e9ciale :2000PAIRS<\/p>","protected":false},"featured_media":5927,"template":"","meta":{"_acf_changed":false},"product_brand":[],"product_cat":[342,344],"product_tag":[213],"class_list":{"0":"post-5926","1":"product","2":"type-product","3":"status-publish","4":"has-post-thumbnail","6":"product_cat-foot-protection","7":"product_cat-pvc-boots","8":"product_tag-rubber-boots-heavy-duty-gum-boots-pvc-boots-ce-en20345","10":"first","11":"instock","12":"product-type-simple"},"acf":[],"_links":{"self":[{"href":"https:\/\/toprisesafety.com\/fr\/wp-json\/wp\/v2\/product\/5926"}],"collection":[{"href":"https:\/\/toprisesafety.com\/fr\/wp-json\/wp\/v2\/product"}],"about":[{"href":"https:\/\/toprisesafety.com\/fr\/wp-json\/wp\/v2\/types\/product"}],"wp:featuredmedia":[{"embeddable":true,"href":"https:\/\/toprisesafety.com\/fr\/wp-json\/wp\/v2\/media\/5927"}],"wp:attachment":[{"href":"https:\/\/toprisesafety.com\/fr\/wp-json\/wp\/v2\/media?parent=5926"}],"wp:term":[{"taxonomy":"product_brand","embeddable":true,"href":"https:\/\/toprisesafety.com\/fr\/wp-json\/wp\/v2\/product_brand?post=5926"},{"taxonomy":"product_cat","embeddable":true,"href":"https:\/\/toprisesafety.com\/fr\/wp-json\/wp\/v2\/product_cat?post=5926"},{"taxonomy":"product_tag","embeddable":true,"href":"https:\/\/toprisesafety.com\/fr\/wp-json\/wp\/v2\/product_tag?post=5926"}],"curies":[{"name":"wp","href":"https:\/\/api.w.org\/{rel}","templated":true}]}}