{"id":5922,"date":"2018-02-26T03:19:36","date_gmt":"2018-02-26T03:19:36","guid":{"rendered":"https:\/\/toprisesafety.com\/product\/buffalo-safety-shoes-ce-standard\/"},"modified":"2025-03-11T08:07:44","modified_gmt":"2025-03-11T08:07:44","slug":"buffalo-safety-shoes-ce-standard","status":"publish","type":"product","link":"https:\/\/toprisesafety.com\/fr\/produit\/buffalo-safety-shoes-ce-standard\/","title":{"rendered":"Chaussures de s\u00e9curit\u00e9 Buffalo norme CE"},"content":{"rendered":"<p><span style=\"font-size: 140%;\">Chaussures de s\u00e9curit\u00e9 Buffalo norme CE<\/span><\/p>\n<ul>\n<li style=\"list-style-type: none;\">\n<ul>\n<li>Tige en cuir de buffle v\u00e9ritable pour une meilleure durabilit\u00e9 et une meilleure respirabilit\u00e9.<\/li>\n<\/ul>\n<\/li>\n<\/ul>\n<ul>\n<li style=\"list-style-type: none;\">\n<ul>\n<li data-spm-anchor-id=\"a2700.details.pronpeci14.i1.57387f9eZgw8D0\">Semelle antid\u00e9rapante extra l\u00e9g\u00e8re en PU inject\u00e9.<\/li>\n<\/ul>\n<\/li>\n<\/ul>\n<ul>\n<li style=\"list-style-type: none;\">\n<ul>\n<li>Coutures lat\u00e9rales renforc\u00e9es suppl\u00e9mentaires pour une excellente adh\u00e9rence.<\/li>\n<\/ul>\n<\/li>\n<\/ul>\n<ul>\n<li style=\"list-style-type: none;\">\n<ul>\n<li>Doublure extra douce pour un confort ultime et une excellente absorption de la transpiration.<\/li>\n<\/ul>\n<\/li>\n<\/ul>\n<ul>\n<li style=\"list-style-type: none;\">\n<ul>\n<li>Embout en acier r\u00e9sistant \u00e0 la corrosion et conforme aux normes de s\u00e9curit\u00e9 europ\u00e9ennes (CE EN345) pour une protection contre les chocs de 200 joules.<\/li>\n<\/ul>\n<\/li>\n<\/ul>\n<ul>\n<li style=\"list-style-type: none;\">\n<ul>\n<li>Semelle interm\u00e9diaire en acier (en option) conforme aux normes de s\u00e9curit\u00e9 europ\u00e9ennes (CE EN345) pour une r\u00e9sistance \u00e0 la p\u00e9n\u00e9tration d'au moins 1 100 Newton.<\/li>\n<\/ul>\n<\/li>\n<\/ul>\n<ul>\n<li style=\"list-style-type: none;\">\n<ul>\n<li>Semelle antid\u00e9rapante, di\u00e9lectrique, antistatique, r\u00e9sistante \u00e0 la chaleur, r\u00e9sistante \u00e0 l'huile, \u00e0 l'acide et \u00e0 l'alcali (en option)<\/li>\n<\/ul>\n<\/li>\n<\/ul>\n<ul>\n<li style=\"list-style-type: none;\">\n<ul>\n<li>Application :\u00a0<span data-spm-anchor-id=\"a2700.details.pronpeci14.i1.1a0c748bDlCqVn\">l'industrie de l'\u00e9nergie \u00e9lectrique, la fonderie, la construction, la construction automobile, l'approvisionnement en \u00e9nergie, l'exploitation mini\u00e8re, le jardinage, l'industrie chimique, la logistique, l'industrie sid\u00e9rurgique et autres industries lourdes similaires, etc.\u00a0<\/span><\/li>\n<\/ul>\n<\/li>\n<\/ul>\n<ul>\n<li style=\"list-style-type: none;\">\n<ul>\n<li>Antiperforation, Antistatique, Antid\u00e9rapant<\/li>\n<\/ul>\n<\/li>\n<\/ul>\n<ul>\n<li style=\"list-style-type: none;\">\n<ul>\n<li>Diff\u00e9rents niveaux de qualit\u00e9 CE au choix<\/li>\n<\/ul>\n<\/li>\n<\/ul>\n<table>\n<tbody>\n<tr>\n<td width=\"112\"><strong><b>St<\/b><\/strong><strong><b>andards<\/b><\/strong><\/td>\n<td width=\"158\"><strong><b>Int\u00e9rieur<\/b><\/strong><\/td>\n<td width=\"288\"><strong><b>Fonction<\/b><\/strong><\/td>\n<\/tr>\n<tr>\n<td width=\"112\">SB<\/td>\n<td width=\"158\">Embout en acier<\/td>\n<td width=\"288\">R\u00e9sistant aux chocs, aux huiles et aux acides<\/td>\n<\/tr>\n<tr>\n<td width=\"112\">SBP<\/td>\n<td width=\"158\">Embout et plaque d'acier<\/td>\n<td width=\"288\">Antichoc, antiperforation, r\u00e9sistant aux chocs, aux huiles et aux acides<\/td>\n<\/tr>\n<tr>\n<td width=\"112\">S1<\/td>\n<td width=\"158\">Embout en acier<\/td>\n<td width=\"288\">Anti-chocs, anti-statique, r\u00e9sistant aux chocs, aux huiles et aux acides<\/td>\n<\/tr>\n<tr>\n<td width=\"112\">S1P<\/td>\n<td width=\"158\">Embout et plaque d'acier<\/td>\n<td width=\"288\">Antichoc, antiperforation, antistatique, r\u00e9sistant aux chocs, \u00e0 l'huile et \u00e0 l'acide<\/td>\n<\/tr>\n<tr>\n<td width=\"112\">S2<\/td>\n<td width=\"158\">Embout en acier<\/td>\n<td width=\"288\">\u00c9tanche, antichoc, antistatique, r\u00e9sistant aux chocs, aux huiles et aux acides<\/td>\n<\/tr>\n<tr>\n<td width=\"112\">S3<\/td>\n<td width=\"158\">Embout et plaque d'acier<\/td>\n<td width=\"288\">Imperm\u00e9able, antichoc, antiperforation, antistatique, r\u00e9sistant aux chocs, r\u00e9sistant aux huiles et aux acides<\/td>\n<\/tr>\n<\/tbody>\n<\/table>\n<p>TOPRISE prend en charge diff\u00e9rents styles de personnalisation des chaussures de s\u00e9curit\u00e9 ; cliquez pour voir <a href=\"https:\/\/toprisesafety.com\/fr\/categorie-produit\/personal-protective-equipment\/foot-protection\/safety-shoes\/\">plus de styles de chaussures de s\u00e9curit\u00e9<\/a>.<\/p>\n<p>Si vous ne trouvez pas les chaussures de s\u00e9curit\u00e9 dont vous avez besoin, contactez-nous ; nous sommes en mesure de r\u00e9aliser des personnalisations sp\u00e9ciales.<\/p>\n<h2><strong>Chaussures de s\u00e9curit\u00e9 Buffalo Sp\u00e9cification de la norme CE :\u00a0<\/strong><\/h2>\n<table>\n<tbody>\n<tr>\n<td width=\"284\">Art No.<\/td>\n<td width=\"284\">SPU01<\/td>\n<\/tr>\n<tr>\n<td width=\"284\">Mat\u00e9riau<\/td>\n<td width=\"284\">Cuir de buffle, semelle en PU, doublure en tissu<\/td>\n<\/tr>\n<tr>\n<td width=\"284\">Atelier<\/td>\n<td width=\"284\">Injection de PU<\/td>\n<\/tr>\n<tr>\n<td width=\"284\">Taille<\/td>\n<td width=\"284\">37-47<\/td>\n<\/tr>\n<tr>\n<td width=\"284\">Niveau de qualit\u00e9<\/td>\n<td width=\"284\">SB, SBP,S1,S2,S3<\/td>\n<\/tr>\n<tr>\n<td width=\"284\">Normes de qualit\u00e9<\/td>\n<td width=\"284\">CE EN 20345<\/td>\n<\/tr>\n<tr>\n<td width=\"284\">Logo<\/td>\n<td width=\"284\">Le logo du client est disponible<\/td>\n<\/tr>\n<tr>\n<td width=\"284\">Emballage<\/td>\n<td width=\"284\">1PR\/Color box, 10PRS\/CTN<\/td>\n<\/tr>\n<\/tbody>\n<\/table>\n<p><img fetchpriority=\"high\" decoding=\"async\" class=\"alignnone size-full wp-image-930\" src=\"https:\/\/toprisesafety.com\/wp-content\/uploads\/2024\/08\/safety-shoes-structure.jpg\" alt=\"\" width=\"757\" height=\"627\" \/><\/p>","protected":false},"excerpt":{"rendered":"<p>No. d'art : SPU01<\/p>\n<p>Taille : 37-47<\/p>\n<p>Mati\u00e8re : Cuir de buffle + semelle en PU + doublure en tissu<\/p>\n<p>Ex\u00e9cution : Semelle inject\u00e9e en PU<\/p>\n<p>MOQ : 500PRS<\/p>","protected":false},"featured_media":5923,"template":"","meta":{"_acf_changed":false},"product_brand":[],"product_cat":[342,343],"product_tag":[210],"class_list":{"0":"post-5922","1":"product","2":"type-product","3":"status-publish","4":"has-post-thumbnail","6":"product_cat-foot-protection","7":"product_cat-safety-shoes","8":"product_tag-buffalo-safety-shoes","10":"first","11":"instock","12":"product-type-simple"},"acf":[],"_links":{"self":[{"href":"https:\/\/toprisesafety.com\/fr\/wp-json\/wp\/v2\/product\/5922"}],"collection":[{"href":"https:\/\/toprisesafety.com\/fr\/wp-json\/wp\/v2\/product"}],"about":[{"href":"https:\/\/toprisesafety.com\/fr\/wp-json\/wp\/v2\/types\/product"}],"wp:featuredmedia":[{"embeddable":true,"href":"https:\/\/toprisesafety.com\/fr\/wp-json\/wp\/v2\/media\/5923"}],"wp:attachment":[{"href":"https:\/\/toprisesafety.com\/fr\/wp-json\/wp\/v2\/media?parent=5922"}],"wp:term":[{"taxonomy":"product_brand","embeddable":true,"href":"https:\/\/toprisesafety.com\/fr\/wp-json\/wp\/v2\/product_brand?post=5922"},{"taxonomy":"product_cat","embeddable":true,"href":"https:\/\/toprisesafety.com\/fr\/wp-json\/wp\/v2\/product_cat?post=5922"},{"taxonomy":"product_tag","embeddable":true,"href":"https:\/\/toprisesafety.com\/fr\/wp-json\/wp\/v2\/product_tag?post=5922"}],"curies":[{"name":"wp","href":"https:\/\/api.w.org\/{rel}","templated":true}]}}