{"id":5905,"date":"2018-02-26T05:10:53","date_gmt":"2018-02-26T05:10:53","guid":{"rendered":"https:\/\/toprisesafety.com\/product\/cheap-reflective-running-vest\/"},"modified":"2025-05-06T07:45:11","modified_gmt":"2025-05-06T07:45:11","slug":"cheap-reflective-running-vest","status":"publish","type":"product","link":"https:\/\/toprisesafety.com\/fr\/produit\/cheap-reflective-running-vest\/","title":{"rendered":"Gilet de course r\u00e9fl\u00e9chissant bon march\u00e9"},"content":{"rendered":"<p><strong><span style=\"font-size: 140%;\">Gilet de course r\u00e9fl\u00e9chissant bon march\u00e9 <\/span><\/strong><\/p>\n<ul>\n<li style=\"list-style-type: none;\">\n<ul>\n<li>Gilet de s\u00e9curit\u00e9 muni de bandes r\u00e9fl\u00e9chissantes et destin\u00e9 \u00e0 prot\u00e9ger la s\u00e9curit\u00e9 des ouvriers du b\u00e2timent, des mineurs, des travailleurs du p\u00e9trole et du gaz, des travailleurs industriels, des coureurs, des pi\u00e9tons, des v\u00e9hicules non motoris\u00e9s, etc.<\/li>\n<\/ul>\n<\/li>\n<\/ul>\n<ul>\n<li style=\"list-style-type: none;\">\n<ul>\n<li>Les personnes qui portent un gilet de s\u00e9curit\u00e9 peuvent \u00eatre facilement rep\u00e9r\u00e9es car le mat\u00e9riau du gilet est fluorescent. Et la nuit, les personnes qui portent un gilet de s\u00e9curit\u00e9 peuvent \u00eatre facilement rep\u00e9r\u00e9es car le gilet est \u00e9quip\u00e9 d'une bande r\u00e9fl\u00e9chissante qui se refl\u00e8te sous la lumi\u00e8re.<\/li>\n<\/ul>\n<\/li>\n<\/ul>\n<ul>\n<li style=\"list-style-type: none;\">\n<ul>\n<li>Convient \u00e0 la visibilit\u00e9 de jour comme de nuit pour prot\u00e9ger la s\u00e9curit\u00e9 des personnes.<\/li>\n<\/ul>\n<\/li>\n<\/ul>\n<ul>\n<li style=\"list-style-type: none;\">\n<ul>\n<li>Le mat\u00e9riau principal du gilet de s\u00e9curit\u00e9 est le tricot ou le tissu en maille.<\/li>\n<\/ul>\n<\/li>\n<\/ul>\n<ul>\n<li style=\"list-style-type: none;\">\n<ul>\n<li>Nous disposons d'adh\u00e9sifs r\u00e9fl\u00e9chissants \u00e0 haute visibilit\u00e9 de classe 2, d'adh\u00e9sifs r\u00e9fl\u00e9chissants normaux et d'adh\u00e9sifs r\u00e9fl\u00e9chissants 3M de haute qualit\u00e9, etc.<\/li>\n<\/ul>\n<\/li>\n<\/ul>\n<ul>\n<li style=\"list-style-type: none;\">\n<ul>\n<li>Domaine d'application :<\/li>\n<\/ul>\n<\/li>\n<\/ul>\n<ul>\n<li style=\"list-style-type: none;\">\n<ul>\n<li>motocyclisme<\/li>\n<\/ul>\n<\/li>\n<\/ul>\n<ul>\n<li style=\"list-style-type: none;\">\n<ul>\n<li>en cours d'ex\u00e9cution<\/li>\n<\/ul>\n<\/li>\n<\/ul>\n<ul>\n<li style=\"list-style-type: none;\">\n<ul>\n<li>l'\u00e9quitation<\/li>\n<\/ul>\n<\/li>\n<\/ul>\n<ul>\n<li style=\"list-style-type: none;\">\n<ul>\n<li>\u00e9quitation de plein air<\/li>\n<\/ul>\n<\/li>\n<\/ul>\n<ul>\n<li style=\"list-style-type: none;\">\n<ul>\n<li>promenades de chiens<\/li>\n<\/ul>\n<\/li>\n<\/ul>\n<ul>\n<li style=\"list-style-type: none;\">\n<ul>\n<li>construction<\/li>\n<\/ul>\n<\/li>\n<\/ul>\n<ul>\n<li style=\"list-style-type: none;\">\n<ul>\n<li>l'exploitation mini\u00e8re<\/li>\n<\/ul>\n<\/li>\n<\/ul>\n<ul>\n<li style=\"list-style-type: none;\">\n<ul>\n<li>g\u00e9om\u00e8tre<\/li>\n<\/ul>\n<\/li>\n<\/ul>\n<ul>\n<li style=\"list-style-type: none;\">\n<ul>\n<li>police de la route<\/li>\n<\/ul>\n<\/li>\n<\/ul>\n<ul>\n<li style=\"list-style-type: none;\">\n<ul>\n<li>s\u00e9curit\u00e9<\/li>\n<\/ul>\n<\/li>\n<\/ul>\n<ul>\n<li style=\"list-style-type: none;\">\n<ul>\n<li>for\u00eat<\/li>\n<\/ul>\n<\/li>\n<\/ul>\n<ul>\n<li style=\"list-style-type: none;\">\n<ul>\n<li>chemin de fer<\/li>\n<\/ul>\n<\/li>\n<\/ul>\n<h2><strong>Sp\u00e9cification de la veste de course r\u00e9fl\u00e9chissante bon march\u00e9 :<\/strong><\/h2>\n<table>\n<tbody>\n<tr>\n<td width=\"284\">Art No.<\/td>\n<td width=\"332\">SV04<\/td>\n<\/tr>\n<tr>\n<td width=\"284\">Mat\u00e9riau du tissu<\/td>\n<td width=\"332\">100%polyester tricot\u00e9 fluorescent<\/td>\n<\/tr>\n<tr>\n<td width=\"284\">Bande r\u00e9fl\u00e9chissante<\/td>\n<td width=\"332\">Visibilit\u00e9 normale, haute visibilit\u00e9<\/td>\n<\/tr>\n<tr>\n<td width=\"284\">Bande r\u00e9fl\u00e9chissante<\/td>\n<td width=\"332\">Bande T\/C argent\u00e9e, 2 CM \"X\" et bande r\u00e9fl\u00e9chissante normale \"-\" \u00e0 l'arri\u00e8re.<\/td>\n<\/tr>\n<tr>\n<td width=\"284\">Poids du mat\u00e9riau<\/td>\n<td width=\"332\">50 G\/ SQM<\/td>\n<\/tr>\n<tr>\n<td width=\"284\">Couleur<\/td>\n<td width=\"332\">Jaune fluorescent, vert fluorescent, rouge-orange<\/td>\n<\/tr>\n<tr>\n<td width=\"284\">Mouche du coche<\/td>\n<td width=\"332\">NON<\/td>\n<\/tr>\n<tr>\n<td width=\"284\">Normes de qualit\u00e9<\/td>\n<td width=\"332\">NON<\/td>\n<\/tr>\n<tr>\n<td width=\"284\">Logo<\/td>\n<td width=\"332\">Possibilit\u00e9 d'imprimer le logo du client ou l'\u00e9tiquette du logo<\/td>\n<\/tr>\n<tr>\n<td width=\"284\">MOQ<\/td>\n<td width=\"332\">2000PCS<\/td>\n<\/tr>\n<tr>\n<td width=\"284\">Emballage<\/td>\n<td width=\"332\">1PC\/OPP, 200PC\/CTN, emballage sp\u00e9cial selon la demande du client<\/td>\n<\/tr>\n<\/tbody>\n<\/table>\n<p>TOPRISE prend en charge diff\u00e9rents styles de personnalisation des gilets de s\u00e9curit\u00e9. <a href=\"https:\/\/toprisesafety.com\/fr\/categorie-produit\/road-safety-products\/warning-wear\/warning-vest-sun-shade\/\">voir d'autres mod\u00e8les de gilets de s\u00e9curit\u00e9.<\/a><\/p>\n<p>Si vous ne trouvez pas les gilets de s\u00e9curit\u00e9 requis,<a href=\"https:\/\/toprisesafety.com\/fr\/contact-us\/\"> nous contacter ;<\/a> nous offrons la possibilit\u00e9 d'une personnalisation sp\u00e9ciale.<\/p>","protected":false},"excerpt":{"rendered":"<p>No. d'art : SV04<\/p>\n<p>Mati\u00e8re : 100%polyester<\/p>\n<p>Taille : S-XXXL<\/p>\n<p>Couleur : jaune\/vert\/orange\/rouge fluorescent<\/p>\n<p>Impression du logo : disponible<\/p>\n<p>MOQ : 1000PCS<\/p>","protected":false},"featured_media":5906,"template":"","meta":{"_acf_changed":false},"product_brand":[],"product_cat":[325,341],"product_tag":[198,199],"class_list":{"0":"post-5905","1":"product","2":"type-product","3":"status-publish","4":"has-post-thumbnail","6":"product_cat-road-safety-products","7":"product_cat-warning-vest-sun-shade","8":"product_tag-cheap-reflective-running-vest","9":"product_tag-cheap-reflective-safety-vest","11":"first","12":"instock","13":"product-type-simple"},"acf":[],"_links":{"self":[{"href":"https:\/\/toprisesafety.com\/fr\/wp-json\/wp\/v2\/product\/5905"}],"collection":[{"href":"https:\/\/toprisesafety.com\/fr\/wp-json\/wp\/v2\/product"}],"about":[{"href":"https:\/\/toprisesafety.com\/fr\/wp-json\/wp\/v2\/types\/product"}],"wp:featuredmedia":[{"embeddable":true,"href":"https:\/\/toprisesafety.com\/fr\/wp-json\/wp\/v2\/media\/5906"}],"wp:attachment":[{"href":"https:\/\/toprisesafety.com\/fr\/wp-json\/wp\/v2\/media?parent=5905"}],"wp:term":[{"taxonomy":"product_brand","embeddable":true,"href":"https:\/\/toprisesafety.com\/fr\/wp-json\/wp\/v2\/product_brand?post=5905"},{"taxonomy":"product_cat","embeddable":true,"href":"https:\/\/toprisesafety.com\/fr\/wp-json\/wp\/v2\/product_cat?post=5905"},{"taxonomy":"product_tag","embeddable":true,"href":"https:\/\/toprisesafety.com\/fr\/wp-json\/wp\/v2\/product_tag?post=5905"}],"curies":[{"name":"wp","href":"https:\/\/api.w.org\/{rel}","templated":true}]}}