{"id":5893,"date":"2018-02-26T06:05:59","date_gmt":"2018-02-26T06:05:59","guid":{"rendered":"https:\/\/toprisesafety.com\/product\/mesh-warning-vest\/"},"modified":"2025-05-06T07:42:31","modified_gmt":"2025-05-06T07:42:31","slug":"mesh-warning-vest","status":"publish","type":"product","link":"https:\/\/toprisesafety.com\/fr\/produit\/mesh-warning-vest\/","title":{"rendered":"Gilet d'avertissement en maille"},"content":{"rendered":"<p><strong><span style=\"font-size: 140%;\">Gilet d'avertissement en maille <\/span><\/strong><\/p>\n<ul>\n<li style=\"list-style-type: none;\">\n<ul>\n<li>Le gilet de s\u00e9curit\u00e9 est \u00e9quip\u00e9 d'une bande r\u00e9fl\u00e9chissante et est destin\u00e9 \u00e0 prot\u00e9ger la s\u00e9curit\u00e9 des travailleurs de la construction, des mineurs, des travailleurs du p\u00e9trole et du gaz, des travailleurs industriels, des coureurs, des pi\u00e9tons, des v\u00e9hicules non motoris\u00e9s, etc. Les personnes qui portent un gilet de s\u00e9curit\u00e9 peuvent \u00eatre facilement rep\u00e9r\u00e9es gr\u00e2ce \u00e0 la mati\u00e8re fluorescente du gilet et, la nuit, les personnes qui portent un gilet de s\u00e9curit\u00e9 peuvent \u00eatre facilement rep\u00e9r\u00e9es gr\u00e2ce \u00e0 la bande r\u00e9fl\u00e9chissante du gilet qui se refl\u00e8te sous la lumi\u00e8re. Le gilet de s\u00e9curit\u00e9 est donc adapt\u00e9 \u00e0 la visibilit\u00e9 de jour comme de nuit afin de prot\u00e9ger au mieux la s\u00e9curit\u00e9 des personnes.<\/li>\n<\/ul>\n<\/li>\n<\/ul>\n<ul>\n<li style=\"list-style-type: none;\">\n<ul>\n<li>Le mat\u00e9riau principal du gilet de s\u00e9curit\u00e9 est le tissu tricot\u00e9 ou le tissu en maille. Bande r\u00e9fl\u00e9chissante \u00e0 haute visibilit\u00e9 de classe 2, bande r\u00e9fl\u00e9chissante normale et bande r\u00e9fl\u00e9chissante de haute qualit\u00e9 3M, etc.<\/li>\n<\/ul>\n<\/li>\n<\/ul>\n<ul>\n<li style=\"list-style-type: none;\">\n<ul>\n<li>Domaines d'application : motocyclisme, course \u00e0 pied, \u00e9quitation, promenade en plein air, construction, exploitation mini\u00e8re, g\u00e9om\u00e8tre, police de la circulation, s\u00e9curit\u00e9, for\u00eat, chemin de fer, etc.<\/li>\n<\/ul>\n<\/li>\n<\/ul>\n<h2><strong>Mesh warning vest specification:\u00a0<\/strong><\/h2>\n<table>\n<tbody>\n<tr>\n<td width=\"284\">Art No.<\/td>\n<td width=\"332\">SV10<\/td>\n<\/tr>\n<tr>\n<td width=\"284\">Mat\u00e9riau du tissu<\/td>\n<td width=\"332\">100%polyester ,mesh fabric<\/td>\n<\/tr>\n<tr>\n<td width=\"284\">Bande r\u00e9fl\u00e9chissante<\/td>\n<td width=\"332\">Normal visibility<\/td>\n<\/tr>\n<tr>\n<td width=\"284\">Bande r\u00e9fl\u00e9chissante<\/td>\n<td width=\"332\">Ruban argent\u00e9 T\/C<\/td>\n<\/tr>\n<tr>\n<td width=\"284\">Poids du mat\u00e9riau<\/td>\n<td width=\"332\">60G\/SQM<\/td>\n<\/tr>\n<tr>\n<td width=\"284\">Couleur<\/td>\n<td width=\"332\">Fluorescent green\/yellow\/orange-red<\/td>\n<\/tr>\n<tr>\n<td width=\"284\">Mouche du coche<\/td>\n<td width=\"332\">Velcro<\/td>\n<\/tr>\n<tr>\n<td width=\"284\">Neck label<\/td>\n<td width=\"332\">Le logo du client est disponible<\/td>\n<\/tr>\n<tr>\n<td width=\"284\">Logo<\/td>\n<td width=\"332\">Logo neck label or printing is available<\/td>\n<\/tr>\n<tr>\n<td width=\"284\">MOQ<\/td>\n<td width=\"332\">1000PCS<\/td>\n<\/tr>\n<tr>\n<td width=\"284\">Emballage<\/td>\n<td width=\"332\">1PC\/OPP, 100PC\/CTN, emballage sp\u00e9cial selon la demande du client<\/td>\n<\/tr>\n<\/tbody>\n<\/table>\n<p>TOPRISE prend en charge diff\u00e9rents styles de personnalisation des gilets de s\u00e9curit\u00e9. <a href=\"https:\/\/toprisesafety.com\/fr\/categorie-produit\/road-safety-products\/warning-wear\/warning-vest-sun-shade\/\">voir d'autres mod\u00e8les de gilets de s\u00e9curit\u00e9.<\/a><\/p>\n<p>Si vous ne trouvez pas les gilets de s\u00e9curit\u00e9 requis,<a href=\"https:\/\/toprisesafety.com\/fr\/contact-us\/\"> nous contacter ;<\/a> nous offrons la possibilit\u00e9 d'une personnalisation sp\u00e9ciale.<\/p>","protected":false},"excerpt":{"rendered":"<p>Art No.: SV10<\/p>\n<p>Mati\u00e8re : 100%polyester<\/p>\n<p>Taille : S-XXXL<\/p>\n<p>Couleur : jaune\/vert\/orange\/rouge fluorescent<\/p>\n<p>Impression du logo : disponible<\/p>\n<p>MOQ : 1000PCS<\/p>","protected":false},"featured_media":5894,"template":"","meta":{"_acf_changed":false},"product_brand":[],"product_cat":[325,341],"product_tag":[192],"class_list":{"0":"post-5893","1":"product","2":"type-product","3":"status-publish","4":"has-post-thumbnail","6":"product_cat-road-safety-products","7":"product_cat-warning-vest-sun-shade","8":"product_tag-mesh-warning-vest","10":"first","11":"instock","12":"product-type-simple"},"acf":[],"_links":{"self":[{"href":"https:\/\/toprisesafety.com\/fr\/wp-json\/wp\/v2\/product\/5893"}],"collection":[{"href":"https:\/\/toprisesafety.com\/fr\/wp-json\/wp\/v2\/product"}],"about":[{"href":"https:\/\/toprisesafety.com\/fr\/wp-json\/wp\/v2\/types\/product"}],"wp:featuredmedia":[{"embeddable":true,"href":"https:\/\/toprisesafety.com\/fr\/wp-json\/wp\/v2\/media\/5894"}],"wp:attachment":[{"href":"https:\/\/toprisesafety.com\/fr\/wp-json\/wp\/v2\/media?parent=5893"}],"wp:term":[{"taxonomy":"product_brand","embeddable":true,"href":"https:\/\/toprisesafety.com\/fr\/wp-json\/wp\/v2\/product_brand?post=5893"},{"taxonomy":"product_cat","embeddable":true,"href":"https:\/\/toprisesafety.com\/fr\/wp-json\/wp\/v2\/product_cat?post=5893"},{"taxonomy":"product_tag","embeddable":true,"href":"https:\/\/toprisesafety.com\/fr\/wp-json\/wp\/v2\/product_tag?post=5893"}],"curies":[{"name":"wp","href":"https:\/\/api.w.org\/{rel}","templated":true}]}}