{"id":5889,"date":"2018-02-26T06:31:29","date_gmt":"2018-02-26T06:31:29","guid":{"rendered":"https:\/\/toprisesafety.com\/product\/high-viz-polo-shirt-reflective-t-shirt\/"},"modified":"2025-05-06T08:05:21","modified_gmt":"2025-05-06T08:05:21","slug":"high-viz-polo-shirt-reflective-t-shirt","status":"publish","type":"product","link":"https:\/\/toprisesafety.com\/fr\/produit\/high-viz-polo-shirt-reflective-t-shirt\/","title":{"rendered":"T-shirt r\u00e9fl\u00e9chissant \u00e0 haute visibilit\u00e9"},"content":{"rendered":"<p><strong><span style=\"font-size: 140%;\">T-shirt r\u00e9fl\u00e9chissant \u00e0 haute visibilit\u00e9 <\/span><\/strong><\/p>\n<ul>\n<li style=\"list-style-type: none;\">\n<ul>\n<li>Le T-shirt r\u00e9fl\u00e9chissant est dot\u00e9 d'une bande r\u00e9fl\u00e9chissante et est destin\u00e9 \u00e0 prot\u00e9ger la s\u00e9curit\u00e9 des travailleurs de la construction, des mineurs, des travailleurs du p\u00e9trole et du gaz, des travailleurs industriels, des coureurs, des pi\u00e9tons, des v\u00e9hicules non motoris\u00e9s, etc. Les personnes qui le portent peuvent \u00eatre facilement rep\u00e9r\u00e9es gr\u00e2ce \u00e0 la mati\u00e8re fluorescente du T-shirt. Et la nuit, les personnes qui portent un T-shirt r\u00e9fl\u00e9chissant peuvent \u00eatre facilement rep\u00e9r\u00e9es car le gilet avec la bande r\u00e9fl\u00e9chissante sous la lumi\u00e8re sera tr\u00e8s r\u00e9fl\u00e9chissant. Ce gilet est donc adapt\u00e9 \u00e0 la visibilit\u00e9 de jour comme de nuit et permet de prot\u00e9ger la s\u00e9curit\u00e9 des personnes.<\/li>\n<\/ul>\n<\/li>\n<\/ul>\n<ul>\n<li style=\"list-style-type: none;\">\n<ul>\n<li>Le mat\u00e9riau principal est le tissu de tricotage. Nous disposons de bandes r\u00e9fl\u00e9chissantes \u00e0 haute visibilit\u00e9, de bandes r\u00e9fl\u00e9chissantes normales et de bandes r\u00e9fl\u00e9chissantes 3M de haute qualit\u00e9, etc.<\/li>\n<\/ul>\n<\/li>\n<\/ul>\n<ul>\n<li style=\"list-style-type: none;\">\n<ul>\n<li>Domaines d'application : motocyclisme, course \u00e0 pied, \u00e9quitation, promenade en plein air, construction, exploitation mini\u00e8re, g\u00e9om\u00e8tre, police de la circulation, s\u00e9curit\u00e9, for\u00eat, chemin de fer, etc.<\/li>\n<\/ul>\n<\/li>\n<\/ul>\n<h2><strong>Caract\u00e9ristiques du polo \u00e0 haute visibilit\u00e9 et du T-shirt r\u00e9fl\u00e9chissant :<\/strong><\/h2>\n<table>\n<tbody>\n<tr>\n<td width=\"284\">Art No.<\/td>\n<td width=\"332\">RT02<\/td>\n<\/tr>\n<tr>\n<td width=\"284\">Mat\u00e9riau du tissu<\/td>\n<td width=\"332\">100%polyester ,T\/C, 100%cotton<\/td>\n<\/tr>\n<tr>\n<td width=\"284\">Bande r\u00e9fl\u00e9chissante<\/td>\n<td width=\"332\">Visibilit\u00e9 normale, haute visibilit\u00e9<\/td>\n<\/tr>\n<tr>\n<td width=\"284\">Bande r\u00e9fl\u00e9chissante<\/td>\n<td width=\"332\">Ruban adh\u00e9sif argent\u00e9 T\/C ou 3M<\/td>\n<\/tr>\n<tr>\n<td width=\"284\">Poids du mat\u00e9riau<\/td>\n<td width=\"332\">160 G\/M2-240 G\/M2<\/td>\n<\/tr>\n<tr>\n<td width=\"284\">Couleur<\/td>\n<td width=\"332\">Jaune fluorescent, vert fluorescent, rouge-orange<\/td>\n<\/tr>\n<tr>\n<td width=\"284\">Cou<\/td>\n<td width=\"332\">Collier standard<\/td>\n<\/tr>\n<tr>\n<td width=\"284\">Logo<\/td>\n<td width=\"332\">L'impression du logo du client, la broderie ou l'\u00e9tiquette du logo sont disponibles.<\/td>\n<\/tr>\n<tr>\n<td width=\"284\">MOQ<\/td>\n<td width=\"332\">1000PCS<\/td>\n<\/tr>\n<tr>\n<td width=\"284\">Emballage<\/td>\n<td width=\"332\">1PC\/OPP, 50PC\/CTN, emballage sp\u00e9cial selon la demande du client<\/td>\n<\/tr>\n<\/tbody>\n<\/table>\n<p>TOPRISE prend en charge diff\u00e9rents styles de vestes de s\u00e9curit\u00e9, de T-shirts r\u00e9fl\u00e9chissants et de capuches de s\u00e9curit\u00e9 personnalisables. <a href=\"https:\/\/toprisesafety.com\/fr\/categorie-produit\/road-safety-products\/warning-wear\/warning-jacket-t-shirt-hoodie\/\">voir d'autres mod\u00e8les de v\u00eatements de travail de s\u00e9curit\u00e9.<\/a><\/p>\n<p>Si vous ne trouvez pas les v\u00eatements de travail de s\u00e9curit\u00e9 requis (gilets de s\u00e9curit\u00e9, T-shirts r\u00e9fl\u00e9chissants, sweats \u00e0 capuche de s\u00e9curit\u00e9, etc, <a href=\"https:\/\/toprisesafety.com\/fr\/contact-us\/\">nous contacter ;<\/a> nous offrons la possibilit\u00e9 d'une personnalisation sp\u00e9ciale.<\/p>","protected":false},"excerpt":{"rendered":"<div class=\"product-short-description\">\n<p>No. d'art : RT02<\/p>\n<p>Mati\u00e8re : 100%polyester, T\/C, 100%cotton<\/p>\n<p>Taille : S-XXXL<\/p>\n<p>Couleur : jaune\/vert\/orange\/rouge fluorescent<\/p>\n<p>Impression du logo : disponible<\/p>\n<p>MOQ : 1000PCS<\/p>\n<\/div>\n<p>&nbsp;<\/p>\n<div class=\"yith-ywraq-add-to-quote add-to-quote-953\"><\/div>","protected":false},"featured_media":5890,"template":"","meta":{"_acf_changed":false},"product_brand":[],"product_cat":[325,339,338],"product_tag":[189],"class_list":{"0":"post-5889","1":"product","2":"type-product","3":"status-publish","4":"has-post-thumbnail","6":"product_cat-road-safety-products","7":"product_cat-warning-jacket-t-shirt-hoodie","8":"product_cat-warning-wear","9":"product_tag-hi-viz-polo-shirt","11":"first","12":"instock","13":"product-type-simple"},"acf":[],"_links":{"self":[{"href":"https:\/\/toprisesafety.com\/fr\/wp-json\/wp\/v2\/product\/5889"}],"collection":[{"href":"https:\/\/toprisesafety.com\/fr\/wp-json\/wp\/v2\/product"}],"about":[{"href":"https:\/\/toprisesafety.com\/fr\/wp-json\/wp\/v2\/types\/product"}],"wp:featuredmedia":[{"embeddable":true,"href":"https:\/\/toprisesafety.com\/fr\/wp-json\/wp\/v2\/media\/5890"}],"wp:attachment":[{"href":"https:\/\/toprisesafety.com\/fr\/wp-json\/wp\/v2\/media?parent=5889"}],"wp:term":[{"taxonomy":"product_brand","embeddable":true,"href":"https:\/\/toprisesafety.com\/fr\/wp-json\/wp\/v2\/product_brand?post=5889"},{"taxonomy":"product_cat","embeddable":true,"href":"https:\/\/toprisesafety.com\/fr\/wp-json\/wp\/v2\/product_cat?post=5889"},{"taxonomy":"product_tag","embeddable":true,"href":"https:\/\/toprisesafety.com\/fr\/wp-json\/wp\/v2\/product_tag?post=5889"}],"curies":[{"name":"wp","href":"https:\/\/api.w.org\/{rel}","templated":true}]}}