{"id":5881,"date":"2018-02-26T07:11:27","date_gmt":"2018-02-26T07:11:27","guid":{"rendered":"https:\/\/toprisesafety.com\/product\/reflective-winter-jacket\/"},"modified":"2025-05-06T08:04:10","modified_gmt":"2025-05-06T08:04:10","slug":"reflective-winter-jacket","status":"publish","type":"product","link":"https:\/\/toprisesafety.com\/fr\/produit\/reflective-winter-jacket\/","title":{"rendered":"Veste d'hiver r\u00e9fl\u00e9chissante"},"content":{"rendered":"<p><strong><span style=\"font-size: 140%;\">Veste d'hiver r\u00e9fl\u00e9chissante <\/span><\/strong><\/p>\n<ul>\n<li style=\"list-style-type: none;\">\n<ul>\n<li><span data-spm-anchor-id=\"a2700.details.pronpeci14.i0.1ad57e9arDjUzn\">Notre veste est fabriqu\u00e9e \u00e0 partir de mat\u00e9riaux oxford r\u00e9fl\u00e9chissants tr\u00e8s brillants.<\/span><\/li>\n<\/ul>\n<\/li>\n<\/ul>\n<ul>\n<li style=\"list-style-type: none;\">\n<ul>\n<li><span data-spm-anchor-id=\"a2700.details.pronpeci14.i1.1ad57e9arDjUzn\">R\u00e9sistance au vieillissement, anti-friction et r\u00e9sistance au lavage.<\/span><\/li>\n<\/ul>\n<\/li>\n<\/ul>\n<ul>\n<li style=\"list-style-type: none;\">\n<ul>\n<li>Anti-UV, anti-plis, respirant, non toxique, s\u00e9chage rapide, coupe-vent, imperm\u00e9able.<\/li>\n<\/ul>\n<\/li>\n<\/ul>\n<ul>\n<li style=\"list-style-type: none;\">\n<ul>\n<li>Joue un r\u00f4le de protection particulier au travail et dans la vie.<\/li>\n<\/ul>\n<\/li>\n<\/ul>\n<ul>\n<li style=\"list-style-type: none;\">\n<ul>\n<li><span data-spm-anchor-id=\"a2700.details.pronpeci14.i1.29d6387f7ZZIBK\">Poches multifonctionnelles<\/span><\/li>\n<\/ul>\n<\/li>\n<\/ul>\n<ul>\n<li style=\"list-style-type: none;\">\n<ul>\n<li data-spm-anchor-id=\"a2700.details.pronpeci14.i0.29d6387f7ZZIBK\">Une capuche qui se replie dans le col<\/li>\n<\/ul>\n<\/li>\n<\/ul>\n<ul>\n<li style=\"list-style-type: none;\">\n<ul>\n<li data-spm-anchor-id=\"a2700.details.pronpeci14.i0.29d6387f7ZZIBK\">Application :  Construction, industrie, travaux offshore, travaux miniers, industrie du soudage, industrie de l'\u00e9nergie \u00e9lectrique, industrie p\u00e9trochimique et industrie du gaz naturel.<\/li>\n<\/ul>\n<\/li>\n<\/ul>\n<h2><strong>Reflective winter jacket specification:\u00a0<\/strong><\/h2>\n<table>\n<tbody>\n<tr>\n<td width=\"284\">Art No.<\/td>\n<td width=\"332\">SJ02<\/td>\n<\/tr>\n<tr>\n<td width=\"284\">Mat\u00e9riau du tissu<\/td>\n<td width=\"332\">Mat\u00e9riau Oxford avec rev\u00eatement PU\/PVC<\/td>\n<\/tr>\n<tr>\n<td width=\"284\">Bande r\u00e9fl\u00e9chissante<\/td>\n<td width=\"332\">Haute visibilit\u00e9<\/td>\n<\/tr>\n<tr>\n<td width=\"284\">Bande r\u00e9fl\u00e9chissante<\/td>\n<td width=\"332\">Ruban adh\u00e9sif argent\u00e9 T\/C ou 3M<\/td>\n<\/tr>\n<tr>\n<td width=\"284\">Mat\u00e9riau<\/td>\n<td width=\"332\">300D oxford ou selon les besoins du client<\/td>\n<\/tr>\n<tr>\n<td width=\"284\">Couleur<\/td>\n<td width=\"332\">Jaune fluorescent, vert fluorescent, rouge-orange<\/td>\n<\/tr>\n<tr>\n<td width=\"284\">Mouche du coche<\/td>\n<td width=\"332\">Fermeture \u00e0 glissi\u00e8re et bouton<\/td>\n<\/tr>\n<tr>\n<td width=\"284\">Doublure<\/td>\n<td width=\"332\">Doublure en taffetas ou en polaire au choix, int\u00e9rieur en ouate de polyester pour une utilisation chaude au choix.<\/td>\n<\/tr>\n<tr>\n<td width=\"284\">Conception<\/td>\n<td width=\"332\">Deux poches lat\u00e9rales, capuche rabattable sur le cou<\/td>\n<\/tr>\n<tr>\n<td width=\"284\">Fonctionnalit\u00e9<\/td>\n<td width=\"332\">Imperm\u00e9able, coupe-vent, r\u00e9fl\u00e9chissant<\/td>\n<\/tr>\n<tr>\n<td width=\"284\">Logo<\/td>\n<td width=\"332\">Possibilit\u00e9 d'imprimer le logo du client ou l'\u00e9tiquette du logo<\/td>\n<\/tr>\n<tr>\n<td width=\"284\">MOQ<\/td>\n<td width=\"332\">500PCS<\/td>\n<\/tr>\n<tr>\n<td width=\"284\">Emballage<\/td>\n<td width=\"332\">1PC\/OPP, 20PC\/CTN, emballage sp\u00e9cial selon la demande du client<\/td>\n<\/tr>\n<\/tbody>\n<\/table>\n<p>TOPRISE prend en charge diff\u00e9rents styles de vestes de s\u00e9curit\u00e9, de T-shirts r\u00e9fl\u00e9chissants et de capuches de s\u00e9curit\u00e9 personnalisables. <a href=\"https:\/\/toprisesafety.com\/fr\/categorie-produit\/road-safety-products\/warning-wear\/warning-jacket-t-shirt-hoodie\/\">voir d'autres mod\u00e8les de v\u00eatements de travail de s\u00e9curit\u00e9.<\/a><\/p>\n<p>Si vous ne trouvez pas les v\u00eatements de travail de s\u00e9curit\u00e9 requis (gilets de s\u00e9curit\u00e9, T-shirts r\u00e9fl\u00e9chissants, sweats \u00e0 capuche de s\u00e9curit\u00e9, etc, <a href=\"https:\/\/toprisesafety.com\/fr\/contact-us\/\">nous contacter ;<\/a> nous offrons la possibilit\u00e9 d'une personnalisation sp\u00e9ciale.<\/p>","protected":false},"excerpt":{"rendered":"<p>Art No.: SJ02<\/p>\n<p>Mati\u00e8re : Oxford avec rev\u00eatement PVC ou PU<\/p>\n<p>Taille : S-XXXL<\/p>\n<p>Couleur : jaune\/vert\/orange\/rouge fluorescent<\/p>\n<p>Impression du logo : disponible<\/p>\n<p>MOQ : 500PCS<\/p>","protected":false},"featured_media":5882,"template":"","meta":{"_acf_changed":false},"product_brand":[],"product_cat":[325,339],"product_tag":[185],"class_list":{"0":"post-5881","1":"product","2":"type-product","3":"status-publish","4":"has-post-thumbnail","6":"product_cat-road-safety-products","7":"product_cat-warning-jacket-t-shirt-hoodie","8":"product_tag-reflective-winter-jacket","10":"first","11":"instock","12":"product-type-simple"},"acf":[],"_links":{"self":[{"href":"https:\/\/toprisesafety.com\/fr\/wp-json\/wp\/v2\/product\/5881"}],"collection":[{"href":"https:\/\/toprisesafety.com\/fr\/wp-json\/wp\/v2\/product"}],"about":[{"href":"https:\/\/toprisesafety.com\/fr\/wp-json\/wp\/v2\/types\/product"}],"wp:featuredmedia":[{"embeddable":true,"href":"https:\/\/toprisesafety.com\/fr\/wp-json\/wp\/v2\/media\/5882"}],"wp:attachment":[{"href":"https:\/\/toprisesafety.com\/fr\/wp-json\/wp\/v2\/media?parent=5881"}],"wp:term":[{"taxonomy":"product_brand","embeddable":true,"href":"https:\/\/toprisesafety.com\/fr\/wp-json\/wp\/v2\/product_brand?post=5881"},{"taxonomy":"product_cat","embeddable":true,"href":"https:\/\/toprisesafety.com\/fr\/wp-json\/wp\/v2\/product_cat?post=5881"},{"taxonomy":"product_tag","embeddable":true,"href":"https:\/\/toprisesafety.com\/fr\/wp-json\/wp\/v2\/product_tag?post=5881"}],"curies":[{"name":"wp","href":"https:\/\/api.w.org\/{rel}","templated":true}]}}