{"id":5875,"date":"2018-02-26T08:04:16","date_gmt":"2018-02-26T08:04:16","guid":{"rendered":"https:\/\/toprisesafety.com\/product\/traffic-road-block-lamp\/"},"modified":"2025-05-12T03:10:38","modified_gmt":"2025-05-12T03:10:38","slug":"traffic-road-block-lamp","status":"publish","type":"product","link":"https:\/\/toprisesafety.com\/fr\/produit\/traffic-road-block-lamp\/","title":{"rendered":"Lampe de barrage routier"},"content":{"rendered":"<p><strong><span style=\"font-size: 140%;\">Lampe de barrage routier<\/span><\/strong><\/p>\n<ul>\n<li style=\"list-style-type: none;\">\n<ul>\n<li data-spm-anchor-id=\"a2700.details.pronpeci14.i0.542c14dfQkSbXz\">Feux clignotants pour barri\u00e8res de circulation qui sont fournis avec\u00a0<a data-log-q=\"photosensor\" data-log-le=\"auto\">photocapteur\u00a0<\/a>pour allumer la lumi\u00e8re lorsqu'il fait sombre. Ces feux de barricade sont disponibles avec des ampoules LED.<\/li>\n<\/ul>\n<\/li>\n<\/ul>\n<ul>\n<li style=\"list-style-type: none;\">\n<ul>\n<li data-spm-anchor-id=\"a2700.details.pronpeci14.i1.355140edZSoxmt\">Il est couramment utilis\u00e9 pour attirer l'attention des automobilistes sur les travaux de construction et de r\u00e9paration des routes, les fermetures de routes, les d\u00e9viations, etc. Ces feux clignotants peuvent \u00eatre plac\u00e9s sur des barricades, des barri\u00e8res, des c\u00f4nes, des tonneaux, des poteaux, etc.<\/li>\n<\/ul>\n<\/li>\n<\/ul>\n<ul>\n<li style=\"list-style-type: none;\">\n<ul>\n<li>Ils comprennent g\u00e9n\u00e9ralement une base dimensionn\u00e9e pour accueillir des piles, un couvercle au sommet de la base contenant divers composants \u00e9lectriques, et une source lumineuse mont\u00e9e sur le couvercle \u00e0 l'int\u00e9rieur d'une lentille de diffusion afin d'\u00e9largir le faisceau de la source lumineuse.<\/li>\n<\/ul>\n<\/li>\n<\/ul>\n<ul>\n<li style=\"list-style-type: none;\">\n<ul>\n<li>R\u00e9fl\u00e9chir automatiquement la lumi\u00e8re la nuit<\/li>\n<\/ul>\n<\/li>\n<\/ul>\n<ul>\n<li style=\"list-style-type: none;\">\n<ul>\n<li>Le mat\u00e9riau utilis\u00e9 est le polypropyl\u00e8ne, qui offre une grande r\u00e9sistance aux collisions. Il est durable et la dur\u00e9e de vie de la batterie est \u00e9lev\u00e9e.<\/li>\n<\/ul>\n<\/li>\n<\/ul>\n<ul>\n<li style=\"list-style-type: none;\">\n<ul>\n<li data-spm-anchor-id=\"a2700.details.pronpeci14.i0.2ff22282p9ZhMX\">Conception \u00e9tanche, il peut encore fonctionner par temps de pluie.<\/li>\n<\/ul>\n<\/li>\n<\/ul>\n<h2><strong>Sp\u00e9cification des lampes de barrage routier :\u00a0<\/strong><\/h2>\n<table>\n<tbody>\n<tr>\n<td width=\"284\">Art No.<\/td>\n<td width=\"284\">WL02<\/td>\n<\/tr>\n<tr>\n<td width=\"284\">Source lumineuse<\/td>\n<td width=\"284\">LED \u00e0 tr\u00e8s haute luminosit\u00e9<\/td>\n<\/tr>\n<tr>\n<td width=\"284\">Fr\u00e9quence du flash<\/td>\n<td width=\"284\">65\/min<\/td>\n<\/tr>\n<tr>\n<td width=\"284\">Fr\u00e9quence des erreurs<\/td>\n<td width=\"284\">+5%<\/td>\n<\/tr>\n<tr>\n<td width=\"284\">Couleur claire<\/td>\n<td width=\"284\">Rouge ou jaune<\/td>\n<\/tr>\n<tr>\n<td width=\"284\">Tension<\/td>\n<td width=\"284\">6V(4R 25) pour 350-450 heures<\/td>\n<\/tr>\n<tr>\n<td width=\"284\">Puissance<\/td>\n<td width=\"284\">&lt;0.05W<\/td>\n<\/tr>\n<tr>\n<td width=\"284\">Distance visible<\/td>\n<td width=\"284\">250-300M<\/td>\n<\/tr>\n<tr>\n<td width=\"284\">Mod\u00e8le<\/td>\n<td width=\"284\">Flash, \u00e9clairage constant, d\u00e9sactiv\u00e9<\/td>\n<\/tr>\n<tr>\n<td width=\"284\">Support m\u00e9tallique<\/td>\n<td width=\"284\">Oui<\/td>\n<\/tr>\n<\/tbody>\n<\/table>\n<p>TOPRISE prend en charge diff\u00e9rents styles de personnalisation des feux de signalisation. <a href=\"https:\/\/toprisesafety.com\/fr\/categorie-produit\/road-safety-products\/warning-lamp\/\">voir d'autres mod\u00e8les de feux de signalisation.<\/a><\/p>\n<p>Si vous ne trouvez pas le t\u00e9moin d'avertissement requis,<a href=\"https:\/\/toprisesafety.com\/fr\/contact-us\/\"> nous contacter ;<\/a> nous offrons la possibilit\u00e9 d'une personnalisation sp\u00e9ciale.<\/p>","protected":false},"excerpt":{"rendered":"<p>N\u00b0 d'art : WL02<\/p>\n<p>Couleur : rouge ou jaune ou bleu<\/p>\n<p>Batterie : Deux (sans, il faut en acheter d'autres)<\/p>\n<p>Support m\u00e9tallique : Oui<\/p>\n<p>MOQ : 500PCS<\/p>","protected":false},"featured_media":5876,"template":"","meta":{"_acf_changed":false},"product_brand":[],"product_cat":[325,337],"product_tag":[179],"class_list":{"0":"post-5875","1":"product","2":"type-product","3":"status-publish","4":"has-post-thumbnail","6":"product_cat-road-safety-products","7":"product_cat-warning-lamp","8":"product_tag-traffic-road-block-lamp","10":"first","11":"instock","12":"product-type-simple"},"acf":[],"_links":{"self":[{"href":"https:\/\/toprisesafety.com\/fr\/wp-json\/wp\/v2\/product\/5875"}],"collection":[{"href":"https:\/\/toprisesafety.com\/fr\/wp-json\/wp\/v2\/product"}],"about":[{"href":"https:\/\/toprisesafety.com\/fr\/wp-json\/wp\/v2\/types\/product"}],"wp:featuredmedia":[{"embeddable":true,"href":"https:\/\/toprisesafety.com\/fr\/wp-json\/wp\/v2\/media\/5876"}],"wp:attachment":[{"href":"https:\/\/toprisesafety.com\/fr\/wp-json\/wp\/v2\/media?parent=5875"}],"wp:term":[{"taxonomy":"product_brand","embeddable":true,"href":"https:\/\/toprisesafety.com\/fr\/wp-json\/wp\/v2\/product_brand?post=5875"},{"taxonomy":"product_cat","embeddable":true,"href":"https:\/\/toprisesafety.com\/fr\/wp-json\/wp\/v2\/product_cat?post=5875"},{"taxonomy":"product_tag","embeddable":true,"href":"https:\/\/toprisesafety.com\/fr\/wp-json\/wp\/v2\/product_tag?post=5875"}],"curies":[{"name":"wp","href":"https:\/\/api.w.org\/{rel}","templated":true}]}}