{"id":5867,"date":"2018-02-26T09:12:22","date_gmt":"2018-02-26T09:12:22","guid":{"rendered":"https:\/\/toprisesafety.com\/product\/solar-traffic-warning-light\/"},"modified":"2025-05-12T03:09:37","modified_gmt":"2025-05-12T03:09:37","slug":"solar-traffic-warning-light","status":"publish","type":"product","link":"https:\/\/toprisesafety.com\/fr\/produit\/solar-traffic-warning-light\/","title":{"rendered":"Feu de signalisation solaire"},"content":{"rendered":"<p><strong><span style=\"font-size: 140%;\">Feu de signalisation solaire\u00a0<\/span><\/strong><\/p>\n<ul>\n<li style=\"list-style-type: none;\">\n<ul>\n<li data-spm-anchor-id=\"a2700.details.pronpeci14.i0.542c14dfQkSbXz\">Feux clignotants pour barri\u00e8res de circulation qui sont fournis avec\u00a0<a data-log-q=\"photosensor\" data-log-le=\"auto\">photocapteur\u00a0<\/a>pour allumer la lumi\u00e8re lorsqu'il fait sombre. Ces feux de barricade sont disponibles avec des ampoules LED.<\/li>\n<\/ul>\n<\/li>\n<\/ul>\n<ul>\n<li style=\"list-style-type: none;\">\n<ul>\n<li data-spm-anchor-id=\"a2700.details.pronpeci14.i1.355140edZSoxmt\">Il est couramment utilis\u00e9 pour attirer l'attention des automobilistes sur les travaux de construction et de r\u00e9paration des routes, les fermetures de routes, les d\u00e9viations, etc. Ces feux clignotants peuvent \u00eatre plac\u00e9s sur des barricades, des barri\u00e8res, des c\u00f4nes, des tonneaux, des poteaux, etc.<\/li>\n<\/ul>\n<\/li>\n<\/ul>\n<ul>\n<li style=\"list-style-type: none;\">\n<ul>\n<li>Ils comprennent g\u00e9n\u00e9ralement une base dimensionn\u00e9e pour accueillir des piles, un couvercle au sommet de la base contenant divers composants \u00e9lectriques, et une source lumineuse mont\u00e9e sur le couvercle \u00e0 l'int\u00e9rieur d'une lentille de diffusion afin d'\u00e9largir le faisceau de la source lumineuse.<\/li>\n<\/ul>\n<\/li>\n<\/ul>\n<ul>\n<li style=\"list-style-type: none;\">\n<ul>\n<li>R\u00e9fl\u00e9chir automatiquement la lumi\u00e8re la nuit<\/li>\n<\/ul>\n<\/li>\n<\/ul>\n<ul>\n<li style=\"list-style-type: none;\">\n<ul>\n<li>Le mat\u00e9riau utilis\u00e9 est le polypropyl\u00e8ne, qui offre une grande r\u00e9sistance aux collisions. Il est durable et la dur\u00e9e de vie de la batterie est \u00e9lev\u00e9e.<\/li>\n<\/ul>\n<\/li>\n<\/ul>\n<ul>\n<li style=\"list-style-type: none;\">\n<ul>\n<li data-spm-anchor-id=\"a2700.details.pronpeci14.i0.2ff22282p9ZhMX\">Conception \u00e9tanche, il peut encore fonctionner par temps de pluie.<\/li>\n<\/ul>\n<\/li>\n<\/ul>\n<h2><strong>Sp\u00e9cification des feux de signalisation solaires :<\/strong><\/h2>\n<table>\n<tbody>\n<tr>\n<td width=\"284\">Art No.<\/td>\n<td width=\"284\">WL04<\/td>\n<\/tr>\n<tr>\n<td width=\"284\">Mat\u00e9riau<\/td>\n<td width=\"284\">18cm(Diam\u00e8tre) Objectif PS et corps PP<\/td>\n<\/tr>\n<tr>\n<td width=\"284\">Source lumineuse<\/td>\n<td width=\"284\">2 LED \u00e0 haute luminosit\u00e9<\/td>\n<\/tr>\n<tr>\n<td width=\"284\">Couleur claire<\/td>\n<td width=\"284\">Rouge ou jaune<\/td>\n<\/tr>\n<tr>\n<td width=\"284\">Panneau solaire<\/td>\n<td width=\"284\">Cellule solaire en silicone de haute qualit\u00e9<\/td>\n<\/tr>\n<tr>\n<td width=\"284\">Puissance<\/td>\n<td width=\"284\">Batterie rechargeable au lithium de 3200mAh \u00e0 l'int\u00e9rieur, 0,8W\/4,5A<\/td>\n<\/tr>\n<tr>\n<td width=\"284\">Fonction<\/td>\n<td width=\"284\">Flash et fermeture, et aussi choix de longue dur\u00e9e et flash<\/td>\n<\/tr>\n<\/tbody>\n<\/table>\n<p><img fetchpriority=\"high\" decoding=\"async\" class=\"alignnone wp-image-984\" src=\"https:\/\/toprisesafety.com\/wp-content\/uploads\/2024\/08\/SOLAR-WARNING-LAMPS-TRAFFIC-CONE2-300x300-1.jpg\" alt=\"\" width=\"372\" height=\"372\" \/><\/p>\n<p>TOPRISE prend en charge diff\u00e9rents styles de personnalisation des feux de signalisation. <a href=\"https:\/\/toprisesafety.com\/fr\/categorie-produit\/road-safety-products\/warning-lamp\/\">voir d'autres mod\u00e8les de feux de signalisation.<\/a><\/p>\n<p>Si vous ne trouvez pas le t\u00e9moin d'avertissement requis,<a href=\"https:\/\/toprisesafety.com\/fr\/contact-us\/\"> nous contacter ;<\/a> nous offrons la possibilit\u00e9 d'une personnalisation sp\u00e9ciale.<\/p>","protected":false},"excerpt":{"rendered":"<p>N\u00b0 d'art : WL04<\/p>\n<p>Couleur : rouge ou jaune ou bleu<\/p>\n<p>Alimentation : solaire<\/p>\n<p>MOQ : 500PCS<\/p>","protected":false},"featured_media":5869,"template":"","meta":{"_acf_changed":false},"product_brand":[],"product_cat":[325,337],"product_tag":[177],"class_list":{"0":"post-5867","1":"product","2":"type-product","3":"status-publish","4":"has-post-thumbnail","6":"product_cat-road-safety-products","7":"product_cat-warning-lamp","8":"product_tag-solar-traffic-warning-light","10":"first","11":"instock","12":"product-type-simple"},"acf":[],"_links":{"self":[{"href":"https:\/\/toprisesafety.com\/fr\/wp-json\/wp\/v2\/product\/5867","targetHints":{"allow":["GET"]}}],"collection":[{"href":"https:\/\/toprisesafety.com\/fr\/wp-json\/wp\/v2\/product"}],"about":[{"href":"https:\/\/toprisesafety.com\/fr\/wp-json\/wp\/v2\/types\/product"}],"wp:featuredmedia":[{"embeddable":true,"href":"https:\/\/toprisesafety.com\/fr\/wp-json\/wp\/v2\/media\/5869"}],"wp:attachment":[{"href":"https:\/\/toprisesafety.com\/fr\/wp-json\/wp\/v2\/media?parent=5867"}],"wp:term":[{"taxonomy":"product_brand","embeddable":true,"href":"https:\/\/toprisesafety.com\/fr\/wp-json\/wp\/v2\/product_brand?post=5867"},{"taxonomy":"product_cat","embeddable":true,"href":"https:\/\/toprisesafety.com\/fr\/wp-json\/wp\/v2\/product_cat?post=5867"},{"taxonomy":"product_tag","embeddable":true,"href":"https:\/\/toprisesafety.com\/fr\/wp-json\/wp\/v2\/product_tag?post=5867"}],"curies":[{"name":"wp","href":"https:\/\/api.w.org\/{rel}","templated":true}]}}