{"id":5865,"date":"2018-02-26T09:18:57","date_gmt":"2018-02-26T09:18:57","guid":{"rendered":"https:\/\/toprisesafety.com\/product\/pe-traffic-cone\/"},"modified":"2024-11-11T07:54:41","modified_gmt":"2024-11-11T07:54:41","slug":"pe-traffic-cone","status":"publish","type":"product","link":"https:\/\/toprisesafety.com\/fr\/produit\/pe-traffic-cone\/","title":{"rendered":"C\u00f4ne de signalisation en PE"},"content":{"rendered":"<p><strong>C\u00f4ne de signalisation en PE<\/strong><br \/>\nLes c\u00f4nes de signalisation sont utilis\u00e9s comme barri\u00e8res routi\u00e8res et comme indicateurs de zones interdites.<br \/>\nUtilis\u00e9 pour les zones dangereuses, les travaux routiers, les chantiers de construction, les parkings et les zones g\u00e9n\u00e9rales n\u00e9cessitant un contr\u00f4le.<br \/>\n<strong>Caract\u00e9ristiques :<\/strong><\/p>\n<ul>\n<li style=\"list-style-type: none;\">\n<ul>\n<li>M\u00e9lange de pigments de haute qualit\u00e9 et d'additifs anti-UV.<\/li>\n<\/ul>\n<\/li>\n<\/ul>\n<ul>\n<li style=\"list-style-type: none;\">\n<ul>\n<li>Il est r\u00e9sistant au soleil, \u00e0 l'eau, \u00e0 la chaleur, au froid, aux rayures, aux couleurs vives, etc.<\/li>\n<\/ul>\n<\/li>\n<\/ul>\n<ul>\n<li style=\"list-style-type: none;\">\n<ul>\n<li>La couleur rouge c\u00f4ne et la manche r\u00e9fl\u00e9chissante blanche sont tr\u00e8s frappantes.<\/li>\n<\/ul>\n<\/li>\n<\/ul>\n<ul>\n<li style=\"list-style-type: none;\">\n<ul>\n<li>La nuit, il peut r\u00e9fl\u00e9chir la lumi\u00e8re \u00e9blouissante et permettre au conducteur de voir clairement.<\/li>\n<\/ul>\n<\/li>\n<\/ul>\n<ul>\n<li style=\"list-style-type: none;\">\n<ul>\n<li>Il est utilis\u00e9 pour la travers\u00e9e des routes, l'entretien des autoroutes, les h\u00f4tels, les quartiers r\u00e9sidentiels, les zones dangereuses, les chantiers, etc.<\/li>\n<\/ul>\n<\/li>\n<\/ul>\n<h2><strong>Sp\u00e9cifications des c\u00f4nes de circulation en PE :<\/strong><\/h2>\n<table>\n<tbody>\n<tr>\n<td width=\"142\">Art No.<\/td>\n<td width=\"142\">TC01-50<\/td>\n<td width=\"142\">TC01-75<\/td>\n<td width=\"142\">TC01-100<\/td>\n<\/tr>\n<tr>\n<td width=\"142\">Hauteur<\/td>\n<td width=\"142\">50CM<\/td>\n<td width=\"142\">75CM<\/td>\n<td width=\"142\">100CM<\/td>\n<\/tr>\n<tr>\n<td width=\"142\">Taille de la base<\/td>\n<td width=\"142\">30*30CM<\/td>\n<td width=\"142\">38*38CM<\/td>\n<td width=\"142\">49*49CM<\/td>\n<\/tr>\n<tr>\n<td width=\"142\">Poids<\/td>\n<td width=\"142\">1.5KGS<\/td>\n<td width=\"142\">2.5KGS<\/td>\n<td width=\"142\">5KGS<\/td>\n<\/tr>\n<tr>\n<td width=\"142\">Taille du ruban r\u00e9fl\u00e9chissant<\/td>\n<td width=\"142\">11CM une barre<\/td>\n<td width=\"142\">22CM une barre<\/td>\n<td width=\"142\">32CM une barre<\/td>\n<\/tr>\n<tr>\n<td width=\"142\">Emballage<\/td>\n<td width=\"142\">20PCS\/KNIT BAG<\/td>\n<td width=\"142\">10PCS\/KNIT BAG<\/td>\n<td width=\"142\">5PCS\/KNIT BAG<\/td>\n<\/tr>\n<\/tbody>\n<\/table>","protected":false},"excerpt":{"rendered":"<p>No. d'art : TC01-50\/75\/100<\/p>\n<p>Taille : 50CM\/75CM\/100CM<\/p>\n<p>Couleur : dessus rouge, base noire<\/p>\n<p>MOQ:500PCS<\/p>","protected":false},"featured_media":5866,"template":"","meta":{"_acf_changed":false},"product_brand":[],"product_cat":[325],"product_tag":[175],"class_list":{"0":"post-5865","1":"product","2":"type-product","3":"status-publish","4":"has-post-thumbnail","6":"product_cat-road-safety-products","7":"product_tag-pe-traffic-cone","9":"first","10":"instock","11":"product-type-simple"},"acf":[],"_links":{"self":[{"href":"https:\/\/toprisesafety.com\/fr\/wp-json\/wp\/v2\/product\/5865"}],"collection":[{"href":"https:\/\/toprisesafety.com\/fr\/wp-json\/wp\/v2\/product"}],"about":[{"href":"https:\/\/toprisesafety.com\/fr\/wp-json\/wp\/v2\/types\/product"}],"wp:featuredmedia":[{"embeddable":true,"href":"https:\/\/toprisesafety.com\/fr\/wp-json\/wp\/v2\/media\/5866"}],"wp:attachment":[{"href":"https:\/\/toprisesafety.com\/fr\/wp-json\/wp\/v2\/media?parent=5865"}],"wp:term":[{"taxonomy":"product_brand","embeddable":true,"href":"https:\/\/toprisesafety.com\/fr\/wp-json\/wp\/v2\/product_brand?post=5865"},{"taxonomy":"product_cat","embeddable":true,"href":"https:\/\/toprisesafety.com\/fr\/wp-json\/wp\/v2\/product_cat?post=5865"},{"taxonomy":"product_tag","embeddable":true,"href":"https:\/\/toprisesafety.com\/fr\/wp-json\/wp\/v2\/product_tag?post=5865"}],"curies":[{"name":"wp","href":"https:\/\/api.w.org\/{rel}","templated":true}]}}