{"id":5863,"date":"2018-02-26T09:31:20","date_gmt":"2018-02-26T09:31:20","guid":{"rendered":"https:\/\/toprisesafety.com\/product\/pvc-traffic-cones\/"},"modified":"2024-11-11T07:54:29","modified_gmt":"2024-11-11T07:54:29","slug":"pvc-traffic-cones","status":"publish","type":"product","link":"https:\/\/toprisesafety.com\/fr\/produit\/pvc-traffic-cones\/","title":{"rendered":"C\u00f4ne de signalisation en PVC rouge"},"content":{"rendered":"<p><strong>C\u00f4ne de signalisation en PVC rouge<\/strong><\/p>\n<p>Red PVC traffic cone could be twisted and pressed in 180 degrees. It could also reinstate when you make its top touch the floor, with high flexibility against the run-over and impact of the cars. Because of good weather resistance, it won&#8217;t deform in high temperature 65\u00b0C and craze in low temperature -30\u00b0C. Highly reflective, good warning effects at both day and night, anti-UV, aging resistance and durable. This traffic cone has a wide body profile for stability. Cone is injection molded with black base.Drive for the road separating the role of the warning; Coupled with the role of the lattice better.<\/p>\n<p><strong>Caract\u00e9ristiques :\u00a0<\/strong><\/p>\n<ul>\n<li style=\"list-style-type: none;\">\n<ul>\n<li>Fabriqu\u00e9 en PVC de haute qualit\u00e9<\/li>\n<\/ul>\n<\/li>\n<\/ul>\n<ul>\n<li style=\"list-style-type: none;\">\n<ul>\n<li>Il est r\u00e9sistant au soleil, \u00e0 l'eau, \u00e0 la chaleur, au froid, aux rayures, aux couleurs vives, etc.<\/li>\n<\/ul>\n<\/li>\n<\/ul>\n<ul>\n<li style=\"list-style-type: none;\">\n<ul>\n<li>La couleur rouge c\u00f4ne et la manche r\u00e9fl\u00e9chissante blanche sont tr\u00e8s frappantes.<\/li>\n<\/ul>\n<\/li>\n<\/ul>\n<ul>\n<li style=\"list-style-type: none;\">\n<ul>\n<li>La nuit, il peut r\u00e9fl\u00e9chir la lumi\u00e8re \u00e9blouissante et permettre au conducteur de voir clairement.<\/li>\n<\/ul>\n<\/li>\n<\/ul>\n<ul>\n<li style=\"list-style-type: none;\">\n<ul>\n<li>Il est utilis\u00e9 pour la travers\u00e9e des routes, l'entretien des autoroutes, les h\u00f4tels, les quartiers r\u00e9sidentiels, les zones dangereuses, les chantiers, etc.<\/li>\n<\/ul>\n<\/li>\n<\/ul>\n<h2><strong>Red PVC traffic con specification:\u00a0<\/strong><\/h2>\n<table>\n<tbody>\n<tr>\n<td width=\"94\">Art No.<\/td>\n<td width=\"94\">TC02-30<\/td>\n<td width=\"94\">TC02-45<\/td>\n<td width=\"94\">TC02-70<\/td>\n<td width=\"94\">TC02-90<\/td>\n<td width=\"94\">TC02-90<\/td>\n<\/tr>\n<tr>\n<td width=\"94\">Hauteur<\/td>\n<td width=\"94\">30CM<\/td>\n<td width=\"94\">45CM<\/td>\n<td width=\"94\">70CM<\/td>\n<td width=\"94\">90CM<\/td>\n<td width=\"94\">90CM<\/td>\n<\/tr>\n<tr>\n<td width=\"94\">Taille de la base<\/td>\n<td width=\"94\">21*21CM<\/td>\n<td width=\"94\">28*28CM<\/td>\n<td width=\"94\">35*35CM<\/td>\n<td width=\"94\">36*36CM<\/td>\n<td width=\"94\">36*36CM<\/td>\n<\/tr>\n<tr>\n<td width=\"94\">Poids<\/td>\n<td width=\"94\">0.6KGS<\/td>\n<td width=\"94\">1.1KGS<\/td>\n<td width=\"94\">2.3KGS<\/td>\n<td width=\"94\">3.4KGS<\/td>\n<td width=\"94\">4.3KGS<\/td>\n<\/tr>\n<tr>\n<td width=\"94\">Taille du ruban r\u00e9fl\u00e9chissant<\/td>\n<td width=\"94\">10CM une barre<\/td>\n<td width=\"94\">15CM une barre<\/td>\n<td width=\"94\">10+15CM bar<\/td>\n<td width=\"94\">10+15CM bar<\/td>\n<td width=\"94\">10+15CM bar<\/td>\n<\/tr>\n<tr>\n<td width=\"94\">Emballage<\/td>\n<td width=\"94\">20PCS\/KNIT BAG<\/td>\n<td width=\"94\">20PCS\/KNIT BAG<\/td>\n<td width=\"94\">10PCS\/KNIT BAG<\/td>\n<td width=\"94\">5PCS\/KNIT BAG<\/td>\n<td width=\"94\">5PCS\/KNIT BAG<\/td>\n<\/tr>\n<\/tbody>\n<\/table>","protected":false},"excerpt":{"rendered":"<p>Art No.: TC02-30\/45\/70\/90<\/p>\n<p>Size: 30CM\/45CM\/70CM\/90CM<\/p>\n<p>Couleur : Rouge<\/p>\n<p>MOQ:500PCS<\/p>","protected":false},"featured_media":5864,"template":"","meta":{"_acf_changed":false},"product_brand":[],"product_cat":[325],"product_tag":[174],"class_list":{"0":"post-5863","1":"product","2":"type-product","3":"status-publish","4":"has-post-thumbnail","6":"product_cat-road-safety-products","7":"product_tag-red-pvc-traffic-cone","9":"first","10":"instock","11":"product-type-simple"},"acf":[],"_links":{"self":[{"href":"https:\/\/toprisesafety.com\/fr\/wp-json\/wp\/v2\/product\/5863","targetHints":{"allow":["GET"]}}],"collection":[{"href":"https:\/\/toprisesafety.com\/fr\/wp-json\/wp\/v2\/product"}],"about":[{"href":"https:\/\/toprisesafety.com\/fr\/wp-json\/wp\/v2\/types\/product"}],"wp:featuredmedia":[{"embeddable":true,"href":"https:\/\/toprisesafety.com\/fr\/wp-json\/wp\/v2\/media\/5864"}],"wp:attachment":[{"href":"https:\/\/toprisesafety.com\/fr\/wp-json\/wp\/v2\/media?parent=5863"}],"wp:term":[{"taxonomy":"product_brand","embeddable":true,"href":"https:\/\/toprisesafety.com\/fr\/wp-json\/wp\/v2\/product_brand?post=5863"},{"taxonomy":"product_cat","embeddable":true,"href":"https:\/\/toprisesafety.com\/fr\/wp-json\/wp\/v2\/product_cat?post=5863"},{"taxonomy":"product_tag","embeddable":true,"href":"https:\/\/toprisesafety.com\/fr\/wp-json\/wp\/v2\/product_tag?post=5863"}],"curies":[{"name":"wp","href":"https:\/\/api.w.org\/{rel}","templated":true}]}}