{"id":5857,"date":"2018-02-28T02:50:56","date_gmt":"2018-02-28T02:50:56","guid":{"rendered":"https:\/\/toprisesafety.com\/product\/caution-tape-barrier-warning-tape\/"},"modified":"2024-11-11T07:53:58","modified_gmt":"2024-11-11T07:53:58","slug":"caution-tape-barrier-warning-tape","status":"publish","type":"product","link":"https:\/\/toprisesafety.com\/fr\/produit\/caution-tape-barrier-warning-tape\/","title":{"rendered":"Ruban d'avertissement Ruban d'avertissement de barri\u00e8re"},"content":{"rendered":"<p><strong>Ruban d'avertissement Ruban d'avertissement de barri\u00e8re <\/strong><\/p>\n<ul>\n<li style=\"list-style-type: none;\">\n<ul>\n<li>La s\u00e9curit\u00e9 d'abord : joue un r\u00f4le central dans les domaines de la s\u00e9curit\u00e9<\/li>\n<\/ul>\n<\/li>\n<\/ul>\n<ul>\n<li style=\"list-style-type: none;\">\n<ul>\n<li>Tr\u00e8s visible lorsqu'on p\u00e9n\u00e8tre dans une zone dangereuse.<\/li>\n<\/ul>\n<\/li>\n<\/ul>\n<ul>\n<li style=\"list-style-type: none;\">\n<ul>\n<li>R\u00e9sistant \u00e0 la d\u00e9chirure et facile \u00e0 utiliser : fabriqu\u00e9 en poly\u00e9thyl\u00e8ne tr\u00e8s durable, parfait pour les zones dangereuses.<\/li>\n<\/ul>\n<\/li>\n<\/ul>\n<ul>\n<li style=\"list-style-type: none;\">\n<ul>\n<li data-spm-anchor-id=\"a2700.details.pronpeci14.i0.41a8396ajqw88n\">Application : alertes de s\u00e9curit\u00e9, alertes de circulation, panneaux routiers, glissi\u00e8res de s\u00e9curit\u00e9 pour la construction, s\u00e9paration des sc\u00e8nes de crime, isolement d'urgence et mise en quarantaine pour d'autres occasions sp\u00e9ciales, etc.<\/li>\n<\/ul>\n<\/li>\n<\/ul>\n<ul>\n<li style=\"list-style-type: none;\">\n<ul>\n<li data-spm-anchor-id=\"a2700.details.pronpeci14.i0.41a8396ajqw88n\">Largement utilis\u00e9 dans les secteurs du p\u00e9trole\/gaz, des t\u00e9l\u00e9communications, de la p\u00e9trochimie, de l'eau et des \u00e9gouts, ainsi que dans l'installation de tuyauteries non m\u00e9talliques. Il est con\u00e7u pour \u00eatre enterr\u00e9 au-dessus de la canalisation au moment de l'installation de la canalisation.<\/li>\n<\/ul>\n<\/li>\n<\/ul>\n<ul>\n<li style=\"list-style-type: none;\">\n<ul>\n<li data-spm-anchor-id=\"a2700.details.pronpeci14.i0.41a8396ajqw88n\">R\u00e9siste \u00e0 l'humidit\u00e9, \u00e0 la corrosion et aux variations de temp\u00e9rature<\/li>\n<\/ul>\n<\/li>\n<\/ul>\n<h2>Sp\u00e9cification des rubans d'avertissement :<\/h2>\n<table>\n<tbody>\n<tr>\n<td width=\"284\">Art No.<\/td>\n<td width=\"284\">WT02<\/td>\n<\/tr>\n<tr>\n<td width=\"284\">Mat\u00e9riau<\/td>\n<td width=\"284\">LDPE<\/td>\n<\/tr>\n<tr>\n<td width=\"284\">\u00c9paisseur<\/td>\n<td width=\"284\">30micron-150micron( 0.03mm-0.15mm) ou personnalis\u00e9<\/td>\n<\/tr>\n<tr>\n<td width=\"284\">Longueur<\/td>\n<td width=\"284\">100M-600M ou sur mesure<\/td>\n<\/tr>\n<tr>\n<td width=\"284\">Couleur<\/td>\n<td width=\"284\">Jaune ou rouge avec impression noire ou personnalis\u00e9e<\/td>\n<\/tr>\n<tr>\n<td width=\"284\">Impression de logos<\/td>\n<td width=\"284\">Disponible<\/td>\n<\/tr>\n<\/tbody>\n<\/table>","protected":false},"excerpt":{"rendered":"<p>N\u00b0 d'art : WT02<\/p>\n<p>\u00c9paisseur : 30micron-150micron( 0.03mm-0.15mm) ou personnalis\u00e9<\/p>\n<p>Longueur : 100-600M ou personnalis\u00e9e<\/p>\n<p>MOQ : 500-1000 ROULEAUX<\/p>","protected":false},"featured_media":5858,"template":"","meta":{"_acf_changed":false},"product_brand":[],"product_cat":[336,325],"product_tag":[170],"class_list":{"0":"post-5857","1":"product","2":"type-product","3":"status-publish","4":"has-post-thumbnail","6":"product_cat-pe-warning-tape-detectable-underground-warning-tape","7":"product_cat-road-safety-products","8":"product_tag-caution-tape-barrier-warning-tape","10":"first","11":"instock","12":"product-type-simple"},"acf":[],"_links":{"self":[{"href":"https:\/\/toprisesafety.com\/fr\/wp-json\/wp\/v2\/product\/5857"}],"collection":[{"href":"https:\/\/toprisesafety.com\/fr\/wp-json\/wp\/v2\/product"}],"about":[{"href":"https:\/\/toprisesafety.com\/fr\/wp-json\/wp\/v2\/types\/product"}],"wp:featuredmedia":[{"embeddable":true,"href":"https:\/\/toprisesafety.com\/fr\/wp-json\/wp\/v2\/media\/5858"}],"wp:attachment":[{"href":"https:\/\/toprisesafety.com\/fr\/wp-json\/wp\/v2\/media?parent=5857"}],"wp:term":[{"taxonomy":"product_brand","embeddable":true,"href":"https:\/\/toprisesafety.com\/fr\/wp-json\/wp\/v2\/product_brand?post=5857"},{"taxonomy":"product_cat","embeddable":true,"href":"https:\/\/toprisesafety.com\/fr\/wp-json\/wp\/v2\/product_cat?post=5857"},{"taxonomy":"product_tag","embeddable":true,"href":"https:\/\/toprisesafety.com\/fr\/wp-json\/wp\/v2\/product_tag?post=5857"}],"curies":[{"name":"wp","href":"https:\/\/api.w.org\/{rel}","templated":true}]}}