{"id":5852,"date":"2018-02-28T03:47:32","date_gmt":"2018-02-28T03:47:32","guid":{"rendered":"https:\/\/toprisesafety.com\/product\/underground-detectable-warning-tape\/"},"modified":"2025-05-07T07:53:48","modified_gmt":"2025-05-07T07:53:48","slug":"underground-detectable-warning-tape","status":"publish","type":"product","link":"https:\/\/toprisesafety.com\/fr\/produit\/underground-detectable-warning-tape\/","title":{"rendered":"Ruban d'avertissement souterrain d\u00e9tectable"},"content":{"rendered":"<p><strong>Ruban d'avertissement souterrain d\u00e9tectable <\/strong><\/p>\n<ul>\n<li style=\"list-style-type: none;\">\n<ul>\n<li>Principalement utilis\u00e9 pour marquer les conduites souterraines, telles que les conduites d'eau, les conduites de gaz, les c\u00e2bles t\u00e9l\u00e9phoniques, les c\u00e2bles \u00e0 fibres optiques, etc. Il permet d'\u00e9viter les dommages lors de l'excavation.<\/li>\n<\/ul>\n<\/li>\n<\/ul>\n<ul>\n<li style=\"list-style-type: none;\">\n<ul>\n<li>R\u00e9siste \u00e0 l'humidit\u00e9, \u00e0 la corrosion et aux variations de temp\u00e9rature<\/li>\n<\/ul>\n<\/li>\n<\/ul>\n<ul>\n<li style=\"list-style-type: none;\">\n<ul>\n<li><span data-spm-anchor-id=\"a2700.details.pronpeci14.i0.6dd45dc6lOYHod\">Haute r\u00e9sistance, durable et d\u00e9tectable\u00a0<\/span><\/li>\n<\/ul>\n<\/li>\n<\/ul>\n<ul>\n<li style=\"list-style-type: none;\">\n<ul>\n<li>Couleur vive<\/li>\n<\/ul>\n<\/li>\n<\/ul>\n<ul>\n<li style=\"list-style-type: none;\">\n<ul>\n<li>Fabriqu\u00e9 \u00e0 partir de fines feuilles de polypropyl\u00e8ne bi-orient\u00e9 (PE\/ AL FOIL\/ OPP)<\/li>\n<\/ul>\n<\/li>\n<\/ul>\n<ul>\n<li style=\"list-style-type: none;\">\n<ul>\n<li>Pr\u00e9venir les dangers de creuser dans des conduites d'eau et d'\u00e9gout enterr\u00e9es, ce qui entra\u00eene des interruptions de service.<\/li>\n<\/ul>\n<\/li>\n<\/ul>\n<ul>\n<li style=\"list-style-type: none;\">\n<ul>\n<li>R\u00e9sistance sup\u00e9rieure \u00e0 la traction et \u00e0 la perforation.<\/li>\n<\/ul>\n<\/li>\n<\/ul>\n<ul>\n<li style=\"list-style-type: none;\">\n<ul>\n<li>Prot\u00e8ge les tuyaux pendant des ann\u00e9es contre les creusements accidentels.<\/li>\n<\/ul>\n<\/li>\n<\/ul>\n<ul>\n<li style=\"list-style-type: none;\">\n<ul>\n<li>Possibilit\u00e9 d'imprimer le nom de l'entreprise, le logo, le num\u00e9ro de t\u00e9l\u00e9phone, etc.<\/li>\n<\/ul>\n<\/li>\n<\/ul>\n<h2><strong>Sp\u00e9cification relative aux rubans d'avertissement d\u00e9tectables dans le sol :<\/strong><\/h2>\n<table>\n<tbody>\n<tr>\n<td width=\"284\">Art No.<\/td>\n<td width=\"284\">AWT04<\/td>\n<\/tr>\n<tr>\n<td width=\"284\">Mat\u00e9riau<\/td>\n<td width=\"284\">OPP\/AL\/PE<\/td>\n<\/tr>\n<tr>\n<td width=\"284\">\u00c9paisseur<\/td>\n<td width=\"284\">100mic~300mic (0.1mm-0.3mm)<\/td>\n<\/tr>\n<tr>\n<td width=\"284\">Largeur<\/td>\n<td width=\"284\">5CM, 7,5CM, 10CM, 15CM, 30CM, etc.<\/td>\n<\/tr>\n<tr>\n<td width=\"284\">Longueur<\/td>\n<td width=\"284\">100, 200, 300, 500M ou sur mesure<\/td>\n<\/tr>\n<tr>\n<td width=\"284\">Couleur<\/td>\n<td width=\"284\">Bleu, rouge, vert, etc.<\/td>\n<\/tr>\n<tr>\n<td width=\"284\">Logo<\/td>\n<td width=\"284\">Une couleur habituelle. Au maximum 4 couleurs pour le logo du client, y compris le nom, le num\u00e9ro de t\u00e9l\u00e9phone, etc.<\/td>\n<\/tr>\n<\/tbody>\n<\/table>","protected":false},"excerpt":{"rendered":"<p>No. d'art : AWT04<\/p>\n<p>Epaisseur : 100mic~300mic (0.1mm-0.3mm)<\/p>\n<p>Largeur : 5CM, 7,5CM, 10CM, 15CM, 30CM, etc.<\/p>\n<p>Longueur : 100, 200, 300, 500M ou sur mesure<\/p>\n<p>MOQ : 500-1000 ROULEAUX<\/p>","protected":false},"featured_media":5853,"template":"","meta":{"_acf_changed":false},"product_brand":[],"product_cat":[336,325],"product_tag":[166,167],"class_list":{"0":"post-5852","1":"product","2":"type-product","3":"status-publish","4":"has-post-thumbnail","6":"product_cat-pe-warning-tape-detectable-underground-warning-tape","7":"product_cat-road-safety-products","8":"product_tag-detectable-warning-tape","9":"product_tag-underground-detectable-warning-tape","11":"first","12":"instock","13":"product-type-simple"},"acf":[],"_links":{"self":[{"href":"https:\/\/toprisesafety.com\/fr\/wp-json\/wp\/v2\/product\/5852"}],"collection":[{"href":"https:\/\/toprisesafety.com\/fr\/wp-json\/wp\/v2\/product"}],"about":[{"href":"https:\/\/toprisesafety.com\/fr\/wp-json\/wp\/v2\/types\/product"}],"wp:featuredmedia":[{"embeddable":true,"href":"https:\/\/toprisesafety.com\/fr\/wp-json\/wp\/v2\/media\/5853"}],"wp:attachment":[{"href":"https:\/\/toprisesafety.com\/fr\/wp-json\/wp\/v2\/media?parent=5852"}],"wp:term":[{"taxonomy":"product_brand","embeddable":true,"href":"https:\/\/toprisesafety.com\/fr\/wp-json\/wp\/v2\/product_brand?post=5852"},{"taxonomy":"product_cat","embeddable":true,"href":"https:\/\/toprisesafety.com\/fr\/wp-json\/wp\/v2\/product_cat?post=5852"},{"taxonomy":"product_tag","embeddable":true,"href":"https:\/\/toprisesafety.com\/fr\/wp-json\/wp\/v2\/product_tag?post=5852"}],"curies":[{"name":"wp","href":"https:\/\/api.w.org\/{rel}","templated":true}]}}