{"id":5850,"date":"2018-02-28T04:08:59","date_gmt":"2018-02-28T04:08:59","guid":{"rendered":"https:\/\/toprisesafety.com\/product\/pe-safety-fence-snow-fence\/"},"modified":"2024-11-11T07:53:29","modified_gmt":"2024-11-11T07:53:29","slug":"pe-safety-fence-snow-fence","status":"publish","type":"product","link":"https:\/\/toprisesafety.com\/fr\/produit\/pe-safety-fence-snow-fence\/","title":{"rendered":"Barri\u00e8re de s\u00e9curit\u00e9 en PE Barri\u00e8re \u00e0 neige"},"content":{"rendered":"<p><strong>Barri\u00e8re de s\u00e9curit\u00e9 en PE Barri\u00e8re \u00e0 neige\u00a0<\/strong><\/p>\n<ul>\n<li style=\"list-style-type: none;\">\n<ul>\n<li><span data-spm-anchor-id=\"a2700.details.pronpeci14.i1.7c144d05IYczvs\">Les cl\u00f4tures de s\u00e9curit\u00e9 sont \u00e9galement appel\u00e9es grilles d'avertissement et cl\u00f4tures \u00e0 neige. <\/span><\/li>\n<\/ul>\n<\/li>\n<\/ul>\n<ul>\n<li style=\"list-style-type: none;\">\n<ul>\n<li><span data-spm-anchor-id=\"a2700.details.pronpeci14.i1.7c144d05IYczvs\">La couleur principale est l'orange, con\u00e7ue pour avertir.<\/span><\/li>\n<\/ul>\n<\/li>\n<\/ul>\n<ul>\n<li style=\"list-style-type: none;\">\n<ul>\n<li>Le grillage barri\u00e8re orange est un grillage en plastique polypropyl\u00e8ne extrud\u00e9 destin\u00e9 \u00e0 d\u00e9limiter les chantiers de construction, les zones d'\u00e9v\u00e9nements sportifs et \u00e0 contr\u00f4ler les foules et les pi\u00e9tons en g\u00e9n\u00e9ral.<\/li>\n<\/ul>\n<\/li>\n<\/ul>\n<ul>\n<li style=\"list-style-type: none;\">\n<ul>\n<li>Il est fabriqu\u00e9 en LDPE avec UV, principalement avec des trous rectangulaires et ovales.<\/li>\n<\/ul>\n<\/li>\n<\/ul>\n<ul>\n<li style=\"list-style-type: none;\">\n<ul>\n<li>La couleur orange est tr\u00e8s visible pour un avertissement maximal.<\/li>\n<\/ul>\n<\/li>\n<\/ul>\n<h2><strong>Sp\u00e9cification de la cl\u00f4ture de s\u00e9curit\u00e9 en PE pour la neige :<\/strong><\/h2>\n<table>\n<tbody>\n<tr>\n<td width=\"284\">Art No.<\/td>\n<td width=\"284\">SF100<\/td>\n<\/tr>\n<tr>\n<td width=\"284\">Mat\u00e9riau<\/td>\n<td width=\"284\">LDPE<\/td>\n<\/tr>\n<tr>\n<td width=\"284\">Couleur<\/td>\n<td width=\"284\">Orange<\/td>\n<\/tr>\n<tr>\n<td width=\"284\">Poids<\/td>\n<td width=\"284\">56G\/SQM, 70G\/SQM, 100G\/SQM ou sur mesure<\/td>\n<\/tr>\n<tr>\n<td width=\"284\">Largeur<\/td>\n<td width=\"284\">1M, 1.2M, 1.5M, 1.8M ou sur mesure<\/td>\n<\/tr>\n<tr>\n<td width=\"284\">M\u00e8tres<\/td>\n<td width=\"284\">30M, 50M ou sur mesure<\/td>\n<\/tr>\n<tr>\n<td width=\"284\">Emballage<\/td>\n<td width=\"284\">Chaque rouleau par sachet transparent<\/td>\n<\/tr>\n<tr>\n<td width=\"284\">Logo<\/td>\n<td width=\"284\">Papier de couleur, autocollant, etc. est disponible.<\/td>\n<\/tr>\n<\/tbody>\n<\/table>","protected":false},"excerpt":{"rendered":"<p>Art No. SF100<\/p>\n<p>Mat\u00e9riau : LDPE<\/p>\n<p>Taille : Sur mesure<\/p>\n<p>Poids : 56G\/70G\/100G ou personnalis\u00e9<\/p>\n<p>Couleur : Orange<\/p>\n<p>MOQ : 500 ROULEAUX<\/p>","protected":false},"featured_media":5851,"template":"","meta":{"_acf_changed":false},"product_brand":[],"product_cat":[325,334],"product_tag":[163,164],"class_list":{"0":"post-5850","1":"product","2":"type-product","3":"status-publish","4":"has-post-thumbnail","6":"product_cat-road-safety-products","7":"product_cat-safety-fence","8":"product_tag-pe-safety-fence","9":"product_tag-snow-fence","11":"first","12":"instock","13":"product-type-simple"},"acf":[],"_links":{"self":[{"href":"https:\/\/toprisesafety.com\/fr\/wp-json\/wp\/v2\/product\/5850"}],"collection":[{"href":"https:\/\/toprisesafety.com\/fr\/wp-json\/wp\/v2\/product"}],"about":[{"href":"https:\/\/toprisesafety.com\/fr\/wp-json\/wp\/v2\/types\/product"}],"wp:featuredmedia":[{"embeddable":true,"href":"https:\/\/toprisesafety.com\/fr\/wp-json\/wp\/v2\/media\/5851"}],"wp:attachment":[{"href":"https:\/\/toprisesafety.com\/fr\/wp-json\/wp\/v2\/media?parent=5850"}],"wp:term":[{"taxonomy":"product_brand","embeddable":true,"href":"https:\/\/toprisesafety.com\/fr\/wp-json\/wp\/v2\/product_brand?post=5850"},{"taxonomy":"product_cat","embeddable":true,"href":"https:\/\/toprisesafety.com\/fr\/wp-json\/wp\/v2\/product_cat?post=5850"},{"taxonomy":"product_tag","embeddable":true,"href":"https:\/\/toprisesafety.com\/fr\/wp-json\/wp\/v2\/product_tag?post=5850"}],"curies":[{"name":"wp","href":"https:\/\/api.w.org\/{rel}","templated":true}]}}