{"id":5848,"date":"2018-02-28T04:26:35","date_gmt":"2018-02-28T04:26:35","guid":{"rendered":"https:\/\/toprisesafety.com\/product\/work-coverall\/"},"modified":"2025-03-24T08:10:36","modified_gmt":"2025-03-24T08:10:36","slug":"work-coverall","status":"publish","type":"product","link":"https:\/\/toprisesafety.com\/fr\/produit\/work-coverall\/","title":{"rendered":"Combinaison de travail"},"content":{"rendered":"<p><strong>Combinaison de travail<\/strong><\/p>\n<ul>\n<li style=\"list-style-type: none;\">\n<ul>\n<li>Les combinaisons de travail, qui sont utilis\u00e9es dans une grande vari\u00e9t\u00e9 de travaux, sont fabriqu\u00e9es \u00e0 partir d'un textile de protection et de s\u00e9curit\u00e9 de haute performance et de la technologie la plus avanc\u00e9e. Elles sont confortables \u00e0 porter et fiables pour vous prot\u00e9ger des dangers industriels.<\/li>\n<\/ul>\n<\/li>\n<\/ul>\n<ul>\n<li style=\"list-style-type: none;\">\n<ul>\n<li>Ajout d'une bande r\u00e9fl\u00e9chissante \u00e0 haute visibilit\u00e9 selon les besoins du client.<\/li>\n<\/ul>\n<\/li>\n<\/ul>\n<ul>\n<li style=\"list-style-type: none;\">\n<ul>\n<li>Nous pouvons nous conformer \u00e0 la conception du client pour le fabriquer.<\/li>\n<\/ul>\n<\/li>\n<\/ul>\n<ul>\n<li style=\"list-style-type: none;\">\n<ul>\n<li>Mati\u00e8re diff\u00e9rente, taille du client, logo du client, couleur diff\u00e9rente, design du client, lavable.<\/li>\n<\/ul>\n<\/li>\n<\/ul>\n<ul>\n<li style=\"list-style-type: none;\">\n<ul>\n<li>D'autres mat\u00e9riaux r\u00e9sistants au feu, antistatiques, etc. peuvent \u00eatre utilis\u00e9s en fonction des besoins du client.<\/li>\n<\/ul>\n<\/li>\n<\/ul>\n<ul>\n<li style=\"list-style-type: none;\">\n<ul>\n<li>Pochette. Taille \u00e9lastiqu\u00e9e. Poche pour stylo \u00e0 bille.<\/li>\n<\/ul>\n<\/li>\n<\/ul>\n<ul>\n<li style=\"list-style-type: none;\">\n<ul>\n<li>Mati\u00e8re de haute qualit\u00e9 \u00e0 fermeture color\u00e9e. Le pr\u00e9-r\u00e9tr\u00e9cissement peut \u00eatre.<\/li>\n<\/ul>\n<\/li>\n<\/ul>\n<h2><strong>Sp\u00e9cifications des combinaisons de travail :\u00a0<\/strong><\/h2>\n<table>\n<tbody>\n<tr>\n<td width=\"284\">Art No.<\/td>\n<td width=\"284\">WC01<\/td>\n<\/tr>\n<tr>\n<td width=\"284\">Mat\u00e9riau<\/td>\n<td width=\"284\">100%coton, T\/C 65\/35, T\/C 80\/20, 100%polyester<\/td>\n<\/tr>\n<tr>\n<td width=\"284\">Poids<\/td>\n<td width=\"284\">160\/180\/230G\/SQM ou sur mesure<\/td>\n<\/tr>\n<tr>\n<td width=\"284\">Couleur<\/td>\n<td width=\"284\">Orange, vert, bleu, bleu marine, etc.<\/td>\n<\/tr>\n<tr>\n<td width=\"284\">Taille<\/td>\n<td width=\"284\">S-XXXL<\/td>\n<\/tr>\n<tr>\n<td width=\"284\">Logo<\/td>\n<td width=\"284\">Impression ou broderie<\/td>\n<\/tr>\n<\/tbody>\n<\/table>\n<p>TOPRISE prend en charge diff\u00e9rents styles de personnalisation des v\u00eatements de travail.<a href=\"https:\/\/toprisesafety.com\/fr\/categorie-produit\/personal-protective-equipment\/work-wear\/\"> voir d'autres styles de v\u00eatements de travail.<\/a><\/p>\n<p>NINGBO TOPRISE permet la personnalisation de diff\u00e9rents tissus et styles. Il permet \u00e9galement la personnalisation de petits lots pour r\u00e9pondre aux besoins de diff\u00e9rents clients.\u00a0<a href=\"https:\/\/toprisesafety.com\/fr\/contact-us\/\">N'h\u00e9sitez pas \u00e0 nous contacter pour toute personnalisation<\/a>.<\/p>\n<p>&nbsp;<\/p>","protected":false},"excerpt":{"rendered":"<p>Art No. WC01<\/p>\n<p>Mati\u00e8re : 100%Coton, T\/C 80\/20, T\/C 65\/35, 100%Polyester<\/p>\n<p>Poids : 160\/180\/230G\/SQM ou personnalis\u00e9<\/p>\n<p>Couleur : orange, vert, bleu marine, etc.<\/p>\n<p>Taille : S-XXXL<\/p>","protected":false},"featured_media":5846,"template":"","meta":{"_acf_changed":false},"product_brand":[],"product_cat":[330],"product_tag":[161],"class_list":{"0":"post-5848","1":"product","2":"type-product","3":"status-publish","4":"has-post-thumbnail","6":"product_cat-work-wear","7":"product_tag-work-coverall","9":"first","10":"instock","11":"product-type-simple"},"acf":[],"_links":{"self":[{"href":"https:\/\/toprisesafety.com\/fr\/wp-json\/wp\/v2\/product\/5848"}],"collection":[{"href":"https:\/\/toprisesafety.com\/fr\/wp-json\/wp\/v2\/product"}],"about":[{"href":"https:\/\/toprisesafety.com\/fr\/wp-json\/wp\/v2\/types\/product"}],"wp:featuredmedia":[{"embeddable":true,"href":"https:\/\/toprisesafety.com\/fr\/wp-json\/wp\/v2\/media\/5846"}],"wp:attachment":[{"href":"https:\/\/toprisesafety.com\/fr\/wp-json\/wp\/v2\/media?parent=5848"}],"wp:term":[{"taxonomy":"product_brand","embeddable":true,"href":"https:\/\/toprisesafety.com\/fr\/wp-json\/wp\/v2\/product_brand?post=5848"},{"taxonomy":"product_cat","embeddable":true,"href":"https:\/\/toprisesafety.com\/fr\/wp-json\/wp\/v2\/product_cat?post=5848"},{"taxonomy":"product_tag","embeddable":true,"href":"https:\/\/toprisesafety.com\/fr\/wp-json\/wp\/v2\/product_tag?post=5848"}],"curies":[{"name":"wp","href":"https:\/\/api.w.org\/{rel}","templated":true}]}}