{"id":5843,"date":"2018-02-28T05:01:27","date_gmt":"2018-02-28T05:01:27","guid":{"rendered":"https:\/\/toprisesafety.com\/product\/rain-suit-rubberized-rain-suit\/"},"modified":"2025-03-25T04:46:19","modified_gmt":"2025-03-25T04:46:19","slug":"rain-suit-rubberized-rain-suit","status":"publish","type":"product","link":"https:\/\/toprisesafety.com\/fr\/produit\/rain-suit-rubberized-rain-suit\/","title":{"rendered":"Combinaison de pluie en caoutchouc"},"content":{"rendered":"<p data-spm-anchor-id=\"a2700.details.pronpeci14.i1.65616b4csaT9Dx\"><strong>Combinaison de pluie en caoutchouc <\/strong><\/p>\n<ul>\n<li style=\"list-style-type: none;\">\n<ul>\n<li data-spm-anchor-id=\"a2700.details.pronpeci14.i1.65616b4csaT9Dx\">Polyester haute r\u00e9sistance avec rev\u00eatement en PVC.<\/li>\n<\/ul>\n<\/li>\n<\/ul>\n<ul>\n<li style=\"list-style-type: none;\">\n<ul>\n<li data-spm-anchor-id=\"a2700.details.pronpeci14.i1.65616b4csaT9Dx\">100%\u00c9tanch\u00e9it\u00e9 \u00e0 l'eau. R\u00e9sistant au vent<\/li>\n<\/ul>\n<\/li>\n<\/ul>\n<ul>\n<li style=\"list-style-type: none;\">\n<ul>\n<li>Rainwear resists abrasion tears and provides solid protection from a variety of industrial compounds, acids and oils<\/li>\n<\/ul>\n<\/li>\n<\/ul>\n<ul>\n<li style=\"list-style-type: none;\">\n<ul>\n<li data-spm-anchor-id=\"a2700.details.pronpeci14.i0.65616b4csaT9Dx\">Fabriqu\u00e9s avec des manches raglan, les costumes deux pi\u00e8ces se composent d'une veste et d'un pantalon.<\/li>\n<\/ul>\n<\/li>\n<\/ul>\n<ul>\n<li style=\"list-style-type: none;\">\n<ul>\n<li data-spm-anchor-id=\"a2700.details.pronpeci14.i0.65616b4csaT9Dx\">Application : \u00e9quitation, construction, exploitation mini\u00e8re, p\u00eache, etc.<\/li>\n<\/ul>\n<\/li>\n<\/ul>\n<h2><strong>Rain suit rubberized rain suit specification:<\/strong><\/h2>\n<table>\n<tbody>\n<tr>\n<td width=\"284\">Art No.<\/td>\n<td width=\"284\">RS170<\/td>\n<\/tr>\n<tr>\n<td width=\"284\">Mat\u00e9riau<\/td>\n<td width=\"284\">100%polyester avec rev\u00eatement pvc. 150T\/170T\/190T .\u00e9paisseur 0.18mm, 0.2mm etc.<\/td>\n<\/tr>\n<tr>\n<td width=\"284\">Taille<\/td>\n<td width=\"284\">S-XXXL<\/td>\n<\/tr>\n<tr>\n<td width=\"284\">Conception<\/td>\n<td width=\"284\">Two pockets on jacket, 2 slants pockets on pant<\/td>\n<\/tr>\n<tr>\n<td width=\"284\">Bande r\u00e9fl\u00e9chissante<\/td>\n<td width=\"284\">Ajouter selon les besoins du client<\/td>\n<\/tr>\n<tr>\n<td width=\"284\">Couleur<\/td>\n<td width=\"284\">Bleu marine, noir, jaune, etc.<\/td>\n<\/tr>\n<tr>\n<td width=\"284\">Logo<\/td>\n<td width=\"284\">\u00c9tiquette de cou ou impression<\/td>\n<\/tr>\n<tr>\n<td width=\"284\">Emballage<\/td>\n<td width=\"284\">1SET per same material bag<\/td>\n<\/tr>\n<\/tbody>\n<\/table>\n<p>TOPRISE prend en charge diff\u00e9rents styles de personnalisation des v\u00eatements de pluie. <a href=\"https:\/\/toprisesafety.com\/fr\/categorie-produit\/personal-protective-equipment\/rain-wear\/\">voir d'autres mod\u00e8les de v\u00eatements de pluie.<\/a><\/p>\n<p>Si vous ne trouvez pas les v\u00eatements de pluie n\u00e9cessaires, <a href=\"https:\/\/toprisesafety.com\/fr\/contact-us\/\">nous contacter<\/a>; nous prenons en charge la personnalisation sp\u00e9ciale.<\/p>","protected":false},"excerpt":{"rendered":"<p>Art No.: RS170<\/p>\n<p>Mat\u00e9riau : polyester enduit de PVC<\/p>\n<p>Couleur : bleu marine, vert, jaune, etc.<\/p>\n<p>Taille : S-XXXL<\/p>","protected":false},"featured_media":5844,"template":"","meta":{"_acf_changed":false},"product_brand":[],"product_cat":[321],"product_tag":[154],"class_list":{"0":"post-5843","1":"product","2":"type-product","3":"status-publish","4":"has-post-thumbnail","6":"product_cat-rain-wear","7":"product_tag-rubberized-rain-suit","9":"first","10":"instock","11":"product-type-simple"},"acf":[],"_links":{"self":[{"href":"https:\/\/toprisesafety.com\/fr\/wp-json\/wp\/v2\/product\/5843"}],"collection":[{"href":"https:\/\/toprisesafety.com\/fr\/wp-json\/wp\/v2\/product"}],"about":[{"href":"https:\/\/toprisesafety.com\/fr\/wp-json\/wp\/v2\/types\/product"}],"wp:featuredmedia":[{"embeddable":true,"href":"https:\/\/toprisesafety.com\/fr\/wp-json\/wp\/v2\/media\/5844"}],"wp:attachment":[{"href":"https:\/\/toprisesafety.com\/fr\/wp-json\/wp\/v2\/media?parent=5843"}],"wp:term":[{"taxonomy":"product_brand","embeddable":true,"href":"https:\/\/toprisesafety.com\/fr\/wp-json\/wp\/v2\/product_brand?post=5843"},{"taxonomy":"product_cat","embeddable":true,"href":"https:\/\/toprisesafety.com\/fr\/wp-json\/wp\/v2\/product_cat?post=5843"},{"taxonomy":"product_tag","embeddable":true,"href":"https:\/\/toprisesafety.com\/fr\/wp-json\/wp\/v2\/product_tag?post=5843"}],"curies":[{"name":"wp","href":"https:\/\/api.w.org\/{rel}","templated":true}]}}