{"id":5841,"date":"2018-02-28T09:12:16","date_gmt":"2018-02-28T09:12:16","guid":{"rendered":"https:\/\/toprisesafety.com\/product\/rain-coat-rubberized-rain-coat\/"},"modified":"2025-03-25T04:45:55","modified_gmt":"2025-03-25T04:45:55","slug":"rain-coat-rubberized-rain-coat","status":"publish","type":"product","link":"https:\/\/toprisesafety.com\/fr\/produit\/rain-coat-rubberized-rain-coat\/","title":{"rendered":"Manteau de pluie manteau de pluie caoutchout\u00e9"},"content":{"rendered":"<p><strong>Manteau de pluie manteau de pluie caoutchout\u00e9 <\/strong><\/p>\n<ul>\n<li style=\"list-style-type: none;\">\n<ul>\n<li data-spm-anchor-id=\"a2700.details.pronpeci14.i1.65616b4csaT9Dx\">Polyester haute r\u00e9sistance avec rev\u00eatement en PVC.<\/li>\n<\/ul>\n<\/li>\n<\/ul>\n<ul>\n<li style=\"list-style-type: none;\">\n<ul>\n<li data-spm-anchor-id=\"a2700.details.pronpeci14.i1.65616b4csaT9Dx\">100%\u00c9tanch\u00e9it\u00e9 \u00e0 l'eau. R\u00e9sistant au vent<\/li>\n<\/ul>\n<\/li>\n<\/ul>\n<ul>\n<li style=\"list-style-type: none;\">\n<ul>\n<li>L'usure par la pluie r\u00e9siste aux d\u00e9chirures dues \u00e0 l'abrasion et offre une protection solide contre une vari\u00e9t\u00e9 de compos\u00e9s industriels, d'acides et d'huiles.<\/li>\n<\/ul>\n<\/li>\n<\/ul>\n<ul>\n<li style=\"list-style-type: none;\">\n<ul>\n<li data-spm-anchor-id=\"a2700.details.pronpeci14.i0.65616b4csaT9Dx\">Fabriqu\u00e9s avec des manches raglan, les costumes deux pi\u00e8ces se composent d'une veste et d'un pantalon.<\/li>\n<\/ul>\n<\/li>\n<\/ul>\n<ul>\n<li style=\"list-style-type: none;\">\n<ul>\n<li data-spm-anchor-id=\"a2700.details.pronpeci14.i0.65616b4csaT9Dx\">Application : \u00e9quitation, construction, exploitation mini\u00e8re, p\u00eache, etc.<\/li>\n<\/ul>\n<\/li>\n<\/ul>\n<h2><strong>Caract\u00e9ristiques du manteau de pluie caoutchout\u00e9 :<\/strong><\/h2>\n<table>\n<tbody>\n<tr>\n<td width=\"284\">Art No.<\/td>\n<td width=\"284\">RC171<\/td>\n<\/tr>\n<tr>\n<td width=\"284\">Mat\u00e9riau<\/td>\n<td width=\"284\">100%polyester avec rev\u00eatement pvc. 150T\/170T\/190T .\u00e9paisseur 0.18mm, 0.2mm etc.<\/td>\n<\/tr>\n<tr>\n<td width=\"284\">Taille<\/td>\n<td width=\"284\">S-XXXL<\/td>\n<\/tr>\n<tr>\n<td width=\"284\">Conception<\/td>\n<td width=\"284\">Manteau \u00e0 deux poches avec rabat<\/td>\n<\/tr>\n<tr>\n<td width=\"284\">Bande r\u00e9fl\u00e9chissante<\/td>\n<td width=\"284\">Ajouter selon les besoins du client<\/td>\n<\/tr>\n<tr>\n<td width=\"284\">Couleur<\/td>\n<td width=\"284\">Bleu marine, noir, jaune, etc.<\/td>\n<\/tr>\n<tr>\n<td width=\"284\">Logo<\/td>\n<td width=\"284\">\u00c9tiquette de cou ou impression<\/td>\n<\/tr>\n<tr>\n<td width=\"284\">Emballage<\/td>\n<td width=\"284\">1PC par sac de m\u00eame mat\u00e9riau<\/td>\n<\/tr>\n<\/tbody>\n<\/table>\n<p>TOPRISE prend en charge diff\u00e9rents styles de personnalisation des v\u00eatements de pluie. <a href=\"https:\/\/toprisesafety.com\/fr\/categorie-produit\/personal-protective-equipment\/rain-wear\/\">voir d'autres mod\u00e8les de v\u00eatements de pluie.<\/a><\/p>\n<p>Si vous ne trouvez pas les v\u00eatements de pluie n\u00e9cessaires, <a href=\"https:\/\/toprisesafety.com\/fr\/contact-us\/\">nous contacter<\/a>; nous prenons en charge la personnalisation sp\u00e9ciale.<\/p>","protected":false},"excerpt":{"rendered":"<p>No. d'art : RC171<\/p>\n<p>Mat\u00e9riau : polyester enduit de PVC<\/p>\n<p>Couleur : bleu marine, vert, jaune, etc.<\/p>\n<p>Taille : S-XXXL<\/p>","protected":false},"featured_media":5842,"template":"","meta":{"_acf_changed":false},"product_brand":[],"product_cat":[321],"product_tag":[153],"class_list":{"0":"post-5841","1":"product","2":"type-product","3":"status-publish","4":"has-post-thumbnail","6":"product_cat-rain-wear","7":"product_tag-rain-coat-rubberized-rain-coat","9":"first","10":"instock","11":"product-type-simple"},"acf":[],"_links":{"self":[{"href":"https:\/\/toprisesafety.com\/fr\/wp-json\/wp\/v2\/product\/5841"}],"collection":[{"href":"https:\/\/toprisesafety.com\/fr\/wp-json\/wp\/v2\/product"}],"about":[{"href":"https:\/\/toprisesafety.com\/fr\/wp-json\/wp\/v2\/types\/product"}],"wp:featuredmedia":[{"embeddable":true,"href":"https:\/\/toprisesafety.com\/fr\/wp-json\/wp\/v2\/media\/5842"}],"wp:attachment":[{"href":"https:\/\/toprisesafety.com\/fr\/wp-json\/wp\/v2\/media?parent=5841"}],"wp:term":[{"taxonomy":"product_brand","embeddable":true,"href":"https:\/\/toprisesafety.com\/fr\/wp-json\/wp\/v2\/product_brand?post=5841"},{"taxonomy":"product_cat","embeddable":true,"href":"https:\/\/toprisesafety.com\/fr\/wp-json\/wp\/v2\/product_cat?post=5841"},{"taxonomy":"product_tag","embeddable":true,"href":"https:\/\/toprisesafety.com\/fr\/wp-json\/wp\/v2\/product_tag?post=5841"}],"curies":[{"name":"wp","href":"https:\/\/api.w.org\/{rel}","templated":true}]}}