{"id":5835,"date":"2018-02-28T09:30:13","date_gmt":"2018-02-28T09:30:13","guid":{"rendered":"https:\/\/toprisesafety.com\/product\/heavy-duty-pvc-rain-coat-pvc-polyester-pvc-rain-coat-pvc-polyester-rain-coat\/"},"modified":"2025-03-25T04:45:12","modified_gmt":"2025-03-25T04:45:12","slug":"heavy-duty-pvc-rain-coat-pvc-polyester-pvc-rain-coat-pvc-polyester-rain-coat","status":"publish","type":"product","link":"https:\/\/toprisesafety.com\/fr\/produit\/heavy-duty-pvc-rain-coat-pvc-polyester-pvc-rain-coat-pvc-polyester-rain-coat\/","title":{"rendered":"Imperm\u00e9able en PVC tr\u00e8s r\u00e9sistant Imperm\u00e9able en PVC\/Polyester\/PVC Imperm\u00e9able en PVC\/Polyester"},"content":{"rendered":"<p><strong>Imperm\u00e9able en PVC tr\u00e8s r\u00e9sistant Imperm\u00e9able en PVC\/Polyester\/PVC Imperm\u00e9able en PVC\/Polyester <\/strong><\/p>\n<ul>\n<li style=\"list-style-type: none;\">\n<ul>\n<li data-spm-anchor-id=\"a2700.details.pronpeci14.i1.65616b4csaT9Dx\">Mat\u00e9riau PVC\/Polyester\/PVC ou PVC\/Polyester tr\u00e8s r\u00e9sistant<\/li>\n<\/ul>\n<\/li>\n<\/ul>\n<ul>\n<li style=\"list-style-type: none;\">\n<ul>\n<li data-spm-anchor-id=\"a2700.details.pronpeci14.i1.65616b4csaT9Dx\">Fabrication scell\u00e9e \u00e0 chaud<\/li>\n<\/ul>\n<\/li>\n<\/ul>\n<ul>\n<li style=\"list-style-type: none;\">\n<ul>\n<li data-spm-anchor-id=\"a2700.details.pronpeci14.i1.65616b4csaT9Dx\">Robustesse<\/li>\n<\/ul>\n<\/li>\n<\/ul>\n<ul>\n<li style=\"list-style-type: none;\">\n<ul>\n<li data-spm-anchor-id=\"a2700.details.pronpeci14.i1.65616b4csaT9Dx\">100%\u00c9tanch\u00e9it\u00e9 \u00e0 l'eau. R\u00e9sistant au vent<\/li>\n<\/ul>\n<\/li>\n<\/ul>\n<ul>\n<li style=\"list-style-type: none;\">\n<ul>\n<li>L'usure par la pluie r\u00e9siste aux d\u00e9chirures dues \u00e0 l'abrasion et offre une protection solide contre une vari\u00e9t\u00e9 de compos\u00e9s industriels, d'acides et d'huiles.<\/li>\n<\/ul>\n<\/li>\n<\/ul>\n<ul>\n<li style=\"list-style-type: none;\">\n<ul>\n<li data-spm-anchor-id=\"a2700.details.pronpeci14.i0.65616b4csaT9Dx\">Fabriqu\u00e9s avec des manches raglan, les costumes deux pi\u00e8ces se composent d'une veste et d'un pantalon.<\/li>\n<\/ul>\n<\/li>\n<\/ul>\n<ul>\n<li style=\"list-style-type: none;\">\n<ul>\n<li data-spm-anchor-id=\"a2700.details.pronpeci14.i0.65616b4csaT9Dx\">Application : \u00e9quitation, construction, exploitation mini\u00e8re, p\u00eache, etc.<\/li>\n<\/ul>\n<\/li>\n<\/ul>\n<h2><strong>Heavy duty PVC rain coat PVC\/Polyester\/PVC rain coat PVC\/Polyester rain coat specifications:<\/strong><\/h2>\n<table>\n<tbody>\n<tr>\n<td width=\"284\">Art No.<\/td>\n<td width=\"284\">RCP02<\/td>\n<\/tr>\n<tr>\n<td width=\"284\">Mat\u00e9riau<\/td>\n<td width=\"284\">PVC\/Polyester\/PVC, PVC\/Polyester .<\/td>\n<\/tr>\n<tr>\n<td width=\"284\">Taille<\/td>\n<td width=\"284\">S-XXXL<\/td>\n<\/tr>\n<tr>\n<td width=\"284\">Conception<\/td>\n<td width=\"284\">Two pockets on coat<\/td>\n<\/tr>\n<tr>\n<td width=\"284\">Bande r\u00e9fl\u00e9chissante<\/td>\n<td width=\"284\">Ajouter selon les besoins du client<\/td>\n<\/tr>\n<tr>\n<td width=\"284\">Couleur<\/td>\n<td width=\"284\">Bleu marine, vert, jaune, etc.<\/td>\n<\/tr>\n<tr>\n<td width=\"284\">Logo<\/td>\n<td width=\"284\">\u00c9tiquette de cou ou impression<\/td>\n<\/tr>\n<tr>\n<td width=\"284\">Emballage<\/td>\n<td width=\"284\">1 jeu\/sac en poly\u00e9thyl\u00e8ne<\/td>\n<\/tr>\n<\/tbody>\n<\/table>\n<p>TOPRISE prend en charge diff\u00e9rents styles de personnalisation des v\u00eatements de pluie. <a href=\"https:\/\/toprisesafety.com\/fr\/categorie-produit\/personal-protective-equipment\/rain-wear\/\">voir d'autres mod\u00e8les de v\u00eatements de pluie.<\/a><\/p>\n<p>Si vous ne trouvez pas les v\u00eatements de pluie n\u00e9cessaires, <a href=\"https:\/\/toprisesafety.com\/fr\/contact-us\/\">nous contacter<\/a>; nous prenons en charge la personnalisation sp\u00e9ciale.<\/p>","protected":false},"excerpt":{"rendered":"<p>Art No.: RCP02<\/p>\n<p>Mati\u00e8re : PVC\/Polyester\/PVC, PVC\/Polyester .<\/p>\n<p>Couleur : bleu marine, vert, jaune, etc.<\/p>\n<p>Taille : S-XXXL<\/p>","protected":false},"featured_media":5836,"template":"","meta":{"_acf_changed":false},"product_brand":[],"product_cat":[321],"product_tag":[149],"class_list":{"0":"post-5835","1":"product","2":"type-product","3":"status-publish","4":"has-post-thumbnail","6":"product_cat-rain-wear","7":"product_tag-heavy-duty-pvc-rain-coat","9":"first","10":"instock","11":"product-type-simple"},"acf":[],"_links":{"self":[{"href":"https:\/\/toprisesafety.com\/fr\/wp-json\/wp\/v2\/product\/5835"}],"collection":[{"href":"https:\/\/toprisesafety.com\/fr\/wp-json\/wp\/v2\/product"}],"about":[{"href":"https:\/\/toprisesafety.com\/fr\/wp-json\/wp\/v2\/types\/product"}],"wp:featuredmedia":[{"embeddable":true,"href":"https:\/\/toprisesafety.com\/fr\/wp-json\/wp\/v2\/media\/5836"}],"wp:attachment":[{"href":"https:\/\/toprisesafety.com\/fr\/wp-json\/wp\/v2\/media?parent=5835"}],"wp:term":[{"taxonomy":"product_brand","embeddable":true,"href":"https:\/\/toprisesafety.com\/fr\/wp-json\/wp\/v2\/product_brand?post=5835"},{"taxonomy":"product_cat","embeddable":true,"href":"https:\/\/toprisesafety.com\/fr\/wp-json\/wp\/v2\/product_cat?post=5835"},{"taxonomy":"product_tag","embeddable":true,"href":"https:\/\/toprisesafety.com\/fr\/wp-json\/wp\/v2\/product_tag?post=5835"}],"curies":[{"name":"wp","href":"https:\/\/api.w.org\/{rel}","templated":true}]}}