{"id":5829,"date":"2018-02-28T10:12:04","date_gmt":"2018-02-28T10:12:04","guid":{"rendered":"https:\/\/toprisesafety.com\/product\/work-back-support-belt-weightlifting-fitness\/"},"modified":"2025-04-14T06:35:18","modified_gmt":"2025-04-14T06:35:18","slug":"work-back-support-belt-weightlifting-fitness","status":"publish","type":"product","link":"https:\/\/toprisesafety.com\/fr\/produit\/work-back-support-belt-weightlifting-fitness\/","title":{"rendered":"Ceinture de soutien dorsal pour l'halt\u00e9rophilie"},"content":{"rendered":"<p><strong>Ceinture de soutien dorsal pour l'halt\u00e9rophilie<\/strong><\/p>\n<ul>\n<li style=\"list-style-type: none;\">\n<ul>\n<li><span data-spm-anchor-id=\"a2700.details.pronpeci14.i1.6d4a2325ESIc0m\">Haute \u00e9lasticit\u00e9, pour un meilleur maintien de la taille et une meilleure protection de la partie essentielle de votre taille.<\/span><\/li>\n<\/ul>\n<\/li>\n<\/ul>\n<ul>\n<li style=\"list-style-type: none;\">\n<ul>\n<li>Une posture correcte : gardez votre colonne vert\u00e9brale align\u00e9e et droite \u00e0 tout moment.<\/li>\n<\/ul>\n<\/li>\n<\/ul>\n<ul>\n<li style=\"list-style-type: none;\">\n<ul>\n<li>Soulage le mal de dos, maintient la ligne naturelle des vert\u00e8bres lombaires.<\/li>\n<\/ul>\n<\/li>\n<\/ul>\n<ul>\n<li style=\"list-style-type: none;\">\n<ul>\n<li><span data-spm-anchor-id=\"a2700.details.pronpeci14.i0.6d4a2325ESIc0m\">Apporte chaleur, soutien et compression au bas du dos et am\u00e9liore la flexibilit\u00e9.<\/span><\/li>\n<\/ul>\n<\/li>\n<\/ul>\n<ul>\n<li style=\"list-style-type: none;\">\n<ul>\n<li>Soulagement confortable des douleurs lombaires<\/li>\n<\/ul>\n<\/li>\n<\/ul>\n<ul>\n<li style=\"list-style-type: none;\">\n<ul>\n<li><span data-spm-anchor-id=\"a2700.details.pronpeci14.i0.5a21f461KRmQxt\">La ceinture dorsale est une ceinture de compression performante qui aide \u00e0 soulager les douleurs dorsales, les raideurs et les pincements, et vous apporte un soutien quotidien.<\/span><\/li>\n<\/ul>\n<\/li>\n<\/ul>\n<ul>\n<li style=\"list-style-type: none;\">\n<ul>\n<li><span data-spm-anchor-id=\"a2700.details.pronpeci14.i1.5a21f461KRmQxt\">Elle se porte autour de la taille. Cette ceinture comprime vos muscles afin de vous rendre plus \u00e0 l'aise et de pr\u00e9venir d'autres blessures.<\/span><\/li>\n<\/ul>\n<\/li>\n<\/ul>\n<ul>\n<li style=\"list-style-type: none;\">\n<ul>\n<li>Support dorsal avec barre de soutien en PP.<\/li>\n<\/ul>\n<\/li>\n<\/ul>\n<ul>\n<li style=\"list-style-type: none;\">\n<ul>\n<li>Soutient et aide \u00e0 renforcer le dos et \u00e0 corriger la posture<\/li>\n<\/ul>\n<\/li>\n<\/ul>\n<ul>\n<li style=\"list-style-type: none;\">\n<ul>\n<li>Convient pour les personnes qui se remettent d'une blessure<\/li>\n<\/ul>\n<\/li>\n<\/ul>\n<ul>\n<li style=\"list-style-type: none;\">\n<ul>\n<li>Peut \u00eatre serr\u00e9 et desserr\u00e9 en cons\u00e9quence<\/li>\n<\/ul>\n<\/li>\n<\/ul>\n<ul>\n<li style=\"list-style-type: none;\">\n<ul>\n<li>Aide \u00e0 pr\u00e9venir les blessures lors du levage<\/li>\n<\/ul>\n<\/li>\n<\/ul>\n<ul>\n<li style=\"list-style-type: none;\">\n<ul>\n<li>Con\u00e7u pour les sportifs professionnels du basket-ball, les ouvriers du b\u00e2timent, les jardiniers, les hamal, etc.<\/li>\n<\/ul>\n<\/li>\n<\/ul>\n<h2><strong>Ceinture de maintien du dos pour l'halt\u00e9rophilie :\u00a0<\/strong><\/h2>\n<table>\n<tbody>\n<tr>\n<td width=\"284\">ART NO.<\/td>\n<td width=\"284\">BS01<\/td>\n<\/tr>\n<tr>\n<td width=\"284\">Mat\u00e9riau<\/td>\n<td width=\"284\">\u00c9lastique, boucle, crochet et boucle<\/td>\n<\/tr>\n<tr>\n<td width=\"284\">Couleur<\/td>\n<td width=\"284\">Noir<\/td>\n<\/tr>\n<tr>\n<td width=\"284\">Taille<\/td>\n<td width=\"284\">S:28-32\u201d;M:32-38\u201d;L:38-46\u201d;XL:46-56\u201d; XXL:56-62\u201d;XXXL:62-68\u201d<\/td>\n<\/tr>\n<tr>\n<td width=\"284\">Logo du client<\/td>\n<td width=\"284\">Disponible<\/td>\n<\/tr>\n<tr>\n<td width=\"284\">Emballage<\/td>\n<td width=\"284\">Bo\u00eete de couleur, blister, carte de t\u00eate, etc.<\/td>\n<\/tr>\n<\/tbody>\n<\/table>\n<p>TOPRISE prend en charge diff\u00e9rents styles de personnalisation des ceintures de maintien au travail ; cliquez pour <a href=\"https:\/\/toprisesafety.com\/fr\/categorie-produit\/personal-protective-equipment\/back-support-belt\/\">voir d'autres mod\u00e8les de ceintures de soutien du dos pour le travail.<\/a><\/p>\n<p>Si vous ne trouvez pas la ceinture de maintien au travail dont vous avez besoin , <a href=\"https:\/\/toprisesafety.com\/fr\/contact-us\/\">nous contacter<\/a>; nous prenons en charge la personnalisation sp\u00e9ciale.<\/p>","protected":false},"excerpt":{"rendered":"<p>No. d'art : BS02<\/p>\n<p>Mati\u00e8re : \u00e9lastique, boucle, crochet et boucle<\/p>\n<p>Couleur : Noir<\/p>\n<p>Taille : S-XXXL<\/p>\n<p>MOQ : 1008PCS<\/p>","protected":false},"featured_media":5830,"template":"","meta":{"_acf_changed":false},"product_brand":[],"product_cat":[320,328],"product_tag":[145],"class_list":{"0":"post-5829","1":"product","2":"type-product","3":"status-publish","4":"has-post-thumbnail","6":"product_cat-personal-protective-equipment","7":"product_cat-back-support-belt","8":"product_tag-work-back-support-belt","10":"first","11":"instock","12":"product-type-simple"},"acf":[],"_links":{"self":[{"href":"https:\/\/toprisesafety.com\/fr\/wp-json\/wp\/v2\/product\/5829"}],"collection":[{"href":"https:\/\/toprisesafety.com\/fr\/wp-json\/wp\/v2\/product"}],"about":[{"href":"https:\/\/toprisesafety.com\/fr\/wp-json\/wp\/v2\/types\/product"}],"wp:featuredmedia":[{"embeddable":true,"href":"https:\/\/toprisesafety.com\/fr\/wp-json\/wp\/v2\/media\/5830"}],"wp:attachment":[{"href":"https:\/\/toprisesafety.com\/fr\/wp-json\/wp\/v2\/media?parent=5829"}],"wp:term":[{"taxonomy":"product_brand","embeddable":true,"href":"https:\/\/toprisesafety.com\/fr\/wp-json\/wp\/v2\/product_brand?post=5829"},{"taxonomy":"product_cat","embeddable":true,"href":"https:\/\/toprisesafety.com\/fr\/wp-json\/wp\/v2\/product_cat?post=5829"},{"taxonomy":"product_tag","embeddable":true,"href":"https:\/\/toprisesafety.com\/fr\/wp-json\/wp\/v2\/product_tag?post=5829"}],"curies":[{"name":"wp","href":"https:\/\/api.w.org\/{rel}","templated":true}]}}