{"id":5825,"date":"2018-02-28T11:21:25","date_gmt":"2018-02-28T11:21:25","guid":{"rendered":"https:\/\/toprisesafety.com\/product\/full-body-safety-harness-safety-rope\/"},"modified":"2025-04-15T06:13:36","modified_gmt":"2025-04-15T06:13:36","slug":"full-body-safety-harness-safety-rope","status":"publish","type":"product","link":"https:\/\/toprisesafety.com\/fr\/produit\/full-body-safety-harness-safety-rope\/","title":{"rendered":"Harnais de s\u00e9curit\u00e9 complet"},"content":{"rendered":"<p><strong>Harnais de s\u00e9curit\u00e9 complet <\/strong><\/p>\n<ul>\n<li style=\"list-style-type: none;\">\n<ul>\n<li>La s\u00e9rie de harnais complets est compos\u00e9e de pi\u00e8ces de sangles en polyester ou en PP cousues et reli\u00e9es par des boucles m\u00e9talliques. Cette configuration garantit une s\u00e9curit\u00e9 et un confort de travail optimaux.<\/li>\n<\/ul>\n<\/li>\n<\/ul>\n<ul>\n<li style=\"list-style-type: none;\">\n<ul>\n<li>Acier alli\u00e9, raccord m\u00e9tallique chrom\u00e9<\/li>\n<\/ul>\n<\/li>\n<\/ul>\n<ul>\n<li style=\"list-style-type: none;\">\n<ul>\n<li>Largement utilis\u00e9 pour l'arr\u00eat des chutes, le sauvetage, le positionnement au travail, les travaux d'acc\u00e8s par corde, les travaux a\u00e9riens, la protection de la construction, etc.<\/li>\n<\/ul>\n<\/li>\n<\/ul>\n<ul>\n<li style=\"list-style-type: none;\">\n<ul>\n<li><span data-spm-anchor-id=\"a2700.details.pronpeci14.i1.880c15bbTJGkIC\">Abordable et facile \u00e0 utiliser.<\/span><\/li>\n<\/ul>\n<\/li>\n<\/ul>\n<p><strong>Utiliser correctement le harnais de s\u00e9curit\u00e9 pour assurer la s\u00e9curit\u00e9 :<\/strong><\/p>\n<ul>\n<li style=\"list-style-type: none;\">\n<ul>\n<li>Toutes les sangles sont correctement ajust\u00e9es (ni trop l\u00e2ches, ni trop serr\u00e9es).<\/li>\n<\/ul>\n<\/li>\n<\/ul>\n<ul>\n<li style=\"list-style-type: none;\">\n<ul>\n<li>La boucle d'attache dorsale est correctement positionn\u00e9e au niveau des omoplates.<\/li>\n<\/ul>\n<\/li>\n<\/ul>\n<ul>\n<li style=\"list-style-type: none;\">\n<ul>\n<li>La sangle de poitrine avant est correctement positionn\u00e9e au milieu de la poitrine.<\/li>\n<\/ul>\n<\/li>\n<\/ul>\n<ul>\n<li style=\"list-style-type: none;\">\n<ul>\n<li data-spm-anchor-id=\"a2700.details.pronpeci14.i3.27ca6304wHDyks\">Les extr\u00e9mit\u00e9s de toutes les sangles doivent \u00eatre maintenues par des boucles en plastique.<\/li>\n<\/ul>\n<\/li>\n<\/ul>\n<h2><strong>Sp\u00e9cification du harnais de s\u00e9curit\u00e9 complet :<\/strong><\/h2>\n<table>\n<tbody>\n<tr>\n<td width=\"284\">Art NO.<\/td>\n<td width=\"284\">SH01<\/td>\n<\/tr>\n<tr>\n<td width=\"284\">Mat\u00e9riau de la sangle<\/td>\n<td width=\"284\">Polyester<\/td>\n<\/tr>\n<tr>\n<td width=\"284\">Taille de la sangle<\/td>\n<td width=\"284\">5CM<\/td>\n<\/tr>\n<tr>\n<td width=\"284\">Couleur<\/td>\n<td width=\"284\">Vert<\/td>\n<\/tr>\n<tr>\n<td width=\"284\">Structure<\/td>\n<td width=\"284\">1Point d'attache arri\u00e8re avec 3 points r\u00e9glables<\/td>\n<\/tr>\n<tr>\n<td width=\"284\">Diam\u00e8tre du c\u00e2ble de s\u00e9curit\u00e9<\/td>\n<td width=\"284\">13MM<\/td>\n<\/tr>\n<tr>\n<td width=\"284\">Longueur de la corde de s\u00e9curit\u00e9<\/td>\n<td width=\"284\">150CM<\/td>\n<\/tr>\n<tr>\n<td width=\"284\">Mousqueton d'estampage<\/td>\n<td width=\"284\">Taille moyenne<\/td>\n<\/tr>\n<tr>\n<td width=\"284\">Raccords m\u00e9talliques<\/td>\n<td width=\"284\">Acier alli\u00e9, chrom\u00e9<\/td>\n<\/tr>\n<tr>\n<td width=\"284\">Emballage<\/td>\n<td width=\"284\">1PC\/BO\u00ceTE DE COULEUR, 10PCS\/CTN<\/td>\n<\/tr>\n<\/tbody>\n<\/table>\n<p>TOPRISE prend en charge diff\u00e9rents styles de personnalisation des harnais de s\u00e9curit\u00e9. <a href=\"https:\/\/toprisesafety.com\/fr\/categorie-produit\/personal-protective-equipment\/safety-harness\/\">voir d'autres mod\u00e8les de harnais de s\u00e9curit\u00e9.<\/a><\/p>\n<p>Si vous ne trouvez pas les harnais de s\u00e9curit\u00e9 requis, <a href=\"https:\/\/toprisesafety.com\/fr\/contact-us\/\">nous contacter<\/a>; nous prenons en charge la personnalisation sp\u00e9ciale.<\/p>","protected":false},"excerpt":{"rendered":"<p>N\u00b0 d'art : SH01<\/p>\n<p>Couleur : vert<\/p>\n<p>MOQ : 500PCS<\/p>","protected":false},"featured_media":5826,"template":"","meta":{"_acf_changed":false},"product_brand":[],"product_cat":[327],"product_tag":[142],"class_list":{"0":"post-5825","1":"product","2":"type-product","3":"status-publish","4":"has-post-thumbnail","6":"product_cat-safety-harness","7":"product_tag-full-body-safety-harness","9":"first","10":"instock","11":"product-type-simple"},"acf":[],"_links":{"self":[{"href":"https:\/\/toprisesafety.com\/fr\/wp-json\/wp\/v2\/product\/5825"}],"collection":[{"href":"https:\/\/toprisesafety.com\/fr\/wp-json\/wp\/v2\/product"}],"about":[{"href":"https:\/\/toprisesafety.com\/fr\/wp-json\/wp\/v2\/types\/product"}],"wp:featuredmedia":[{"embeddable":true,"href":"https:\/\/toprisesafety.com\/fr\/wp-json\/wp\/v2\/media\/5826"}],"wp:attachment":[{"href":"https:\/\/toprisesafety.com\/fr\/wp-json\/wp\/v2\/media?parent=5825"}],"wp:term":[{"taxonomy":"product_brand","embeddable":true,"href":"https:\/\/toprisesafety.com\/fr\/wp-json\/wp\/v2\/product_brand?post=5825"},{"taxonomy":"product_cat","embeddable":true,"href":"https:\/\/toprisesafety.com\/fr\/wp-json\/wp\/v2\/product_cat?post=5825"},{"taxonomy":"product_tag","embeddable":true,"href":"https:\/\/toprisesafety.com\/fr\/wp-json\/wp\/v2\/product_tag?post=5825"}],"curies":[{"name":"wp","href":"https:\/\/api.w.org\/{rel}","templated":true}]}}