{"id":5809,"date":"2018-02-28T12:53:57","date_gmt":"2018-02-28T12:53:57","guid":{"rendered":"https:\/\/toprisesafety.com\/product\/safety-car-reflective-warning-triangle\/"},"modified":"2024-11-11T07:49:18","modified_gmt":"2024-11-11T07:49:18","slug":"safety-car-reflective-warning-triangle","status":"publish","type":"product","link":"https:\/\/toprisesafety.com\/fr\/produit\/safety-car-reflective-warning-triangle\/","title":{"rendered":"Triangle de signalisation r\u00e9fl\u00e9chissant pour voiture de s\u00e9curit\u00e9"},"content":{"rendered":"<p><strong>Triangle de signalisation r\u00e9fl\u00e9chissant pour voiture de s\u00e9curit\u00e9 <\/strong><\/p>\n<p>Le triangle de signalisation routi\u00e8re devrait faire partie du kit de s\u00e9curit\u00e9 de chaque v\u00e9hicule. En cas de panne ou d'urgence, assurez votre s\u00e9curit\u00e9 et celle de votre v\u00e9hicule en \u00e9tant visible par les conducteurs venant en sens inverse. \u00c9quip\u00e9 de 12 LED rouges clignotantes et d'une surface r\u00e9fl\u00e9chissante, ce triangle de signalisation offre une visibilit\u00e9 accrue. Le triangle est con\u00e7u avec trois aimants pour un montage facile sur un v\u00e9hicule, et trois \u0153illets pour le suspendre.<\/p>\n<h2><strong>Sp\u00e9cifications des triangles de signalisation r\u00e9fl\u00e9chissants pour voitures de s\u00e9curit\u00e9 :<\/strong><\/h2>\n<table>\n<tbody>\n<tr>\n<td width=\"284\">Art No.<\/td>\n<td width=\"284\">WT010<\/td>\n<\/tr>\n<tr>\n<td width=\"284\">Mat\u00e9riau<\/td>\n<td width=\"284\">GPPS+HIPS<\/td>\n<\/tr>\n<tr>\n<td width=\"284\">Taille<\/td>\n<td width=\"284\">43*43*43cm<\/td>\n<\/tr>\n<tr>\n<td width=\"284\">Poids<\/td>\n<td width=\"284\">325G\/PC<\/td>\n<\/tr>\n<tr>\n<td width=\"284\">Emballage<\/td>\n<td width=\"284\">Bo\u00eete en plastique rouge<\/td>\n<\/tr>\n<tr>\n<td width=\"284\">Normes de qualit\u00e9<\/td>\n<td width=\"284\">R27 Certificat E-MARK<\/td>\n<\/tr>\n<\/tbody>\n<\/table>\n<ul class=\"a-unordered-list a-vertical a-spacing-mini\">\n<li class=\"a-spacing-mini\"><span class=\"a-list-item\">Les triangles de s\u00e9curit\u00e9 routi\u00e8re vous aident \u00e0 rester visible lorsque vous \u00eates arr\u00eat\u00e9 ou en panne, de jour comme de nuit, par temps de brouillard, de pluie ou de neige.<\/span><\/li>\n<li class=\"a-spacing-mini\"><span class=\"a-list-item\">Chaque triangle de s\u00e9curit\u00e9 automobile est \u00e9quip\u00e9 de patins en caoutchouc sur des pieds en m\u00e9tal. Ces patins maintiennent fermement le triangle r\u00e9fl\u00e9chissant pour voiture en cas de vent fort ou sur des surfaces irr\u00e9guli\u00e8res.<\/span><\/li>\n<li class=\"a-spacing-mini\"><span class=\"a-list-item\">Indicateur d'urgence jour\/nuit : Les triangles de signalisation routi\u00e8re sont con\u00e7us avec de l'acrylique rouge r\u00e9fl\u00e9chissant pour la visibilit\u00e9 nocturne et du plastique orange vif pour l'utilisation diurne. Remarque : un seul c\u00f4t\u00e9 de chaque triangle de signalisation est r\u00e9fl\u00e9chissant.<\/span><\/li>\n<\/ul>","protected":false},"excerpt":{"rendered":"<p>Art No. WT010<\/p>\n<p>Taille : 43*43*43CM<\/p>\n<p>Poids : 325G\/PC<\/p>\n<p>Emballage : Bo\u00eete plastique blister rouge<\/p>","protected":false},"featured_media":5810,"template":"","meta":{"_acf_changed":false},"product_brand":[],"product_cat":[325,326],"product_tag":[133],"class_list":{"0":"post-5809","1":"product","2":"type-product","3":"status-publish","4":"has-post-thumbnail","6":"product_cat-road-safety-products","7":"product_cat-warning-triangle","8":"product_tag-warning-triangle","10":"first","11":"instock","12":"product-type-simple"},"acf":[],"_links":{"self":[{"href":"https:\/\/toprisesafety.com\/fr\/wp-json\/wp\/v2\/product\/5809"}],"collection":[{"href":"https:\/\/toprisesafety.com\/fr\/wp-json\/wp\/v2\/product"}],"about":[{"href":"https:\/\/toprisesafety.com\/fr\/wp-json\/wp\/v2\/types\/product"}],"wp:featuredmedia":[{"embeddable":true,"href":"https:\/\/toprisesafety.com\/fr\/wp-json\/wp\/v2\/media\/5810"}],"wp:attachment":[{"href":"https:\/\/toprisesafety.com\/fr\/wp-json\/wp\/v2\/media?parent=5809"}],"wp:term":[{"taxonomy":"product_brand","embeddable":true,"href":"https:\/\/toprisesafety.com\/fr\/wp-json\/wp\/v2\/product_brand?post=5809"},{"taxonomy":"product_cat","embeddable":true,"href":"https:\/\/toprisesafety.com\/fr\/wp-json\/wp\/v2\/product_cat?post=5809"},{"taxonomy":"product_tag","embeddable":true,"href":"https:\/\/toprisesafety.com\/fr\/wp-json\/wp\/v2\/product_tag?post=5809"}],"curies":[{"name":"wp","href":"https:\/\/api.w.org\/{rel}","templated":true}]}}