{"id":5807,"date":"2018-03-16T10:21:20","date_gmt":"2018-03-16T10:21:20","guid":{"rendered":"https:\/\/toprisesafety.com\/product\/adult-eva-rain-coat\/"},"modified":"2025-03-25T04:44:47","modified_gmt":"2025-03-25T04:44:47","slug":"adult-eva-rain-coat","status":"publish","type":"product","link":"https:\/\/toprisesafety.com\/fr\/produit\/adult-eva-rain-coat\/","title":{"rendered":"Manteau de pluie EVA pour adultes"},"content":{"rendered":"<p><span style=\"font-size: 140%;\">Manteau de pluie EVA pour adultes<\/span><\/p>\n<p><strong>Caract\u00e9ristiques : \u00a0<\/strong><\/p>\n<ul>\n<li><span data-spm-anchor-id=\"a2700.details.pronpeci14.i3.215e2b92hSw0yH\">Coutures soud\u00e9es \u00e9lectroniquement<\/span><\/li>\n<li>Non toxique, \u00e9cologique et sans odeur<\/li>\n<li>Utilis\u00e9 en cas d'urgence, pour les tourn\u00e9es \u00e0 l'ext\u00e9rieur, pour les festivals<\/li>\n<li>Facile \u00e0 transporter L\u00e9ger<\/li>\n<li>Confortable \u00e0 porter et sans danger pour le corps humain<\/li>\n<li><span data-spm-anchor-id=\"a2700.details.pronpeci14.i2.215e2b92hSw0yH\">Capuche attenante avec cordon de serrage<\/span><\/li>\n<li>Diff\u00e9rentes couleurs vives pour le choix<\/li>\n<li>Imperm\u00e9able, respirant, r\u00e9sistant \u00e0 l'huile, \u00e0 l'acide et \u00e0 l'alcali, r\u00e9sistant au vieillissement.<\/li>\n<li>Douceur et romantisme<\/li>\n<li>Soutenir la conception propre du client<\/li>\n<li>Logo du client ou neutre<\/li>\n<li>Emballage habituel : sac opp ou sac \u00e0 v\u00eatements du m\u00eame mat\u00e9riau, etc.<\/li>\n<\/ul>\n<h4><strong>Manteau de pluie EVA pour adultes<\/strong><\/h4>\n<table>\n<tbody>\n<tr>\n<td width=\"284\">Mat\u00e9riau<\/td>\n<td width=\"284\">1001TP3Nouveau mat\u00e9riau EVA<\/td>\n<\/tr>\n<tr>\n<td width=\"284\">\u00c9paisseur disponible<\/td>\n<td width=\"284\">0,13mm-0,18mm d'\u00e9paisseur<\/td>\n<\/tr>\n<tr>\n<td width=\"284\">Couleur<\/td>\n<td width=\"284\">Blanc, rose, jaune, vert, bleu, violet, etc.<\/td>\n<\/tr>\n<tr>\n<td width=\"284\">Taille<\/td>\n<td width=\"284\">S-XXXL ou sur mesure<\/td>\n<\/tr>\n<tr>\n<td width=\"284\">Marque<\/td>\n<td width=\"284\">Toprise ou sur mesure<\/td>\n<\/tr>\n<tr>\n<td width=\"284\">Impression de logos<\/td>\n<td width=\"284\">Disponible<\/td>\n<\/tr>\n<tr>\n<td width=\"284\">Saison disponible<\/td>\n<td width=\"284\">Printemps, \u00e9t\u00e9, automne, hiver<\/td>\n<\/tr>\n<tr>\n<td width=\"284\">Navire de travail<\/td>\n<td width=\"284\">Scell\u00e9 \u00e0 chaud<\/td>\n<\/tr>\n<\/tbody>\n<\/table>\n<p><strong>Manteau de pluie en PVC au choix<\/strong><\/p>\n<figure id=\"attachment_1344\" class=\"wp-caption alignnone\" style=\"width: 500px;\" aria-describedby=\"caption-attachment-1344\"><a href=\"https:\/\/toprisesafety.com\/fr\/produit\/adult-pvc-rain-coat\/\"><img fetchpriority=\"high\" decoding=\"async\" class=\"size-full wp-image-1344\" src=\"https:\/\/toprisesafety.com\/wp-content\/uploads\/2024\/08\/RPVC.jpg\" alt=\"Adult PVC rain coat\" width=\"500\" height=\"500\" \/><\/a><figcaption id=\"caption-attachment-1344\" class=\"wp-caption-text\">Manteau de pluie en PVC pour adultes<\/p>\n<p>TOPRISE prend en charge diff\u00e9rents styles de personnalisation des v\u00eatements de pluie. <a href=\"https:\/\/toprisesafety.com\/fr\/categorie-produit\/personal-protective-equipment\/rain-wear\/\">voir d'autres mod\u00e8les de v\u00eatements de pluie.<\/a><\/p>\n<p>Si vous ne trouvez pas les v\u00eatements de pluie n\u00e9cessaires, <a href=\"https:\/\/toprisesafety.com\/fr\/contact-us\/\">nous contacter<\/a>; nous prenons en charge la personnalisation sp\u00e9ciale.<\/p>\n<\/figcaption><\/figure>","protected":false},"excerpt":{"rendered":"<p><span style=\"font-size: 140%;\">Manteau de pluie EVA pour adultes<\/span><\/p>\n<p>&nbsp;<\/p>","protected":false},"featured_media":5804,"template":"","meta":{"_acf_changed":false},"product_brand":[],"product_cat":[321],"product_tag":[130],"class_list":{"0":"post-5807","1":"product","2":"type-product","3":"status-publish","4":"has-post-thumbnail","6":"product_cat-rain-wear","7":"product_tag-adult-eva-rain-coat","9":"first","10":"instock","11":"product-type-simple"},"acf":[],"_links":{"self":[{"href":"https:\/\/toprisesafety.com\/fr\/wp-json\/wp\/v2\/product\/5807"}],"collection":[{"href":"https:\/\/toprisesafety.com\/fr\/wp-json\/wp\/v2\/product"}],"about":[{"href":"https:\/\/toprisesafety.com\/fr\/wp-json\/wp\/v2\/types\/product"}],"wp:featuredmedia":[{"embeddable":true,"href":"https:\/\/toprisesafety.com\/fr\/wp-json\/wp\/v2\/media\/5804"}],"wp:attachment":[{"href":"https:\/\/toprisesafety.com\/fr\/wp-json\/wp\/v2\/media?parent=5807"}],"wp:term":[{"taxonomy":"product_brand","embeddable":true,"href":"https:\/\/toprisesafety.com\/fr\/wp-json\/wp\/v2\/product_brand?post=5807"},{"taxonomy":"product_cat","embeddable":true,"href":"https:\/\/toprisesafety.com\/fr\/wp-json\/wp\/v2\/product_cat?post=5807"},{"taxonomy":"product_tag","embeddable":true,"href":"https:\/\/toprisesafety.com\/fr\/wp-json\/wp\/v2\/product_tag?post=5807"}],"curies":[{"name":"wp","href":"https:\/\/api.w.org\/{rel}","templated":true}]}}