{"id":5798,"date":"2021-07-29T03:47:57","date_gmt":"2021-07-29T03:47:57","guid":{"rendered":"https:\/\/toprisesafety.com\/product\/reflective-raincoat\/"},"modified":"2025-03-25T04:42:25","modified_gmt":"2025-03-25T04:42:25","slug":"reflective-raincoat","status":"publish","type":"product","link":"https:\/\/toprisesafety.com\/fr\/produit\/reflective-raincoat\/","title":{"rendered":"Imperm\u00e9ables r\u00e9fl\u00e9chissants"},"content":{"rendered":"<p><strong>Imperm\u00e9ables r\u00e9fl\u00e9chissants <\/strong><\/p><p class=\"wp-block-site-tagline\">TOPRISE est l'un des principaux fabricants de produits de s\u00e9curit\u00e9 routi\u00e8re, d'arbres et de plantes artificiels, de produits en PET, d'articles de plein air et d'EPI en Chine depuis 2009. Nous fournissons nos produits dans le monde entier. Nous nous engageons \u00e0 aider nos clients \u00e0 r\u00e9soudre leurs probl\u00e8mes.<\/p><ul class=\"wp-block-list\">\r\n<li>Fabriqu\u00e9 en oxford 150D tr\u00e8s r\u00e9sistant, d'une \u00e9paisseur de 0,22 mm, avec un rev\u00eatement en PVC.<\/li>\r\n<li>Respirant, doux au toucher, coupe-vent, imperm\u00e9able, s\u00e9chage rapide, portable. Convient \u00e0 toutes les saisons. Cet imperm\u00e9able long peut certainement vous offrir la meilleure protection en cas de fortes pluies ou de vents violents.<\/li>\r\n<li>Des bandes r\u00e9fl\u00e9chissantes s\u00fbres \u00e0 l'avant et \u00e0 l'arri\u00e8re de cet imperm\u00e9able imperm\u00e9able peuvent servir de rappel pour les v\u00e9hicules qui passent et vous garder en s\u00e9curit\u00e9 la nuit. C'est un choix intelligent de garder un poncho de pluie dans le sac \u00e0 dos, la maison, le bureau ou la voiture en cas d'urgence.<\/li>\r\n<li>L'usure par la pluie r\u00e9siste aux d\u00e9chirures dues \u00e0 l'abrasion et offre une protection solide contre une vari\u00e9t\u00e9 de compos\u00e9s industriels, d'acides et d'huiles.<\/li>\r\n<li>Fabriqu\u00e9s avec des manches raglan, les costumes deux pi\u00e8ces se composent d'une veste et d'un pantalon.<\/li>\r\n<li>Application : \u00e9quitation, construction, exploitation mini\u00e8re, p\u00eache, etc.<\/li>\r\n<li>Ce long trench-coat de pluie n'inclut pas de pantalon de pluie ! Veste longue jusqu'au genou, avec capuche et cordon de serrage ajustable. Essuyer avec un chiffon, s\u00e9cher \u00e0 l'air libre<\/li>\r\n<li>Emballage en sachet opp d'une pi\u00e8ce<\/li>\r\n<li>Nous acceptons les logos personnalis\u00e9s avec MOQ 100 PCS<\/li>\r\n<\/ul><p>Art NO. RC172 imperm\u00e9ables r\u00e9fl\u00e9chissants<\/p><figure class=\"wp-block-table\">\r\n<table>\r\n<tbody>\r\n<tr>\r\n<td>Art No.<\/td>\r\n<td>RC172 Imperm\u00e9ables r\u00e9fl\u00e9chissants<\/td>\r\n<\/tr>\r\n<tr>\r\n<td>Mat\u00e9riau<\/td>\r\n<td>150D oxford avec rev\u00eatement PVC, 0,22mm d'\u00e9paisseur.<\/td>\r\n<\/tr>\r\n<tr>\r\n<td>Taille<\/td>\r\n<td>S-XXXXL ou sur mesure<\/td>\r\n<\/tr>\r\n<tr>\r\n<td>Conception<\/td>\r\n<td>Manteau \u00e0 deux poches avec rabat<\/td>\r\n<\/tr>\r\n<tr>\r\n<td>Bande r\u00e9fl\u00e9chissante<\/td>\r\n<td>Ajouter selon les besoins du client<\/td>\r\n<\/tr>\r\n<tr>\r\n<td>Couleur<\/td>\r\n<td>Noir<\/td>\r\n<\/tr>\r\n<tr>\r\n<td>Logo<\/td>\r\n<td>\u00c9tiquette de cou ou impression<\/td>\r\n<\/tr>\r\n<tr>\r\n<td>Emballage<\/td>\r\n<td>1PC par sac opp emballage<\/td>\r\n<\/tr>\r\n<\/tbody>\r\n<\/table>\r\n<\/figure><p class=\"wp-block-site-tagline\">TOPRISE est l'un des principaux fabricants de produits de s\u00e9curit\u00e9 routi\u00e8re, d'arbres et de plantes artificiels, de produits en PET, d'articles de plein air et d'EPI en Chine depuis 2009. Nous fournissons nos produits dans le monde entier. Nous nous engageons \u00e0 aider nos clients \u00e0 r\u00e9soudre leurs probl\u00e8mes.<\/p><div class=\"wp-block-group\"><div class=\"wp-block-group__inner-container is-layout-flow wp-block-group-is-layout-flow\"><figure class=\"wp-block-image size-full is-resized is-style-default\"><img fetchpriority=\"high\" decoding=\"async\" class=\"wp-image-1443\" src=\"https:\/\/toprisesafety.com\/wp-content\/uploads\/2024\/08\/2021-07-29_131303-1.png\" alt=\"\" width=\"837\" height=\"1053\" \/><\/figure>\r\n\r\n<figure class=\"wp-block-image size-full\"><img decoding=\"async\" class=\"wp-image-1445\" src=\"https:\/\/toprisesafety.com\/wp-content\/uploads\/2024\/08\/2021-07-29_131444.png\" alt=\"\" \/><\/figure>\r\n\r\n<figure class=\"wp-block-image size-full is-resized\"><img decoding=\"async\" class=\"wp-image-1446\" src=\"https:\/\/toprisesafety.com\/wp-content\/uploads\/2024\/08\/WORKMANSHIP.png\" alt=\"\" width=\"841\" height=\"529\" \/>\r\n<figcaption><strong>TOPRISE<\/strong> <strong>ATELIER IMPERM\u00c9ABLE<\/strong><\/figcaption>\r\n<\/figure><\/div><\/div><p>TOPRISE prend en charge diff\u00e9rents styles de personnalisation des v\u00eatements de pluie. <a href=\"https:\/\/toprisesafety.com\/fr\/categorie-produit\/personal-protective-equipment\/rain-wear\/\">voir d'autres mod\u00e8les de v\u00eatements de pluie.<\/a><\/p>\r\n<p>Si vous ne trouvez pas les v\u00eatements de pluie n\u00e9cessaires, <a href=\"https:\/\/toprisesafety.com\/fr\/contact-us\/\">nous contacter<\/a>; nous prenons en charge la personnalisation sp\u00e9ciale.<\/p>","protected":false},"excerpt":{"rendered":"<p style=\"text-align: left;\"><strong>Imperm\u00e9ables r\u00e9fl\u00e9chissants Imperm\u00e9able caoutchout\u00e9<\/strong><\/p>\n<p>Imperm\u00e9ables r\u00e9fl\u00e9chissants\u00a0<\/p>\n<p>ART NO.RC172<\/p>\n<p>Mati\u00e8re :150 D oxford avec rev\u00eatement PVC, 0,22 mm d'\u00e9paisseur\u00a0<\/p>\n<p>Taille : S- XXXXL ou personnalis\u00e9e<\/p>\n<p>MOQ :100 PCS<\/p>\n<p>Possibilit\u00e9 de personnaliser le logo et la conception\u00a0<\/p>\n<p>&nbsp;<\/p>","protected":false},"featured_media":5802,"template":"","meta":{"_acf_changed":false},"product_brand":[],"product_cat":[320,321],"product_tag":[121],"class_list":{"0":"post-5798","1":"product","2":"type-product","3":"status-publish","4":"has-post-thumbnail","6":"product_cat-personal-protective-equipment","7":"product_cat-rain-wear","8":"product_tag-reflective-raincoat","10":"first","11":"instock","12":"product-type-simple"},"acf":[],"_links":{"self":[{"href":"https:\/\/toprisesafety.com\/fr\/wp-json\/wp\/v2\/product\/5798"}],"collection":[{"href":"https:\/\/toprisesafety.com\/fr\/wp-json\/wp\/v2\/product"}],"about":[{"href":"https:\/\/toprisesafety.com\/fr\/wp-json\/wp\/v2\/types\/product"}],"wp:featuredmedia":[{"embeddable":true,"href":"https:\/\/toprisesafety.com\/fr\/wp-json\/wp\/v2\/media\/5802"}],"wp:attachment":[{"href":"https:\/\/toprisesafety.com\/fr\/wp-json\/wp\/v2\/media?parent=5798"}],"wp:term":[{"taxonomy":"product_brand","embeddable":true,"href":"https:\/\/toprisesafety.com\/fr\/wp-json\/wp\/v2\/product_brand?post=5798"},{"taxonomy":"product_cat","embeddable":true,"href":"https:\/\/toprisesafety.com\/fr\/wp-json\/wp\/v2\/product_cat?post=5798"},{"taxonomy":"product_tag","embeddable":true,"href":"https:\/\/toprisesafety.com\/fr\/wp-json\/wp\/v2\/product_tag?post=5798"}],"curies":[{"name":"wp","href":"https:\/\/api.w.org\/{rel}","templated":true}]}}