{"id":5791,"date":"2021-07-29T07:03:01","date_gmt":"2021-07-29T07:03:01","guid":{"rendered":"https:\/\/toprisesafety.com\/product\/waterproof-rain-suit-outdoor-raincoats-jacket-and-pants\/"},"modified":"2025-05-10T05:06:43","modified_gmt":"2025-05-10T05:06:43","slug":"waterproof-rain-suit-outdoor-raincoats-jacket-and-pants","status":"publish","type":"product","link":"https:\/\/toprisesafety.com\/fr\/produit\/waterproof-rain-suit-outdoor-raincoats-jacket-and-pants\/","title":{"rendered":"combinaison de pluie"},"content":{"rendered":"<p class=\"wp-block-site-tagline\">TOPRISE est l'un des principaux fabricants de produits de s\u00e9curit\u00e9 routi\u00e8re, d'arbres et de plantes artificiels, de produits en PET, d'articles de plein air et d'EPI en Chine depuis 2009. Nous fournissons nos produits dans le monde entier. Nous nous engageons \u00e0 aider nos clients \u00e0 r\u00e9soudre leurs probl\u00e8mes.<\/p><p>Art No. RS170<\/p><p>150D oxford avec rev\u00eatement PVC ou personnalis\u00e9<\/p><p>Taille : S- 4XL ou personnalis\u00e9e<\/p><p>Couleur : noir ou bleu marine ou personnalis\u00e9e<\/p><figure class=\"wp-block-table\">\r\n<table>\r\n<tbody>\r\n<tr>\r\n<td><strong>TAILLE\u00a0<\/strong><\/td>\r\n<td><strong>CHEST<\/strong><\/td>\r\n<td><strong>LONGUEUR\u00a0<\/strong><\/td>\r\n<td><strong>LONGUEUR DE LA FENTE\u00a0<\/strong><\/td>\r\n<td><strong>LARGEUR DES \u00c9PAULES\u00a0<\/strong><\/td>\r\n<td><strong>HAUTEUR RECOMMAND\u00c9E<\/strong><\/td>\r\n<\/tr>\r\n<tr>\r\n<td><strong>M<\/strong><\/td>\r\n<td>114<\/td>\r\n<td>70<\/td>\r\n<td>71<\/td>\r\n<td>50<\/td>\r\n<td>165CM\u00a0<\/td>\r\n<\/tr>\r\n<tr>\r\n<td><strong>L<\/strong><\/td>\r\n<td>116<\/td>\r\n<td>72<\/td>\r\n<td>73<\/td>\r\n<td>52<\/td>\r\n<td>170CM\u00a0<\/td>\r\n<\/tr>\r\n<tr>\r\n<td><strong>XL<\/strong><\/td>\r\n<td>118<\/td>\r\n<td>74<\/td>\r\n<td>75<\/td>\r\n<td>54<\/td>\r\n<td>175CM<\/td>\r\n<\/tr>\r\n<tr>\r\n<td><strong>2XL<\/strong><\/td>\r\n<td>122<\/td>\r\n<td>76<\/td>\r\n<td>77<\/td>\r\n<td>56<\/td>\r\n<td>180CM<\/td>\r\n<\/tr>\r\n<tr>\r\n<td><strong>3XL<\/strong><\/td>\r\n<td>124<\/td>\r\n<td>78<\/td>\r\n<td>79<\/td>\r\n<td>58<\/td>\r\n<td>185CM<\/td>\r\n<\/tr>\r\n<tr>\r\n<td><strong>4XL<\/strong><\/td>\r\n<td>130<\/td>\r\n<td>80<\/td>\r\n<td>81<\/td>\r\n<td>60<\/td>\r\n<td>190CM<\/td>\r\n<\/tr>\r\n<\/tbody>\r\n<\/table>\r\n<figcaption>Combinaison de pluie imperm\u00e9able veste et pantalon pour l'ext\u00e9rieur<\/figcaption>\r\n<\/figure><ul class=\"wp-block-list\">\r\n<li>Imperm\u00e9able : Imperm\u00e9able et confortable Le tissu n'est pas seulement imperm\u00e9able, il est aussi doux et confortable. M\u00eame si vous l'utilisez sous la pluie, vous ne risquez pas d'\u00eatre mouill\u00e9.<\/li>\r\n<li>Tissu : Cet imperm\u00e9able est fabriqu\u00e9 en oxford 150D de haute technologie avec un tissu imperm\u00e9able enduit de PVC. Il est imperm\u00e9able, doux, confortable, antioxydant, non d\u00e9gommant, inodore, etc.<\/li>\r\n<li>PVC press\u00e9 \u00e0 chaud pour une excellente \u00e9tanch\u00e9it\u00e9<\/li>\r\n<li>Circulation de l'air : au dos de l'article, nous avons con\u00e7u des trous pour la circulation de l'air. La doublure int\u00e9rieure en maille permet une excellente circulation de l'air.<\/li>\r\n<li>Bordure transparente : Le tout nouveau bord transparent peut bloquer les rayons du soleil, tout en vous permettant de voir clairement. Sur le dessus du chapeau, nous avons con\u00e7u un syst\u00e8me de fermeture velcro pour ajuster la hauteur du double bord. Le bord est d\u00e9tachable pour remplir des t\u00e2ches multiples dans des environnements vari\u00e9s.<\/li>\r\n<\/ul><p>&nbsp;<\/p><figure class=\"wp-block-image size-full\"><img decoding=\"async\" class=\"wp-image-1470\" src=\"https:\/\/toprisesafety.com\/wp-content\/uploads\/2024\/08\/motorcycle-raincoat-1.png\" alt=\"motorcycle raincoats \" \/><\/figure><p>&nbsp;<\/p><figure class=\"wp-block-image size-full\"><img decoding=\"async\" class=\"wp-image-1471\" src=\"https:\/\/toprisesafety.com\/wp-content\/uploads\/2024\/08\/2021-07-29_131444-1.png\" alt=\"\" \/><\/figure><p>&nbsp;<\/p><p class=\"wp-block-site-tagline\">TOPRISE est l'un des principaux fabricants de produits de s\u00e9curit\u00e9 routi\u00e8re, d'arbres et de plantes artificiels, de produits en PET, d'articles de plein air et d'EPI en Chine depuis 2009. Nous fournissons nos produits dans le monde entier. Nous nous engageons \u00e0 aider nos clients \u00e0 r\u00e9soudre leurs probl\u00e8mes.<\/p><p>&nbsp;<\/p>","protected":false},"excerpt":{"rendered":"<p>Combinaison de pluie imperm\u00e9able imperm\u00e9able ext\u00e9rieur veste et pantalon combinaison de pluie moto<\/p>\n<p>Art No. RS170 150D oxford avec rev\u00eatement PVC ou personnalis\u00e9<\/p>\n<p>Taille : S- 4XL ou personnalis\u00e9e<\/p>\n<p>Couleur : noir ou bleu marine ou personnalis\u00e9e<\/p>\n<p>MOQ : 100 jeux \u00a0 \u00a0<\/p>\n<p>Possibilit\u00e9 de personnaliser le design, la couleur, le logo, etc.<\/p>\n<p>&nbsp;<\/p>","protected":false},"featured_media":5792,"template":"","meta":{"_acf_changed":false},"product_brand":[],"product_cat":[320,321],"product_tag":[],"class_list":{"0":"post-5791","1":"product","2":"type-product","3":"status-publish","4":"has-post-thumbnail","6":"product_cat-personal-protective-equipment","7":"product_cat-rain-wear","9":"first","10":"instock","11":"product-type-simple"},"acf":[],"_links":{"self":[{"href":"https:\/\/toprisesafety.com\/fr\/wp-json\/wp\/v2\/product\/5791"}],"collection":[{"href":"https:\/\/toprisesafety.com\/fr\/wp-json\/wp\/v2\/product"}],"about":[{"href":"https:\/\/toprisesafety.com\/fr\/wp-json\/wp\/v2\/types\/product"}],"wp:featuredmedia":[{"embeddable":true,"href":"https:\/\/toprisesafety.com\/fr\/wp-json\/wp\/v2\/media\/5792"}],"wp:attachment":[{"href":"https:\/\/toprisesafety.com\/fr\/wp-json\/wp\/v2\/media?parent=5791"}],"wp:term":[{"taxonomy":"product_brand","embeddable":true,"href":"https:\/\/toprisesafety.com\/fr\/wp-json\/wp\/v2\/product_brand?post=5791"},{"taxonomy":"product_cat","embeddable":true,"href":"https:\/\/toprisesafety.com\/fr\/wp-json\/wp\/v2\/product_cat?post=5791"},{"taxonomy":"product_tag","embeddable":true,"href":"https:\/\/toprisesafety.com\/fr\/wp-json\/wp\/v2\/product_tag?post=5791"}],"curies":[{"name":"wp","href":"https:\/\/api.w.org\/{rel}","templated":true}]}}