{"id":5778,"date":"2024-07-31T01:40:31","date_gmt":"2024-07-31T01:40:31","guid":{"rendered":"https:\/\/toprisesafety.com\/product\/outdoor-pp-plastic-sport-court-tiles-pp-interlocking-floor-tiles-anti-slip-mat\/"},"modified":"2024-11-11T07:34:57","modified_gmt":"2024-11-11T07:34:57","slug":"plastic-sport-court-tiles","status":"publish","type":"product","link":"https:\/\/toprisesafety.com\/fr\/produit\/plastic-sport-court-tiles\/","title":{"rendered":"Dalles en plastique pour terrains de sport"},"content":{"rendered":"<h2 class=\"wp-block-heading\">Dalles en plastique pour terrains de sport\u00a0<\/h2><figure class=\"wp-block-table\">\r\n<table>\r\n<tbody>\r\n<tr>\r\n<td>NOM DE L'\u00c9L\u00c9MENT\u00a0<\/td>\r\n<td>Dalles en plastique pour terrains de sport<\/td>\r\n<\/tr>\r\n<tr>\r\n<td>TAILLE\u00a0<\/td>\r\n<td>30,5*30,5 cm\u00a0<\/td>\r\n<\/tr>\r\n<tr>\r\n<td>Couleur<\/td>\r\n<td>Bleu, orange, vert, rouge, violet, gris\u00a0<\/td>\r\n<\/tr>\r\n<tr>\r\n<td>POIDS\u00a0<\/td>\r\n<td>240g\/pc<\/td>\r\n<\/tr>\r\n<\/tbody>\r\n<\/table>\r\n<\/figure><ul class=\"wp-block-list\">\r\n<li>Dalles en plastique pour terrains de sport\u00a0<\/li>\r\n<li>SOLUTION DE RESURFACING PARFAITE : Les dalles de terrasse constituent une alternative \u00e9conomique parfaite pour refaire les surfaces us\u00e9es autour de votre piscine, de votre patio, de votre jardin ou d'une vieille terrasse. Elles sont \u00e9galement id\u00e9ales pour une utilisation \u00e0 l'int\u00e9rieur, dans les vestiaires et les sous-sols !<\/li>\r\n<li>DURABLE ET CON\u00c7U POUR DURER : Ce produit est con\u00e7u pour r\u00e9sister \u00e0 une exposition intensive aux UV, \u00e0 un trafic pi\u00e9tonnier important et \u00e0 l'exposition \u00e0 l'eau. La conception \u00e0 \u00e9coulement libre permet \u00e0 l'eau de s'\u00e9couler et de s\u00e9cher rapidement.<\/li>\r\n<li>INSTALLATION RAPIDE ET FACILE : les dalles modulaires Deck Tile sont faciles \u00e0 installer. Les dalles s'embo\u00eetent simplement - sans outils ni colle - et offrent un aspect haut de gamme avec une protection exceptionnelle du sol.<\/li>\r\n<li>AUTOD\u00c9PENSEUR ET ANTIGLISSE : ces dalles sont con\u00e7ues pour cr\u00e9er une circulation d'air et un drainage maximums pour votre sol. La conception \u00e0 \u00e9coulement libre permet \u00e0 l'eau de s'\u00e9couler rapidement, et la surface antid\u00e9rapante ajoute un niveau de traction qui vous prot\u00e8ge contre les glissades.<\/li>\r\n<li>FACILE \u00c0 NETTOYER : les dalles de terrasse n\u00e9cessitent peu d'entretien et sont faciles \u00e0 nettoyer. Il suffit de vaporiser les dalles avec un tuyau d'arrosage et la conception auto-drainante permettra \u00e0 la surface de s\u00e9cher rapidement, \u00e9liminant ainsi les probl\u00e8mes d'eau stagnante.<\/li>\r\n<\/ul>","protected":false},"excerpt":{"rendered":"<ul>\n<li>Dalles de terrain de sport en plastique PP pour l'ext\u00e9rieur Dalles de sol antid\u00e9rapantes<\/li>\n<li>ART NO :  IT306<\/li>\n<li>Mat\u00e9riau : Plastique PP<\/li>\n<li>Taille : 30,5 *30,5 cm<\/li>\n<li>Poids : 240 G\/PC<\/li>\n<li>Couleur : bleu, orange, vert, rouge, violet, gris \u00a0<\/li>\n<\/ul>","protected":false},"featured_media":5779,"template":"","meta":{"_acf_changed":false},"product_brand":[],"product_cat":[318],"product_tag":[114,115],"class_list":{"0":"post-5778","1":"product","2":"type-product","3":"status-publish","4":"has-post-thumbnail","6":"product_cat-interlocking-floor-tiles","7":"product_tag-interlocking-floor-tiles","8":"product_tag-plastic-sport-court-tiles","10":"first","11":"instock","12":"product-type-simple"},"acf":[],"_links":{"self":[{"href":"https:\/\/toprisesafety.com\/fr\/wp-json\/wp\/v2\/product\/5778"}],"collection":[{"href":"https:\/\/toprisesafety.com\/fr\/wp-json\/wp\/v2\/product"}],"about":[{"href":"https:\/\/toprisesafety.com\/fr\/wp-json\/wp\/v2\/types\/product"}],"wp:featuredmedia":[{"embeddable":true,"href":"https:\/\/toprisesafety.com\/fr\/wp-json\/wp\/v2\/media\/5779"}],"wp:attachment":[{"href":"https:\/\/toprisesafety.com\/fr\/wp-json\/wp\/v2\/media?parent=5778"}],"wp:term":[{"taxonomy":"product_brand","embeddable":true,"href":"https:\/\/toprisesafety.com\/fr\/wp-json\/wp\/v2\/product_brand?post=5778"},{"taxonomy":"product_cat","embeddable":true,"href":"https:\/\/toprisesafety.com\/fr\/wp-json\/wp\/v2\/product_cat?post=5778"},{"taxonomy":"product_tag","embeddable":true,"href":"https:\/\/toprisesafety.com\/fr\/wp-json\/wp\/v2\/product_tag?post=5778"}],"curies":[{"name":"wp","href":"https:\/\/api.w.org\/{rel}","templated":true}]}}