{"id":29209,"date":"2026-05-11T04:28:22","date_gmt":"2026-05-11T04:28:22","guid":{"rendered":"https:\/\/toprisesafety.com\/?post_type=product&#038;p=29209"},"modified":"2026-05-11T04:38:27","modified_gmt":"2026-05-11T04:38:27","slug":"hi-vis-womens-softshell-jacket","status":"publish","type":"product","link":"https:\/\/toprisesafety.com\/fr\/produit\/hi-vis-womens-softshell-jacket\/","title":{"rendered":"Hi Vis Women&#8217;s Softshell Jacket"},"content":{"rendered":"<h1>Hi Vis Women&#8217;s Softshell Jacket<\/h1>\n<h2>Hi Vis Women&#8217;s Softshell Jacket Product Overview<\/h2>\n<p data-start=\"68\" data-end=\"414\">This Hi Vis Women&#8217;s Softshell Jacket is designed for female workers who need high visibility, comfort, flexibility, and a more fitted workwear style. Made from 310gsm bonded fleece softshell fabric, the jacket provides warmth, softness, and good freedom of movement, making it suitable for cool-weather outdoor work and daily safety workwear use.<\/p>\n<p data-start=\"416\" data-end=\"756\">The high visibility fluorescent yellow fabric helps improve daytime visibility, while the contrast black panels on the shoulders, chest, sides, and underarms create a modern look and help reduce visible dirt during daily work. The women\u2019s softshell cut offers a more comfortable and practical fit compared with standard unisex work jackets.<\/p>\n<p data-start=\"758\" data-end=\"1278\">This jacket features 5cm high brightness reflective tape or bright silver reflective tape on the body and sleeves, helping enhance visibility in low-light and high-risk working environments. The patterned reflective tape design adds a professional and distinctive appearance. With a full front zipper, stand collar, chest zipper pocket, side pockets, and flexible softshell construction, this jacket is suitable for construction, logistics, warehouse, road work, traffic control, maintenance, and outdoor industrial use.<\/p>\n<h2>Hi Vis Women&#8217;s Softshell Jacket <strong><b>Product Specificatio<\/b><\/strong><strong><b>n<\/b><\/strong><strong><b>\u00a0<\/b><\/strong><\/h2>\n<table>\n<tbody>\n<tr>\n<td width=\"134\"><strong><b>Item<\/b><\/strong><\/td>\n<td width=\"434\"><strong><b>Details<\/b><\/strong><\/td>\n<\/tr>\n<tr>\n<td width=\"134\"><strong><b>Art No.<\/b><\/strong><\/td>\n<td width=\"434\">SJ21<\/td>\n<\/tr>\n<tr>\n<td width=\"134\"><strong><b>Product Name<\/b><\/strong><\/td>\n<td width=\"434\">High Visibility Work Jacket<\/td>\n<\/tr>\n<tr>\n<td width=\"134\"><strong><b>Fabric Material<\/b><\/strong><\/td>\n<td width=\"434\">310g\/sqm bonded polar fleece<\/td>\n<\/tr>\n<tr>\n<td width=\"134\"><strong><b>Reflective Tape<\/b><\/strong><\/td>\n<td width=\"434\">5 cm high-visibility reflective tape<\/td>\n<\/tr>\n<tr>\n<td width=\"134\"><strong><b>Color Options<\/b><\/strong><\/td>\n<td width=\"434\">Fluorescent green + black ,orange+black, orange, fluorecent green or customized<\/td>\n<\/tr>\n<tr>\n<td width=\"134\"><strong><b>Logo<\/b><\/strong><\/td>\n<td width=\"434\">Customer logo printing, embroidery, or logo labels are available<\/td>\n<\/tr>\n<tr>\n<td width=\"134\"><strong><b>MOQ<\/b><\/strong><\/td>\n<td width=\"434\">500 pcs<\/td>\n<\/tr>\n<tr>\n<td width=\"134\"><strong><b>Packing<\/b><\/strong><\/td>\n<td width=\"434\">1 pc\/OPP bag,20 pcs\/carton, or customized packing upon request<\/td>\n<\/tr>\n<\/tbody>\n<\/table>\n<h2>Hi Vis Women&#8217;s Softshell Jacket <strong>Key Features<\/strong><\/h2>\n<ul>\n<li data-section-id=\"orqhvo\" data-start=\"1297\" data-end=\"1338\">310gsm bonded fleece softshell fabric<\/li>\n<li data-section-id=\"1ocf6un\" data-start=\"1339\" data-end=\"1376\">Designed for women\u2019s workwear fit<\/li>\n<li data-section-id=\"ledzp5\" data-start=\"1377\" data-end=\"1418\">Soft, warm, flexible, and comfortable<\/li>\n<li data-section-id=\"bm7wc1\" data-start=\"1419\" data-end=\"1464\">High visibility fluorescent yellow fabric<\/li>\n<li data-section-id=\"9jl33d\" data-start=\"1465\" data-end=\"1521\">5cm high brightness or bright silver reflective tape<\/li>\n<li data-section-id=\"1a8jwhd\" data-start=\"1522\" data-end=\"1571\">Patterned reflective tape on body and sleeves<\/li>\n<li data-section-id=\"18qutmd\" data-start=\"1572\" data-end=\"1633\">Contrast black shoulder, chest, side, and underarm panels<\/li>\n<li data-section-id=\"3sqwz3\" data-start=\"1634\" data-end=\"1663\">Full front zipper closure<\/li>\n<li data-section-id=\"18ma2s7\" data-start=\"1664\" data-end=\"1706\">Stand collar for added wind protection<\/li>\n<li data-section-id=\"1l568xh\" data-start=\"1707\" data-end=\"1757\">Chest zipper pocket and practical side pockets<\/li>\n<li data-section-id=\"1dma7n2\" data-start=\"1758\" data-end=\"1808\">Flexible softshell structure for easy movement<\/li>\n<li data-section-id=\"1cxzdji\" data-start=\"1809\" data-end=\"1932\" data-is-last-node=\"\">Suitable for construction, road safety, logistics, warehouse, traffic control, maintenance, and outdoor work environments<\/li>\n<\/ul>\n<h2>Hi Vis Women&#8217;s Softshell Jacket<b> <\/b><strong><b>Customization Options<\/b><\/strong><\/h2>\n<p>We provide flexible OEM and ODM support to help customers create workwear products that fit their brand and market needs.<\/p>\n<p>Customization options include:<\/p>\n<ul>\n<li><b><\/b><strong><b>Custom colors<\/b><\/strong><\/li>\n<li><b><\/b><strong><b>Custom sizes<\/b><\/strong><\/li>\n<li><b><\/b><strong><b>Logo printing<\/b><\/strong><\/li>\n<li><b><\/b><strong><b>Logo embroidery<\/b><\/strong><\/li>\n<li><b><\/b><strong><b>Custom logo labels<\/b><\/strong><\/li>\n<li><b><\/b><strong><b>Custom packaging<\/b><\/strong><\/li>\n<li><b><\/b><strong><b>Custom designs<\/b><\/strong><\/li>\n<\/ul>\n<p>Whether you need a standard hi -vis safety winter jacket with your company logo or a fully customized workwear solution, we can support your project with efficient production and clear communication.<\/p>\n<h2 data-section-id=\"1fxp1br\" data-start=\"0\" data-end=\"77\">Why Choose Ningbo Toprise as Your Hi Vis Women&#8217;s Softshell Jacket Manufacturer?<\/h2>\n<div class=\"relative basis-auto flex-col -mb-(--composer-overlap-px) pb-(--composer-overlap-px) [--composer-overlap-px:28px] grow flex\">\n<div class=\"flex flex-col text-sm\">\n<div class=\"\" data-turn-id-container=\"request-WEB:8e12c361-7755-4dde-943b-8ac71f2ade5e-18\" data-is-intersecting=\"true\">\n<div class=\"relative w-full overflow-visible\">\n<section class=\"text-token-text-primary w-full focus:outline-none [--shadow-height:45px] has-data-writing-block:pointer-events-none has-data-writing-block:-mt-(--shadow-height) has-data-writing-block:pt-(--shadow-height) [&amp;:has([data-writing-block])&gt;*]:pointer-events-auto R6Vx5W_threadScrollVars scroll-mb-[calc(var(--scroll-root-safe-area-inset-bottom,0px)+var(--thread-response-height))] scroll-mt-[calc(var(--header-height)+min(200px,max(70px,20svh)))]\" dir=\"auto\" data-turn-id=\"request-WEB:8e12c361-7755-4dde-943b-8ac71f2ade5e-18\" data-turn-id-container=\"request-WEB:8e12c361-7755-4dde-943b-8ac71f2ade5e-18\" data-testid=\"conversation-turn-38\" data-scroll-anchor=\"false\" data-turn=\"assistant\">\n<div class=\"text-base my-auto mx-auto pb-10 [--thread-content-margin:var(--thread-content-margin-xs,calc(var(--spacing)*4))] @w-sm\/main:[--thread-content-margin:var(--thread-content-margin-sm,calc(var(--spacing)*6))] @w-lg\/main:[--thread-content-margin:var(--thread-content-margin-lg,calc(var(--spacing)*16))] px-(--thread-content-margin)\">\n<div class=\"[--thread-content-max-width:40rem] @w-lg\/main:[--thread-content-max-width:48rem] mx-auto max-w-(--thread-content-max-width) flex-1 group\/turn-messages focus-visible:outline-hidden relative flex w-full min-w-0 flex-col agent-turn\">\n<div class=\"flex max-w-full flex-col gap-4 grow\">\n<div class=\"min-h-8 text-message relative flex w-full flex-col items-end gap-2 text-start break-words whitespace-normal outline-none keyboard-focused:focus-ring [.text-message+&amp;]:mt-1\" dir=\"auto\" tabindex=\"0\" data-message-author-role=\"assistant\" data-message-id=\"4a772be4-734c-4239-a3a9-5ae3010d19a2\" data-message-model-slug=\"gpt-5-5-thinking\" data-turn-start-message=\"true\">\n<div class=\"flex w-full flex-col gap-1 empty:hidden\">\n<div class=\"markdown prose dark:prose-invert wrap-break-word w-full light markdown-new-styling\">\n<div class=\"\" data-turn-id-container=\"request-WEB:8e12c361-7755-4dde-943b-8ac71f2ade5e-31\" data-is-intersecting=\"true\">\n<div class=\"relative w-full overflow-visible\">\n<section class=\"text-token-text-primary w-full focus:outline-none [--shadow-height:45px] has-data-writing-block:pointer-events-none has-data-writing-block:-mt-(--shadow-height) has-data-writing-block:pt-(--shadow-height) [&amp;:has([data-writing-block])&gt;*]:pointer-events-auto R6Vx5W_threadScrollVars scroll-mb-[calc(var(--scroll-root-safe-area-inset-bottom,0px)+var(--thread-response-height))] scroll-mt-[calc(var(--header-height)+min(200px,max(70px,20svh)))]\" dir=\"auto\" data-turn-id=\"request-WEB:8e12c361-7755-4dde-943b-8ac71f2ade5e-31\" data-turn-id-container=\"request-WEB:8e12c361-7755-4dde-943b-8ac71f2ade5e-31\" data-testid=\"conversation-turn-64\" data-scroll-anchor=\"false\" data-turn=\"assistant\">\n<div class=\"text-base my-auto mx-auto pb-10 [--thread-content-margin:var(--thread-content-margin-xs,calc(var(--spacing)*4))] @w-sm\/main:[--thread-content-margin:var(--thread-content-margin-sm,calc(var(--spacing)*6))] @w-lg\/main:[--thread-content-margin:var(--thread-content-margin-lg,calc(var(--spacing)*16))] px-(--thread-content-margin)\">\n<div class=\"[--thread-content-max-width:40rem] @w-lg\/main:[--thread-content-max-width:48rem] mx-auto max-w-(--thread-content-max-width) flex-1 group\/turn-messages focus-visible:outline-hidden relative flex w-full min-w-0 flex-col agent-turn\">\n<div class=\"flex max-w-full flex-col gap-4 grow\">\n<div class=\"min-h-8 text-message relative flex w-full flex-col items-end gap-2 text-start break-words whitespace-normal outline-none keyboard-focused:focus-ring [.text-message+&amp;]:mt-1\" dir=\"auto\" tabindex=\"0\" data-message-author-role=\"assistant\" data-message-id=\"17485c73-84d5-4884-b27c-f6a85ea1110b\" data-message-model-slug=\"gpt-5-5-thinking\" data-turn-start-message=\"true\">\n<div class=\"flex w-full flex-col gap-1 empty:hidden\">\n<div class=\"markdown prose dark:prose-invert wrap-break-word w-full light markdown-new-styling\">\n<p data-start=\"84\" data-end=\"279\">Ningbo Toprise is a reliable manufacturer of Hi Vis Women&#8217;s Softshell Jackets, offering flexible customization, stable quality control, and professional export support for global workwear buyers.<\/p>\n<p data-start=\"281\" data-end=\"446\"><strong data-start=\"281\" data-end=\"300\">Low MOQ Support<\/strong><br data-start=\"300\" data-end=\"303\" \/>We support low minimum order quantity, making it easier for customers to place trial orders, test new markets, or start small batch production.<\/p>\n<p data-start=\"448\" data-end=\"695\"><strong data-start=\"448\" data-end=\"475\">Custom Design Available<\/strong><br data-start=\"475\" data-end=\"478\" \/>We can customize the jacket according to customer requirements, including fabric weight, color combination, reflective tape layout, women\u2019s fit, zipper, collar, pockets, cuffs, logo, labels, size chart, and packaging.<\/p>\n<p data-start=\"697\" data-end=\"868\"><strong data-start=\"697\" data-end=\"721\">Women\u2019s Workwear Fit<\/strong><br data-start=\"721\" data-end=\"724\" \/>We can develop women\u2019s softshell jacket styles with a more fitted shape, comfortable wearing experience, and better mobility for female workers.<\/p>\n<p data-start=\"870\" data-end=\"1079\"><strong data-start=\"870\" data-end=\"911\">310gsm Bonded Fleece Softshell Fabric<\/strong><br data-start=\"911\" data-end=\"914\" \/>Our Hi Vis Women&#8217;s Softshell Jackets can be made with 310gsm bonded fleece fabric, offering warmth, softness, flexibility, and comfort for cool-weather outdoor work.<\/p>\n<p data-start=\"1081\" data-end=\"1303\"><strong data-start=\"1081\" data-end=\"1112\">5cm Reflective Tape Options<\/strong><br data-start=\"1112\" data-end=\"1115\" \/>We can provide 5cm high brightness reflective tape or bright silver reflective tape to improve visibility in low-light, roadside, construction, logistics, and industrial work environments.<\/p>\n<p data-start=\"1305\" data-end=\"1475\"><strong data-start=\"1305\" data-end=\"1342\">Patterned Reflective Tape Support<\/strong><br data-start=\"1342\" data-end=\"1345\" \/>Patterned reflective tape can be used to create a modern and distinctive look while keeping strong visibility for safety workwear.<\/p>\n<p data-start=\"1477\" data-end=\"1680\"><strong data-start=\"1477\" data-end=\"1498\">OEM &amp; ODM Service<\/strong><br data-start=\"1498\" data-end=\"1501\" \/>We support both OEM and ODM production. Customers can provide their own designs, samples, or tech packs, and we can also help develop suitable jacket styles based on market needs.<\/p>\n<p data-start=\"1682\" data-end=\"1865\"><strong data-start=\"1682\" data-end=\"1716\">Private Label and Logo Support<\/strong><br data-start=\"1716\" data-end=\"1719\" \/>Customer logos can be added by embroidery, screen printing, heat transfer printing, woven labels, care labels, hang tags, or customized packaging.<\/p>\n<p data-start=\"1867\" data-end=\"2082\"><strong data-start=\"1867\" data-end=\"1902\">Flexible Color and Size Options<\/strong><br data-start=\"1902\" data-end=\"1905\" \/>We can produce fluorescent yellow, hi-vis orange, black, navy, and other custom color combinations. Standard women\u2019s sizes, plus sizes, and customized size charts are available.<\/p>\n<p data-start=\"2084\" data-end=\"2291\"><strong data-start=\"2084\" data-end=\"2113\">Practical Workwear Design<\/strong><br data-start=\"2113\" data-end=\"2116\" \/>We can adjust functional details such as chest zipper pockets, side pockets, full front zipper, stand collar, contrast panels, adjustable cuffs, and reflective tape placement.<\/p>\n<p data-start=\"2293\" data-end=\"2494\"><strong data-start=\"2293\" data-end=\"2331\">Comfortable Softshell Construction<\/strong><br data-start=\"2331\" data-end=\"2334\" \/>Softshell fabric provides better flexibility than heavy padded jackets, making it suitable for active work, daily outdoor use, and cool-weather safety workwear.<\/p>\n<p data-start=\"2496\" data-end=\"2685\"><strong data-start=\"2496\" data-end=\"2522\">Strict Quality Control<\/strong><br data-start=\"2522\" data-end=\"2525\" \/>We check fabric quality, stitching, reflective tape position, zipper function, pocket workmanship, size measurements, logo quality, and packing before shipment.<\/p>\n<p data-start=\"2687\" data-end=\"2875\"><strong data-start=\"2687\" data-end=\"2723\">Sample Support Before Bulk Order<\/strong><br data-start=\"2723\" data-end=\"2726\" \/>Samples can be provided for fabric checking, size confirmation, logo approval, reflective tape testing, and design adjustment before mass production.<\/p>\n<p data-start=\"2877\" data-end=\"3043\"><strong data-start=\"2877\" data-end=\"2910\">Door-to-Door Delivery Service<\/strong><br data-start=\"2910\" data-end=\"2913\" \/>We can arrange door-to-door shipping service to help customers simplify the import process and reduce logistics coordination work.<\/p>\n<p data-start=\"3045\" data-end=\"3242\" data-is-last-node=\"\" data-is-only-node=\"\"><strong data-start=\"3045\" data-end=\"3076\">Professional Export Support<\/strong><br data-start=\"3076\" data-end=\"3079\" \/>Our team can assist with production updates, export documents, carton marks, packing lists, shipping arrangements, and order follow-up for international customers.<\/p>\n<\/div>\n<\/div>\n<\/div>\n<\/div>\n<\/div>\n<\/div>\n<\/section>\n<\/div>\n<\/div>\n<\/div>\n<\/div>\n<\/div>\n<\/div>\n<\/div>\n<\/div>\n<\/section>\n<\/div>\n<\/div>\n<\/div>\n<\/div>\n<h2><strong data-start=\"1999\" data-end=\"2063\">Need Custom <\/strong>Hi Vis Women&#8217;s Softshell Jacket <strong data-start=\"1999\" data-end=\"2063\">for Your Brand?<\/strong><\/h2>\n<p data-start=\"1508\" data-end=\"1655\">Work with <a href=\"https:\/\/toprisesafety.com\/contact-us\/\">Ningbo Toprise<\/a> for quality manufacturing, flexible customization, and dependable bulk supply. Send us your requirements today and get your quotation now.<\/p>\n<p>&nbsp;<\/p>\n","protected":false},"excerpt":{"rendered":"<p>Art No.: SJ21<\/p>\n<p>Material:310g\/sqm bonded polar fleece<\/p>\n<p>Taille : S-XXXL ou personnalis\u00e9<\/p>\n<p>Bande r\u00e9fl\u00e9chissante : 5CM bande r\u00e9fl\u00e9chissante \u00e0 haute visibilit\u00e9<\/p>\n<p>Couleur : jaune fluorescent + noir \/ rouge-orange+noir ou personnalis\u00e9e<\/p>\n<p>Impression du logo : disponible<\/p>\n<p>MOQ : 500PCS<\/p>","protected":false},"featured_media":29212,"template":"","meta":{"_acf_changed":false},"product_brand":[],"product_cat":[1262,338],"product_tag":[],"class_list":{"0":"post-29209","1":"product","2":"type-product","3":"status-publish","4":"has-post-thumbnail","6":"product_cat-custom-hi-vis-jacket","7":"product_cat-warning-wear","9":"first","10":"instock","11":"shipping-taxable","12":"product-type-simple"},"acf":[],"_links":{"self":[{"href":"https:\/\/toprisesafety.com\/fr\/wp-json\/wp\/v2\/product\/29209","targetHints":{"allow":["GET"]}}],"collection":[{"href":"https:\/\/toprisesafety.com\/fr\/wp-json\/wp\/v2\/product"}],"about":[{"href":"https:\/\/toprisesafety.com\/fr\/wp-json\/wp\/v2\/types\/product"}],"wp:featuredmedia":[{"embeddable":true,"href":"https:\/\/toprisesafety.com\/fr\/wp-json\/wp\/v2\/media\/29212"}],"wp:attachment":[{"href":"https:\/\/toprisesafety.com\/fr\/wp-json\/wp\/v2\/media?parent=29209"}],"wp:term":[{"taxonomy":"product_brand","embeddable":true,"href":"https:\/\/toprisesafety.com\/fr\/wp-json\/wp\/v2\/product_brand?post=29209"},{"taxonomy":"product_cat","embeddable":true,"href":"https:\/\/toprisesafety.com\/fr\/wp-json\/wp\/v2\/product_cat?post=29209"},{"taxonomy":"product_tag","embeddable":true,"href":"https:\/\/toprisesafety.com\/fr\/wp-json\/wp\/v2\/product_tag?post=29209"}],"curies":[{"name":"wp","href":"https:\/\/api.w.org\/{rel}","templated":true}]}}